{"id":4308652122517308,"date":"2025-08-19T14:17:20","date_gmt":"2025-08-19T11:17:20","guid":{"rendered":"https:\/\/rulluisukool.ee\/?post_type=product&#038;p=4308652122517308"},"modified":"2025-12-03T21:30:02","modified_gmt":"2025-12-03T19:30:02","slug":"elektrirulluisud-atmosgear-rider-pack","status":"publish","type":"product","link":"https:\/\/rulluisukool.ee\/en\/product\/elektrirulluisud-atmosgear-rider-pack\/","title":{"rendered":"Elektrirulluisud\u2026"},"content":{"rendered":"<p data-start=\"116\" data-end=\"629\">AtmosGear elektrirulluisud on loodud rulluisutajate poolt rulluisutajatele, pakkudes suurep\u00e4rast j\u00f5udlust ja mitmek\u00fclgsust.<br data-start=\"237\" data-end=\"240\" \/>Maksimaalne kiirus kuni 30 km\/h ja s\u00f5iduulatus kuni 25 km teevad neist rulluisud ideaalseks kiireteks s\u00f5itudeks.<br data-start=\"352\" data-end=\"355\" \/>Raam on vaid 700 g raskem, kui tavalised rulluisud, tagades maksimaalse mugavuse.<br data-start=\"435\" data-end=\"438\" \/>T\u00e4nud h\u00fcbriids\u00fcsteemile saab uiske kasutada ka ilma akupakita.<br data-start=\"497\" data-end=\"500\" \/>Keskmises rattas asuv integreeritud mootor tagab suurep\u00e4rase man\u00f6\u00f6verdusv\u00f5ime ja j\u00f5udluse, aku t\u00e4islaadimine v\u00f5tab vaid 1 tund.<\/p>\n<p data-start=\"631\" data-end=\"654\"><strong data-start=\"631\" data-end=\"652\">Komplekti kuulub:<\/strong><\/p>\n<ul data-start=\"655\" data-end=\"810\">\n<li data-start=\"655\" data-end=\"695\">\n<p data-start=\"657\" data-end=\"695\">AtmosGear Rider Pack raamid (1 paar)<\/p>\n<\/li>\n<li data-start=\"696\" data-end=\"704\">\n<p data-start=\"698\" data-end=\"704\">Pult<\/p>\n<\/li>\n<li data-start=\"705\" data-end=\"727\">\n<p data-start=\"707\" data-end=\"727\">V\u00f6\u00f6kott koos akuga<\/p>\n<\/li>\n<li data-start=\"728\" data-end=\"742\">\n<p data-start=\"730\" data-end=\"742\">Akulaadija<\/p>\n<\/li>\n<li data-start=\"743\" data-end=\"764\">\n<p data-start=\"745\" data-end=\"764\">T\u00f6\u00f6riistakomplekt<\/p>\n<\/li>\n<li data-start=\"765\" data-end=\"810\">\n<p data-start=\"767\" data-end=\"810\">Kinnituse adapterid (165mm, Trinity, UFS)<\/p>\n<\/li>\n<\/ul>\n<p>&nbsp;<\/p>\n<p>Raami saad kinnitada oma rulluisusaapale (kahe kinnitusega ja Trinity kinnitus) v\u00f5i leiame sulle veel sobivad saapad nende raamide peale (alates 90 \u20ac).<\/p>\n<p>Kirjuta info@rulluisukool.ee, kui on huvi proovida.<\/p>","protected":false},"excerpt":{"rendered":"<h5>AtmosGear elektrirulluiskude raamikomplekt 3&#215;110<\/h5>\n<p>Kas ei saa rulluiskudega piisavalt kiirust \u00fcles v\u00f5i ei oska hoogu maha pidurdada?\u00a0 Meil on sulle lahendus! AtmosGear Rider Pack toob sinu veeremisse t\u00e4iesti uue dimensiooni.<\/p>\n<p><strong>Valikus on:\u00a0<\/strong><br \/>\nYellow Thunder<br \/>\nWhite Sky<br \/>\nBlack Night<\/p>\n<p>&nbsp;<\/p>\n<p>&nbsp;<\/p>","protected":false},"featured_media":4308652122517320,"comment_status":"open","ping_status":"closed","template":"","meta":{"site-sidebar-layout":"default","site-content-layout":"default","ast-global-header-display":"","ast-main-header-display":"","ast-hfb-above-header-display":"","ast-hfb-below-header-display":"","ast-hfb-mobile-header-display":"","site-post-title":"","ast-breadcrumbs-content":"","ast-featured-img":"","footer-sml-layout":"","theme-transparent-header-meta":"default","adv-header-id-meta":"","stick-header-meta":"","header-above-stick-meta":"","header-main-stick-meta":"","header-below-stick-meta":""},"product_cat":[356,377,141,111],"product_tag":[],"class_list":{"0":"post-4308652122517308","1":"product","2":"type-product","3":"status-publish","4":"has-post-thumbnail","6":"product_cat-3x110","7":"product_cat-atmosgear","8":"product_cat-raamid","9":"product_cat-rulluisud","10":"pa_suurus-37-38","11":"pa_suurus-39-40","12":"pa_suurus-41-42","13":"pa_suurus-43-44","14":"pa_suurus-45-46","15":"desktop-align-left","16":"tablet-align-left","17":"mobile-align-left","19":"first","20":"instock","21":"sale","22":"shipping-taxable","23":"purchasable","24":"product-type-simple"},"yoast_head":"<!-- This site is optimized with the Yoast SEO plugin v22.3 - https:\/\/yoast.com\/wordpress\/plugins\/seo\/ -->\n<title>Elektrirulluisud AtmosGear Rider Pack - Rulluisukool<\/title>\n<meta name=\"description\" content=\"AtmosGear elektrirulluiskude raamikomplekt 3x110 Kas ei saa rulluiskudega piisavalt kiirust \u00fcles v\u00f5i ei oska hoogu maha pidurdada?\u00a0 Meil on sulle lahendus! AtmosGear Rider Pack toob sinu veeremisse t\u00e4iesti uue dimensiooni.  Valikus on:\u00a0 Yellow Thunder White Sky Black Night  &nbsp;  &nbsp;\" \/>\n<meta name=\"robots\" content=\"index, follow, max-snippet:-1, max-image-preview:large, max-video-preview:-1\" \/>\n<link rel=\"canonical\" href=\"https:\/\/rulluisukool.ee\/en\/product\/elektrirulluisud-atmosgear-rider-pack\/\" \/>\n<meta property=\"og:locale\" content=\"en_GB\" \/>\n<meta property=\"og:type\" content=\"article\" \/>\n<meta property=\"og:title\" content=\"Elektrirulluisud AtmosGear Rider Pack - Rulluisukool\" \/>\n<meta property=\"og:description\" content=\"AtmosGear elektrirulluiskude raamikomplekt 3x110 Kas ei saa rulluiskudega piisavalt kiirust \u00fcles v\u00f5i ei oska hoogu maha pidurdada?\u00a0 Meil on sulle lahendus! AtmosGear Rider Pack toob sinu veeremisse t\u00e4iesti uue dimensiooni.  Valikus on:\u00a0 Yellow Thunder White Sky Black Night  &nbsp;  &nbsp;\" \/>\n<meta property=\"og:url\" content=\"https:\/\/rulluisukool.ee\/en\/product\/elektrirulluisud-atmosgear-rider-pack\/\" \/>\n<meta property=\"og:site_name\" content=\"Rulluisukool\" \/>\n<meta property=\"article:publisher\" content=\"https:\/\/www.facebook.com\/rulluisukool\" \/>\n<meta property=\"article:modified_time\" content=\"2025-12-03T19:30:02+00:00\" \/>\n<meta property=\"og:image\" content=\"https:\/\/rulluisukool.ee\/wp-content\/uploads\/2025\/08\/Clipboard_08-19-2025_01.png\" \/>\n\t<meta property=\"og:image:width\" content=\"800\" \/>\n\t<meta property=\"og:image:height\" content=\"800\" \/>\n\t<meta property=\"og:image:type\" content=\"image\/png\" \/>\n<meta name=\"twitter:card\" content=\"summary_large_image\" \/>\n<meta name=\"twitter:label1\" content=\"Estimated reading time\" \/>\n\t<meta name=\"twitter:data1\" content=\"1 minute\" \/>\n<script type=\"application\/ld+json\" class=\"yoast-schema-graph\">{\"@context\":\"https:\/\/schema.org\",\"@graph\":[{\"@type\":\"WebPage\",\"@id\":\"https:\/\/rulluisukool.ee\/toode\/elektrirulluisud-atmosgear-rider-pack\/\",\"url\":\"https:\/\/rulluisukool.ee\/toode\/elektrirulluisud-atmosgear-rider-pack\/\",\"name\":\"Elektrirulluisud AtmosGear Rider Pack - Rulluisukool\",\"isPartOf\":{\"@id\":\"https:\/\/rulluisukool.ee\/#website\"},\"primaryImageOfPage\":{\"@id\":\"https:\/\/rulluisukool.ee\/toode\/elektrirulluisud-atmosgear-rider-pack\/#primaryimage\"},\"image\":{\"@id\":\"https:\/\/rulluisukool.ee\/toode\/elektrirulluisud-atmosgear-rider-pack\/#primaryimage\"},\"thumbnailUrl\":\"https:\/\/rulluisukool.ee\/wp-content\/uploads\/2025\/08\/Clipboard_08-19-2025_01.png\",\"datePublished\":\"2025-08-19T11:17:20+00:00\",\"dateModified\":\"2025-12-03T19:30:02+00:00\",\"description\":\"AtmosGear elektrirulluiskude raamikomplekt 3x110 Kas ei saa rulluiskudega piisavalt kiirust \u00fcles v\u00f5i ei oska hoogu maha pidurdada?\u00a0 Meil on sulle lahendus! AtmosGear Rider Pack toob sinu veeremisse t\u00e4iesti uue dimensiooni. Valikus on:\u00a0 Yellow Thunder White Sky Black Night &nbsp; &nbsp;\",\"breadcrumb\":{\"@id\":\"https:\/\/rulluisukool.ee\/toode\/elektrirulluisud-atmosgear-rider-pack\/#breadcrumb\"},\"inLanguage\":\"en-GB\",\"potentialAction\":[{\"@type\":\"ReadAction\",\"target\":[\"https:\/\/rulluisukool.ee\/toode\/elektrirulluisud-atmosgear-rider-pack\/\"]}]},{\"@type\":\"ImageObject\",\"inLanguage\":\"en-GB\",\"@id\":\"https:\/\/rulluisukool.ee\/toode\/elektrirulluisud-atmosgear-rider-pack\/#primaryimage\",\"url\":\"https:\/\/rulluisukool.ee\/wp-content\/uploads\/2025\/08\/Clipboard_08-19-2025_01.png\",\"contentUrl\":\"https:\/\/rulluisukool.ee\/wp-content\/uploads\/2025\/08\/Clipboard_08-19-2025_01.png\",\"width\":800,\"height\":800},{\"@type\":\"BreadcrumbList\",\"@id\":\"https:\/\/rulluisukool.ee\/toode\/elektrirulluisud-atmosgear-rider-pack\/#breadcrumb\",\"itemListElement\":[{\"@type\":\"ListItem\",\"position\":1,\"name\":\"Home\",\"item\":\"https:\/\/rulluisukool.ee\/\"},{\"@type\":\"ListItem\",\"position\":2,\"name\":\"E-POOD\",\"item\":\"https:\/\/rulluisukool.ee\/en\/rulluisud-saapad-rattad-laagrid-kaitsevarustus-jaauisutamine\/\"},{\"@type\":\"ListItem\",\"position\":3,\"name\":\"Elektrirulluisud\u2026\"}]},{\"@type\":\"WebSite\",\"@id\":\"https:\/\/rulluisukool.ee\/#website\",\"url\":\"https:\/\/rulluisukool.ee\/\",\"name\":\"Rulluisukool\",\"description\":\"\",\"publisher\":{\"@id\":\"https:\/\/rulluisukool.ee\/#organization\"},\"potentialAction\":[{\"@type\":\"SearchAction\",\"target\":{\"@type\":\"EntryPoint\",\"urlTemplate\":\"https:\/\/rulluisukool.ee\/?s={search_term_string}\"},\"query-input\":\"required name=search_term_string\"}],\"inLanguage\":\"en-GB\"},{\"@type\":\"Organization\",\"@id\":\"https:\/\/rulluisukool.ee\/#organization\",\"name\":\"Rulluisukool\",\"url\":\"https:\/\/rulluisukool.ee\/\",\"logo\":{\"@type\":\"ImageObject\",\"inLanguage\":\"en-GB\",\"@id\":\"https:\/\/rulluisukool.ee\/#\/schema\/logo\/image\/\",\"url\":\"https:\/\/rulluisukool.ee\/wp-content\/uploads\/2017\/03\/Rulluisukool-ee.png\",\"contentUrl\":\"https:\/\/rulluisukool.ee\/wp-content\/uploads\/2017\/03\/Rulluisukool-ee.png\",\"width\":710,\"height\":710,\"caption\":\"Rulluisukool\"},\"image\":{\"@id\":\"https:\/\/rulluisukool.ee\/#\/schema\/logo\/image\/\"},\"sameAs\":[\"https:\/\/www.facebook.com\/rulluisukool\",\"https:\/\/instagram.com\/rulluisukool\",\"https:\/\/www.youtube.com\/channel\/UCUdSaiAVZmmNCOlAhU3_ONA\"]}]}<\/script>\n<!-- \/ Yoast SEO plugin. -->","yoast_head_json":{"title":"Elektrirulluisud AtmosGear Rider Pack - Rulluisukool","description":"AtmosGear elektrirulluiskude raamikomplekt 3x110 Kas ei saa rulluiskudega piisavalt kiirust \u00fcles v\u00f5i ei oska hoogu maha pidurdada?\u00a0 Meil on sulle lahendus! AtmosGear Rider Pack toob sinu veeremisse t\u00e4iesti uue dimensiooni.  Valikus on:\u00a0 Yellow Thunder White Sky Black Night  &nbsp;  &nbsp;","robots":{"index":"index","follow":"follow","max-snippet":"max-snippet:-1","max-image-preview":"max-image-preview:large","max-video-preview":"max-video-preview:-1"},"canonical":"https:\/\/rulluisukool.ee\/en\/product\/elektrirulluisud-atmosgear-rider-pack\/","og_locale":"en_GB","og_type":"article","og_title":"Elektrirulluisud AtmosGear Rider Pack - Rulluisukool","og_description":"AtmosGear elektrirulluiskude raamikomplekt 3x110 Kas ei saa rulluiskudega piisavalt kiirust \u00fcles v\u00f5i ei oska hoogu maha pidurdada?\u00a0 Meil on sulle lahendus! AtmosGear Rider Pack toob sinu veeremisse t\u00e4iesti uue dimensiooni.  Valikus on:\u00a0 Yellow Thunder White Sky Black Night  &nbsp;  &nbsp;","og_url":"https:\/\/rulluisukool.ee\/en\/product\/elektrirulluisud-atmosgear-rider-pack\/","og_site_name":"Rulluisukool","article_publisher":"https:\/\/www.facebook.com\/rulluisukool","article_modified_time":"2025-12-03T19:30:02+00:00","og_image":[{"width":800,"height":800,"url":"https:\/\/rulluisukool.ee\/wp-content\/uploads\/2025\/08\/Clipboard_08-19-2025_01.png","type":"image\/png"}],"twitter_card":"summary_large_image","twitter_misc":{"Estimated reading time":"1 minute"},"schema":{"@context":"https:\/\/schema.org","@graph":[{"@type":"WebPage","@id":"https:\/\/rulluisukool.ee\/toode\/elektrirulluisud-atmosgear-rider-pack\/","url":"https:\/\/rulluisukool.ee\/toode\/elektrirulluisud-atmosgear-rider-pack\/","name":"Elektrirulluisud AtmosGear Rider Pack - Rulluisukool","isPartOf":{"@id":"https:\/\/rulluisukool.ee\/#website"},"primaryImageOfPage":{"@id":"https:\/\/rulluisukool.ee\/toode\/elektrirulluisud-atmosgear-rider-pack\/#primaryimage"},"image":{"@id":"https:\/\/rulluisukool.ee\/toode\/elektrirulluisud-atmosgear-rider-pack\/#primaryimage"},"thumbnailUrl":"https:\/\/rulluisukool.ee\/wp-content\/uploads\/2025\/08\/Clipboard_08-19-2025_01.png","datePublished":"2025-08-19T11:17:20+00:00","dateModified":"2025-12-03T19:30:02+00:00","description":"AtmosGear elektrirulluiskude raamikomplekt 3x110 Kas ei saa rulluiskudega piisavalt kiirust \u00fcles v\u00f5i ei oska hoogu maha pidurdada?\u00a0 Meil on sulle lahendus! AtmosGear Rider Pack toob sinu veeremisse t\u00e4iesti uue dimensiooni. Valikus on:\u00a0 Yellow Thunder White Sky Black Night &nbsp; &nbsp;","breadcrumb":{"@id":"https:\/\/rulluisukool.ee\/toode\/elektrirulluisud-atmosgear-rider-pack\/#breadcrumb"},"inLanguage":"en-GB","potentialAction":[{"@type":"ReadAction","target":["https:\/\/rulluisukool.ee\/toode\/elektrirulluisud-atmosgear-rider-pack\/"]}]},{"@type":"ImageObject","inLanguage":"en-GB","@id":"https:\/\/rulluisukool.ee\/toode\/elektrirulluisud-atmosgear-rider-pack\/#primaryimage","url":"https:\/\/rulluisukool.ee\/wp-content\/uploads\/2025\/08\/Clipboard_08-19-2025_01.png","contentUrl":"https:\/\/rulluisukool.ee\/wp-content\/uploads\/2025\/08\/Clipboard_08-19-2025_01.png","width":800,"height":800},{"@type":"BreadcrumbList","@id":"https:\/\/rulluisukool.ee\/toode\/elektrirulluisud-atmosgear-rider-pack\/#breadcrumb","itemListElement":[{"@type":"ListItem","position":1,"name":"Home","item":"https:\/\/rulluisukool.ee\/"},{"@type":"ListItem","position":2,"name":"E-POOD","item":"https:\/\/rulluisukool.ee\/en\/rulluisud-saapad-rattad-laagrid-kaitsevarustus-jaauisutamine\/"},{"@type":"ListItem","position":3,"name":"Elektrirulluisud\u2026"}]},{"@type":"WebSite","@id":"https:\/\/rulluisukool.ee\/#website","url":"https:\/\/rulluisukool.ee\/","name":"Rulluisukool","description":"","publisher":{"@id":"https:\/\/rulluisukool.ee\/#organization"},"potentialAction":[{"@type":"SearchAction","target":{"@type":"EntryPoint","urlTemplate":"https:\/\/rulluisukool.ee\/?s={search_term_string}"},"query-input":"required name=search_term_string"}],"inLanguage":"en-GB"},{"@type":"Organization","@id":"https:\/\/rulluisukool.ee\/#organization","name":"Rulluisukool","url":"https:\/\/rulluisukool.ee\/","logo":{"@type":"ImageObject","inLanguage":"en-GB","@id":"https:\/\/rulluisukool.ee\/#\/schema\/logo\/image\/","url":"https:\/\/rulluisukool.ee\/wp-content\/uploads\/2017\/03\/Rulluisukool-ee.png","contentUrl":"https:\/\/rulluisukool.ee\/wp-content\/uploads\/2017\/03\/Rulluisukool-ee.png","width":710,"height":710,"caption":"Rulluisukool"},"image":{"@id":"https:\/\/rulluisukool.ee\/#\/schema\/logo\/image\/"},"sameAs":["https:\/\/www.facebook.com\/rulluisukool","https:\/\/instagram.com\/rulluisukool","https:\/\/www.youtube.com\/channel\/UCUdSaiAVZmmNCOlAhU3_ONA"]}]}},"_links":{"self":[{"href":"https:\/\/rulluisukool.ee\/en\/wp-json\/wp\/v2\/product\/4308652122517308","targetHints":{"allow":["GET"]}}],"collection":[{"href":"https:\/\/rulluisukool.ee\/en\/wp-json\/wp\/v2\/product"}],"about":[{"href":"https:\/\/rulluisukool.ee\/en\/wp-json\/wp\/v2\/types\/product"}],"replies":[{"embeddable":true,"href":"https:\/\/rulluisukool.ee\/en\/wp-json\/wp\/v2\/comments?post=4308652122517308"}],"wp:featuredmedia":[{"embeddable":true,"href":"https:\/\/rulluisukool.ee\/en\/wp-json\/wp\/v2\/media\/4308652122517320"}],"wp:attachment":[{"href":"https:\/\/rulluisukool.ee\/en\/wp-json\/wp\/v2\/media?parent=4308652122517308"}],"wp:term":[{"taxonomy":"product_cat","embeddable":true,"href":"https:\/\/rulluisukool.ee\/en\/wp-json\/wp\/v2\/product_cat?post=4308652122517308"},{"taxonomy":"product_tag","embeddable":true,"href":"https:\/\/rulluisukool.ee\/en\/wp-json\/wp\/v2\/product_tag?post=4308652122517308"}],"curies":[{"name":"wp","href":"https:\/\/api.w.org\/{rel}","templated":true}]}}