{"id":4308652122516867,"date":"2024-05-17T16:12:37","date_gmt":"2024-05-17T13:12:37","guid":{"rendered":"https:\/\/rulluisukool.ee\/?post_type=product&#038;p=4308652122516867"},"modified":"2025-12-06T11:04:40","modified_gmt":"2025-12-06T09:04:40","slug":"jet-black-4-rattaga","status":"publish","type":"product","link":"https:\/\/rulluisukool.ee\/en\/product\/jet-black-4-rattaga\/","title":{"rendered":"Jet black (4 rattaga)"},"content":{"rendered":"<p>Stiilse must-punase v\u00e4limusega Powerslide Jet Black on suurep\u00e4rane algtaseme k\u00f5vasaapaga rulluisk, mis on spetsiaalselt loodud lastele. Vastupidav ja reguleeritava suurusega, see on ideaalne universaalne rulluisk aktiivsetele lastele. S\u00f5ida naabruskonnas, rulli koos perega v\u00f5i m\u00e4ngi s\u00f5pradega hokit \u2013 Jet Blackiga pole miski takistuseks, et lapsed saaksid rulluisutamisest r\u00f5\u00f5mu tunda. Jet Black ontraditsioonilise 4-rattalise seadistusega, mis on stabiilne ja madalal maapinna l\u00e4hedal. Selle omadusterohke rulluisk on ka suuruses reguleeritav. Lapsed kasvavad kiiresti ja Powerslide Jet Blacki suurust saab kohandada, et see kasvaks koos nendega. Ole kindel, et su v\u00e4iksel rulluisutajal on k\u00f5rgekvaliteediline rulluisk, mis sobib ideaalselt ka tulevateks hooaegadeks. Rulluisud on varustatud kvaliteetsete komponentidega, sealhulgas Powerslide Hurricane rataste ja WICKED ABEC 7 laagritega, pakkudes noortele uisutajatele sujuvat ja kiiret s\u00f5itu, mis toob naeratuse n\u00e4ole.<\/p>","protected":false},"excerpt":{"rendered":"<h5>Powerslide Jet Black Urban rulluisud on usaldusv\u00e4\u00e4rsed ja vastupidavad reguleeritava suurusega Freeskate-rulluisud lastele, mis on varustatud ABEC 7 laagritega.<\/h5>","protected":false},"featured_media":4308652122516883,"comment_status":"open","ping_status":"closed","template":"","meta":{"site-sidebar-layout":"default","site-content-layout":"default","ast-global-header-display":"","ast-main-header-display":"","ast-hfb-above-header-display":"","ast-hfb-below-header-display":"","ast-hfb-mobile-header-display":"","site-post-title":"","ast-breadcrumbs-content":"","ast-featured-img":"","footer-sml-layout":"","theme-transparent-header-meta":"default","adv-header-id-meta":"","stick-header-meta":"","header-above-stick-meta":"","header-main-stick-meta":"","header-below-stick-meta":""},"product_cat":[214,111],"product_tag":[],"class_list":{"0":"post-4308652122516867","1":"product","2":"type-product","3":"status-publish","4":"has-post-thumbnail","6":"product_cat-lasteuisud","7":"product_cat-rulluisud","8":"pa_suurus-27-30","9":"pa_suurus-31-34","10":"pa_suurus-35-38","11":"desktop-align-left","12":"tablet-align-left","13":"mobile-align-left","15":"first","16":"instock","17":"shipping-taxable","18":"purchasable","19":"product-type-variable"},"yoast_head":"<!-- This site is optimized with the Yoast SEO plugin v22.3 - https:\/\/yoast.com\/wordpress\/plugins\/seo\/ -->\n<title>Jet black (4 rattaga) - Rulluisukool<\/title>\n<meta name=\"description\" content=\"Powerslide Jet Black Urban rulluisud on usaldusv\u00e4\u00e4rsed ja vastupidavad reguleeritava suurusega Freeskate-rulluisud lastele, mis on varustatud ABEC 7 laagritega.\" \/>\n<meta name=\"robots\" content=\"index, follow, max-snippet:-1, max-image-preview:large, max-video-preview:-1\" \/>\n<link rel=\"canonical\" href=\"https:\/\/rulluisukool.ee\/en\/product\/jet-black-4-rattaga\/\" \/>\n<meta property=\"og:locale\" content=\"en_GB\" \/>\n<meta property=\"og:type\" content=\"article\" \/>\n<meta property=\"og:title\" content=\"Jet black (4 rattaga) - Rulluisukool\" \/>\n<meta property=\"og:description\" content=\"Powerslide Jet Black Urban rulluisud on usaldusv\u00e4\u00e4rsed ja vastupidavad reguleeritava suurusega Freeskate-rulluisud lastele, mis on varustatud ABEC 7 laagritega.\" \/>\n<meta property=\"og:url\" content=\"https:\/\/rulluisukool.ee\/en\/product\/jet-black-4-rattaga\/\" \/>\n<meta property=\"og:site_name\" content=\"Rulluisukool\" \/>\n<meta property=\"article:publisher\" content=\"https:\/\/www.facebook.com\/rulluisukool\" \/>\n<meta property=\"article:modified_time\" content=\"2025-12-06T09:04:40+00:00\" \/>\n<meta property=\"og:image\" content=\"https:\/\/rulluisukool.ee\/wp-content\/uploads\/2024\/05\/PR10560BI25431_940705_39618_Jet_Black_adj_SZ4.webp\" \/>\n\t<meta property=\"og:image:width\" content=\"2000\" \/>\n\t<meta property=\"og:image:height\" content=\"2000\" \/>\n\t<meta property=\"og:image:type\" content=\"image\/webp\" \/>\n<meta name=\"twitter:card\" content=\"summary_large_image\" \/>\n<meta name=\"twitter:label1\" content=\"Estimated reading time\" \/>\n\t<meta name=\"twitter:data1\" content=\"1 minute\" \/>\n<script type=\"application\/ld+json\" class=\"yoast-schema-graph\">{\"@context\":\"https:\/\/schema.org\",\"@graph\":[{\"@type\":\"WebPage\",\"@id\":\"https:\/\/rulluisukool.ee\/toode\/jet-black-4-rattaga\/\",\"url\":\"https:\/\/rulluisukool.ee\/toode\/jet-black-4-rattaga\/\",\"name\":\"Jet black (4 rattaga) - Rulluisukool\",\"isPartOf\":{\"@id\":\"https:\/\/rulluisukool.ee\/#website\"},\"primaryImageOfPage\":{\"@id\":\"https:\/\/rulluisukool.ee\/toode\/jet-black-4-rattaga\/#primaryimage\"},\"image\":{\"@id\":\"https:\/\/rulluisukool.ee\/toode\/jet-black-4-rattaga\/#primaryimage\"},\"thumbnailUrl\":\"https:\/\/rulluisukool.ee\/wp-content\/uploads\/2024\/05\/PR10560BI25431_940705_39618_Jet_Black_adj_SZ4.webp\",\"datePublished\":\"2024-05-17T13:12:37+00:00\",\"dateModified\":\"2025-12-06T09:04:40+00:00\",\"description\":\"Powerslide Jet Black Urban rulluisud on usaldusv\u00e4\u00e4rsed ja vastupidavad reguleeritava suurusega Freeskate-rulluisud lastele, mis on varustatud ABEC 7 laagritega.\",\"breadcrumb\":{\"@id\":\"https:\/\/rulluisukool.ee\/toode\/jet-black-4-rattaga\/#breadcrumb\"},\"inLanguage\":\"en-GB\",\"potentialAction\":[{\"@type\":\"ReadAction\",\"target\":[\"https:\/\/rulluisukool.ee\/toode\/jet-black-4-rattaga\/\"]}]},{\"@type\":\"ImageObject\",\"inLanguage\":\"en-GB\",\"@id\":\"https:\/\/rulluisukool.ee\/toode\/jet-black-4-rattaga\/#primaryimage\",\"url\":\"https:\/\/rulluisukool.ee\/wp-content\/uploads\/2024\/05\/PR10560BI25431_940705_39618_Jet_Black_adj_SZ4.webp\",\"contentUrl\":\"https:\/\/rulluisukool.ee\/wp-content\/uploads\/2024\/05\/PR10560BI25431_940705_39618_Jet_Black_adj_SZ4.webp\",\"width\":2000,\"height\":2000},{\"@type\":\"BreadcrumbList\",\"@id\":\"https:\/\/rulluisukool.ee\/toode\/jet-black-4-rattaga\/#breadcrumb\",\"itemListElement\":[{\"@type\":\"ListItem\",\"position\":1,\"name\":\"Home\",\"item\":\"https:\/\/rulluisukool.ee\/\"},{\"@type\":\"ListItem\",\"position\":2,\"name\":\"E-POOD\",\"item\":\"https:\/\/rulluisukool.ee\/en\/rulluisud-saapad-rattad-laagrid-kaitsevarustus-jaauisutamine\/\"},{\"@type\":\"ListItem\",\"position\":3,\"name\":\"Jet black (4 rattaga)\"}]},{\"@type\":\"WebSite\",\"@id\":\"https:\/\/rulluisukool.ee\/#website\",\"url\":\"https:\/\/rulluisukool.ee\/\",\"name\":\"Rulluisukool\",\"description\":\"\",\"publisher\":{\"@id\":\"https:\/\/rulluisukool.ee\/#organization\"},\"potentialAction\":[{\"@type\":\"SearchAction\",\"target\":{\"@type\":\"EntryPoint\",\"urlTemplate\":\"https:\/\/rulluisukool.ee\/?s={search_term_string}\"},\"query-input\":\"required name=search_term_string\"}],\"inLanguage\":\"en-GB\"},{\"@type\":\"Organization\",\"@id\":\"https:\/\/rulluisukool.ee\/#organization\",\"name\":\"Rulluisukool\",\"url\":\"https:\/\/rulluisukool.ee\/\",\"logo\":{\"@type\":\"ImageObject\",\"inLanguage\":\"en-GB\",\"@id\":\"https:\/\/rulluisukool.ee\/#\/schema\/logo\/image\/\",\"url\":\"https:\/\/rulluisukool.ee\/wp-content\/uploads\/2017\/03\/Rulluisukool-ee.png\",\"contentUrl\":\"https:\/\/rulluisukool.ee\/wp-content\/uploads\/2017\/03\/Rulluisukool-ee.png\",\"width\":710,\"height\":710,\"caption\":\"Rulluisukool\"},\"image\":{\"@id\":\"https:\/\/rulluisukool.ee\/#\/schema\/logo\/image\/\"},\"sameAs\":[\"https:\/\/www.facebook.com\/rulluisukool\",\"https:\/\/instagram.com\/rulluisukool\",\"https:\/\/www.youtube.com\/channel\/UCUdSaiAVZmmNCOlAhU3_ONA\"]}]}<\/script>\n<!-- \/ Yoast SEO plugin. -->","yoast_head_json":{"title":"Jet black (4 rattaga) - Rulluisukool","description":"Powerslide Jet Black Urban rulluisud on usaldusv\u00e4\u00e4rsed ja vastupidavad reguleeritava suurusega Freeskate-rulluisud lastele, mis on varustatud ABEC 7 laagritega.","robots":{"index":"index","follow":"follow","max-snippet":"max-snippet:-1","max-image-preview":"max-image-preview:large","max-video-preview":"max-video-preview:-1"},"canonical":"https:\/\/rulluisukool.ee\/en\/product\/jet-black-4-rattaga\/","og_locale":"en_GB","og_type":"article","og_title":"Jet black (4 rattaga) - Rulluisukool","og_description":"Powerslide Jet Black Urban rulluisud on usaldusv\u00e4\u00e4rsed ja vastupidavad reguleeritava suurusega Freeskate-rulluisud lastele, mis on varustatud ABEC 7 laagritega.","og_url":"https:\/\/rulluisukool.ee\/en\/product\/jet-black-4-rattaga\/","og_site_name":"Rulluisukool","article_publisher":"https:\/\/www.facebook.com\/rulluisukool","article_modified_time":"2025-12-06T09:04:40+00:00","og_image":[{"width":2000,"height":2000,"url":"https:\/\/rulluisukool.ee\/wp-content\/uploads\/2024\/05\/PR10560BI25431_940705_39618_Jet_Black_adj_SZ4.webp","type":"image\/webp"}],"twitter_card":"summary_large_image","twitter_misc":{"Estimated reading time":"1 minute"},"schema":{"@context":"https:\/\/schema.org","@graph":[{"@type":"WebPage","@id":"https:\/\/rulluisukool.ee\/toode\/jet-black-4-rattaga\/","url":"https:\/\/rulluisukool.ee\/toode\/jet-black-4-rattaga\/","name":"Jet black (4 rattaga) - Rulluisukool","isPartOf":{"@id":"https:\/\/rulluisukool.ee\/#website"},"primaryImageOfPage":{"@id":"https:\/\/rulluisukool.ee\/toode\/jet-black-4-rattaga\/#primaryimage"},"image":{"@id":"https:\/\/rulluisukool.ee\/toode\/jet-black-4-rattaga\/#primaryimage"},"thumbnailUrl":"https:\/\/rulluisukool.ee\/wp-content\/uploads\/2024\/05\/PR10560BI25431_940705_39618_Jet_Black_adj_SZ4.webp","datePublished":"2024-05-17T13:12:37+00:00","dateModified":"2025-12-06T09:04:40+00:00","description":"Powerslide Jet Black Urban rulluisud on usaldusv\u00e4\u00e4rsed ja vastupidavad reguleeritava suurusega Freeskate-rulluisud lastele, mis on varustatud ABEC 7 laagritega.","breadcrumb":{"@id":"https:\/\/rulluisukool.ee\/toode\/jet-black-4-rattaga\/#breadcrumb"},"inLanguage":"en-GB","potentialAction":[{"@type":"ReadAction","target":["https:\/\/rulluisukool.ee\/toode\/jet-black-4-rattaga\/"]}]},{"@type":"ImageObject","inLanguage":"en-GB","@id":"https:\/\/rulluisukool.ee\/toode\/jet-black-4-rattaga\/#primaryimage","url":"https:\/\/rulluisukool.ee\/wp-content\/uploads\/2024\/05\/PR10560BI25431_940705_39618_Jet_Black_adj_SZ4.webp","contentUrl":"https:\/\/rulluisukool.ee\/wp-content\/uploads\/2024\/05\/PR10560BI25431_940705_39618_Jet_Black_adj_SZ4.webp","width":2000,"height":2000},{"@type":"BreadcrumbList","@id":"https:\/\/rulluisukool.ee\/toode\/jet-black-4-rattaga\/#breadcrumb","itemListElement":[{"@type":"ListItem","position":1,"name":"Home","item":"https:\/\/rulluisukool.ee\/"},{"@type":"ListItem","position":2,"name":"E-POOD","item":"https:\/\/rulluisukool.ee\/en\/rulluisud-saapad-rattad-laagrid-kaitsevarustus-jaauisutamine\/"},{"@type":"ListItem","position":3,"name":"Jet black (4 rattaga)"}]},{"@type":"WebSite","@id":"https:\/\/rulluisukool.ee\/#website","url":"https:\/\/rulluisukool.ee\/","name":"Rulluisukool","description":"","publisher":{"@id":"https:\/\/rulluisukool.ee\/#organization"},"potentialAction":[{"@type":"SearchAction","target":{"@type":"EntryPoint","urlTemplate":"https:\/\/rulluisukool.ee\/?s={search_term_string}"},"query-input":"required name=search_term_string"}],"inLanguage":"en-GB"},{"@type":"Organization","@id":"https:\/\/rulluisukool.ee\/#organization","name":"Rulluisukool","url":"https:\/\/rulluisukool.ee\/","logo":{"@type":"ImageObject","inLanguage":"en-GB","@id":"https:\/\/rulluisukool.ee\/#\/schema\/logo\/image\/","url":"https:\/\/rulluisukool.ee\/wp-content\/uploads\/2017\/03\/Rulluisukool-ee.png","contentUrl":"https:\/\/rulluisukool.ee\/wp-content\/uploads\/2017\/03\/Rulluisukool-ee.png","width":710,"height":710,"caption":"Rulluisukool"},"image":{"@id":"https:\/\/rulluisukool.ee\/#\/schema\/logo\/image\/"},"sameAs":["https:\/\/www.facebook.com\/rulluisukool","https:\/\/instagram.com\/rulluisukool","https:\/\/www.youtube.com\/channel\/UCUdSaiAVZmmNCOlAhU3_ONA"]}]}},"_links":{"self":[{"href":"https:\/\/rulluisukool.ee\/en\/wp-json\/wp\/v2\/product\/4308652122516867","targetHints":{"allow":["GET"]}}],"collection":[{"href":"https:\/\/rulluisukool.ee\/en\/wp-json\/wp\/v2\/product"}],"about":[{"href":"https:\/\/rulluisukool.ee\/en\/wp-json\/wp\/v2\/types\/product"}],"replies":[{"embeddable":true,"href":"https:\/\/rulluisukool.ee\/en\/wp-json\/wp\/v2\/comments?post=4308652122516867"}],"wp:featuredmedia":[{"embeddable":true,"href":"https:\/\/rulluisukool.ee\/en\/wp-json\/wp\/v2\/media\/4308652122516883"}],"wp:attachment":[{"href":"https:\/\/rulluisukool.ee\/en\/wp-json\/wp\/v2\/media?parent=4308652122516867"}],"wp:term":[{"taxonomy":"product_cat","embeddable":true,"href":"https:\/\/rulluisukool.ee\/en\/wp-json\/wp\/v2\/product_cat?post=4308652122516867"},{"taxonomy":"product_tag","embeddable":true,"href":"https:\/\/rulluisukool.ee\/en\/wp-json\/wp\/v2\/product_tag?post=4308652122516867"}],"curies":[{"name":"wp","href":"https:\/\/api.w.org\/{rel}","templated":true}]}}