{"id":4308652122515829,"date":"2023-04-02T14:18:45","date_gmt":"2023-04-02T11:18:45","guid":{"rendered":"https:\/\/rulluisukool.ee\/?post_type=product&#038;p=4308652122515829"},"modified":"2025-12-03T21:30:05","modified_gmt":"2025-12-03T19:30:05","slug":"triple-black-boot","status":"publish","type":"product","link":"https:\/\/rulluisukool.ee\/en\/product\/triple-black-boot\/","title":{"rendered":"Swell Triple Black Boot"},"content":{"rendered":"<p>POWERSLIDE SWELL Triple Black saabas on suurep\u00e4rane Freeskate rulluisutamiseks. Saabas on valmistatud klaasfiiber tugevndatud plastikust, mida on v\u00f5imalik kuumutamisega 90 kraadi juures m\u00f5nusalt jala j\u00e4rgi vormida, et saabas \u00fchilduks ideaalselt teie jalaga.\u00a0 SWELL Triple Black saabas tagab pehme ja mugava s\u00f5idu, millel on RECALL m\u00e4lupolster. \u00dclemine osa on valmistatud uuest hingavast v\u00f5rgust koos TPU keevitatud tugevdustega, et v\u00e4hendada kaalu ja suurendada vastupidavust.<\/p>\n<p>TRINITY 3-punktiline kinnituss\u00fcsteem, mis annab teile uskumatu paindlikkuse ja juhitavuse, v\u00f5imaldades samal ajal reguleerida all olevat raami, mis t\u00e4iendab teie isiklikku uisustiili.<\/p>","protected":false},"excerpt":{"rendered":"<h5>Powerslide SWELL Triple Black saabas on suurep\u00e4rane Freeskate rulluisutamiseks. Saabas on valmistatud klaasfiiber tugevndatud plastikust, mida on v\u00f5imalik kuumutamisega 90 kraadi juures m\u00f5nusalt jala j\u00e4rgi vormida, et saabas \u00fchilduks ideaalselt teie jalaga.<\/h5>","protected":false},"featured_media":4308652122515843,"comment_status":"open","ping_status":"closed","template":"","meta":{"site-sidebar-layout":"default","site-content-layout":"default","ast-global-header-display":"","ast-main-header-display":"","ast-hfb-above-header-display":"","ast-hfb-below-header-display":"","ast-hfb-mobile-header-display":"","site-post-title":"","ast-breadcrumbs-content":"","ast-featured-img":"","footer-sml-layout":"","theme-transparent-header-meta":"default","adv-header-id-meta":"","stick-header-meta":"","header-above-stick-meta":"","header-main-stick-meta":"","header-below-stick-meta":""},"product_cat":[111,112,206,222],"product_tag":[],"class_list":{"0":"post-4308652122515829","1":"product","2":"type-product","3":"status-publish","4":"has-post-thumbnail","6":"product_cat-rulluisud","7":"product_cat-saapad","8":"product_cat-swell","9":"product_cat-swell-saapad","10":"pa_suurus-341","11":"pa_suurus-147","12":"pa_suurus-124","13":"pa_suurus-148","14":"pa_suurus-125","15":"pa_suurus-133","16":"pa_suurus-149","17":"pa_suurus-130","18":"pa_suurus-131","19":"pa_suurus-132","20":"pa_suurus-150","21":"desktop-align-left","22":"tablet-align-left","23":"mobile-align-left","25":"first","26":"instock","27":"shipping-taxable","28":"product-type-variable"},"yoast_head":"<!-- This site is optimized with the Yoast SEO plugin v22.3 - https:\/\/yoast.com\/wordpress\/plugins\/seo\/ -->\n<title>Swell Triple Black Boot - Rulluisukool<\/title>\n<meta name=\"description\" content=\"Powerslide SWELL Triple Black saabas on suurep\u00e4rane Freeskate rulluisutamiseks. Saabas on valmistatud klaasfiiber tugevndatud plastikust, mida on v\u00f5imalik kuumutamisega 90 kraadi juures m\u00f5nusalt jala j\u00e4rgi vormida, et saabas \u00fchilduks ideaalselt teie jalaga.\" \/>\n<meta name=\"robots\" content=\"index, follow, max-snippet:-1, max-image-preview:large, max-video-preview:-1\" \/>\n<link rel=\"canonical\" href=\"https:\/\/rulluisukool.ee\/en\/product\/triple-black-boot\/\" \/>\n<meta property=\"og:locale\" content=\"en_GB\" \/>\n<meta property=\"og:type\" content=\"article\" \/>\n<meta property=\"og:title\" content=\"Swell Triple Black Boot - Rulluisukool\" \/>\n<meta property=\"og:description\" content=\"Powerslide SWELL Triple Black saabas on suurep\u00e4rane Freeskate rulluisutamiseks. Saabas on valmistatud klaasfiiber tugevndatud plastikust, mida on v\u00f5imalik kuumutamisega 90 kraadi juures m\u00f5nusalt jala j\u00e4rgi vormida, et saabas \u00fchilduks ideaalselt teie jalaga.\" \/>\n<meta property=\"og:url\" content=\"https:\/\/rulluisukool.ee\/en\/product\/triple-black-boot\/\" \/>\n<meta property=\"og:site_name\" content=\"Rulluisukool\" \/>\n<meta property=\"article:publisher\" content=\"https:\/\/www.facebook.com\/rulluisukool\" \/>\n<meta property=\"article:modified_time\" content=\"2025-12-03T19:30:05+00:00\" \/>\n<meta property=\"og:image\" content=\"https:\/\/rulluisukool.ee\/wp-content\/uploads\/2023\/04\/20221007170307-e528fe16-me.jpg\" \/>\n\t<meta property=\"og:image:width\" content=\"669\" \/>\n\t<meta property=\"og:image:height\" content=\"594\" \/>\n\t<meta property=\"og:image:type\" content=\"image\/jpeg\" \/>\n<meta name=\"twitter:card\" content=\"summary_large_image\" \/>\n<meta name=\"twitter:label1\" content=\"Estimated reading time\" \/>\n\t<meta name=\"twitter:data1\" content=\"1 minute\" \/>\n<script type=\"application\/ld+json\" class=\"yoast-schema-graph\">{\"@context\":\"https:\/\/schema.org\",\"@graph\":[{\"@type\":\"WebPage\",\"@id\":\"https:\/\/rulluisukool.ee\/toode\/triple-black-boot\/\",\"url\":\"https:\/\/rulluisukool.ee\/toode\/triple-black-boot\/\",\"name\":\"Swell Triple Black Boot - Rulluisukool\",\"isPartOf\":{\"@id\":\"https:\/\/rulluisukool.ee\/#website\"},\"primaryImageOfPage\":{\"@id\":\"https:\/\/rulluisukool.ee\/toode\/triple-black-boot\/#primaryimage\"},\"image\":{\"@id\":\"https:\/\/rulluisukool.ee\/toode\/triple-black-boot\/#primaryimage\"},\"thumbnailUrl\":\"https:\/\/rulluisukool.ee\/wp-content\/uploads\/2023\/04\/20221007170307-e528fe16-me.jpg\",\"datePublished\":\"2023-04-02T11:18:45+00:00\",\"dateModified\":\"2025-12-03T19:30:05+00:00\",\"description\":\"Powerslide SWELL Triple Black saabas on suurep\u00e4rane Freeskate rulluisutamiseks. Saabas on valmistatud klaasfiiber tugevndatud plastikust, mida on v\u00f5imalik kuumutamisega 90 kraadi juures m\u00f5nusalt jala j\u00e4rgi vormida, et saabas \u00fchilduks ideaalselt teie jalaga.\",\"breadcrumb\":{\"@id\":\"https:\/\/rulluisukool.ee\/toode\/triple-black-boot\/#breadcrumb\"},\"inLanguage\":\"en-GB\",\"potentialAction\":[{\"@type\":\"ReadAction\",\"target\":[\"https:\/\/rulluisukool.ee\/toode\/triple-black-boot\/\"]}]},{\"@type\":\"ImageObject\",\"inLanguage\":\"en-GB\",\"@id\":\"https:\/\/rulluisukool.ee\/toode\/triple-black-boot\/#primaryimage\",\"url\":\"https:\/\/rulluisukool.ee\/wp-content\/uploads\/2023\/04\/20221007170307-e528fe16-me.jpg\",\"contentUrl\":\"https:\/\/rulluisukool.ee\/wp-content\/uploads\/2023\/04\/20221007170307-e528fe16-me.jpg\",\"width\":669,\"height\":594},{\"@type\":\"BreadcrumbList\",\"@id\":\"https:\/\/rulluisukool.ee\/toode\/triple-black-boot\/#breadcrumb\",\"itemListElement\":[{\"@type\":\"ListItem\",\"position\":1,\"name\":\"Home\",\"item\":\"https:\/\/rulluisukool.ee\/\"},{\"@type\":\"ListItem\",\"position\":2,\"name\":\"E-POOD\",\"item\":\"https:\/\/rulluisukool.ee\/en\/rulluisud-saapad-rattad-laagrid-kaitsevarustus-jaauisutamine\/\"},{\"@type\":\"ListItem\",\"position\":3,\"name\":\"Swell Triple Black Boot\"}]},{\"@type\":\"WebSite\",\"@id\":\"https:\/\/rulluisukool.ee\/#website\",\"url\":\"https:\/\/rulluisukool.ee\/\",\"name\":\"Rulluisukool\",\"description\":\"\",\"publisher\":{\"@id\":\"https:\/\/rulluisukool.ee\/#organization\"},\"potentialAction\":[{\"@type\":\"SearchAction\",\"target\":{\"@type\":\"EntryPoint\",\"urlTemplate\":\"https:\/\/rulluisukool.ee\/?s={search_term_string}\"},\"query-input\":\"required name=search_term_string\"}],\"inLanguage\":\"en-GB\"},{\"@type\":\"Organization\",\"@id\":\"https:\/\/rulluisukool.ee\/#organization\",\"name\":\"Rulluisukool\",\"url\":\"https:\/\/rulluisukool.ee\/\",\"logo\":{\"@type\":\"ImageObject\",\"inLanguage\":\"en-GB\",\"@id\":\"https:\/\/rulluisukool.ee\/#\/schema\/logo\/image\/\",\"url\":\"https:\/\/rulluisukool.ee\/wp-content\/uploads\/2017\/03\/Rulluisukool-ee.png\",\"contentUrl\":\"https:\/\/rulluisukool.ee\/wp-content\/uploads\/2017\/03\/Rulluisukool-ee.png\",\"width\":710,\"height\":710,\"caption\":\"Rulluisukool\"},\"image\":{\"@id\":\"https:\/\/rulluisukool.ee\/#\/schema\/logo\/image\/\"},\"sameAs\":[\"https:\/\/www.facebook.com\/rulluisukool\",\"https:\/\/instagram.com\/rulluisukool\",\"https:\/\/www.youtube.com\/channel\/UCUdSaiAVZmmNCOlAhU3_ONA\"]}]}<\/script>\n<!-- \/ Yoast SEO plugin. -->","yoast_head_json":{"title":"Swell Triple Black Boot - Rulluisukool","description":"Powerslide SWELL Triple Black saabas on suurep\u00e4rane Freeskate rulluisutamiseks. Saabas on valmistatud klaasfiiber tugevndatud plastikust, mida on v\u00f5imalik kuumutamisega 90 kraadi juures m\u00f5nusalt jala j\u00e4rgi vormida, et saabas \u00fchilduks ideaalselt teie jalaga.","robots":{"index":"index","follow":"follow","max-snippet":"max-snippet:-1","max-image-preview":"max-image-preview:large","max-video-preview":"max-video-preview:-1"},"canonical":"https:\/\/rulluisukool.ee\/en\/product\/triple-black-boot\/","og_locale":"en_GB","og_type":"article","og_title":"Swell Triple Black Boot - Rulluisukool","og_description":"Powerslide SWELL Triple Black saabas on suurep\u00e4rane Freeskate rulluisutamiseks. Saabas on valmistatud klaasfiiber tugevndatud plastikust, mida on v\u00f5imalik kuumutamisega 90 kraadi juures m\u00f5nusalt jala j\u00e4rgi vormida, et saabas \u00fchilduks ideaalselt teie jalaga.","og_url":"https:\/\/rulluisukool.ee\/en\/product\/triple-black-boot\/","og_site_name":"Rulluisukool","article_publisher":"https:\/\/www.facebook.com\/rulluisukool","article_modified_time":"2025-12-03T19:30:05+00:00","og_image":[{"width":669,"height":594,"url":"https:\/\/rulluisukool.ee\/wp-content\/uploads\/2023\/04\/20221007170307-e528fe16-me.jpg","type":"image\/jpeg"}],"twitter_card":"summary_large_image","twitter_misc":{"Estimated reading time":"1 minute"},"schema":{"@context":"https:\/\/schema.org","@graph":[{"@type":"WebPage","@id":"https:\/\/rulluisukool.ee\/toode\/triple-black-boot\/","url":"https:\/\/rulluisukool.ee\/toode\/triple-black-boot\/","name":"Swell Triple Black Boot - Rulluisukool","isPartOf":{"@id":"https:\/\/rulluisukool.ee\/#website"},"primaryImageOfPage":{"@id":"https:\/\/rulluisukool.ee\/toode\/triple-black-boot\/#primaryimage"},"image":{"@id":"https:\/\/rulluisukool.ee\/toode\/triple-black-boot\/#primaryimage"},"thumbnailUrl":"https:\/\/rulluisukool.ee\/wp-content\/uploads\/2023\/04\/20221007170307-e528fe16-me.jpg","datePublished":"2023-04-02T11:18:45+00:00","dateModified":"2025-12-03T19:30:05+00:00","description":"Powerslide SWELL Triple Black saabas on suurep\u00e4rane Freeskate rulluisutamiseks. Saabas on valmistatud klaasfiiber tugevndatud plastikust, mida on v\u00f5imalik kuumutamisega 90 kraadi juures m\u00f5nusalt jala j\u00e4rgi vormida, et saabas \u00fchilduks ideaalselt teie jalaga.","breadcrumb":{"@id":"https:\/\/rulluisukool.ee\/toode\/triple-black-boot\/#breadcrumb"},"inLanguage":"en-GB","potentialAction":[{"@type":"ReadAction","target":["https:\/\/rulluisukool.ee\/toode\/triple-black-boot\/"]}]},{"@type":"ImageObject","inLanguage":"en-GB","@id":"https:\/\/rulluisukool.ee\/toode\/triple-black-boot\/#primaryimage","url":"https:\/\/rulluisukool.ee\/wp-content\/uploads\/2023\/04\/20221007170307-e528fe16-me.jpg","contentUrl":"https:\/\/rulluisukool.ee\/wp-content\/uploads\/2023\/04\/20221007170307-e528fe16-me.jpg","width":669,"height":594},{"@type":"BreadcrumbList","@id":"https:\/\/rulluisukool.ee\/toode\/triple-black-boot\/#breadcrumb","itemListElement":[{"@type":"ListItem","position":1,"name":"Home","item":"https:\/\/rulluisukool.ee\/"},{"@type":"ListItem","position":2,"name":"E-POOD","item":"https:\/\/rulluisukool.ee\/en\/rulluisud-saapad-rattad-laagrid-kaitsevarustus-jaauisutamine\/"},{"@type":"ListItem","position":3,"name":"Swell Triple Black Boot"}]},{"@type":"WebSite","@id":"https:\/\/rulluisukool.ee\/#website","url":"https:\/\/rulluisukool.ee\/","name":"Rulluisukool","description":"","publisher":{"@id":"https:\/\/rulluisukool.ee\/#organization"},"potentialAction":[{"@type":"SearchAction","target":{"@type":"EntryPoint","urlTemplate":"https:\/\/rulluisukool.ee\/?s={search_term_string}"},"query-input":"required name=search_term_string"}],"inLanguage":"en-GB"},{"@type":"Organization","@id":"https:\/\/rulluisukool.ee\/#organization","name":"Rulluisukool","url":"https:\/\/rulluisukool.ee\/","logo":{"@type":"ImageObject","inLanguage":"en-GB","@id":"https:\/\/rulluisukool.ee\/#\/schema\/logo\/image\/","url":"https:\/\/rulluisukool.ee\/wp-content\/uploads\/2017\/03\/Rulluisukool-ee.png","contentUrl":"https:\/\/rulluisukool.ee\/wp-content\/uploads\/2017\/03\/Rulluisukool-ee.png","width":710,"height":710,"caption":"Rulluisukool"},"image":{"@id":"https:\/\/rulluisukool.ee\/#\/schema\/logo\/image\/"},"sameAs":["https:\/\/www.facebook.com\/rulluisukool","https:\/\/instagram.com\/rulluisukool","https:\/\/www.youtube.com\/channel\/UCUdSaiAVZmmNCOlAhU3_ONA"]}]}},"_links":{"self":[{"href":"https:\/\/rulluisukool.ee\/en\/wp-json\/wp\/v2\/product\/4308652122515829","targetHints":{"allow":["GET"]}}],"collection":[{"href":"https:\/\/rulluisukool.ee\/en\/wp-json\/wp\/v2\/product"}],"about":[{"href":"https:\/\/rulluisukool.ee\/en\/wp-json\/wp\/v2\/types\/product"}],"replies":[{"embeddable":true,"href":"https:\/\/rulluisukool.ee\/en\/wp-json\/wp\/v2\/comments?post=4308652122515829"}],"wp:featuredmedia":[{"embeddable":true,"href":"https:\/\/rulluisukool.ee\/en\/wp-json\/wp\/v2\/media\/4308652122515843"}],"wp:attachment":[{"href":"https:\/\/rulluisukool.ee\/en\/wp-json\/wp\/v2\/media?parent=4308652122515829"}],"wp:term":[{"taxonomy":"product_cat","embeddable":true,"href":"https:\/\/rulluisukool.ee\/en\/wp-json\/wp\/v2\/product_cat?post=4308652122515829"},{"taxonomy":"product_tag","embeddable":true,"href":"https:\/\/rulluisukool.ee\/en\/wp-json\/wp\/v2\/product_tag?post=4308652122515829"}],"curies":[{"name":"wp","href":"https:\/\/api.w.org\/{rel}","templated":true}]}}