{"id":4308652122515809,"date":"2023-03-30T20:17:21","date_gmt":"2023-03-30T17:17:21","guid":{"rendered":"https:\/\/rulluisukool.ee\/?post_type=product&#038;p=4308652122515809"},"modified":"2025-12-03T21:30:05","modified_gmt":"2025-12-03T19:30:05","slug":"next-noir-125","status":"publish","type":"product","link":"https:\/\/rulluisukool.ee\/en\/product\/next-noir-125\/","title":{"rendered":"NEXT NOIR 125"},"content":{"rendered":"<p>Powerslide NEXT Noir 125 urban Freeskate rulluisk mis paneb su erksalt s\u00e4rama, eriti pimedas. Nexti k\u00f5va saabas on tuntud oma vastupidavuse ja linnas\u00f5idu soorituse poolest, mis on tugev, kerge ja mugav.\u00a0 Next Noiril on must-valge kahev\u00e4rviline kest ja pilkup\u00fc\u00fcdvad helkurelemendid, mis teevad teid n\u00e4htavaks, eriti peale p\u00e4ikseloojangut. Uisul on valatud alumiiniumist TRINITY raam, valged 125 mm Spinner rattad ja Wicked ABEC 9 laagrid. Kuumvormitav MYFIT Recall Dual Fit vooder koos m\u00e4luvahust polsterdusega pakub lisamugavust. Saapal on palju erinevaid v\u00f5imalusi kohandada see mugavaks vastavalt just sinu s\u00f5idustiilile.<\/p>","protected":false},"excerpt":{"rendered":"<h5>Powerslide Next Noir 125 linnarulluisud teie freeskate seikluseks.<\/h5>\n<h5>TRINITY kahev\u00e4rvilised k\u00f5vad saapad, Elite cast raamidega, 3x125mm Spinner rataste ja ABEC 9 laagritega.<\/h5>\n<p>&nbsp;<\/p>\n<div class=\"overview_field\">\n<ul>\n<li class=\"field_title overview_boot\">Boot:\u00a0Hardboot; TRINITY 3-point mounting; MYFIT Reaction dual fit liner; heat moldable MYFIT liner with 80\u00b0C<\/li>\n<li><span style=\"font-size: 16px;\">Frame: <\/span><span style=\"font-size: 16px;\">Powerslide Elite; ADC10 aluminum; TRINITY 3-point mounting; 10.0&#8243; (255mm); 3x125mm<\/span><\/li>\n<li><span style=\"font-size: 16px;\">Wheel: <\/span><span style=\"font-size: 16px;\">Powerslide Spinner; 125mm \/ 88A; SHR = Super High Rebound<\/span><\/li>\n<li><span style=\"font-size: 16px;\">Bearing: <\/span><span style=\"font-size: 16px;\">Wicked; ABEC 9; chrome steel<\/span><\/li>\n<\/ul>\n<\/div>","protected":false},"featured_media":4308652122515814,"comment_status":"open","ping_status":"closed","template":"","meta":{"site-sidebar-layout":"default","site-content-layout":"default","ast-global-header-display":"","ast-main-header-display":"","ast-hfb-above-header-display":"","ast-hfb-below-header-display":"","ast-hfb-mobile-header-display":"","site-post-title":"","ast-breadcrumbs-content":"","ast-featured-img":"","footer-sml-layout":"","theme-transparent-header-meta":"default","adv-header-id-meta":"","stick-header-meta":"","header-above-stick-meta":"","header-main-stick-meta":"","header-below-stick-meta":""},"product_cat":[209,111,351],"product_tag":[],"class_list":{"0":"post-4308652122515809","1":"product","2":"type-product","3":"status-publish","4":"has-post-thumbnail","6":"product_cat-next-rulluisud","7":"product_cat-rulluisud","8":"product_cat-soodus","9":"pa_suurus-38-39","10":"pa_suurus-42-43","11":"pa_suurus-44-45","12":"desktop-align-left","13":"tablet-align-left","14":"mobile-align-left","16":"first","17":"outofstock","18":"shipping-taxable","19":"product-type-variable"},"yoast_head":"<!-- This site is optimized with the Yoast SEO plugin v22.3 - https:\/\/yoast.com\/wordpress\/plugins\/seo\/ -->\n<title>NEXT NOIR 125 - Rulluisukool<\/title>\n<meta name=\"description\" content=\"Powerslide Next Noir 125 linnarulluisud teie freeskate seikluseks. TRINITY kahev\u00e4rvilised k\u00f5vad saapad, Elite cast raamidega, 3x125mm Spinner rataste ja ABEC 9 laagritega. &nbsp;    Boot:\u00a0Hardboot; TRINITY 3-point mounting; MYFIT Reaction dual fit liner; heat moldable MYFIT liner with 80\u00b0C  Frame: Powerslide Elite; ADC10 aluminum; TRINITY 3-point mounting; 10.0&quot; (255mm); 3x125mm  Wheel: Powerslide Spinner; 125mm \/ 88A; SHR = Super High Rebound  Bearing: Wicked; ABEC 9; chrome steel\" \/>\n<meta name=\"robots\" content=\"index, follow, max-snippet:-1, max-image-preview:large, max-video-preview:-1\" \/>\n<link rel=\"canonical\" href=\"https:\/\/rulluisukool.ee\/en\/product\/next-noir-125\/\" \/>\n<meta property=\"og:locale\" content=\"en_GB\" \/>\n<meta property=\"og:type\" content=\"article\" \/>\n<meta property=\"og:title\" content=\"NEXT NOIR 125 - Rulluisukool\" \/>\n<meta property=\"og:description\" content=\"Powerslide Next Noir 125 linnarulluisud teie freeskate seikluseks. TRINITY kahev\u00e4rvilised k\u00f5vad saapad, Elite cast raamidega, 3x125mm Spinner rataste ja ABEC 9 laagritega. &nbsp;    Boot:\u00a0Hardboot; TRINITY 3-point mounting; MYFIT Reaction dual fit liner; heat moldable MYFIT liner with 80\u00b0C  Frame: Powerslide Elite; ADC10 aluminum; TRINITY 3-point mounting; 10.0&quot; (255mm); 3x125mm  Wheel: Powerslide Spinner; 125mm \/ 88A; SHR = Super High Rebound  Bearing: Wicked; ABEC 9; chrome steel\" \/>\n<meta property=\"og:url\" content=\"https:\/\/rulluisukool.ee\/en\/product\/next-noir-125\/\" \/>\n<meta property=\"og:site_name\" content=\"Rulluisukool\" \/>\n<meta property=\"article:publisher\" content=\"https:\/\/www.facebook.com\/rulluisukool\" \/>\n<meta property=\"article:modified_time\" content=\"2025-12-03T19:30:05+00:00\" \/>\n<meta property=\"og:image\" content=\"https:\/\/rulluisukool.ee\/wp-content\/uploads\/2023\/03\/20220610102704-1ffdd7a3-me.jpg\" \/>\n\t<meta property=\"og:image:width\" content=\"506\" \/>\n\t<meta property=\"og:image:height\" content=\"594\" \/>\n\t<meta property=\"og:image:type\" content=\"image\/jpeg\" \/>\n<meta name=\"twitter:card\" content=\"summary_large_image\" \/>\n<meta name=\"twitter:label1\" content=\"Estimated reading time\" \/>\n\t<meta name=\"twitter:data1\" content=\"1 minute\" \/>\n<script type=\"application\/ld+json\" class=\"yoast-schema-graph\">{\"@context\":\"https:\/\/schema.org\",\"@graph\":[{\"@type\":\"WebPage\",\"@id\":\"https:\/\/rulluisukool.ee\/toode\/next-noir-125\/\",\"url\":\"https:\/\/rulluisukool.ee\/toode\/next-noir-125\/\",\"name\":\"NEXT NOIR 125 - Rulluisukool\",\"isPartOf\":{\"@id\":\"https:\/\/rulluisukool.ee\/#website\"},\"primaryImageOfPage\":{\"@id\":\"https:\/\/rulluisukool.ee\/toode\/next-noir-125\/#primaryimage\"},\"image\":{\"@id\":\"https:\/\/rulluisukool.ee\/toode\/next-noir-125\/#primaryimage\"},\"thumbnailUrl\":\"https:\/\/rulluisukool.ee\/wp-content\/uploads\/2023\/03\/20220610102704-1ffdd7a3-me.jpg\",\"datePublished\":\"2023-03-30T17:17:21+00:00\",\"dateModified\":\"2025-12-03T19:30:05+00:00\",\"description\":\"Powerslide Next Noir 125 linnarulluisud teie freeskate seikluseks. TRINITY kahev\u00e4rvilised k\u00f5vad saapad, Elite cast raamidega, 3x125mm Spinner rataste ja ABEC 9 laagritega. &nbsp; Boot:\u00a0Hardboot; TRINITY 3-point mounting; MYFIT Reaction dual fit liner; heat moldable MYFIT liner with 80\u00b0C Frame: Powerslide Elite; ADC10 aluminum; TRINITY 3-point mounting; 10.0\\\" (255mm); 3x125mm Wheel: Powerslide Spinner; 125mm \/ 88A; SHR = Super High Rebound Bearing: Wicked; ABEC 9; chrome steel\",\"breadcrumb\":{\"@id\":\"https:\/\/rulluisukool.ee\/toode\/next-noir-125\/#breadcrumb\"},\"inLanguage\":\"en-GB\",\"potentialAction\":[{\"@type\":\"ReadAction\",\"target\":[\"https:\/\/rulluisukool.ee\/toode\/next-noir-125\/\"]}]},{\"@type\":\"ImageObject\",\"inLanguage\":\"en-GB\",\"@id\":\"https:\/\/rulluisukool.ee\/toode\/next-noir-125\/#primaryimage\",\"url\":\"https:\/\/rulluisukool.ee\/wp-content\/uploads\/2023\/03\/20220610102704-1ffdd7a3-me.jpg\",\"contentUrl\":\"https:\/\/rulluisukool.ee\/wp-content\/uploads\/2023\/03\/20220610102704-1ffdd7a3-me.jpg\",\"width\":506,\"height\":594},{\"@type\":\"BreadcrumbList\",\"@id\":\"https:\/\/rulluisukool.ee\/toode\/next-noir-125\/#breadcrumb\",\"itemListElement\":[{\"@type\":\"ListItem\",\"position\":1,\"name\":\"Home\",\"item\":\"https:\/\/rulluisukool.ee\/\"},{\"@type\":\"ListItem\",\"position\":2,\"name\":\"E-POOD\",\"item\":\"https:\/\/rulluisukool.ee\/en\/rulluisud-saapad-rattad-laagrid-kaitsevarustus-jaauisutamine\/\"},{\"@type\":\"ListItem\",\"position\":3,\"name\":\"NEXT NOIR 125\"}]},{\"@type\":\"WebSite\",\"@id\":\"https:\/\/rulluisukool.ee\/#website\",\"url\":\"https:\/\/rulluisukool.ee\/\",\"name\":\"Rulluisukool\",\"description\":\"\",\"publisher\":{\"@id\":\"https:\/\/rulluisukool.ee\/#organization\"},\"potentialAction\":[{\"@type\":\"SearchAction\",\"target\":{\"@type\":\"EntryPoint\",\"urlTemplate\":\"https:\/\/rulluisukool.ee\/?s={search_term_string}\"},\"query-input\":\"required name=search_term_string\"}],\"inLanguage\":\"en-GB\"},{\"@type\":\"Organization\",\"@id\":\"https:\/\/rulluisukool.ee\/#organization\",\"name\":\"Rulluisukool\",\"url\":\"https:\/\/rulluisukool.ee\/\",\"logo\":{\"@type\":\"ImageObject\",\"inLanguage\":\"en-GB\",\"@id\":\"https:\/\/rulluisukool.ee\/#\/schema\/logo\/image\/\",\"url\":\"https:\/\/rulluisukool.ee\/wp-content\/uploads\/2017\/03\/Rulluisukool-ee.png\",\"contentUrl\":\"https:\/\/rulluisukool.ee\/wp-content\/uploads\/2017\/03\/Rulluisukool-ee.png\",\"width\":710,\"height\":710,\"caption\":\"Rulluisukool\"},\"image\":{\"@id\":\"https:\/\/rulluisukool.ee\/#\/schema\/logo\/image\/\"},\"sameAs\":[\"https:\/\/www.facebook.com\/rulluisukool\",\"https:\/\/instagram.com\/rulluisukool\",\"https:\/\/www.youtube.com\/channel\/UCUdSaiAVZmmNCOlAhU3_ONA\"]}]}<\/script>\n<!-- \/ Yoast SEO plugin. -->","yoast_head_json":{"title":"NEXT NOIR 125 - Rulluisukool","description":"Powerslide Next Noir 125 linnarulluisud teie freeskate seikluseks. TRINITY kahev\u00e4rvilised k\u00f5vad saapad, Elite cast raamidega, 3x125mm Spinner rataste ja ABEC 9 laagritega. &nbsp;    Boot:\u00a0Hardboot; TRINITY 3-point mounting; MYFIT Reaction dual fit liner; heat moldable MYFIT liner with 80\u00b0C  Frame: Powerslide Elite; ADC10 aluminum; TRINITY 3-point mounting; 10.0\" (255mm); 3x125mm  Wheel: Powerslide Spinner; 125mm \/ 88A; SHR = Super High Rebound  Bearing: Wicked; ABEC 9; chrome steel","robots":{"index":"index","follow":"follow","max-snippet":"max-snippet:-1","max-image-preview":"max-image-preview:large","max-video-preview":"max-video-preview:-1"},"canonical":"https:\/\/rulluisukool.ee\/en\/product\/next-noir-125\/","og_locale":"en_GB","og_type":"article","og_title":"NEXT NOIR 125 - Rulluisukool","og_description":"Powerslide Next Noir 125 linnarulluisud teie freeskate seikluseks. TRINITY kahev\u00e4rvilised k\u00f5vad saapad, Elite cast raamidega, 3x125mm Spinner rataste ja ABEC 9 laagritega. &nbsp;    Boot:\u00a0Hardboot; TRINITY 3-point mounting; MYFIT Reaction dual fit liner; heat moldable MYFIT liner with 80\u00b0C  Frame: Powerslide Elite; ADC10 aluminum; TRINITY 3-point mounting; 10.0\" (255mm); 3x125mm  Wheel: Powerslide Spinner; 125mm \/ 88A; SHR = Super High Rebound  Bearing: Wicked; ABEC 9; chrome steel","og_url":"https:\/\/rulluisukool.ee\/en\/product\/next-noir-125\/","og_site_name":"Rulluisukool","article_publisher":"https:\/\/www.facebook.com\/rulluisukool","article_modified_time":"2025-12-03T19:30:05+00:00","og_image":[{"width":506,"height":594,"url":"https:\/\/rulluisukool.ee\/wp-content\/uploads\/2023\/03\/20220610102704-1ffdd7a3-me.jpg","type":"image\/jpeg"}],"twitter_card":"summary_large_image","twitter_misc":{"Estimated reading time":"1 minute"},"schema":{"@context":"https:\/\/schema.org","@graph":[{"@type":"WebPage","@id":"https:\/\/rulluisukool.ee\/toode\/next-noir-125\/","url":"https:\/\/rulluisukool.ee\/toode\/next-noir-125\/","name":"NEXT NOIR 125 - Rulluisukool","isPartOf":{"@id":"https:\/\/rulluisukool.ee\/#website"},"primaryImageOfPage":{"@id":"https:\/\/rulluisukool.ee\/toode\/next-noir-125\/#primaryimage"},"image":{"@id":"https:\/\/rulluisukool.ee\/toode\/next-noir-125\/#primaryimage"},"thumbnailUrl":"https:\/\/rulluisukool.ee\/wp-content\/uploads\/2023\/03\/20220610102704-1ffdd7a3-me.jpg","datePublished":"2023-03-30T17:17:21+00:00","dateModified":"2025-12-03T19:30:05+00:00","description":"Powerslide Next Noir 125 linnarulluisud teie freeskate seikluseks. TRINITY kahev\u00e4rvilised k\u00f5vad saapad, Elite cast raamidega, 3x125mm Spinner rataste ja ABEC 9 laagritega. &nbsp; Boot:\u00a0Hardboot; TRINITY 3-point mounting; MYFIT Reaction dual fit liner; heat moldable MYFIT liner with 80\u00b0C Frame: Powerslide Elite; ADC10 aluminum; TRINITY 3-point mounting; 10.0\" (255mm); 3x125mm Wheel: Powerslide Spinner; 125mm \/ 88A; SHR = Super High Rebound Bearing: Wicked; ABEC 9; chrome steel","breadcrumb":{"@id":"https:\/\/rulluisukool.ee\/toode\/next-noir-125\/#breadcrumb"},"inLanguage":"en-GB","potentialAction":[{"@type":"ReadAction","target":["https:\/\/rulluisukool.ee\/toode\/next-noir-125\/"]}]},{"@type":"ImageObject","inLanguage":"en-GB","@id":"https:\/\/rulluisukool.ee\/toode\/next-noir-125\/#primaryimage","url":"https:\/\/rulluisukool.ee\/wp-content\/uploads\/2023\/03\/20220610102704-1ffdd7a3-me.jpg","contentUrl":"https:\/\/rulluisukool.ee\/wp-content\/uploads\/2023\/03\/20220610102704-1ffdd7a3-me.jpg","width":506,"height":594},{"@type":"BreadcrumbList","@id":"https:\/\/rulluisukool.ee\/toode\/next-noir-125\/#breadcrumb","itemListElement":[{"@type":"ListItem","position":1,"name":"Home","item":"https:\/\/rulluisukool.ee\/"},{"@type":"ListItem","position":2,"name":"E-POOD","item":"https:\/\/rulluisukool.ee\/en\/rulluisud-saapad-rattad-laagrid-kaitsevarustus-jaauisutamine\/"},{"@type":"ListItem","position":3,"name":"NEXT NOIR 125"}]},{"@type":"WebSite","@id":"https:\/\/rulluisukool.ee\/#website","url":"https:\/\/rulluisukool.ee\/","name":"Rulluisukool","description":"","publisher":{"@id":"https:\/\/rulluisukool.ee\/#organization"},"potentialAction":[{"@type":"SearchAction","target":{"@type":"EntryPoint","urlTemplate":"https:\/\/rulluisukool.ee\/?s={search_term_string}"},"query-input":"required name=search_term_string"}],"inLanguage":"en-GB"},{"@type":"Organization","@id":"https:\/\/rulluisukool.ee\/#organization","name":"Rulluisukool","url":"https:\/\/rulluisukool.ee\/","logo":{"@type":"ImageObject","inLanguage":"en-GB","@id":"https:\/\/rulluisukool.ee\/#\/schema\/logo\/image\/","url":"https:\/\/rulluisukool.ee\/wp-content\/uploads\/2017\/03\/Rulluisukool-ee.png","contentUrl":"https:\/\/rulluisukool.ee\/wp-content\/uploads\/2017\/03\/Rulluisukool-ee.png","width":710,"height":710,"caption":"Rulluisukool"},"image":{"@id":"https:\/\/rulluisukool.ee\/#\/schema\/logo\/image\/"},"sameAs":["https:\/\/www.facebook.com\/rulluisukool","https:\/\/instagram.com\/rulluisukool","https:\/\/www.youtube.com\/channel\/UCUdSaiAVZmmNCOlAhU3_ONA"]}]}},"_links":{"self":[{"href":"https:\/\/rulluisukool.ee\/en\/wp-json\/wp\/v2\/product\/4308652122515809","targetHints":{"allow":["GET"]}}],"collection":[{"href":"https:\/\/rulluisukool.ee\/en\/wp-json\/wp\/v2\/product"}],"about":[{"href":"https:\/\/rulluisukool.ee\/en\/wp-json\/wp\/v2\/types\/product"}],"replies":[{"embeddable":true,"href":"https:\/\/rulluisukool.ee\/en\/wp-json\/wp\/v2\/comments?post=4308652122515809"}],"wp:featuredmedia":[{"embeddable":true,"href":"https:\/\/rulluisukool.ee\/en\/wp-json\/wp\/v2\/media\/4308652122515814"}],"wp:attachment":[{"href":"https:\/\/rulluisukool.ee\/en\/wp-json\/wp\/v2\/media?parent=4308652122515809"}],"wp:term":[{"taxonomy":"product_cat","embeddable":true,"href":"https:\/\/rulluisukool.ee\/en\/wp-json\/wp\/v2\/product_cat?post=4308652122515809"},{"taxonomy":"product_tag","embeddable":true,"href":"https:\/\/rulluisukool.ee\/en\/wp-json\/wp\/v2\/product_tag?post=4308652122515809"}],"curies":[{"name":"wp","href":"https:\/\/api.w.org\/{rel}","templated":true}]}}