{"id":4308652122515799,"date":"2023-03-30T01:12:47","date_gmt":"2023-03-29T22:12:47","guid":{"rendered":"https:\/\/rulluisukool.ee\/?post_type=product&#038;p=4308652122515799"},"modified":"2025-12-03T21:30:03","modified_gmt":"2025-12-03T19:30:03","slug":"ennui-elite-wheeladdict","status":"publish","type":"product","link":"https:\/\/rulluisukool.ee\/en\/product\/ennui-elite-wheeladdict\/","title":{"rendered":"Ennui Helmet Elite WheelAddict"},"content":{"rendered":"<p>ENNUI on uus kaitsevarustuse kontseptsioon, mis on spetsiaalselt loodud linnaspordiks. Uisutajatena on meie eesm\u00e4rk luua kaitsevarustus, mida me ise kannaksime, varustus, mis hoiab meid turvaliselt ja kaitseb meie keha igasuguste vigastuste eest, olles samal ajal m\u00e4rkamatud ning mugavad. Suurus 54-59 cm. Sisaldab ka eemaldatavat nokka.<\/p>","protected":false},"excerpt":{"rendered":"<p>T\u00e4nu uuenduslikule &#8220;Overinjected Honeycomb Skeleton&#8221; tehnoloogiale on uus ENNUI Elite kiiver \u00fclikerge (ainult 245 gr) ja \u00fcliturvaline.<\/p>","protected":false},"featured_media":4308652122515801,"comment_status":"open","ping_status":"closed","template":"","meta":{"site-sidebar-layout":"default","site-content-layout":"default","ast-global-header-display":"","ast-main-header-display":"","ast-hfb-above-header-display":"","ast-hfb-below-header-display":"","ast-hfb-mobile-header-display":"","site-post-title":"","ast-breadcrumbs-content":"","ast-featured-img":"","footer-sml-layout":"","theme-transparent-header-meta":"default","adv-header-id-meta":"","stick-header-meta":"","header-above-stick-meta":"","header-main-stick-meta":"","header-below-stick-meta":""},"product_cat":[115,171],"product_tag":[],"class_list":{"0":"post-4308652122515799","1":"product","2":"type-product","3":"status-publish","4":"has-post-thumbnail","6":"product_cat-kaitsevarustus","7":"product_cat-kiivrid","8":"pa_kiivri-suurus-54-59","9":"desktop-align-left","10":"tablet-align-left","11":"mobile-align-left","13":"first","14":"outofstock","15":"shipping-taxable","16":"purchasable","17":"product-type-simple"},"yoast_head":"<!-- This site is optimized with the Yoast SEO plugin v22.3 - https:\/\/yoast.com\/wordpress\/plugins\/seo\/ -->\n<title>Ennui Helmet Elite WheelAddict - Rulluisukool<\/title>\n<meta name=\"description\" content=\"T\u00e4nu uuenduslikule &quot;Overinjected Honeycomb Skeleton&quot; tehnoloogiale on uus ENNUI Elite kiiver \u00fclikerge (ainult 245 gr) ja \u00fcliturvaline.\" \/>\n<meta name=\"robots\" content=\"index, follow, max-snippet:-1, max-image-preview:large, max-video-preview:-1\" \/>\n<link rel=\"canonical\" href=\"https:\/\/rulluisukool.ee\/en\/product\/ennui-elite-wheeladdict\/\" \/>\n<meta property=\"og:locale\" content=\"en_GB\" \/>\n<meta property=\"og:type\" content=\"article\" \/>\n<meta property=\"og:title\" content=\"Ennui Helmet Elite WheelAddict - Rulluisukool\" \/>\n<meta property=\"og:description\" content=\"T\u00e4nu uuenduslikule &quot;Overinjected Honeycomb Skeleton&quot; tehnoloogiale on uus ENNUI Elite kiiver \u00fclikerge (ainult 245 gr) ja \u00fcliturvaline.\" \/>\n<meta property=\"og:url\" content=\"https:\/\/rulluisukool.ee\/en\/product\/ennui-elite-wheeladdict\/\" \/>\n<meta property=\"og:site_name\" content=\"Rulluisukool\" \/>\n<meta property=\"article:publisher\" content=\"https:\/\/www.facebook.com\/rulluisukool\" \/>\n<meta property=\"article:modified_time\" content=\"2025-12-03T19:30:03+00:00\" \/>\n<meta property=\"og:image\" content=\"https:\/\/rulluisukool.ee\/wp-content\/uploads\/2023\/03\/20230105170129-4dd131a9-me.jpg\" \/>\n\t<meta property=\"og:image:width\" content=\"511\" \/>\n\t<meta property=\"og:image:height\" content=\"594\" \/>\n\t<meta property=\"og:image:type\" content=\"image\/jpeg\" \/>\n<meta name=\"twitter:card\" content=\"summary_large_image\" \/>\n<meta name=\"twitter:label1\" content=\"Estimated reading time\" \/>\n\t<meta name=\"twitter:data1\" content=\"1 minute\" \/>\n<script type=\"application\/ld+json\" class=\"yoast-schema-graph\">{\"@context\":\"https:\/\/schema.org\",\"@graph\":[{\"@type\":\"WebPage\",\"@id\":\"https:\/\/rulluisukool.ee\/toode\/ennui-elite-wheeladdict\/\",\"url\":\"https:\/\/rulluisukool.ee\/toode\/ennui-elite-wheeladdict\/\",\"name\":\"Ennui Helmet Elite WheelAddict - Rulluisukool\",\"isPartOf\":{\"@id\":\"https:\/\/rulluisukool.ee\/#website\"},\"primaryImageOfPage\":{\"@id\":\"https:\/\/rulluisukool.ee\/toode\/ennui-elite-wheeladdict\/#primaryimage\"},\"image\":{\"@id\":\"https:\/\/rulluisukool.ee\/toode\/ennui-elite-wheeladdict\/#primaryimage\"},\"thumbnailUrl\":\"https:\/\/rulluisukool.ee\/wp-content\/uploads\/2023\/03\/20230105170129-4dd131a9-me.jpg\",\"datePublished\":\"2023-03-29T22:12:47+00:00\",\"dateModified\":\"2025-12-03T19:30:03+00:00\",\"description\":\"T\u00e4nu uuenduslikule \\\"Overinjected Honeycomb Skeleton\\\" tehnoloogiale on uus ENNUI Elite kiiver \u00fclikerge (ainult 245 gr) ja \u00fcliturvaline.\",\"breadcrumb\":{\"@id\":\"https:\/\/rulluisukool.ee\/toode\/ennui-elite-wheeladdict\/#breadcrumb\"},\"inLanguage\":\"en-GB\",\"potentialAction\":[{\"@type\":\"ReadAction\",\"target\":[\"https:\/\/rulluisukool.ee\/toode\/ennui-elite-wheeladdict\/\"]}]},{\"@type\":\"ImageObject\",\"inLanguage\":\"en-GB\",\"@id\":\"https:\/\/rulluisukool.ee\/toode\/ennui-elite-wheeladdict\/#primaryimage\",\"url\":\"https:\/\/rulluisukool.ee\/wp-content\/uploads\/2023\/03\/20230105170129-4dd131a9-me.jpg\",\"contentUrl\":\"https:\/\/rulluisukool.ee\/wp-content\/uploads\/2023\/03\/20230105170129-4dd131a9-me.jpg\",\"width\":511,\"height\":594},{\"@type\":\"BreadcrumbList\",\"@id\":\"https:\/\/rulluisukool.ee\/toode\/ennui-elite-wheeladdict\/#breadcrumb\",\"itemListElement\":[{\"@type\":\"ListItem\",\"position\":1,\"name\":\"Home\",\"item\":\"https:\/\/rulluisukool.ee\/\"},{\"@type\":\"ListItem\",\"position\":2,\"name\":\"E-POOD\",\"item\":\"https:\/\/rulluisukool.ee\/en\/rulluisud-saapad-rattad-laagrid-kaitsevarustus-jaauisutamine\/\"},{\"@type\":\"ListItem\",\"position\":3,\"name\":\"Ennui Helmet Elite WheelAddict\"}]},{\"@type\":\"WebSite\",\"@id\":\"https:\/\/rulluisukool.ee\/#website\",\"url\":\"https:\/\/rulluisukool.ee\/\",\"name\":\"Rulluisukool\",\"description\":\"\",\"publisher\":{\"@id\":\"https:\/\/rulluisukool.ee\/#organization\"},\"potentialAction\":[{\"@type\":\"SearchAction\",\"target\":{\"@type\":\"EntryPoint\",\"urlTemplate\":\"https:\/\/rulluisukool.ee\/?s={search_term_string}\"},\"query-input\":\"required name=search_term_string\"}],\"inLanguage\":\"en-GB\"},{\"@type\":\"Organization\",\"@id\":\"https:\/\/rulluisukool.ee\/#organization\",\"name\":\"Rulluisukool\",\"url\":\"https:\/\/rulluisukool.ee\/\",\"logo\":{\"@type\":\"ImageObject\",\"inLanguage\":\"en-GB\",\"@id\":\"https:\/\/rulluisukool.ee\/#\/schema\/logo\/image\/\",\"url\":\"https:\/\/rulluisukool.ee\/wp-content\/uploads\/2017\/03\/Rulluisukool-ee.png\",\"contentUrl\":\"https:\/\/rulluisukool.ee\/wp-content\/uploads\/2017\/03\/Rulluisukool-ee.png\",\"width\":710,\"height\":710,\"caption\":\"Rulluisukool\"},\"image\":{\"@id\":\"https:\/\/rulluisukool.ee\/#\/schema\/logo\/image\/\"},\"sameAs\":[\"https:\/\/www.facebook.com\/rulluisukool\",\"https:\/\/instagram.com\/rulluisukool\",\"https:\/\/www.youtube.com\/channel\/UCUdSaiAVZmmNCOlAhU3_ONA\"]}]}<\/script>\n<!-- \/ Yoast SEO plugin. -->","yoast_head_json":{"title":"Ennui Helmet Elite WheelAddict - Rulluisukool","description":"T\u00e4nu uuenduslikule \"Overinjected Honeycomb Skeleton\" tehnoloogiale on uus ENNUI Elite kiiver \u00fclikerge (ainult 245 gr) ja \u00fcliturvaline.","robots":{"index":"index","follow":"follow","max-snippet":"max-snippet:-1","max-image-preview":"max-image-preview:large","max-video-preview":"max-video-preview:-1"},"canonical":"https:\/\/rulluisukool.ee\/en\/product\/ennui-elite-wheeladdict\/","og_locale":"en_GB","og_type":"article","og_title":"Ennui Helmet Elite WheelAddict - Rulluisukool","og_description":"T\u00e4nu uuenduslikule \"Overinjected Honeycomb Skeleton\" tehnoloogiale on uus ENNUI Elite kiiver \u00fclikerge (ainult 245 gr) ja \u00fcliturvaline.","og_url":"https:\/\/rulluisukool.ee\/en\/product\/ennui-elite-wheeladdict\/","og_site_name":"Rulluisukool","article_publisher":"https:\/\/www.facebook.com\/rulluisukool","article_modified_time":"2025-12-03T19:30:03+00:00","og_image":[{"width":511,"height":594,"url":"https:\/\/rulluisukool.ee\/wp-content\/uploads\/2023\/03\/20230105170129-4dd131a9-me.jpg","type":"image\/jpeg"}],"twitter_card":"summary_large_image","twitter_misc":{"Estimated reading time":"1 minute"},"schema":{"@context":"https:\/\/schema.org","@graph":[{"@type":"WebPage","@id":"https:\/\/rulluisukool.ee\/toode\/ennui-elite-wheeladdict\/","url":"https:\/\/rulluisukool.ee\/toode\/ennui-elite-wheeladdict\/","name":"Ennui Helmet Elite WheelAddict - Rulluisukool","isPartOf":{"@id":"https:\/\/rulluisukool.ee\/#website"},"primaryImageOfPage":{"@id":"https:\/\/rulluisukool.ee\/toode\/ennui-elite-wheeladdict\/#primaryimage"},"image":{"@id":"https:\/\/rulluisukool.ee\/toode\/ennui-elite-wheeladdict\/#primaryimage"},"thumbnailUrl":"https:\/\/rulluisukool.ee\/wp-content\/uploads\/2023\/03\/20230105170129-4dd131a9-me.jpg","datePublished":"2023-03-29T22:12:47+00:00","dateModified":"2025-12-03T19:30:03+00:00","description":"T\u00e4nu uuenduslikule \"Overinjected Honeycomb Skeleton\" tehnoloogiale on uus ENNUI Elite kiiver \u00fclikerge (ainult 245 gr) ja \u00fcliturvaline.","breadcrumb":{"@id":"https:\/\/rulluisukool.ee\/toode\/ennui-elite-wheeladdict\/#breadcrumb"},"inLanguage":"en-GB","potentialAction":[{"@type":"ReadAction","target":["https:\/\/rulluisukool.ee\/toode\/ennui-elite-wheeladdict\/"]}]},{"@type":"ImageObject","inLanguage":"en-GB","@id":"https:\/\/rulluisukool.ee\/toode\/ennui-elite-wheeladdict\/#primaryimage","url":"https:\/\/rulluisukool.ee\/wp-content\/uploads\/2023\/03\/20230105170129-4dd131a9-me.jpg","contentUrl":"https:\/\/rulluisukool.ee\/wp-content\/uploads\/2023\/03\/20230105170129-4dd131a9-me.jpg","width":511,"height":594},{"@type":"BreadcrumbList","@id":"https:\/\/rulluisukool.ee\/toode\/ennui-elite-wheeladdict\/#breadcrumb","itemListElement":[{"@type":"ListItem","position":1,"name":"Home","item":"https:\/\/rulluisukool.ee\/"},{"@type":"ListItem","position":2,"name":"E-POOD","item":"https:\/\/rulluisukool.ee\/en\/rulluisud-saapad-rattad-laagrid-kaitsevarustus-jaauisutamine\/"},{"@type":"ListItem","position":3,"name":"Ennui Helmet Elite WheelAddict"}]},{"@type":"WebSite","@id":"https:\/\/rulluisukool.ee\/#website","url":"https:\/\/rulluisukool.ee\/","name":"Rulluisukool","description":"","publisher":{"@id":"https:\/\/rulluisukool.ee\/#organization"},"potentialAction":[{"@type":"SearchAction","target":{"@type":"EntryPoint","urlTemplate":"https:\/\/rulluisukool.ee\/?s={search_term_string}"},"query-input":"required name=search_term_string"}],"inLanguage":"en-GB"},{"@type":"Organization","@id":"https:\/\/rulluisukool.ee\/#organization","name":"Rulluisukool","url":"https:\/\/rulluisukool.ee\/","logo":{"@type":"ImageObject","inLanguage":"en-GB","@id":"https:\/\/rulluisukool.ee\/#\/schema\/logo\/image\/","url":"https:\/\/rulluisukool.ee\/wp-content\/uploads\/2017\/03\/Rulluisukool-ee.png","contentUrl":"https:\/\/rulluisukool.ee\/wp-content\/uploads\/2017\/03\/Rulluisukool-ee.png","width":710,"height":710,"caption":"Rulluisukool"},"image":{"@id":"https:\/\/rulluisukool.ee\/#\/schema\/logo\/image\/"},"sameAs":["https:\/\/www.facebook.com\/rulluisukool","https:\/\/instagram.com\/rulluisukool","https:\/\/www.youtube.com\/channel\/UCUdSaiAVZmmNCOlAhU3_ONA"]}]}},"_links":{"self":[{"href":"https:\/\/rulluisukool.ee\/en\/wp-json\/wp\/v2\/product\/4308652122515799","targetHints":{"allow":["GET"]}}],"collection":[{"href":"https:\/\/rulluisukool.ee\/en\/wp-json\/wp\/v2\/product"}],"about":[{"href":"https:\/\/rulluisukool.ee\/en\/wp-json\/wp\/v2\/types\/product"}],"replies":[{"embeddable":true,"href":"https:\/\/rulluisukool.ee\/en\/wp-json\/wp\/v2\/comments?post=4308652122515799"}],"wp:featuredmedia":[{"embeddable":true,"href":"https:\/\/rulluisukool.ee\/en\/wp-json\/wp\/v2\/media\/4308652122515801"}],"wp:attachment":[{"href":"https:\/\/rulluisukool.ee\/en\/wp-json\/wp\/v2\/media?parent=4308652122515799"}],"wp:term":[{"taxonomy":"product_cat","embeddable":true,"href":"https:\/\/rulluisukool.ee\/en\/wp-json\/wp\/v2\/product_cat?post=4308652122515799"},{"taxonomy":"product_tag","embeddable":true,"href":"https:\/\/rulluisukool.ee\/en\/wp-json\/wp\/v2\/product_tag?post=4308652122515799"}],"curies":[{"name":"wp","href":"https:\/\/api.w.org\/{rel}","templated":true}]}}