{"id":4308652122515792,"date":"2023-03-30T01:05:46","date_gmt":"2023-03-29T22:05:46","guid":{"rendered":"https:\/\/rulluisukool.ee\/?post_type=product&#038;p=4308652122515792"},"modified":"2025-12-03T21:30:03","modified_gmt":"2025-12-03T19:30:03","slug":"ennui-elite-yellow","status":"publish","type":"product","link":"https:\/\/rulluisukool.ee\/en\/product\/ennui-elite-yellow\/","title":{"rendered":"Ennui Helmet Elite Yellow"},"content":{"rendered":"<p>ENNUI on uus kaitsevarustuse kontseptsioon, mis on spetsiaalselt loodud linnaspordiks. Uisutajatena on meie eesm\u00e4rk luua kaitsevarustus, mida me ise kannaksime, varustus, mis hoiab meid turvaliselt ja kaitseb meie keha igasuguste vigastuste eest, olles samal ajal m\u00e4rkamatud ning mugavad. Suurus 54-59 mm. Sisaldab ka eemaldatavat nokka.<\/p>","protected":false},"excerpt":{"rendered":"<p>T\u00e4nu uuenduslikule &#8220;Overinjected Honeycomb Skeleton&#8221; tehnoloogiale on uus ENNUI Elite kiiver \u00fclikerge (ainult 245 gr) ja \u00fcliturvaline.<\/p>\n<ul>\n<li>Suurus 54-59 mm<\/li>\n<\/ul>","protected":false},"featured_media":4308652122515794,"comment_status":"open","ping_status":"closed","template":"","meta":{"site-sidebar-layout":"default","site-content-layout":"default","ast-global-header-display":"","ast-main-header-display":"","ast-hfb-above-header-display":"","ast-hfb-below-header-display":"","ast-hfb-mobile-header-display":"","site-post-title":"","ast-breadcrumbs-content":"","ast-featured-img":"","footer-sml-layout":"","theme-transparent-header-meta":"default","adv-header-id-meta":"","stick-header-meta":"","header-above-stick-meta":"","header-main-stick-meta":"","header-below-stick-meta":""},"product_cat":[115,171],"product_tag":[],"class_list":{"0":"post-4308652122515792","1":"product","2":"type-product","3":"status-publish","4":"has-post-thumbnail","6":"product_cat-kaitsevarustus","7":"product_cat-kiivrid","8":"pa_kiivri-suurus-54-59","9":"desktop-align-left","10":"tablet-align-left","11":"mobile-align-left","13":"first","14":"outofstock","15":"shipping-taxable","16":"purchasable","17":"product-type-simple"},"yoast_head":"<!-- This site is optimized with the Yoast SEO plugin v22.3 - https:\/\/yoast.com\/wordpress\/plugins\/seo\/ -->\n<title>Ennui Helmet Elite Yellow - Rulluisukool<\/title>\n<meta name=\"description\" content=\"T\u00e4nu uuenduslikule &quot;Overinjected Honeycomb Skeleton&quot; tehnoloogiale on uus ENNUI Elite kiiver \u00fclikerge (ainult 245 gr) ja \u00fcliturvaline.   Suurus 54-59 mm\" \/>\n<meta name=\"robots\" content=\"index, follow, max-snippet:-1, max-image-preview:large, max-video-preview:-1\" \/>\n<link rel=\"canonical\" href=\"https:\/\/rulluisukool.ee\/en\/product\/ennui-elite-yellow\/\" \/>\n<meta property=\"og:locale\" content=\"en_GB\" \/>\n<meta property=\"og:type\" content=\"article\" \/>\n<meta property=\"og:title\" content=\"Ennui Helmet Elite Yellow - Rulluisukool\" \/>\n<meta property=\"og:description\" content=\"T\u00e4nu uuenduslikule &quot;Overinjected Honeycomb Skeleton&quot; tehnoloogiale on uus ENNUI Elite kiiver \u00fclikerge (ainult 245 gr) ja \u00fcliturvaline.   Suurus 54-59 mm\" \/>\n<meta property=\"og:url\" content=\"https:\/\/rulluisukool.ee\/en\/product\/ennui-elite-yellow\/\" \/>\n<meta property=\"og:site_name\" content=\"Rulluisukool\" \/>\n<meta property=\"article:publisher\" content=\"https:\/\/www.facebook.com\/rulluisukool\" \/>\n<meta property=\"article:modified_time\" content=\"2025-12-03T19:30:03+00:00\" \/>\n<meta property=\"og:image\" content=\"https:\/\/rulluisukool.ee\/wp-content\/uploads\/2023\/03\/20230105170054-273fc676-me.jpg\" \/>\n\t<meta property=\"og:image:width\" content=\"515\" \/>\n\t<meta property=\"og:image:height\" content=\"594\" \/>\n\t<meta property=\"og:image:type\" content=\"image\/jpeg\" \/>\n<meta name=\"twitter:card\" content=\"summary_large_image\" \/>\n<meta name=\"twitter:label1\" content=\"Estimated reading time\" \/>\n\t<meta name=\"twitter:data1\" content=\"1 minute\" \/>\n<script type=\"application\/ld+json\" class=\"yoast-schema-graph\">{\"@context\":\"https:\/\/schema.org\",\"@graph\":[{\"@type\":\"WebPage\",\"@id\":\"https:\/\/rulluisukool.ee\/toode\/ennui-elite-yellow\/\",\"url\":\"https:\/\/rulluisukool.ee\/toode\/ennui-elite-yellow\/\",\"name\":\"Ennui Helmet Elite Yellow - Rulluisukool\",\"isPartOf\":{\"@id\":\"https:\/\/rulluisukool.ee\/#website\"},\"primaryImageOfPage\":{\"@id\":\"https:\/\/rulluisukool.ee\/toode\/ennui-elite-yellow\/#primaryimage\"},\"image\":{\"@id\":\"https:\/\/rulluisukool.ee\/toode\/ennui-elite-yellow\/#primaryimage\"},\"thumbnailUrl\":\"https:\/\/rulluisukool.ee\/wp-content\/uploads\/2023\/03\/20230105170054-273fc676-me.jpg\",\"datePublished\":\"2023-03-29T22:05:46+00:00\",\"dateModified\":\"2025-12-03T19:30:03+00:00\",\"description\":\"T\u00e4nu uuenduslikule \\\"Overinjected Honeycomb Skeleton\\\" tehnoloogiale on uus ENNUI Elite kiiver \u00fclikerge (ainult 245 gr) ja \u00fcliturvaline. Suurus 54-59 mm\",\"breadcrumb\":{\"@id\":\"https:\/\/rulluisukool.ee\/toode\/ennui-elite-yellow\/#breadcrumb\"},\"inLanguage\":\"en-GB\",\"potentialAction\":[{\"@type\":\"ReadAction\",\"target\":[\"https:\/\/rulluisukool.ee\/toode\/ennui-elite-yellow\/\"]}]},{\"@type\":\"ImageObject\",\"inLanguage\":\"en-GB\",\"@id\":\"https:\/\/rulluisukool.ee\/toode\/ennui-elite-yellow\/#primaryimage\",\"url\":\"https:\/\/rulluisukool.ee\/wp-content\/uploads\/2023\/03\/20230105170054-273fc676-me.jpg\",\"contentUrl\":\"https:\/\/rulluisukool.ee\/wp-content\/uploads\/2023\/03\/20230105170054-273fc676-me.jpg\",\"width\":515,\"height\":594},{\"@type\":\"BreadcrumbList\",\"@id\":\"https:\/\/rulluisukool.ee\/toode\/ennui-elite-yellow\/#breadcrumb\",\"itemListElement\":[{\"@type\":\"ListItem\",\"position\":1,\"name\":\"Home\",\"item\":\"https:\/\/rulluisukool.ee\/\"},{\"@type\":\"ListItem\",\"position\":2,\"name\":\"E-POOD\",\"item\":\"https:\/\/rulluisukool.ee\/en\/rulluisud-saapad-rattad-laagrid-kaitsevarustus-jaauisutamine\/\"},{\"@type\":\"ListItem\",\"position\":3,\"name\":\"Ennui Helmet Elite Yellow\"}]},{\"@type\":\"WebSite\",\"@id\":\"https:\/\/rulluisukool.ee\/#website\",\"url\":\"https:\/\/rulluisukool.ee\/\",\"name\":\"Rulluisukool\",\"description\":\"\",\"publisher\":{\"@id\":\"https:\/\/rulluisukool.ee\/#organization\"},\"potentialAction\":[{\"@type\":\"SearchAction\",\"target\":{\"@type\":\"EntryPoint\",\"urlTemplate\":\"https:\/\/rulluisukool.ee\/?s={search_term_string}\"},\"query-input\":\"required name=search_term_string\"}],\"inLanguage\":\"en-GB\"},{\"@type\":\"Organization\",\"@id\":\"https:\/\/rulluisukool.ee\/#organization\",\"name\":\"Rulluisukool\",\"url\":\"https:\/\/rulluisukool.ee\/\",\"logo\":{\"@type\":\"ImageObject\",\"inLanguage\":\"en-GB\",\"@id\":\"https:\/\/rulluisukool.ee\/#\/schema\/logo\/image\/\",\"url\":\"https:\/\/rulluisukool.ee\/wp-content\/uploads\/2017\/03\/Rulluisukool-ee.png\",\"contentUrl\":\"https:\/\/rulluisukool.ee\/wp-content\/uploads\/2017\/03\/Rulluisukool-ee.png\",\"width\":710,\"height\":710,\"caption\":\"Rulluisukool\"},\"image\":{\"@id\":\"https:\/\/rulluisukool.ee\/#\/schema\/logo\/image\/\"},\"sameAs\":[\"https:\/\/www.facebook.com\/rulluisukool\",\"https:\/\/instagram.com\/rulluisukool\",\"https:\/\/www.youtube.com\/channel\/UCUdSaiAVZmmNCOlAhU3_ONA\"]}]}<\/script>\n<!-- \/ Yoast SEO plugin. -->","yoast_head_json":{"title":"Ennui Helmet Elite Yellow - Rulluisukool","description":"T\u00e4nu uuenduslikule \"Overinjected Honeycomb Skeleton\" tehnoloogiale on uus ENNUI Elite kiiver \u00fclikerge (ainult 245 gr) ja \u00fcliturvaline.   Suurus 54-59 mm","robots":{"index":"index","follow":"follow","max-snippet":"max-snippet:-1","max-image-preview":"max-image-preview:large","max-video-preview":"max-video-preview:-1"},"canonical":"https:\/\/rulluisukool.ee\/en\/product\/ennui-elite-yellow\/","og_locale":"en_GB","og_type":"article","og_title":"Ennui Helmet Elite Yellow - Rulluisukool","og_description":"T\u00e4nu uuenduslikule \"Overinjected Honeycomb Skeleton\" tehnoloogiale on uus ENNUI Elite kiiver \u00fclikerge (ainult 245 gr) ja \u00fcliturvaline.   Suurus 54-59 mm","og_url":"https:\/\/rulluisukool.ee\/en\/product\/ennui-elite-yellow\/","og_site_name":"Rulluisukool","article_publisher":"https:\/\/www.facebook.com\/rulluisukool","article_modified_time":"2025-12-03T19:30:03+00:00","og_image":[{"width":515,"height":594,"url":"https:\/\/rulluisukool.ee\/wp-content\/uploads\/2023\/03\/20230105170054-273fc676-me.jpg","type":"image\/jpeg"}],"twitter_card":"summary_large_image","twitter_misc":{"Estimated reading time":"1 minute"},"schema":{"@context":"https:\/\/schema.org","@graph":[{"@type":"WebPage","@id":"https:\/\/rulluisukool.ee\/toode\/ennui-elite-yellow\/","url":"https:\/\/rulluisukool.ee\/toode\/ennui-elite-yellow\/","name":"Ennui Helmet Elite Yellow - Rulluisukool","isPartOf":{"@id":"https:\/\/rulluisukool.ee\/#website"},"primaryImageOfPage":{"@id":"https:\/\/rulluisukool.ee\/toode\/ennui-elite-yellow\/#primaryimage"},"image":{"@id":"https:\/\/rulluisukool.ee\/toode\/ennui-elite-yellow\/#primaryimage"},"thumbnailUrl":"https:\/\/rulluisukool.ee\/wp-content\/uploads\/2023\/03\/20230105170054-273fc676-me.jpg","datePublished":"2023-03-29T22:05:46+00:00","dateModified":"2025-12-03T19:30:03+00:00","description":"T\u00e4nu uuenduslikule \"Overinjected Honeycomb Skeleton\" tehnoloogiale on uus ENNUI Elite kiiver \u00fclikerge (ainult 245 gr) ja \u00fcliturvaline. Suurus 54-59 mm","breadcrumb":{"@id":"https:\/\/rulluisukool.ee\/toode\/ennui-elite-yellow\/#breadcrumb"},"inLanguage":"en-GB","potentialAction":[{"@type":"ReadAction","target":["https:\/\/rulluisukool.ee\/toode\/ennui-elite-yellow\/"]}]},{"@type":"ImageObject","inLanguage":"en-GB","@id":"https:\/\/rulluisukool.ee\/toode\/ennui-elite-yellow\/#primaryimage","url":"https:\/\/rulluisukool.ee\/wp-content\/uploads\/2023\/03\/20230105170054-273fc676-me.jpg","contentUrl":"https:\/\/rulluisukool.ee\/wp-content\/uploads\/2023\/03\/20230105170054-273fc676-me.jpg","width":515,"height":594},{"@type":"BreadcrumbList","@id":"https:\/\/rulluisukool.ee\/toode\/ennui-elite-yellow\/#breadcrumb","itemListElement":[{"@type":"ListItem","position":1,"name":"Home","item":"https:\/\/rulluisukool.ee\/"},{"@type":"ListItem","position":2,"name":"E-POOD","item":"https:\/\/rulluisukool.ee\/en\/rulluisud-saapad-rattad-laagrid-kaitsevarustus-jaauisutamine\/"},{"@type":"ListItem","position":3,"name":"Ennui Helmet Elite Yellow"}]},{"@type":"WebSite","@id":"https:\/\/rulluisukool.ee\/#website","url":"https:\/\/rulluisukool.ee\/","name":"Rulluisukool","description":"","publisher":{"@id":"https:\/\/rulluisukool.ee\/#organization"},"potentialAction":[{"@type":"SearchAction","target":{"@type":"EntryPoint","urlTemplate":"https:\/\/rulluisukool.ee\/?s={search_term_string}"},"query-input":"required name=search_term_string"}],"inLanguage":"en-GB"},{"@type":"Organization","@id":"https:\/\/rulluisukool.ee\/#organization","name":"Rulluisukool","url":"https:\/\/rulluisukool.ee\/","logo":{"@type":"ImageObject","inLanguage":"en-GB","@id":"https:\/\/rulluisukool.ee\/#\/schema\/logo\/image\/","url":"https:\/\/rulluisukool.ee\/wp-content\/uploads\/2017\/03\/Rulluisukool-ee.png","contentUrl":"https:\/\/rulluisukool.ee\/wp-content\/uploads\/2017\/03\/Rulluisukool-ee.png","width":710,"height":710,"caption":"Rulluisukool"},"image":{"@id":"https:\/\/rulluisukool.ee\/#\/schema\/logo\/image\/"},"sameAs":["https:\/\/www.facebook.com\/rulluisukool","https:\/\/instagram.com\/rulluisukool","https:\/\/www.youtube.com\/channel\/UCUdSaiAVZmmNCOlAhU3_ONA"]}]}},"_links":{"self":[{"href":"https:\/\/rulluisukool.ee\/en\/wp-json\/wp\/v2\/product\/4308652122515792","targetHints":{"allow":["GET"]}}],"collection":[{"href":"https:\/\/rulluisukool.ee\/en\/wp-json\/wp\/v2\/product"}],"about":[{"href":"https:\/\/rulluisukool.ee\/en\/wp-json\/wp\/v2\/types\/product"}],"replies":[{"embeddable":true,"href":"https:\/\/rulluisukool.ee\/en\/wp-json\/wp\/v2\/comments?post=4308652122515792"}],"wp:featuredmedia":[{"embeddable":true,"href":"https:\/\/rulluisukool.ee\/en\/wp-json\/wp\/v2\/media\/4308652122515794"}],"wp:attachment":[{"href":"https:\/\/rulluisukool.ee\/en\/wp-json\/wp\/v2\/media?parent=4308652122515792"}],"wp:term":[{"taxonomy":"product_cat","embeddable":true,"href":"https:\/\/rulluisukool.ee\/en\/wp-json\/wp\/v2\/product_cat?post=4308652122515792"},{"taxonomy":"product_tag","embeddable":true,"href":"https:\/\/rulluisukool.ee\/en\/wp-json\/wp\/v2\/product_tag?post=4308652122515792"}],"curies":[{"name":"wp","href":"https:\/\/api.w.org\/{rel}","templated":true}]}}