{"id":4308652122515342,"date":"2022-10-27T00:36:52","date_gmt":"2022-10-26T21:36:52","guid":{"rendered":"https:\/\/rulluisukool.ee\/?post_type=product&#038;p=4308652122515342"},"modified":"2025-12-03T21:35:01","modified_gmt":"2025-12-03T19:35:01","slug":"powerslide-elite-casted-synco-al-270-3x110-black-tri","status":"publish","type":"product","link":"https:\/\/rulluisukool.ee\/en\/product\/powerslide-elite-casted-synco-al-270-3x110-black-tri\/","title":{"rendered":"Elite Casted Syn\u2026"},"content":{"rendered":"<p>Powerslide Elite Casted AL-raamid on \u00fclitugevad ja samas v\u00e4ga kerged. Need raamid on valmistatud alumiiniumist. Eliit 3-punktilise kinnituss\u00fcsteemiga raamid. Disainitud \u00fcmber rataste ergonoomika, et tagada parim stabiilsus, parem tasakaal, vibratsiooni v\u00e4hendamine ja j\u00f5u\u00fclekande maksimeerimine igal sammul. Mugav \u00fche telje s\u00fcsteem v\u00f5imaldab kiiret ja lihtsat rataste hooldust. TRINITY pakub ka h\u00e4sti tuntud X-pesa kinnituss\u00fcsteem, mis v\u00f5imaldab teil raami positsiooni kohandada, nihutades raami m\u00f5lemalt k\u00fcljelt k\u00fcljele, pluss edasi ja tagasi. See raam on musta v\u00e4rvi. Pikkusega 10.6&#8243; 270mm sobib max 110mm ratastele. Sellele raamile on v\u00f5imalus paigaldada Synco piduris\u00fcsteem<\/p>","protected":false},"excerpt":{"rendered":"<h5>Pikkusega 10.6&#8243; \/ 270mm sobib max 110mm ratastele.<\/h5>","protected":false},"featured_media":4308652122515343,"comment_status":"open","ping_status":"closed","template":"","meta":{"site-sidebar-layout":"default","site-content-layout":"default","ast-global-header-display":"","ast-main-header-display":"","ast-hfb-above-header-display":"","ast-hfb-below-header-display":"","ast-hfb-mobile-header-display":"","site-post-title":"","ast-breadcrumbs-content":"","ast-featured-img":"","footer-sml-layout":"","theme-transparent-header-meta":"default","adv-header-id-meta":"","stick-header-meta":"","header-above-stick-meta":"","header-main-stick-meta":"","header-below-stick-meta":""},"product_cat":[357,141],"product_tag":[],"class_list":{"0":"post-4308652122515342","1":"product","2":"type-product","3":"status-publish","4":"has-post-thumbnail","6":"product_cat-3x100","7":"product_cat-raamid","8":"desktop-align-left","9":"tablet-align-left","10":"mobile-align-left","12":"first","13":"instock","14":"shipping-taxable","15":"purchasable","16":"product-type-simple"},"yoast_head":"<!-- This site is optimized with the Yoast SEO plugin v22.3 - https:\/\/yoast.com\/wordpress\/plugins\/seo\/ -->\n<title>Elite Casted Synco AL 270\/3x110 Black, TRI - Rulluisukool<\/title>\n<meta name=\"description\" content=\"Pikkusega 10.6&quot; \/ 270mm sobib max 110mm ratastele.\" \/>\n<meta name=\"robots\" content=\"index, follow, max-snippet:-1, max-image-preview:large, max-video-preview:-1\" \/>\n<link rel=\"canonical\" href=\"https:\/\/rulluisukool.ee\/en\/product\/powerslide-elite-casted-synco-al-270-3x110-black-tri\/\" \/>\n<meta property=\"og:locale\" content=\"en_GB\" \/>\n<meta property=\"og:type\" content=\"article\" \/>\n<meta property=\"og:title\" content=\"Elite Casted Synco AL 270\/3x110 Black, TRI - Rulluisukool\" \/>\n<meta property=\"og:description\" content=\"Pikkusega 10.6&quot; \/ 270mm sobib max 110mm ratastele.\" \/>\n<meta property=\"og:url\" content=\"https:\/\/rulluisukool.ee\/en\/product\/powerslide-elite-casted-synco-al-270-3x110-black-tri\/\" \/>\n<meta property=\"og:site_name\" content=\"Rulluisukool\" \/>\n<meta property=\"article:publisher\" content=\"https:\/\/www.facebook.com\/rulluisukool\" \/>\n<meta property=\"article:modified_time\" content=\"2025-12-03T19:35:01+00:00\" \/>\n<meta property=\"og:image\" content=\"https:\/\/rulluisukool.ee\/wp-content\/uploads\/2022\/10\/20210115151353-4f69f788-me.jpg\" \/>\n\t<meta property=\"og:image:width\" content=\"567\" \/>\n\t<meta property=\"og:image:height\" content=\"594\" \/>\n\t<meta property=\"og:image:type\" content=\"image\/jpeg\" \/>\n<meta name=\"twitter:card\" content=\"summary_large_image\" \/>\n<meta name=\"twitter:label1\" content=\"Estimated reading time\" \/>\n\t<meta name=\"twitter:data1\" content=\"1 minute\" \/>\n<script type=\"application\/ld+json\" class=\"yoast-schema-graph\">{\"@context\":\"https:\/\/schema.org\",\"@graph\":[{\"@type\":\"WebPage\",\"@id\":\"https:\/\/rulluisukool.ee\/toode\/powerslide-elite-casted-synco-al-270-3x110-black-tri\/\",\"url\":\"https:\/\/rulluisukool.ee\/toode\/powerslide-elite-casted-synco-al-270-3x110-black-tri\/\",\"name\":\"Elite Casted Synco AL 270\/3x110 Black, TRI - Rulluisukool\",\"isPartOf\":{\"@id\":\"https:\/\/rulluisukool.ee\/#website\"},\"primaryImageOfPage\":{\"@id\":\"https:\/\/rulluisukool.ee\/toode\/powerslide-elite-casted-synco-al-270-3x110-black-tri\/#primaryimage\"},\"image\":{\"@id\":\"https:\/\/rulluisukool.ee\/toode\/powerslide-elite-casted-synco-al-270-3x110-black-tri\/#primaryimage\"},\"thumbnailUrl\":\"https:\/\/rulluisukool.ee\/wp-content\/uploads\/2022\/10\/20210115151353-4f69f788-me.jpg\",\"datePublished\":\"2022-10-26T21:36:52+00:00\",\"dateModified\":\"2025-12-03T19:35:01+00:00\",\"description\":\"Pikkusega 10.6\\\" \/ 270mm sobib max 110mm ratastele.\",\"breadcrumb\":{\"@id\":\"https:\/\/rulluisukool.ee\/toode\/powerslide-elite-casted-synco-al-270-3x110-black-tri\/#breadcrumb\"},\"inLanguage\":\"en-GB\",\"potentialAction\":[{\"@type\":\"ReadAction\",\"target\":[\"https:\/\/rulluisukool.ee\/toode\/powerslide-elite-casted-synco-al-270-3x110-black-tri\/\"]}]},{\"@type\":\"ImageObject\",\"inLanguage\":\"en-GB\",\"@id\":\"https:\/\/rulluisukool.ee\/toode\/powerslide-elite-casted-synco-al-270-3x110-black-tri\/#primaryimage\",\"url\":\"https:\/\/rulluisukool.ee\/wp-content\/uploads\/2022\/10\/20210115151353-4f69f788-me.jpg\",\"contentUrl\":\"https:\/\/rulluisukool.ee\/wp-content\/uploads\/2022\/10\/20210115151353-4f69f788-me.jpg\",\"width\":567,\"height\":594},{\"@type\":\"BreadcrumbList\",\"@id\":\"https:\/\/rulluisukool.ee\/toode\/powerslide-elite-casted-synco-al-270-3x110-black-tri\/#breadcrumb\",\"itemListElement\":[{\"@type\":\"ListItem\",\"position\":1,\"name\":\"Home\",\"item\":\"https:\/\/rulluisukool.ee\/\"},{\"@type\":\"ListItem\",\"position\":2,\"name\":\"E-POOD\",\"item\":\"https:\/\/rulluisukool.ee\/en\/rulluisud-saapad-rattad-laagrid-kaitsevarustus-jaauisutamine\/\"},{\"@type\":\"ListItem\",\"position\":3,\"name\":\"Elite Casted Syn\u2026\"}]},{\"@type\":\"WebSite\",\"@id\":\"https:\/\/rulluisukool.ee\/#website\",\"url\":\"https:\/\/rulluisukool.ee\/\",\"name\":\"Rulluisukool\",\"description\":\"\",\"publisher\":{\"@id\":\"https:\/\/rulluisukool.ee\/#organization\"},\"potentialAction\":[{\"@type\":\"SearchAction\",\"target\":{\"@type\":\"EntryPoint\",\"urlTemplate\":\"https:\/\/rulluisukool.ee\/?s={search_term_string}\"},\"query-input\":\"required name=search_term_string\"}],\"inLanguage\":\"en-GB\"},{\"@type\":\"Organization\",\"@id\":\"https:\/\/rulluisukool.ee\/#organization\",\"name\":\"Rulluisukool\",\"url\":\"https:\/\/rulluisukool.ee\/\",\"logo\":{\"@type\":\"ImageObject\",\"inLanguage\":\"en-GB\",\"@id\":\"https:\/\/rulluisukool.ee\/#\/schema\/logo\/image\/\",\"url\":\"https:\/\/rulluisukool.ee\/wp-content\/uploads\/2017\/03\/Rulluisukool-ee.png\",\"contentUrl\":\"https:\/\/rulluisukool.ee\/wp-content\/uploads\/2017\/03\/Rulluisukool-ee.png\",\"width\":710,\"height\":710,\"caption\":\"Rulluisukool\"},\"image\":{\"@id\":\"https:\/\/rulluisukool.ee\/#\/schema\/logo\/image\/\"},\"sameAs\":[\"https:\/\/www.facebook.com\/rulluisukool\",\"https:\/\/instagram.com\/rulluisukool\",\"https:\/\/www.youtube.com\/channel\/UCUdSaiAVZmmNCOlAhU3_ONA\"]}]}<\/script>\n<!-- \/ Yoast SEO plugin. -->","yoast_head_json":{"title":"Elite Casted Synco AL 270\/3x110 Black, TRI - Rulluisukool","description":"Pikkusega 10.6\" \/ 270mm sobib max 110mm ratastele.","robots":{"index":"index","follow":"follow","max-snippet":"max-snippet:-1","max-image-preview":"max-image-preview:large","max-video-preview":"max-video-preview:-1"},"canonical":"https:\/\/rulluisukool.ee\/en\/product\/powerslide-elite-casted-synco-al-270-3x110-black-tri\/","og_locale":"en_GB","og_type":"article","og_title":"Elite Casted Synco AL 270\/3x110 Black, TRI - Rulluisukool","og_description":"Pikkusega 10.6\" \/ 270mm sobib max 110mm ratastele.","og_url":"https:\/\/rulluisukool.ee\/en\/product\/powerslide-elite-casted-synco-al-270-3x110-black-tri\/","og_site_name":"Rulluisukool","article_publisher":"https:\/\/www.facebook.com\/rulluisukool","article_modified_time":"2025-12-03T19:35:01+00:00","og_image":[{"width":567,"height":594,"url":"https:\/\/rulluisukool.ee\/wp-content\/uploads\/2022\/10\/20210115151353-4f69f788-me.jpg","type":"image\/jpeg"}],"twitter_card":"summary_large_image","twitter_misc":{"Estimated reading time":"1 minute"},"schema":{"@context":"https:\/\/schema.org","@graph":[{"@type":"WebPage","@id":"https:\/\/rulluisukool.ee\/toode\/powerslide-elite-casted-synco-al-270-3x110-black-tri\/","url":"https:\/\/rulluisukool.ee\/toode\/powerslide-elite-casted-synco-al-270-3x110-black-tri\/","name":"Elite Casted Synco AL 270\/3x110 Black, TRI - Rulluisukool","isPartOf":{"@id":"https:\/\/rulluisukool.ee\/#website"},"primaryImageOfPage":{"@id":"https:\/\/rulluisukool.ee\/toode\/powerslide-elite-casted-synco-al-270-3x110-black-tri\/#primaryimage"},"image":{"@id":"https:\/\/rulluisukool.ee\/toode\/powerslide-elite-casted-synco-al-270-3x110-black-tri\/#primaryimage"},"thumbnailUrl":"https:\/\/rulluisukool.ee\/wp-content\/uploads\/2022\/10\/20210115151353-4f69f788-me.jpg","datePublished":"2022-10-26T21:36:52+00:00","dateModified":"2025-12-03T19:35:01+00:00","description":"Pikkusega 10.6\" \/ 270mm sobib max 110mm ratastele.","breadcrumb":{"@id":"https:\/\/rulluisukool.ee\/toode\/powerslide-elite-casted-synco-al-270-3x110-black-tri\/#breadcrumb"},"inLanguage":"en-GB","potentialAction":[{"@type":"ReadAction","target":["https:\/\/rulluisukool.ee\/toode\/powerslide-elite-casted-synco-al-270-3x110-black-tri\/"]}]},{"@type":"ImageObject","inLanguage":"en-GB","@id":"https:\/\/rulluisukool.ee\/toode\/powerslide-elite-casted-synco-al-270-3x110-black-tri\/#primaryimage","url":"https:\/\/rulluisukool.ee\/wp-content\/uploads\/2022\/10\/20210115151353-4f69f788-me.jpg","contentUrl":"https:\/\/rulluisukool.ee\/wp-content\/uploads\/2022\/10\/20210115151353-4f69f788-me.jpg","width":567,"height":594},{"@type":"BreadcrumbList","@id":"https:\/\/rulluisukool.ee\/toode\/powerslide-elite-casted-synco-al-270-3x110-black-tri\/#breadcrumb","itemListElement":[{"@type":"ListItem","position":1,"name":"Home","item":"https:\/\/rulluisukool.ee\/"},{"@type":"ListItem","position":2,"name":"E-POOD","item":"https:\/\/rulluisukool.ee\/en\/rulluisud-saapad-rattad-laagrid-kaitsevarustus-jaauisutamine\/"},{"@type":"ListItem","position":3,"name":"Elite Casted Syn\u2026"}]},{"@type":"WebSite","@id":"https:\/\/rulluisukool.ee\/#website","url":"https:\/\/rulluisukool.ee\/","name":"Rulluisukool","description":"","publisher":{"@id":"https:\/\/rulluisukool.ee\/#organization"},"potentialAction":[{"@type":"SearchAction","target":{"@type":"EntryPoint","urlTemplate":"https:\/\/rulluisukool.ee\/?s={search_term_string}"},"query-input":"required name=search_term_string"}],"inLanguage":"en-GB"},{"@type":"Organization","@id":"https:\/\/rulluisukool.ee\/#organization","name":"Rulluisukool","url":"https:\/\/rulluisukool.ee\/","logo":{"@type":"ImageObject","inLanguage":"en-GB","@id":"https:\/\/rulluisukool.ee\/#\/schema\/logo\/image\/","url":"https:\/\/rulluisukool.ee\/wp-content\/uploads\/2017\/03\/Rulluisukool-ee.png","contentUrl":"https:\/\/rulluisukool.ee\/wp-content\/uploads\/2017\/03\/Rulluisukool-ee.png","width":710,"height":710,"caption":"Rulluisukool"},"image":{"@id":"https:\/\/rulluisukool.ee\/#\/schema\/logo\/image\/"},"sameAs":["https:\/\/www.facebook.com\/rulluisukool","https:\/\/instagram.com\/rulluisukool","https:\/\/www.youtube.com\/channel\/UCUdSaiAVZmmNCOlAhU3_ONA"]}]}},"_links":{"self":[{"href":"https:\/\/rulluisukool.ee\/en\/wp-json\/wp\/v2\/product\/4308652122515342","targetHints":{"allow":["GET"]}}],"collection":[{"href":"https:\/\/rulluisukool.ee\/en\/wp-json\/wp\/v2\/product"}],"about":[{"href":"https:\/\/rulluisukool.ee\/en\/wp-json\/wp\/v2\/types\/product"}],"replies":[{"embeddable":true,"href":"https:\/\/rulluisukool.ee\/en\/wp-json\/wp\/v2\/comments?post=4308652122515342"}],"wp:featuredmedia":[{"embeddable":true,"href":"https:\/\/rulluisukool.ee\/en\/wp-json\/wp\/v2\/media\/4308652122515343"}],"wp:attachment":[{"href":"https:\/\/rulluisukool.ee\/en\/wp-json\/wp\/v2\/media?parent=4308652122515342"}],"wp:term":[{"taxonomy":"product_cat","embeddable":true,"href":"https:\/\/rulluisukool.ee\/en\/wp-json\/wp\/v2\/product_cat?post=4308652122515342"},{"taxonomy":"product_tag","embeddable":true,"href":"https:\/\/rulluisukool.ee\/en\/wp-json\/wp\/v2\/product_tag?post=4308652122515342"}],"curies":[{"name":"wp","href":"https:\/\/api.w.org\/{rel}","templated":true}]}}