{"id":4308652122514520,"date":"2022-05-17T09:37:13","date_gmt":"2022-05-17T06:37:13","guid":{"rendered":"https:\/\/rulluisukool.ee\/?post_type=product&#038;p=4308652122514520"},"modified":"2025-12-03T21:40:04","modified_gmt":"2025-12-03T19:40:04","slug":"powerslide-next-navy-125","status":"publish","type":"product","link":"https:\/\/rulluisukool.ee\/en\/product\/powerslide-next-navy-125\/","title":{"rendered":"Powerslide Next Navy 125"},"content":{"rendered":"<p>The Powerslide Next Navy 125 inline skates have a really nice price-to-performance ratio. If you enjoy commuting and exercising with inline skates, this pair is an optimal choice for you. These Powerslide inline skates come equipped with a quality hard and heat moldable boot. So if good power transfer and support are something you are looking for, the hard boot construction will provide you with that. The Powerslide Next Navy 125 run small in size. We therefore recommend choosing one size up from your regular shoe size. These skates will fit just right if you have narrow feet.<\/p>","protected":false},"excerpt":{"rendered":"<p>The Powerslide Next Navy 125 run small in size. We therefore recommend choosing one size up from your regular shoe size. These skates will fit just right if you have narrow feet.<\/p>","protected":false},"featured_media":4308652122514521,"comment_status":"open","ping_status":"closed","template":"","meta":{"site-sidebar-layout":"default","site-content-layout":"default","ast-global-header-display":"","ast-main-header-display":"","ast-hfb-above-header-display":"","ast-hfb-below-header-display":"","ast-hfb-mobile-header-display":"","site-post-title":"","ast-breadcrumbs-content":"","ast-featured-img":"","footer-sml-layout":"","theme-transparent-header-meta":"default","adv-header-id-meta":"","stick-header-meta":"","header-above-stick-meta":"","header-main-stick-meta":"","header-below-stick-meta":""},"product_cat":[209,111],"product_tag":[],"class_list":{"0":"post-4308652122514520","1":"product","2":"type-product","3":"status-publish","4":"has-post-thumbnail","6":"product_cat-next-rulluisud","7":"product_cat-rulluisud","8":"pa_suurus-40-41","9":"pa_suurus-44-45","10":"pa_suurus-46-47","11":"pa_suurus-48-49","12":"desktop-align-left","13":"tablet-align-left","14":"mobile-align-left","16":"first","17":"outofstock","18":"shipping-taxable","19":"product-type-variable"},"yoast_head":"<!-- This site is optimized with the Yoast SEO plugin v22.3 - https:\/\/yoast.com\/wordpress\/plugins\/seo\/ -->\n<title>Powerslide Next Navy 125 - Rulluisukool<\/title>\n<meta name=\"description\" content=\"Powerslide Next Navy 125 on v\u00e4ikese suurusega. Seet\u00f5ttu soovitame valida tavalisest kingasuurusest \u00fcks suurus suurem. Need uisud sobivad t\u00e4pselt, kui teil on kitsad jalad.\" \/>\n<meta name=\"robots\" content=\"index, follow, max-snippet:-1, max-image-preview:large, max-video-preview:-1\" \/>\n<link rel=\"canonical\" href=\"https:\/\/rulluisukool.ee\/en\/product\/powerslide-next-navy-125\/\" \/>\n<meta property=\"og:locale\" content=\"en_GB\" \/>\n<meta property=\"og:type\" content=\"article\" \/>\n<meta property=\"og:title\" content=\"Powerslide Next Navy 125 - Rulluisukool\" \/>\n<meta property=\"og:description\" content=\"Powerslide Next Navy 125 on v\u00e4ikese suurusega. Seet\u00f5ttu soovitame valida tavalisest kingasuurusest \u00fcks suurus suurem. Need uisud sobivad t\u00e4pselt, kui teil on kitsad jalad.\" \/>\n<meta property=\"og:url\" content=\"https:\/\/rulluisukool.ee\/en\/product\/powerslide-next-navy-125\/\" \/>\n<meta property=\"og:site_name\" content=\"Rulluisukool\" \/>\n<meta property=\"article:publisher\" content=\"https:\/\/www.facebook.com\/rulluisukool\" \/>\n<meta property=\"article:modified_time\" content=\"2025-12-03T19:40:04+00:00\" \/>\n<meta property=\"og:image\" content=\"https:\/\/rulluisukool.ee\/wp-content\/uploads\/2022\/05\/Next-Navy-125.jpg\" \/>\n\t<meta property=\"og:image:width\" content=\"619\" \/>\n\t<meta property=\"og:image:height\" content=\"594\" \/>\n\t<meta property=\"og:image:type\" content=\"image\/jpeg\" \/>\n<meta name=\"twitter:card\" content=\"summary_large_image\" \/>\n<script type=\"application\/ld+json\" class=\"yoast-schema-graph\">{\"@context\":\"https:\/\/schema.org\",\"@graph\":[{\"@type\":\"WebPage\",\"@id\":\"https:\/\/rulluisukool.ee\/toode\/powerslide-next-navy-125\/\",\"url\":\"https:\/\/rulluisukool.ee\/toode\/powerslide-next-navy-125\/\",\"name\":\"Powerslide Next Navy 125 - Rulluisukool\",\"isPartOf\":{\"@id\":\"https:\/\/rulluisukool.ee\/#website\"},\"primaryImageOfPage\":{\"@id\":\"https:\/\/rulluisukool.ee\/toode\/powerslide-next-navy-125\/#primaryimage\"},\"image\":{\"@id\":\"https:\/\/rulluisukool.ee\/toode\/powerslide-next-navy-125\/#primaryimage\"},\"thumbnailUrl\":\"https:\/\/rulluisukool.ee\/wp-content\/uploads\/2022\/05\/Next-Navy-125.jpg\",\"datePublished\":\"2022-05-17T06:37:13+00:00\",\"dateModified\":\"2025-12-03T19:40:04+00:00\",\"description\":\"Powerslide Next Navy 125 on v\u00e4ikese suurusega. Seet\u00f5ttu soovitame valida tavalisest kingasuurusest \u00fcks suurus suurem. Need uisud sobivad t\u00e4pselt, kui teil on kitsad jalad.\",\"breadcrumb\":{\"@id\":\"https:\/\/rulluisukool.ee\/toode\/powerslide-next-navy-125\/#breadcrumb\"},\"inLanguage\":\"en-GB\",\"potentialAction\":[{\"@type\":\"ReadAction\",\"target\":[\"https:\/\/rulluisukool.ee\/toode\/powerslide-next-navy-125\/\"]}]},{\"@type\":\"ImageObject\",\"inLanguage\":\"en-GB\",\"@id\":\"https:\/\/rulluisukool.ee\/toode\/powerslide-next-navy-125\/#primaryimage\",\"url\":\"https:\/\/rulluisukool.ee\/wp-content\/uploads\/2022\/05\/Next-Navy-125.jpg\",\"contentUrl\":\"https:\/\/rulluisukool.ee\/wp-content\/uploads\/2022\/05\/Next-Navy-125.jpg\",\"width\":619,\"height\":594},{\"@type\":\"BreadcrumbList\",\"@id\":\"https:\/\/rulluisukool.ee\/toode\/powerslide-next-navy-125\/#breadcrumb\",\"itemListElement\":[{\"@type\":\"ListItem\",\"position\":1,\"name\":\"Home\",\"item\":\"https:\/\/rulluisukool.ee\/\"},{\"@type\":\"ListItem\",\"position\":2,\"name\":\"E-POOD\",\"item\":\"https:\/\/rulluisukool.ee\/en\/rulluisud-saapad-rattad-laagrid-kaitsevarustus-jaauisutamine\/\"},{\"@type\":\"ListItem\",\"position\":3,\"name\":\"Powerslide Next Navy 125\"}]},{\"@type\":\"WebSite\",\"@id\":\"https:\/\/rulluisukool.ee\/#website\",\"url\":\"https:\/\/rulluisukool.ee\/\",\"name\":\"Rulluisukool\",\"description\":\"\",\"publisher\":{\"@id\":\"https:\/\/rulluisukool.ee\/#organization\"},\"potentialAction\":[{\"@type\":\"SearchAction\",\"target\":{\"@type\":\"EntryPoint\",\"urlTemplate\":\"https:\/\/rulluisukool.ee\/?s={search_term_string}\"},\"query-input\":\"required name=search_term_string\"}],\"inLanguage\":\"en-GB\"},{\"@type\":\"Organization\",\"@id\":\"https:\/\/rulluisukool.ee\/#organization\",\"name\":\"Rulluisukool\",\"url\":\"https:\/\/rulluisukool.ee\/\",\"logo\":{\"@type\":\"ImageObject\",\"inLanguage\":\"en-GB\",\"@id\":\"https:\/\/rulluisukool.ee\/#\/schema\/logo\/image\/\",\"url\":\"https:\/\/rulluisukool.ee\/wp-content\/uploads\/2017\/03\/Rulluisukool-ee.png\",\"contentUrl\":\"https:\/\/rulluisukool.ee\/wp-content\/uploads\/2017\/03\/Rulluisukool-ee.png\",\"width\":710,\"height\":710,\"caption\":\"Rulluisukool\"},\"image\":{\"@id\":\"https:\/\/rulluisukool.ee\/#\/schema\/logo\/image\/\"},\"sameAs\":[\"https:\/\/www.facebook.com\/rulluisukool\",\"https:\/\/instagram.com\/rulluisukool\",\"https:\/\/www.youtube.com\/channel\/UCUdSaiAVZmmNCOlAhU3_ONA\"]}]}<\/script>\n<!-- \/ Yoast SEO plugin. -->","yoast_head_json":{"title":"Powerslide Next Navy 125 - Rulluisukool","description":"Powerslide Next Navy 125 on v\u00e4ikese suurusega. Seet\u00f5ttu soovitame valida tavalisest kingasuurusest \u00fcks suurus suurem. Need uisud sobivad t\u00e4pselt, kui teil on kitsad jalad.","robots":{"index":"index","follow":"follow","max-snippet":"max-snippet:-1","max-image-preview":"max-image-preview:large","max-video-preview":"max-video-preview:-1"},"canonical":"https:\/\/rulluisukool.ee\/en\/product\/powerslide-next-navy-125\/","og_locale":"en_GB","og_type":"article","og_title":"Powerslide Next Navy 125 - Rulluisukool","og_description":"Powerslide Next Navy 125 on v\u00e4ikese suurusega. Seet\u00f5ttu soovitame valida tavalisest kingasuurusest \u00fcks suurus suurem. Need uisud sobivad t\u00e4pselt, kui teil on kitsad jalad.","og_url":"https:\/\/rulluisukool.ee\/en\/product\/powerslide-next-navy-125\/","og_site_name":"Rulluisukool","article_publisher":"https:\/\/www.facebook.com\/rulluisukool","article_modified_time":"2025-12-03T19:40:04+00:00","og_image":[{"width":619,"height":594,"url":"https:\/\/rulluisukool.ee\/wp-content\/uploads\/2022\/05\/Next-Navy-125.jpg","type":"image\/jpeg"}],"twitter_card":"summary_large_image","schema":{"@context":"https:\/\/schema.org","@graph":[{"@type":"WebPage","@id":"https:\/\/rulluisukool.ee\/toode\/powerslide-next-navy-125\/","url":"https:\/\/rulluisukool.ee\/toode\/powerslide-next-navy-125\/","name":"Powerslide Next Navy 125 - Rulluisukool","isPartOf":{"@id":"https:\/\/rulluisukool.ee\/#website"},"primaryImageOfPage":{"@id":"https:\/\/rulluisukool.ee\/toode\/powerslide-next-navy-125\/#primaryimage"},"image":{"@id":"https:\/\/rulluisukool.ee\/toode\/powerslide-next-navy-125\/#primaryimage"},"thumbnailUrl":"https:\/\/rulluisukool.ee\/wp-content\/uploads\/2022\/05\/Next-Navy-125.jpg","datePublished":"2022-05-17T06:37:13+00:00","dateModified":"2025-12-03T19:40:04+00:00","description":"Powerslide Next Navy 125 on v\u00e4ikese suurusega. Seet\u00f5ttu soovitame valida tavalisest kingasuurusest \u00fcks suurus suurem. Need uisud sobivad t\u00e4pselt, kui teil on kitsad jalad.","breadcrumb":{"@id":"https:\/\/rulluisukool.ee\/toode\/powerslide-next-navy-125\/#breadcrumb"},"inLanguage":"en-GB","potentialAction":[{"@type":"ReadAction","target":["https:\/\/rulluisukool.ee\/toode\/powerslide-next-navy-125\/"]}]},{"@type":"ImageObject","inLanguage":"en-GB","@id":"https:\/\/rulluisukool.ee\/toode\/powerslide-next-navy-125\/#primaryimage","url":"https:\/\/rulluisukool.ee\/wp-content\/uploads\/2022\/05\/Next-Navy-125.jpg","contentUrl":"https:\/\/rulluisukool.ee\/wp-content\/uploads\/2022\/05\/Next-Navy-125.jpg","width":619,"height":594},{"@type":"BreadcrumbList","@id":"https:\/\/rulluisukool.ee\/toode\/powerslide-next-navy-125\/#breadcrumb","itemListElement":[{"@type":"ListItem","position":1,"name":"Home","item":"https:\/\/rulluisukool.ee\/"},{"@type":"ListItem","position":2,"name":"E-POOD","item":"https:\/\/rulluisukool.ee\/en\/rulluisud-saapad-rattad-laagrid-kaitsevarustus-jaauisutamine\/"},{"@type":"ListItem","position":3,"name":"Powerslide Next Navy 125"}]},{"@type":"WebSite","@id":"https:\/\/rulluisukool.ee\/#website","url":"https:\/\/rulluisukool.ee\/","name":"Rulluisukool","description":"","publisher":{"@id":"https:\/\/rulluisukool.ee\/#organization"},"potentialAction":[{"@type":"SearchAction","target":{"@type":"EntryPoint","urlTemplate":"https:\/\/rulluisukool.ee\/?s={search_term_string}"},"query-input":"required name=search_term_string"}],"inLanguage":"en-GB"},{"@type":"Organization","@id":"https:\/\/rulluisukool.ee\/#organization","name":"Rulluisukool","url":"https:\/\/rulluisukool.ee\/","logo":{"@type":"ImageObject","inLanguage":"en-GB","@id":"https:\/\/rulluisukool.ee\/#\/schema\/logo\/image\/","url":"https:\/\/rulluisukool.ee\/wp-content\/uploads\/2017\/03\/Rulluisukool-ee.png","contentUrl":"https:\/\/rulluisukool.ee\/wp-content\/uploads\/2017\/03\/Rulluisukool-ee.png","width":710,"height":710,"caption":"Rulluisukool"},"image":{"@id":"https:\/\/rulluisukool.ee\/#\/schema\/logo\/image\/"},"sameAs":["https:\/\/www.facebook.com\/rulluisukool","https:\/\/instagram.com\/rulluisukool","https:\/\/www.youtube.com\/channel\/UCUdSaiAVZmmNCOlAhU3_ONA"]}]}},"_links":{"self":[{"href":"https:\/\/rulluisukool.ee\/en\/wp-json\/wp\/v2\/product\/4308652122514520","targetHints":{"allow":["GET"]}}],"collection":[{"href":"https:\/\/rulluisukool.ee\/en\/wp-json\/wp\/v2\/product"}],"about":[{"href":"https:\/\/rulluisukool.ee\/en\/wp-json\/wp\/v2\/types\/product"}],"replies":[{"embeddable":true,"href":"https:\/\/rulluisukool.ee\/en\/wp-json\/wp\/v2\/comments?post=4308652122514520"}],"wp:featuredmedia":[{"embeddable":true,"href":"https:\/\/rulluisukool.ee\/en\/wp-json\/wp\/v2\/media\/4308652122514521"}],"wp:attachment":[{"href":"https:\/\/rulluisukool.ee\/en\/wp-json\/wp\/v2\/media?parent=4308652122514520"}],"wp:term":[{"taxonomy":"product_cat","embeddable":true,"href":"https:\/\/rulluisukool.ee\/en\/wp-json\/wp\/v2\/product_cat?post=4308652122514520"},{"taxonomy":"product_tag","embeddable":true,"href":"https:\/\/rulluisukool.ee\/en\/wp-json\/wp\/v2\/product_tag?post=4308652122514520"}],"curies":[{"name":"wp","href":"https:\/\/api.w.org\/{rel}","templated":true}]}}