{"id":4308652122514464,"date":"2022-05-15T12:56:42","date_gmt":"2022-05-15T09:56:42","guid":{"rendered":"https:\/\/rulluisukool.ee\/?post_type=product&#038;p=4308652122514464"},"modified":"2025-12-03T21:40:04","modified_gmt":"2025-12-03T19:40:04","slug":"ennui-protection-dual-pack","status":"publish","type":"product","link":"https:\/\/rulluisukool.ee\/en\/product\/ennui-protection-dual-pack\/","title":{"rendered":"ENNUI protection Dual-Pack"},"content":{"rendered":"<p>Kogu kaitse, mida vajate oma derbimat\u0161iks, poolpipe&#8217;is v\u00f5i rulapargis \u00f5hu k\u00e4tte saamisel, saate teha suuri trikke ja \u00fcletada oma piire, kui kannate ENNUI ST Dual Set kaitsevarustust. ENNUI ST Dual Set komplektis on tipptasemel ja t\u00f6\u00f6kindel paar ST p\u00f5lvekaitsmeid. Klassikalise disainiga, mis sisaldab suurt, kuid kitsast korki, mis hajutab l\u00f6\u00f6kide j\u00f5u ja v\u00f5imaldab teil kaldteel v\u00e4lja libiseda, et v\u00e4ltida vigastusi, on nende muljetavaldava p\u00f5lvekaitsmete puhul palju meeldivat. Muidugi on rulluisutamisel v\u00f5i lemmikspordiala nautimisel oluline mugavus ja liikumisulatus ning ENNUI ST Dual Set tuleb l\u00e4bi. P\u00f5lvekaitsmetel on pehme froteevooder ja teile meeldib neid p\u00f5lvekaitsmeid terve p\u00e4eva kanda. Ettepoole kukkumised on tavalised, kui teil on intensiivne sessioon rulapargis v\u00f5i poolpipe&#8217;il ja varustus on kaetud ning varustatud usaldusv\u00e4\u00e4rsete randmekaitsetega, mis takistavad k\u00e4te ja randme kaitsmist t\u00e4nu suurele integreeritud peopesale. Mugavuse parandamiseks ja jahutamiseks on randmekaitsmel hingav CoolMaxi vooder ja see sobib suurep\u00e4raselt t\u00e4nu neopreenist korpusele. Ideaalne rulluisutamiseks, rulaga s\u00f5itmiseks, maastikul uisutamiseks ja praktiliselt k\u00f5ikideks tegevusspordialadeks \u2013 teile meeldib ENNUI ST kahekordne kaitsevarustuse komplekt. See topeltkomplekt vastab EN 14120. Euroopa ohutusstandardile.<\/p>","protected":false},"excerpt":{"rendered":"<h5>ENNUI ST Dual Set &#8211; Kaitsevarustus rulaparkidele. Vastupidavad kitsa profiiliga korgid liikumisulatuseks. Usaldusv\u00e4\u00e4rsed randmekaitsed suure peopesaga.<\/h5>","protected":false},"featured_media":4308652122514467,"comment_status":"open","ping_status":"closed","template":"","meta":{"site-sidebar-layout":"default","site-content-layout":"default","ast-global-header-display":"","ast-main-header-display":"","ast-hfb-above-header-display":"","ast-hfb-below-header-display":"","ast-hfb-mobile-header-display":"","site-post-title":"","ast-breadcrumbs-content":"","ast-featured-img":"","footer-sml-layout":"","theme-transparent-header-meta":"default","adv-header-id-meta":"","stick-header-meta":"","header-above-stick-meta":"","header-main-stick-meta":"","header-below-stick-meta":""},"product_cat":[115,170,351],"product_tag":[],"class_list":{"0":"post-4308652122514464","1":"product","2":"type-product","3":"status-publish","4":"has-post-thumbnail","6":"product_cat-kaitsevarustus","7":"product_cat-kaitsmed","8":"product_cat-soodus","9":"pa_suurus-l","10":"pa_suurus-m","11":"desktop-align-left","12":"tablet-align-left","13":"mobile-align-left","15":"first","16":"instock","17":"sale","18":"shipping-taxable","19":"purchasable","20":"product-type-variable"},"yoast_head":"<!-- This site is optimized with the Yoast SEO plugin v22.3 - https:\/\/yoast.com\/wordpress\/plugins\/seo\/ -->\n<title>ENNUI protection Dual-Pack - Rulluisukool<\/title>\n<meta name=\"description\" content=\"ENNUI ST Dual Set - Kaitsevarustus rulaparkidele. Vastupidavad kitsa profiiliga korgid liikumisulatuseks. Usaldusv\u00e4\u00e4rsed randmekaitsed suure peopesaga.\" \/>\n<meta name=\"robots\" content=\"index, follow, max-snippet:-1, max-image-preview:large, max-video-preview:-1\" \/>\n<link rel=\"canonical\" href=\"https:\/\/rulluisukool.ee\/en\/product\/ennui-protection-dual-pack\/\" \/>\n<meta property=\"og:locale\" content=\"en_GB\" \/>\n<meta property=\"og:type\" content=\"article\" \/>\n<meta property=\"og:title\" content=\"ENNUI protection Dual-Pack - Rulluisukool\" \/>\n<meta property=\"og:description\" content=\"ENNUI ST Dual Set - Kaitsevarustus rulaparkidele. Vastupidavad kitsa profiiliga korgid liikumisulatuseks. Usaldusv\u00e4\u00e4rsed randmekaitsed suure peopesaga.\" \/>\n<meta property=\"og:url\" content=\"https:\/\/rulluisukool.ee\/en\/product\/ennui-protection-dual-pack\/\" \/>\n<meta property=\"og:site_name\" content=\"Rulluisukool\" \/>\n<meta property=\"article:publisher\" content=\"https:\/\/www.facebook.com\/rulluisukool\" \/>\n<meta property=\"article:modified_time\" content=\"2025-12-03T19:40:04+00:00\" \/>\n<meta property=\"og:image\" content=\"https:\/\/rulluisukool.ee\/wp-content\/uploads\/2022\/05\/ENNUI-protection-Dual-Pack.jpg\" \/>\n\t<meta property=\"og:image:width\" content=\"619\" \/>\n\t<meta property=\"og:image:height\" content=\"594\" \/>\n\t<meta property=\"og:image:type\" content=\"image\/jpeg\" \/>\n<meta name=\"twitter:card\" content=\"summary_large_image\" \/>\n<meta name=\"twitter:label1\" content=\"Estimated reading time\" \/>\n\t<meta name=\"twitter:data1\" content=\"1 minute\" \/>\n<script type=\"application\/ld+json\" class=\"yoast-schema-graph\">{\"@context\":\"https:\/\/schema.org\",\"@graph\":[{\"@type\":\"WebPage\",\"@id\":\"https:\/\/rulluisukool.ee\/toode\/ennui-protection-dual-pack\/\",\"url\":\"https:\/\/rulluisukool.ee\/toode\/ennui-protection-dual-pack\/\",\"name\":\"ENNUI protection Dual-Pack - Rulluisukool\",\"isPartOf\":{\"@id\":\"https:\/\/rulluisukool.ee\/#website\"},\"primaryImageOfPage\":{\"@id\":\"https:\/\/rulluisukool.ee\/toode\/ennui-protection-dual-pack\/#primaryimage\"},\"image\":{\"@id\":\"https:\/\/rulluisukool.ee\/toode\/ennui-protection-dual-pack\/#primaryimage\"},\"thumbnailUrl\":\"https:\/\/rulluisukool.ee\/wp-content\/uploads\/2022\/05\/ENNUI-protection-Dual-Pack.jpg\",\"datePublished\":\"2022-05-15T09:56:42+00:00\",\"dateModified\":\"2025-12-03T19:40:04+00:00\",\"description\":\"ENNUI ST Dual Set - Kaitsevarustus rulaparkidele. Vastupidavad kitsa profiiliga korgid liikumisulatuseks. Usaldusv\u00e4\u00e4rsed randmekaitsed suure peopesaga.\",\"breadcrumb\":{\"@id\":\"https:\/\/rulluisukool.ee\/toode\/ennui-protection-dual-pack\/#breadcrumb\"},\"inLanguage\":\"en-GB\",\"potentialAction\":[{\"@type\":\"ReadAction\",\"target\":[\"https:\/\/rulluisukool.ee\/toode\/ennui-protection-dual-pack\/\"]}]},{\"@type\":\"ImageObject\",\"inLanguage\":\"en-GB\",\"@id\":\"https:\/\/rulluisukool.ee\/toode\/ennui-protection-dual-pack\/#primaryimage\",\"url\":\"https:\/\/rulluisukool.ee\/wp-content\/uploads\/2022\/05\/ENNUI-protection-Dual-Pack.jpg\",\"contentUrl\":\"https:\/\/rulluisukool.ee\/wp-content\/uploads\/2022\/05\/ENNUI-protection-Dual-Pack.jpg\",\"width\":619,\"height\":594},{\"@type\":\"BreadcrumbList\",\"@id\":\"https:\/\/rulluisukool.ee\/toode\/ennui-protection-dual-pack\/#breadcrumb\",\"itemListElement\":[{\"@type\":\"ListItem\",\"position\":1,\"name\":\"Home\",\"item\":\"https:\/\/rulluisukool.ee\/\"},{\"@type\":\"ListItem\",\"position\":2,\"name\":\"E-POOD\",\"item\":\"https:\/\/rulluisukool.ee\/en\/rulluisud-saapad-rattad-laagrid-kaitsevarustus-jaauisutamine\/\"},{\"@type\":\"ListItem\",\"position\":3,\"name\":\"ENNUI protection Dual-Pack\"}]},{\"@type\":\"WebSite\",\"@id\":\"https:\/\/rulluisukool.ee\/#website\",\"url\":\"https:\/\/rulluisukool.ee\/\",\"name\":\"Rulluisukool\",\"description\":\"\",\"publisher\":{\"@id\":\"https:\/\/rulluisukool.ee\/#organization\"},\"potentialAction\":[{\"@type\":\"SearchAction\",\"target\":{\"@type\":\"EntryPoint\",\"urlTemplate\":\"https:\/\/rulluisukool.ee\/?s={search_term_string}\"},\"query-input\":\"required name=search_term_string\"}],\"inLanguage\":\"en-GB\"},{\"@type\":\"Organization\",\"@id\":\"https:\/\/rulluisukool.ee\/#organization\",\"name\":\"Rulluisukool\",\"url\":\"https:\/\/rulluisukool.ee\/\",\"logo\":{\"@type\":\"ImageObject\",\"inLanguage\":\"en-GB\",\"@id\":\"https:\/\/rulluisukool.ee\/#\/schema\/logo\/image\/\",\"url\":\"https:\/\/rulluisukool.ee\/wp-content\/uploads\/2017\/03\/Rulluisukool-ee.png\",\"contentUrl\":\"https:\/\/rulluisukool.ee\/wp-content\/uploads\/2017\/03\/Rulluisukool-ee.png\",\"width\":710,\"height\":710,\"caption\":\"Rulluisukool\"},\"image\":{\"@id\":\"https:\/\/rulluisukool.ee\/#\/schema\/logo\/image\/\"},\"sameAs\":[\"https:\/\/www.facebook.com\/rulluisukool\",\"https:\/\/instagram.com\/rulluisukool\",\"https:\/\/www.youtube.com\/channel\/UCUdSaiAVZmmNCOlAhU3_ONA\"]}]}<\/script>\n<!-- \/ Yoast SEO plugin. -->","yoast_head_json":{"title":"ENNUI protection Dual-Pack - Rulluisukool","description":"ENNUI ST Dual Set - Kaitsevarustus rulaparkidele. Vastupidavad kitsa profiiliga korgid liikumisulatuseks. Usaldusv\u00e4\u00e4rsed randmekaitsed suure peopesaga.","robots":{"index":"index","follow":"follow","max-snippet":"max-snippet:-1","max-image-preview":"max-image-preview:large","max-video-preview":"max-video-preview:-1"},"canonical":"https:\/\/rulluisukool.ee\/en\/product\/ennui-protection-dual-pack\/","og_locale":"en_GB","og_type":"article","og_title":"ENNUI protection Dual-Pack - Rulluisukool","og_description":"ENNUI ST Dual Set - Kaitsevarustus rulaparkidele. Vastupidavad kitsa profiiliga korgid liikumisulatuseks. Usaldusv\u00e4\u00e4rsed randmekaitsed suure peopesaga.","og_url":"https:\/\/rulluisukool.ee\/en\/product\/ennui-protection-dual-pack\/","og_site_name":"Rulluisukool","article_publisher":"https:\/\/www.facebook.com\/rulluisukool","article_modified_time":"2025-12-03T19:40:04+00:00","og_image":[{"width":619,"height":594,"url":"https:\/\/rulluisukool.ee\/wp-content\/uploads\/2022\/05\/ENNUI-protection-Dual-Pack.jpg","type":"image\/jpeg"}],"twitter_card":"summary_large_image","twitter_misc":{"Estimated reading time":"1 minute"},"schema":{"@context":"https:\/\/schema.org","@graph":[{"@type":"WebPage","@id":"https:\/\/rulluisukool.ee\/toode\/ennui-protection-dual-pack\/","url":"https:\/\/rulluisukool.ee\/toode\/ennui-protection-dual-pack\/","name":"ENNUI protection Dual-Pack - Rulluisukool","isPartOf":{"@id":"https:\/\/rulluisukool.ee\/#website"},"primaryImageOfPage":{"@id":"https:\/\/rulluisukool.ee\/toode\/ennui-protection-dual-pack\/#primaryimage"},"image":{"@id":"https:\/\/rulluisukool.ee\/toode\/ennui-protection-dual-pack\/#primaryimage"},"thumbnailUrl":"https:\/\/rulluisukool.ee\/wp-content\/uploads\/2022\/05\/ENNUI-protection-Dual-Pack.jpg","datePublished":"2022-05-15T09:56:42+00:00","dateModified":"2025-12-03T19:40:04+00:00","description":"ENNUI ST Dual Set - Kaitsevarustus rulaparkidele. Vastupidavad kitsa profiiliga korgid liikumisulatuseks. Usaldusv\u00e4\u00e4rsed randmekaitsed suure peopesaga.","breadcrumb":{"@id":"https:\/\/rulluisukool.ee\/toode\/ennui-protection-dual-pack\/#breadcrumb"},"inLanguage":"en-GB","potentialAction":[{"@type":"ReadAction","target":["https:\/\/rulluisukool.ee\/toode\/ennui-protection-dual-pack\/"]}]},{"@type":"ImageObject","inLanguage":"en-GB","@id":"https:\/\/rulluisukool.ee\/toode\/ennui-protection-dual-pack\/#primaryimage","url":"https:\/\/rulluisukool.ee\/wp-content\/uploads\/2022\/05\/ENNUI-protection-Dual-Pack.jpg","contentUrl":"https:\/\/rulluisukool.ee\/wp-content\/uploads\/2022\/05\/ENNUI-protection-Dual-Pack.jpg","width":619,"height":594},{"@type":"BreadcrumbList","@id":"https:\/\/rulluisukool.ee\/toode\/ennui-protection-dual-pack\/#breadcrumb","itemListElement":[{"@type":"ListItem","position":1,"name":"Home","item":"https:\/\/rulluisukool.ee\/"},{"@type":"ListItem","position":2,"name":"E-POOD","item":"https:\/\/rulluisukool.ee\/en\/rulluisud-saapad-rattad-laagrid-kaitsevarustus-jaauisutamine\/"},{"@type":"ListItem","position":3,"name":"ENNUI protection Dual-Pack"}]},{"@type":"WebSite","@id":"https:\/\/rulluisukool.ee\/#website","url":"https:\/\/rulluisukool.ee\/","name":"Rulluisukool","description":"","publisher":{"@id":"https:\/\/rulluisukool.ee\/#organization"},"potentialAction":[{"@type":"SearchAction","target":{"@type":"EntryPoint","urlTemplate":"https:\/\/rulluisukool.ee\/?s={search_term_string}"},"query-input":"required name=search_term_string"}],"inLanguage":"en-GB"},{"@type":"Organization","@id":"https:\/\/rulluisukool.ee\/#organization","name":"Rulluisukool","url":"https:\/\/rulluisukool.ee\/","logo":{"@type":"ImageObject","inLanguage":"en-GB","@id":"https:\/\/rulluisukool.ee\/#\/schema\/logo\/image\/","url":"https:\/\/rulluisukool.ee\/wp-content\/uploads\/2017\/03\/Rulluisukool-ee.png","contentUrl":"https:\/\/rulluisukool.ee\/wp-content\/uploads\/2017\/03\/Rulluisukool-ee.png","width":710,"height":710,"caption":"Rulluisukool"},"image":{"@id":"https:\/\/rulluisukool.ee\/#\/schema\/logo\/image\/"},"sameAs":["https:\/\/www.facebook.com\/rulluisukool","https:\/\/instagram.com\/rulluisukool","https:\/\/www.youtube.com\/channel\/UCUdSaiAVZmmNCOlAhU3_ONA"]}]}},"_links":{"self":[{"href":"https:\/\/rulluisukool.ee\/en\/wp-json\/wp\/v2\/product\/4308652122514464","targetHints":{"allow":["GET"]}}],"collection":[{"href":"https:\/\/rulluisukool.ee\/en\/wp-json\/wp\/v2\/product"}],"about":[{"href":"https:\/\/rulluisukool.ee\/en\/wp-json\/wp\/v2\/types\/product"}],"replies":[{"embeddable":true,"href":"https:\/\/rulluisukool.ee\/en\/wp-json\/wp\/v2\/comments?post=4308652122514464"}],"wp:featuredmedia":[{"embeddable":true,"href":"https:\/\/rulluisukool.ee\/en\/wp-json\/wp\/v2\/media\/4308652122514467"}],"wp:attachment":[{"href":"https:\/\/rulluisukool.ee\/en\/wp-json\/wp\/v2\/media?parent=4308652122514464"}],"wp:term":[{"taxonomy":"product_cat","embeddable":true,"href":"https:\/\/rulluisukool.ee\/en\/wp-json\/wp\/v2\/product_cat?post=4308652122514464"},{"taxonomy":"product_tag","embeddable":true,"href":"https:\/\/rulluisukool.ee\/en\/wp-json\/wp\/v2\/product_tag?post=4308652122514464"}],"curies":[{"name":"wp","href":"https:\/\/api.w.org\/{rel}","templated":true}]}}