{"id":4308652122514457,"date":"2022-05-15T12:46:15","date_gmt":"2022-05-15T09:46:15","guid":{"rendered":"https:\/\/rulluisukool.ee\/?post_type=product&#038;p=4308652122514457"},"modified":"2026-02-23T08:47:09","modified_gmt":"2026-02-23T06:47:09","slug":"ps-kids-sates-rocket","status":"publish","type":"product","link":"https:\/\/rulluisukool.ee\/en\/product\/ps-kids-sates-rocket\/","title":{"rendered":"PS Kids Skates Rocket Grey"},"content":{"rendered":"<p>Kiire, mugav, toetav ja stiilne POWERSLIDE Rocket Grey on ideaalne lasterulluisk aktiivsetele lastele, kes otsivad pidevat seiklust. POWERSLIDE Rocket Grey annab noortele uisutajatele kerge ja stabiilse aluse, mis sobib suurep\u00e4raselt p\u00f5hioskuste \u00f5ppimiseks ja enesekindluse suurendamiseks t\u00e4nu oma \u00fchetaolisele konstruktsioonile. See pehme saapaga lasterulluisk pole mitte ainult mugav, vaid ka stiilne oma minimalistliku disaini ja silmatorkava halli\/ts\u00fcaani v\u00e4rviga. Ohutust silmas pidades disainitud Rocket Gray sisaldab kummist kannapidurit ja helkurkleebiseid, mis muudavad teie lapse teedel ja naabruskonnas uisutades paremini n\u00e4htavaks. Lapsed kasvavad kiiresti ja Rocket Gray on loodud kasvama koos nendega. See mitmek\u00fclgne lasterulluis on reguleeritava suurusega, nii et v\u00f5ite olla kindel, teades, et teie lapsel on h\u00e4sti istuv ja v\u00f5imekas uisk aastateks. POWERSLIDE One\u2019i rataste ja siledate WICKED ABEC 7 laagritega varustatud POWERSLIDE\u2019i Rocket Grey lasterulluisud pakuvad l\u00f5putut l\u00f5bu.<\/p>","protected":false},"excerpt":{"rendered":"<h5>Powerslide Rocket Grey laste fitness rulluisud on mugavad reguleeritava suurusega unibody uisud. Ideaalne teie lastele, et \u00f5ppida l\u00f5busalt uisutama!<\/h5>","protected":false},"featured_media":4308652122514458,"comment_status":"open","ping_status":"closed","template":"","meta":{"site-sidebar-layout":"default","site-content-layout":"default","ast-global-header-display":"","ast-main-header-display":"","ast-hfb-above-header-display":"","ast-hfb-below-header-display":"","ast-hfb-mobile-header-display":"","site-post-title":"","ast-breadcrumbs-content":"","ast-featured-img":"","footer-sml-layout":"","theme-transparent-header-meta":"default","adv-header-id-meta":"","stick-header-meta":"","header-above-stick-meta":"","header-main-stick-meta":"","header-below-stick-meta":""},"product_cat":[214,111,351],"product_tag":[],"class_list":{"0":"post-4308652122514457","1":"product","2":"type-product","3":"status-publish","4":"has-post-thumbnail","6":"product_cat-lasteuisud","7":"product_cat-rulluisud","8":"product_cat-soodus","9":"pa_suurus-29-32","10":"pa_suurus-33-36","11":"pa_suurus-37-40","12":"desktop-align-left","13":"tablet-align-left","14":"mobile-align-left","16":"first","17":"instock","18":"sale","19":"shipping-taxable","20":"purchasable","21":"product-type-variable"},"yoast_head":"<!-- This site is optimized with the Yoast SEO plugin v22.3 - https:\/\/yoast.com\/wordpress\/plugins\/seo\/ -->\n<title>PS Kids Skates Rocket Grey - Rulluisukool<\/title>\n<meta name=\"description\" content=\"Powerslide Rocket Grey laste fitness rulluisud on mugavad reguleeritava suurusega unibody uisud. Ideaalne teie lastele, et \u00f5ppida l\u00f5busalt uisutama!\" \/>\n<meta name=\"robots\" content=\"index, follow, max-snippet:-1, max-image-preview:large, max-video-preview:-1\" \/>\n<link rel=\"canonical\" href=\"https:\/\/rulluisukool.ee\/en\/product\/ps-kids-sates-rocket\/\" \/>\n<meta property=\"og:locale\" content=\"en_GB\" \/>\n<meta property=\"og:type\" content=\"article\" \/>\n<meta property=\"og:title\" content=\"PS Kids Skates Rocket Grey - Rulluisukool\" \/>\n<meta property=\"og:description\" content=\"Powerslide Rocket Grey laste fitness rulluisud on mugavad reguleeritava suurusega unibody uisud. Ideaalne teie lastele, et \u00f5ppida l\u00f5busalt uisutama!\" \/>\n<meta property=\"og:url\" content=\"https:\/\/rulluisukool.ee\/en\/product\/ps-kids-sates-rocket\/\" \/>\n<meta property=\"og:site_name\" content=\"Rulluisukool\" \/>\n<meta property=\"article:publisher\" content=\"https:\/\/www.facebook.com\/rulluisukool\" \/>\n<meta property=\"article:modified_time\" content=\"2026-02-23T06:47:09+00:00\" \/>\n<meta property=\"og:image\" content=\"https:\/\/rulluisukool.ee\/wp-content\/uploads\/2022\/05\/PS-Kids-Sates-Rocket-1.jpg\" \/>\n\t<meta property=\"og:image:width\" content=\"619\" \/>\n\t<meta property=\"og:image:height\" content=\"594\" \/>\n\t<meta property=\"og:image:type\" content=\"image\/jpeg\" \/>\n<meta name=\"twitter:card\" content=\"summary_large_image\" \/>\n<meta name=\"twitter:label1\" content=\"Estimated reading time\" \/>\n\t<meta name=\"twitter:data1\" content=\"1 minute\" \/>\n<script type=\"application\/ld+json\" class=\"yoast-schema-graph\">{\"@context\":\"https:\/\/schema.org\",\"@graph\":[{\"@type\":\"WebPage\",\"@id\":\"https:\/\/rulluisukool.ee\/toode\/ps-kids-sates-rocket\/\",\"url\":\"https:\/\/rulluisukool.ee\/toode\/ps-kids-sates-rocket\/\",\"name\":\"PS Kids Skates Rocket Grey - Rulluisukool\",\"isPartOf\":{\"@id\":\"https:\/\/rulluisukool.ee\/#website\"},\"primaryImageOfPage\":{\"@id\":\"https:\/\/rulluisukool.ee\/toode\/ps-kids-sates-rocket\/#primaryimage\"},\"image\":{\"@id\":\"https:\/\/rulluisukool.ee\/toode\/ps-kids-sates-rocket\/#primaryimage\"},\"thumbnailUrl\":\"https:\/\/rulluisukool.ee\/wp-content\/uploads\/2022\/05\/PS-Kids-Sates-Rocket-1.jpg\",\"datePublished\":\"2022-05-15T09:46:15+00:00\",\"dateModified\":\"2026-02-23T06:47:09+00:00\",\"description\":\"Powerslide Rocket Grey laste fitness rulluisud on mugavad reguleeritava suurusega unibody uisud. Ideaalne teie lastele, et \u00f5ppida l\u00f5busalt uisutama!\",\"breadcrumb\":{\"@id\":\"https:\/\/rulluisukool.ee\/toode\/ps-kids-sates-rocket\/#breadcrumb\"},\"inLanguage\":\"en-GB\",\"potentialAction\":[{\"@type\":\"ReadAction\",\"target\":[\"https:\/\/rulluisukool.ee\/toode\/ps-kids-sates-rocket\/\"]}]},{\"@type\":\"ImageObject\",\"inLanguage\":\"en-GB\",\"@id\":\"https:\/\/rulluisukool.ee\/toode\/ps-kids-sates-rocket\/#primaryimage\",\"url\":\"https:\/\/rulluisukool.ee\/wp-content\/uploads\/2022\/05\/PS-Kids-Sates-Rocket-1.jpg\",\"contentUrl\":\"https:\/\/rulluisukool.ee\/wp-content\/uploads\/2022\/05\/PS-Kids-Sates-Rocket-1.jpg\",\"width\":619,\"height\":594},{\"@type\":\"BreadcrumbList\",\"@id\":\"https:\/\/rulluisukool.ee\/toode\/ps-kids-sates-rocket\/#breadcrumb\",\"itemListElement\":[{\"@type\":\"ListItem\",\"position\":1,\"name\":\"Home\",\"item\":\"https:\/\/rulluisukool.ee\/\"},{\"@type\":\"ListItem\",\"position\":2,\"name\":\"E-POOD\",\"item\":\"https:\/\/rulluisukool.ee\/en\/rulluisud-saapad-rattad-laagrid-kaitsevarustus-jaauisutamine\/\"},{\"@type\":\"ListItem\",\"position\":3,\"name\":\"PS Kids Skates Rocket Grey\"}]},{\"@type\":\"WebSite\",\"@id\":\"https:\/\/rulluisukool.ee\/#website\",\"url\":\"https:\/\/rulluisukool.ee\/\",\"name\":\"Rulluisukool\",\"description\":\"\",\"publisher\":{\"@id\":\"https:\/\/rulluisukool.ee\/#organization\"},\"potentialAction\":[{\"@type\":\"SearchAction\",\"target\":{\"@type\":\"EntryPoint\",\"urlTemplate\":\"https:\/\/rulluisukool.ee\/?s={search_term_string}\"},\"query-input\":\"required name=search_term_string\"}],\"inLanguage\":\"en-GB\"},{\"@type\":\"Organization\",\"@id\":\"https:\/\/rulluisukool.ee\/#organization\",\"name\":\"Rulluisukool\",\"url\":\"https:\/\/rulluisukool.ee\/\",\"logo\":{\"@type\":\"ImageObject\",\"inLanguage\":\"en-GB\",\"@id\":\"https:\/\/rulluisukool.ee\/#\/schema\/logo\/image\/\",\"url\":\"https:\/\/rulluisukool.ee\/wp-content\/uploads\/2017\/03\/Rulluisukool-ee.png\",\"contentUrl\":\"https:\/\/rulluisukool.ee\/wp-content\/uploads\/2017\/03\/Rulluisukool-ee.png\",\"width\":710,\"height\":710,\"caption\":\"Rulluisukool\"},\"image\":{\"@id\":\"https:\/\/rulluisukool.ee\/#\/schema\/logo\/image\/\"},\"sameAs\":[\"https:\/\/www.facebook.com\/rulluisukool\",\"https:\/\/instagram.com\/rulluisukool\",\"https:\/\/www.youtube.com\/channel\/UCUdSaiAVZmmNCOlAhU3_ONA\"]}]}<\/script>\n<!-- \/ Yoast SEO plugin. -->","yoast_head_json":{"title":"PS Kids Skates Rocket Grey - Rulluisukool","description":"Powerslide Rocket Grey laste fitness rulluisud on mugavad reguleeritava suurusega unibody uisud. Ideaalne teie lastele, et \u00f5ppida l\u00f5busalt uisutama!","robots":{"index":"index","follow":"follow","max-snippet":"max-snippet:-1","max-image-preview":"max-image-preview:large","max-video-preview":"max-video-preview:-1"},"canonical":"https:\/\/rulluisukool.ee\/en\/product\/ps-kids-sates-rocket\/","og_locale":"en_GB","og_type":"article","og_title":"PS Kids Skates Rocket Grey - Rulluisukool","og_description":"Powerslide Rocket Grey laste fitness rulluisud on mugavad reguleeritava suurusega unibody uisud. Ideaalne teie lastele, et \u00f5ppida l\u00f5busalt uisutama!","og_url":"https:\/\/rulluisukool.ee\/en\/product\/ps-kids-sates-rocket\/","og_site_name":"Rulluisukool","article_publisher":"https:\/\/www.facebook.com\/rulluisukool","article_modified_time":"2026-02-23T06:47:09+00:00","og_image":[{"width":619,"height":594,"url":"https:\/\/rulluisukool.ee\/wp-content\/uploads\/2022\/05\/PS-Kids-Sates-Rocket-1.jpg","type":"image\/jpeg"}],"twitter_card":"summary_large_image","twitter_misc":{"Estimated reading time":"1 minute"},"schema":{"@context":"https:\/\/schema.org","@graph":[{"@type":"WebPage","@id":"https:\/\/rulluisukool.ee\/toode\/ps-kids-sates-rocket\/","url":"https:\/\/rulluisukool.ee\/toode\/ps-kids-sates-rocket\/","name":"PS Kids Skates Rocket Grey - Rulluisukool","isPartOf":{"@id":"https:\/\/rulluisukool.ee\/#website"},"primaryImageOfPage":{"@id":"https:\/\/rulluisukool.ee\/toode\/ps-kids-sates-rocket\/#primaryimage"},"image":{"@id":"https:\/\/rulluisukool.ee\/toode\/ps-kids-sates-rocket\/#primaryimage"},"thumbnailUrl":"https:\/\/rulluisukool.ee\/wp-content\/uploads\/2022\/05\/PS-Kids-Sates-Rocket-1.jpg","datePublished":"2022-05-15T09:46:15+00:00","dateModified":"2026-02-23T06:47:09+00:00","description":"Powerslide Rocket Grey laste fitness rulluisud on mugavad reguleeritava suurusega unibody uisud. Ideaalne teie lastele, et \u00f5ppida l\u00f5busalt uisutama!","breadcrumb":{"@id":"https:\/\/rulluisukool.ee\/toode\/ps-kids-sates-rocket\/#breadcrumb"},"inLanguage":"en-GB","potentialAction":[{"@type":"ReadAction","target":["https:\/\/rulluisukool.ee\/toode\/ps-kids-sates-rocket\/"]}]},{"@type":"ImageObject","inLanguage":"en-GB","@id":"https:\/\/rulluisukool.ee\/toode\/ps-kids-sates-rocket\/#primaryimage","url":"https:\/\/rulluisukool.ee\/wp-content\/uploads\/2022\/05\/PS-Kids-Sates-Rocket-1.jpg","contentUrl":"https:\/\/rulluisukool.ee\/wp-content\/uploads\/2022\/05\/PS-Kids-Sates-Rocket-1.jpg","width":619,"height":594},{"@type":"BreadcrumbList","@id":"https:\/\/rulluisukool.ee\/toode\/ps-kids-sates-rocket\/#breadcrumb","itemListElement":[{"@type":"ListItem","position":1,"name":"Home","item":"https:\/\/rulluisukool.ee\/"},{"@type":"ListItem","position":2,"name":"E-POOD","item":"https:\/\/rulluisukool.ee\/en\/rulluisud-saapad-rattad-laagrid-kaitsevarustus-jaauisutamine\/"},{"@type":"ListItem","position":3,"name":"PS Kids Skates Rocket Grey"}]},{"@type":"WebSite","@id":"https:\/\/rulluisukool.ee\/#website","url":"https:\/\/rulluisukool.ee\/","name":"Rulluisukool","description":"","publisher":{"@id":"https:\/\/rulluisukool.ee\/#organization"},"potentialAction":[{"@type":"SearchAction","target":{"@type":"EntryPoint","urlTemplate":"https:\/\/rulluisukool.ee\/?s={search_term_string}"},"query-input":"required name=search_term_string"}],"inLanguage":"en-GB"},{"@type":"Organization","@id":"https:\/\/rulluisukool.ee\/#organization","name":"Rulluisukool","url":"https:\/\/rulluisukool.ee\/","logo":{"@type":"ImageObject","inLanguage":"en-GB","@id":"https:\/\/rulluisukool.ee\/#\/schema\/logo\/image\/","url":"https:\/\/rulluisukool.ee\/wp-content\/uploads\/2017\/03\/Rulluisukool-ee.png","contentUrl":"https:\/\/rulluisukool.ee\/wp-content\/uploads\/2017\/03\/Rulluisukool-ee.png","width":710,"height":710,"caption":"Rulluisukool"},"image":{"@id":"https:\/\/rulluisukool.ee\/#\/schema\/logo\/image\/"},"sameAs":["https:\/\/www.facebook.com\/rulluisukool","https:\/\/instagram.com\/rulluisukool","https:\/\/www.youtube.com\/channel\/UCUdSaiAVZmmNCOlAhU3_ONA"]}]}},"_links":{"self":[{"href":"https:\/\/rulluisukool.ee\/en\/wp-json\/wp\/v2\/product\/4308652122514457","targetHints":{"allow":["GET"]}}],"collection":[{"href":"https:\/\/rulluisukool.ee\/en\/wp-json\/wp\/v2\/product"}],"about":[{"href":"https:\/\/rulluisukool.ee\/en\/wp-json\/wp\/v2\/types\/product"}],"replies":[{"embeddable":true,"href":"https:\/\/rulluisukool.ee\/en\/wp-json\/wp\/v2\/comments?post=4308652122514457"}],"wp:featuredmedia":[{"embeddable":true,"href":"https:\/\/rulluisukool.ee\/en\/wp-json\/wp\/v2\/media\/4308652122514458"}],"wp:attachment":[{"href":"https:\/\/rulluisukool.ee\/en\/wp-json\/wp\/v2\/media?parent=4308652122514457"}],"wp:term":[{"taxonomy":"product_cat","embeddable":true,"href":"https:\/\/rulluisukool.ee\/en\/wp-json\/wp\/v2\/product_cat?post=4308652122514457"},{"taxonomy":"product_tag","embeddable":true,"href":"https:\/\/rulluisukool.ee\/en\/wp-json\/wp\/v2\/product_tag?post=4308652122514457"}],"curies":[{"name":"wp","href":"https:\/\/api.w.org\/{rel}","templated":true}]}}