{"id":4308652122510695,"date":"2021-12-16T11:53:54","date_gmt":"2021-12-16T09:53:54","guid":{"rendered":"https:\/\/rulluisukool.ee\/?post_type=product&#038;p=4308652122510695"},"modified":"2025-12-03T21:30:05","modified_gmt":"2025-12-03T19:30:05","slug":"swell-triple-black-110","status":"publish","type":"product","link":"https:\/\/rulluisukool.ee\/en\/product\/swell-triple-black-110\/","title":{"rendered":"Swell Triple Black 110"},"content":{"rendered":"<p>See on POWERSLIDE SWELL Triple Black 110 on suurep\u00e4rane Freeskate rulluisutamiseks. Saabas on valmistatud klaasfiiber tugevndatud plastikust, mida on v\u00f5imalik kuumutamisega 90 kraadi juures m\u00f5nusalt jala j\u00e4rgi vormida, et saabas \u00fchilduks ideaalselt teie jalaga. SWELL Triple Black 110 tagab pehme ja mugava s\u00f5idu, millel on RECALL m\u00e4lupolster. \u00dclemine osa on valmistatud uuest hingavast v\u00f5rgust koos TPU keevitatud tugevdustega, et v\u00e4hendada kaalu ja suurendada vastupidavust. TRINITY 3-punktiline kinnituss\u00fcsteem, mis annab teile uskumatu paindlikkuse ja juhitavuse, v\u00f5imaldades samal ajal reguleerida all olevat raami, mis t\u00e4iendab teie isiklikku uisustiili. Kaasas on reguleeritava k\u00f5rgusega piduris\u00fcsteem (HABS-pidur). Alumiiniumraam, SWELLi \u00fclik\u00f5rge tagasil\u00f6\u00f6giga rattad (UHR) ja Usaldusv\u00e4\u00e4rsed WICKED ABEC 7 laagrid.<\/p>","protected":false},"excerpt":{"rendered":"<h5>Powerslide SWELL Triple Black 110: rulluisud on suurep\u00e4rased linnas s\u00f5itmiseks\u00a0 v\u00f5i fitness s\u00f5iduks. MYFITi \u00fcmber jala kuumutamise mugavus ja t\u00e4pne juhitavus t\u00e4nu TRINITY saapa kinnitusele.<\/h5>\n<p>&nbsp;<\/p>\n<div class=\"overview_field\">\n<div class=\"field_title overview_boot\">Boot:\u00a0Hybrid composite boot; hand lasted; TRINITY X 3-point mounting; liner built in liner with Recall memory fit; heat moldable MYFIT shell with 90\u00b0C<\/div>\n<\/div>\n<div class=\"overview_field\">\n<div class=\"field_title overview_frame\">Frame:\u00a0Powerslide Elite; ADC10 aluminum; TRINITY 3-point mounting; 38-41 = 9.6&#8243; (243mm) \/ 42-47 = 10.6&#8243; (270mm); 3x110mm<\/div>\n<\/div>\n<div class=\"overview_field\">\n<div class=\"field_title overview_wheel\">Wheel:\u00a0Powerslide Swell; 110mm \/ 86A; SHR = Super High Rebound<\/div>\n<\/div>\n<div class=\"overview_field\">\n<div class=\"field_title overview_bearing\">Bearing:\u00a0Wicked; ABEC 7; chrome steel<\/div>\n<\/div>\n<div class=\"overview_field\">\n<div id=\"brake_compatibility\" class=\"field_title overview_bearing\">Brake Compatibility:\u00a0<a class=\"brake_compatibility_link\" href=\"https:\/\/powerslide.com\/products\/habs-syncro\">HABS Sync Brake<\/a>;\u00a0<a class=\"brake_compatibility_link\" href=\"https:\/\/powerslide.com\/products\/habs-brake-s-m\">HABS Brake S\/M<\/a><\/div>\n<\/div>","protected":false},"featured_media":4308652122511400,"comment_status":"open","ping_status":"closed","template":"","meta":{"site-sidebar-layout":"default","site-content-layout":"default","ast-global-header-display":"","ast-main-header-display":"","ast-hfb-above-header-display":"","ast-hfb-below-header-display":"","ast-hfb-mobile-header-display":"","site-post-title":"","ast-breadcrumbs-content":"","ast-featured-img":"","footer-sml-layout":"","theme-transparent-header-meta":"default","adv-header-id-meta":"","stick-header-meta":"","header-above-stick-meta":"","header-main-stick-meta":"","header-below-stick-meta":""},"product_cat":[111,206],"product_tag":[],"class_list":{"0":"post-4308652122510695","1":"product","2":"type-product","3":"status-publish","4":"has-post-thumbnail","6":"product_cat-rulluisud","7":"product_cat-swell","8":"pa_suurus-124","9":"pa_suurus-148","10":"pa_suurus-125","11":"pa_suurus-133","12":"pa_suurus-149","13":"pa_suurus-130","14":"pa_suurus-131","15":"pa_suurus-132","16":"pa_suurus-150","17":"pa_suurus-373","18":"desktop-align-left","19":"tablet-align-left","20":"mobile-align-left","22":"first","23":"instock","24":"shipping-taxable","25":"purchasable","26":"product-type-variable"},"yoast_head":"<!-- This site is optimized with the Yoast SEO plugin v22.3 - https:\/\/yoast.com\/wordpress\/plugins\/seo\/ -->\n<title>Swell Triple Black 110 - Rulluisukool<\/title>\n<meta name=\"description\" content=\"Powerslide SWELL Triple Black 110: rulluisud on suurep\u00e4rased linnas s\u00f5itmiseks\u00a0 v\u00f5i fitness s\u00f5iduks. MYFITi \u00fcmber jala kuumutamise mugavus ja t\u00e4pne juhitavus t\u00e4nu TRINITY saapa kinnitusele. &nbsp;  Boot:\u00a0Hybrid composite boot; hand lasted; TRINITY X 3-point mounting; liner built in liner with Recall memory fit; heat moldable MYFIT shell with 90\u00b0C   Frame:\u00a0Powerslide Elite; ADC10 aluminum; TRINITY 3-point mounting; 38-41 = 9.6&quot; (243mm) \/ 42-47 = 10.6&quot; (270mm); 3x110mm   Wheel:\u00a0Powerslide Swell; 110mm \/ 86A; SHR = Super High Rebound   Bearing:\u00a0Wicked; ABEC 7; chrome steel   Brake Compatibility:\u00a0HABS Sync Brake;\u00a0HABS Brake S\/M\" \/>\n<meta name=\"robots\" content=\"index, follow, max-snippet:-1, max-image-preview:large, max-video-preview:-1\" \/>\n<link rel=\"canonical\" href=\"https:\/\/rulluisukool.ee\/en\/product\/swell-triple-black-110\/\" \/>\n<meta property=\"og:locale\" content=\"en_GB\" \/>\n<meta property=\"og:type\" content=\"article\" \/>\n<meta property=\"og:title\" content=\"Swell Triple Black 110 - Rulluisukool\" \/>\n<meta property=\"og:description\" content=\"Powerslide SWELL Triple Black 110: rulluisud on suurep\u00e4rased linnas s\u00f5itmiseks\u00a0 v\u00f5i fitness s\u00f5iduks. MYFITi \u00fcmber jala kuumutamise mugavus ja t\u00e4pne juhitavus t\u00e4nu TRINITY saapa kinnitusele. &nbsp;  Boot:\u00a0Hybrid composite boot; hand lasted; TRINITY X 3-point mounting; liner built in liner with Recall memory fit; heat moldable MYFIT shell with 90\u00b0C   Frame:\u00a0Powerslide Elite; ADC10 aluminum; TRINITY 3-point mounting; 38-41 = 9.6&quot; (243mm) \/ 42-47 = 10.6&quot; (270mm); 3x110mm   Wheel:\u00a0Powerslide Swell; 110mm \/ 86A; SHR = Super High Rebound   Bearing:\u00a0Wicked; ABEC 7; chrome steel   Brake Compatibility:\u00a0HABS Sync Brake;\u00a0HABS Brake S\/M\" \/>\n<meta property=\"og:url\" content=\"https:\/\/rulluisukool.ee\/en\/product\/swell-triple-black-110\/\" \/>\n<meta property=\"og:site_name\" content=\"Rulluisukool\" \/>\n<meta property=\"article:publisher\" content=\"https:\/\/www.facebook.com\/rulluisukool\" \/>\n<meta property=\"article:modified_time\" content=\"2025-12-03T19:30:05+00:00\" \/>\n<meta property=\"og:image\" content=\"https:\/\/rulluisukool.ee\/wp-content\/uploads\/2021\/12\/Swell-Triple-black-110.jpg\" \/>\n\t<meta property=\"og:image:width\" content=\"619\" \/>\n\t<meta property=\"og:image:height\" content=\"594\" \/>\n\t<meta property=\"og:image:type\" content=\"image\/jpeg\" \/>\n<meta name=\"twitter:card\" content=\"summary_large_image\" \/>\n<meta name=\"twitter:label1\" content=\"Estimated reading time\" \/>\n\t<meta name=\"twitter:data1\" content=\"1 minute\" \/>\n<script type=\"application\/ld+json\" class=\"yoast-schema-graph\">{\"@context\":\"https:\/\/schema.org\",\"@graph\":[{\"@type\":\"WebPage\",\"@id\":\"https:\/\/rulluisukool.ee\/toode\/swell-triple-black-110\/\",\"url\":\"https:\/\/rulluisukool.ee\/toode\/swell-triple-black-110\/\",\"name\":\"Swell Triple Black 110 - Rulluisukool\",\"isPartOf\":{\"@id\":\"https:\/\/rulluisukool.ee\/#website\"},\"primaryImageOfPage\":{\"@id\":\"https:\/\/rulluisukool.ee\/toode\/swell-triple-black-110\/#primaryimage\"},\"image\":{\"@id\":\"https:\/\/rulluisukool.ee\/toode\/swell-triple-black-110\/#primaryimage\"},\"thumbnailUrl\":\"https:\/\/rulluisukool.ee\/wp-content\/uploads\/2021\/12\/Swell-Triple-black-110.jpg\",\"datePublished\":\"2021-12-16T09:53:54+00:00\",\"dateModified\":\"2025-12-03T19:30:05+00:00\",\"description\":\"Powerslide SWELL Triple Black 110: rulluisud on suurep\u00e4rased linnas s\u00f5itmiseks\u00a0 v\u00f5i fitness s\u00f5iduks. MYFITi \u00fcmber jala kuumutamise mugavus ja t\u00e4pne juhitavus t\u00e4nu TRINITY saapa kinnitusele. &nbsp; Boot:\u00a0Hybrid composite boot; hand lasted; TRINITY X 3-point mounting; liner built in liner with Recall memory fit; heat moldable MYFIT shell with 90\u00b0C Frame:\u00a0Powerslide Elite; ADC10 aluminum; TRINITY 3-point mounting; 38-41 = 9.6\\\" (243mm) \/ 42-47 = 10.6\\\" (270mm); 3x110mm Wheel:\u00a0Powerslide Swell; 110mm \/ 86A; SHR = Super High Rebound Bearing:\u00a0Wicked; ABEC 7; chrome steel Brake Compatibility:\u00a0HABS Sync Brake;\u00a0HABS Brake S\/M\",\"breadcrumb\":{\"@id\":\"https:\/\/rulluisukool.ee\/toode\/swell-triple-black-110\/#breadcrumb\"},\"inLanguage\":\"en-GB\",\"potentialAction\":[{\"@type\":\"ReadAction\",\"target\":[\"https:\/\/rulluisukool.ee\/toode\/swell-triple-black-110\/\"]}]},{\"@type\":\"ImageObject\",\"inLanguage\":\"en-GB\",\"@id\":\"https:\/\/rulluisukool.ee\/toode\/swell-triple-black-110\/#primaryimage\",\"url\":\"https:\/\/rulluisukool.ee\/wp-content\/uploads\/2021\/12\/Swell-Triple-black-110.jpg\",\"contentUrl\":\"https:\/\/rulluisukool.ee\/wp-content\/uploads\/2021\/12\/Swell-Triple-black-110.jpg\",\"width\":619,\"height\":594,\"caption\":\"SWELL Triple Black 110\"},{\"@type\":\"BreadcrumbList\",\"@id\":\"https:\/\/rulluisukool.ee\/toode\/swell-triple-black-110\/#breadcrumb\",\"itemListElement\":[{\"@type\":\"ListItem\",\"position\":1,\"name\":\"Home\",\"item\":\"https:\/\/rulluisukool.ee\/\"},{\"@type\":\"ListItem\",\"position\":2,\"name\":\"E-POOD\",\"item\":\"https:\/\/rulluisukool.ee\/en\/rulluisud-saapad-rattad-laagrid-kaitsevarustus-jaauisutamine\/\"},{\"@type\":\"ListItem\",\"position\":3,\"name\":\"Swell Triple Black 110\"}]},{\"@type\":\"WebSite\",\"@id\":\"https:\/\/rulluisukool.ee\/#website\",\"url\":\"https:\/\/rulluisukool.ee\/\",\"name\":\"Rulluisukool\",\"description\":\"\",\"publisher\":{\"@id\":\"https:\/\/rulluisukool.ee\/#organization\"},\"potentialAction\":[{\"@type\":\"SearchAction\",\"target\":{\"@type\":\"EntryPoint\",\"urlTemplate\":\"https:\/\/rulluisukool.ee\/?s={search_term_string}\"},\"query-input\":\"required name=search_term_string\"}],\"inLanguage\":\"en-GB\"},{\"@type\":\"Organization\",\"@id\":\"https:\/\/rulluisukool.ee\/#organization\",\"name\":\"Rulluisukool\",\"url\":\"https:\/\/rulluisukool.ee\/\",\"logo\":{\"@type\":\"ImageObject\",\"inLanguage\":\"en-GB\",\"@id\":\"https:\/\/rulluisukool.ee\/#\/schema\/logo\/image\/\",\"url\":\"https:\/\/rulluisukool.ee\/wp-content\/uploads\/2017\/03\/Rulluisukool-ee.png\",\"contentUrl\":\"https:\/\/rulluisukool.ee\/wp-content\/uploads\/2017\/03\/Rulluisukool-ee.png\",\"width\":710,\"height\":710,\"caption\":\"Rulluisukool\"},\"image\":{\"@id\":\"https:\/\/rulluisukool.ee\/#\/schema\/logo\/image\/\"},\"sameAs\":[\"https:\/\/www.facebook.com\/rulluisukool\",\"https:\/\/instagram.com\/rulluisukool\",\"https:\/\/www.youtube.com\/channel\/UCUdSaiAVZmmNCOlAhU3_ONA\"]}]}<\/script>\n<!-- \/ Yoast SEO plugin. -->","yoast_head_json":{"title":"Swell Triple Black 110 - Rulluisukool","description":"Powerslide SWELL Triple Black 110: rulluisud on suurep\u00e4rased linnas s\u00f5itmiseks\u00a0 v\u00f5i fitness s\u00f5iduks. MYFITi \u00fcmber jala kuumutamise mugavus ja t\u00e4pne juhitavus t\u00e4nu TRINITY saapa kinnitusele. &nbsp;  Boot:\u00a0Hybrid composite boot; hand lasted; TRINITY X 3-point mounting; liner built in liner with Recall memory fit; heat moldable MYFIT shell with 90\u00b0C   Frame:\u00a0Powerslide Elite; ADC10 aluminum; TRINITY 3-point mounting; 38-41 = 9.6\" (243mm) \/ 42-47 = 10.6\" (270mm); 3x110mm   Wheel:\u00a0Powerslide Swell; 110mm \/ 86A; SHR = Super High Rebound   Bearing:\u00a0Wicked; ABEC 7; chrome steel   Brake Compatibility:\u00a0HABS Sync Brake;\u00a0HABS Brake S\/M","robots":{"index":"index","follow":"follow","max-snippet":"max-snippet:-1","max-image-preview":"max-image-preview:large","max-video-preview":"max-video-preview:-1"},"canonical":"https:\/\/rulluisukool.ee\/en\/product\/swell-triple-black-110\/","og_locale":"en_GB","og_type":"article","og_title":"Swell Triple Black 110 - Rulluisukool","og_description":"Powerslide SWELL Triple Black 110: rulluisud on suurep\u00e4rased linnas s\u00f5itmiseks\u00a0 v\u00f5i fitness s\u00f5iduks. MYFITi \u00fcmber jala kuumutamise mugavus ja t\u00e4pne juhitavus t\u00e4nu TRINITY saapa kinnitusele. &nbsp;  Boot:\u00a0Hybrid composite boot; hand lasted; TRINITY X 3-point mounting; liner built in liner with Recall memory fit; heat moldable MYFIT shell with 90\u00b0C   Frame:\u00a0Powerslide Elite; ADC10 aluminum; TRINITY 3-point mounting; 38-41 = 9.6\" (243mm) \/ 42-47 = 10.6\" (270mm); 3x110mm   Wheel:\u00a0Powerslide Swell; 110mm \/ 86A; SHR = Super High Rebound   Bearing:\u00a0Wicked; ABEC 7; chrome steel   Brake Compatibility:\u00a0HABS Sync Brake;\u00a0HABS Brake S\/M","og_url":"https:\/\/rulluisukool.ee\/en\/product\/swell-triple-black-110\/","og_site_name":"Rulluisukool","article_publisher":"https:\/\/www.facebook.com\/rulluisukool","article_modified_time":"2025-12-03T19:30:05+00:00","og_image":[{"width":619,"height":594,"url":"https:\/\/rulluisukool.ee\/wp-content\/uploads\/2021\/12\/Swell-Triple-black-110.jpg","type":"image\/jpeg"}],"twitter_card":"summary_large_image","twitter_misc":{"Estimated reading time":"1 minute"},"schema":{"@context":"https:\/\/schema.org","@graph":[{"@type":"WebPage","@id":"https:\/\/rulluisukool.ee\/toode\/swell-triple-black-110\/","url":"https:\/\/rulluisukool.ee\/toode\/swell-triple-black-110\/","name":"Swell Triple Black 110 - Rulluisukool","isPartOf":{"@id":"https:\/\/rulluisukool.ee\/#website"},"primaryImageOfPage":{"@id":"https:\/\/rulluisukool.ee\/toode\/swell-triple-black-110\/#primaryimage"},"image":{"@id":"https:\/\/rulluisukool.ee\/toode\/swell-triple-black-110\/#primaryimage"},"thumbnailUrl":"https:\/\/rulluisukool.ee\/wp-content\/uploads\/2021\/12\/Swell-Triple-black-110.jpg","datePublished":"2021-12-16T09:53:54+00:00","dateModified":"2025-12-03T19:30:05+00:00","description":"Powerslide SWELL Triple Black 110: rulluisud on suurep\u00e4rased linnas s\u00f5itmiseks\u00a0 v\u00f5i fitness s\u00f5iduks. MYFITi \u00fcmber jala kuumutamise mugavus ja t\u00e4pne juhitavus t\u00e4nu TRINITY saapa kinnitusele. &nbsp; Boot:\u00a0Hybrid composite boot; hand lasted; TRINITY X 3-point mounting; liner built in liner with Recall memory fit; heat moldable MYFIT shell with 90\u00b0C Frame:\u00a0Powerslide Elite; ADC10 aluminum; TRINITY 3-point mounting; 38-41 = 9.6\" (243mm) \/ 42-47 = 10.6\" (270mm); 3x110mm Wheel:\u00a0Powerslide Swell; 110mm \/ 86A; SHR = Super High Rebound Bearing:\u00a0Wicked; ABEC 7; chrome steel Brake Compatibility:\u00a0HABS Sync Brake;\u00a0HABS Brake S\/M","breadcrumb":{"@id":"https:\/\/rulluisukool.ee\/toode\/swell-triple-black-110\/#breadcrumb"},"inLanguage":"en-GB","potentialAction":[{"@type":"ReadAction","target":["https:\/\/rulluisukool.ee\/toode\/swell-triple-black-110\/"]}]},{"@type":"ImageObject","inLanguage":"en-GB","@id":"https:\/\/rulluisukool.ee\/toode\/swell-triple-black-110\/#primaryimage","url":"https:\/\/rulluisukool.ee\/wp-content\/uploads\/2021\/12\/Swell-Triple-black-110.jpg","contentUrl":"https:\/\/rulluisukool.ee\/wp-content\/uploads\/2021\/12\/Swell-Triple-black-110.jpg","width":619,"height":594,"caption":"SWELL Triple Black 110"},{"@type":"BreadcrumbList","@id":"https:\/\/rulluisukool.ee\/toode\/swell-triple-black-110\/#breadcrumb","itemListElement":[{"@type":"ListItem","position":1,"name":"Home","item":"https:\/\/rulluisukool.ee\/"},{"@type":"ListItem","position":2,"name":"E-POOD","item":"https:\/\/rulluisukool.ee\/en\/rulluisud-saapad-rattad-laagrid-kaitsevarustus-jaauisutamine\/"},{"@type":"ListItem","position":3,"name":"Swell Triple Black 110"}]},{"@type":"WebSite","@id":"https:\/\/rulluisukool.ee\/#website","url":"https:\/\/rulluisukool.ee\/","name":"Rulluisukool","description":"","publisher":{"@id":"https:\/\/rulluisukool.ee\/#organization"},"potentialAction":[{"@type":"SearchAction","target":{"@type":"EntryPoint","urlTemplate":"https:\/\/rulluisukool.ee\/?s={search_term_string}"},"query-input":"required name=search_term_string"}],"inLanguage":"en-GB"},{"@type":"Organization","@id":"https:\/\/rulluisukool.ee\/#organization","name":"Rulluisukool","url":"https:\/\/rulluisukool.ee\/","logo":{"@type":"ImageObject","inLanguage":"en-GB","@id":"https:\/\/rulluisukool.ee\/#\/schema\/logo\/image\/","url":"https:\/\/rulluisukool.ee\/wp-content\/uploads\/2017\/03\/Rulluisukool-ee.png","contentUrl":"https:\/\/rulluisukool.ee\/wp-content\/uploads\/2017\/03\/Rulluisukool-ee.png","width":710,"height":710,"caption":"Rulluisukool"},"image":{"@id":"https:\/\/rulluisukool.ee\/#\/schema\/logo\/image\/"},"sameAs":["https:\/\/www.facebook.com\/rulluisukool","https:\/\/instagram.com\/rulluisukool","https:\/\/www.youtube.com\/channel\/UCUdSaiAVZmmNCOlAhU3_ONA"]}]}},"_links":{"self":[{"href":"https:\/\/rulluisukool.ee\/en\/wp-json\/wp\/v2\/product\/4308652122510695","targetHints":{"allow":["GET"]}}],"collection":[{"href":"https:\/\/rulluisukool.ee\/en\/wp-json\/wp\/v2\/product"}],"about":[{"href":"https:\/\/rulluisukool.ee\/en\/wp-json\/wp\/v2\/types\/product"}],"replies":[{"embeddable":true,"href":"https:\/\/rulluisukool.ee\/en\/wp-json\/wp\/v2\/comments?post=4308652122510695"}],"wp:featuredmedia":[{"embeddable":true,"href":"https:\/\/rulluisukool.ee\/en\/wp-json\/wp\/v2\/media\/4308652122511400"}],"wp:attachment":[{"href":"https:\/\/rulluisukool.ee\/en\/wp-json\/wp\/v2\/media?parent=4308652122510695"}],"wp:term":[{"taxonomy":"product_cat","embeddable":true,"href":"https:\/\/rulluisukool.ee\/en\/wp-json\/wp\/v2\/product_cat?post=4308652122510695"},{"taxonomy":"product_tag","embeddable":true,"href":"https:\/\/rulluisukool.ee\/en\/wp-json\/wp\/v2\/product_tag?post=4308652122510695"}],"curies":[{"name":"wp","href":"https:\/\/api.w.org\/{rel}","templated":true}]}}