{"id":4308652122510687,"date":"2021-12-16T11:17:34","date_gmt":"2021-12-16T09:17:34","guid":{"rendered":"https:\/\/rulluisukool.ee\/?post_type=product&#038;p=4308652122510687"},"modified":"2025-12-03T21:40:04","modified_gmt":"2025-12-03T19:40:04","slug":"powerslide-next-brown","status":"publish","type":"product","link":"https:\/\/rulluisukool.ee\/en\/product\/powerslide-next-brown\/","title":{"rendered":"POWERSLIDE NEXT BROWN Boot"},"content":{"rendered":"<p>Powerslide NEXT Brown &#8211; on klassikalise ajatu v\u00e4limusega ning see on t\u00e4iuslik kombinatsioon j\u00f5udlusest ja mugavusest. Kuumvormitav MYFIT Recall Dual Fit vooder koos m\u00e4luvahust polsterdusega pakub lisamugavust. Saapal on palju erinevaid v\u00f5imalusi kohandada see mugavaks vastavalt just sinu s\u00f5idustiilile.<\/p>","protected":false},"excerpt":{"rendered":"<p>Powerslide NEXT Brown &#8211; on klassikalise ajatu v\u00e4limusega ning see on t\u00e4iuslik kombinatsioon j\u00f5udlusest ja mugavusest. Kuumvormitav MYFIT Recall Dual Fit vooder koos m\u00e4luvahust polsterdusega pakub lisamugavust. Saapal on palju erinevaid v\u00f5imalusi kohandada see mugavaks vastavalt just sinu s\u00f5idustiilile.<\/p>","protected":false},"featured_media":4308652122511450,"comment_status":"open","ping_status":"closed","template":"","meta":{"site-sidebar-layout":"default","site-content-layout":"default","ast-global-header-display":"","ast-main-header-display":"","ast-hfb-above-header-display":"","ast-hfb-below-header-display":"","ast-hfb-mobile-header-display":"","site-post-title":"","ast-breadcrumbs-content":"","ast-featured-img":"","footer-sml-layout":"","theme-transparent-header-meta":"default","adv-header-id-meta":"","stick-header-meta":"","header-above-stick-meta":"","header-main-stick-meta":"","header-below-stick-meta":""},"product_cat":[208,112],"product_tag":[],"class_list":{"0":"post-4308652122510687","1":"product","2":"type-product","3":"status-publish","4":"has-post-thumbnail","6":"product_cat-next","7":"product_cat-saapad","8":"pa_suurus-36-37","9":"desktop-align-left","10":"tablet-align-left","11":"mobile-align-left","13":"first","14":"instock","15":"sale","16":"shipping-taxable","17":"purchasable","18":"product-type-variable"},"yoast_head":"<!-- This site is optimized with the Yoast SEO plugin v22.3 - https:\/\/yoast.com\/wordpress\/plugins\/seo\/ -->\n<title>POWERSLIDE NEXT BROWN Boot - Rulluisukool<\/title>\n<meta name=\"description\" content=\"Powerslide NEXT Brown - on klassikalise ajatu v\u00e4limusega ning see on t\u00e4iuslik kombinatsioon j\u00f5udlusest ja mugavusest. Kuumvormitav MYFIT Recall Dual Fit\" \/>\n<meta name=\"robots\" content=\"index, follow, max-snippet:-1, max-image-preview:large, max-video-preview:-1\" \/>\n<link rel=\"canonical\" href=\"https:\/\/rulluisukool.ee\/en\/product\/powerslide-next-brown\/\" \/>\n<meta property=\"og:locale\" content=\"en_GB\" \/>\n<meta property=\"og:type\" content=\"article\" \/>\n<meta property=\"og:title\" content=\"POWERSLIDE NEXT BROWN Boot - Rulluisukool\" \/>\n<meta property=\"og:description\" content=\"Powerslide NEXT Brown - on klassikalise ajatu v\u00e4limusega ning see on t\u00e4iuslik kombinatsioon j\u00f5udlusest ja mugavusest. Kuumvormitav MYFIT Recall Dual Fit\" \/>\n<meta property=\"og:url\" content=\"https:\/\/rulluisukool.ee\/en\/product\/powerslide-next-brown\/\" \/>\n<meta property=\"og:site_name\" content=\"Rulluisukool\" \/>\n<meta property=\"article:publisher\" content=\"https:\/\/www.facebook.com\/rulluisukool\" \/>\n<meta property=\"article:modified_time\" content=\"2025-12-03T19:40:04+00:00\" \/>\n<meta property=\"og:image\" content=\"https:\/\/rulluisukool.ee\/wp-content\/uploads\/2021\/12\/POWERSLIDE-NEXT-BROWN-Boot-1.jpg\" \/>\n\t<meta property=\"og:image:width\" content=\"619\" \/>\n\t<meta property=\"og:image:height\" content=\"594\" \/>\n\t<meta property=\"og:image:type\" content=\"image\/jpeg\" \/>\n<meta name=\"twitter:card\" content=\"summary_large_image\" \/>\n<meta name=\"twitter:label1\" content=\"Estimated reading time\" \/>\n\t<meta name=\"twitter:data1\" content=\"1 minute\" \/>\n<script type=\"application\/ld+json\" class=\"yoast-schema-graph\">{\"@context\":\"https:\/\/schema.org\",\"@graph\":[{\"@type\":\"WebPage\",\"@id\":\"https:\/\/rulluisukool.ee\/toode\/powerslide-next-brown\/\",\"url\":\"https:\/\/rulluisukool.ee\/toode\/powerslide-next-brown\/\",\"name\":\"POWERSLIDE NEXT BROWN Boot - Rulluisukool\",\"isPartOf\":{\"@id\":\"https:\/\/rulluisukool.ee\/#website\"},\"primaryImageOfPage\":{\"@id\":\"https:\/\/rulluisukool.ee\/toode\/powerslide-next-brown\/#primaryimage\"},\"image\":{\"@id\":\"https:\/\/rulluisukool.ee\/toode\/powerslide-next-brown\/#primaryimage\"},\"thumbnailUrl\":\"https:\/\/rulluisukool.ee\/wp-content\/uploads\/2021\/12\/POWERSLIDE-NEXT-BROWN-Boot-1.jpg\",\"datePublished\":\"2021-12-16T09:17:34+00:00\",\"dateModified\":\"2025-12-03T19:40:04+00:00\",\"description\":\"Powerslide NEXT Brown - on klassikalise ajatu v\u00e4limusega ning see on t\u00e4iuslik kombinatsioon j\u00f5udlusest ja mugavusest. Kuumvormitav MYFIT Recall Dual Fit\",\"breadcrumb\":{\"@id\":\"https:\/\/rulluisukool.ee\/toode\/powerslide-next-brown\/#breadcrumb\"},\"inLanguage\":\"en-GB\",\"potentialAction\":[{\"@type\":\"ReadAction\",\"target\":[\"https:\/\/rulluisukool.ee\/toode\/powerslide-next-brown\/\"]}]},{\"@type\":\"ImageObject\",\"inLanguage\":\"en-GB\",\"@id\":\"https:\/\/rulluisukool.ee\/toode\/powerslide-next-brown\/#primaryimage\",\"url\":\"https:\/\/rulluisukool.ee\/wp-content\/uploads\/2021\/12\/POWERSLIDE-NEXT-BROWN-Boot-1.jpg\",\"contentUrl\":\"https:\/\/rulluisukool.ee\/wp-content\/uploads\/2021\/12\/POWERSLIDE-NEXT-BROWN-Boot-1.jpg\",\"width\":619,\"height\":594,\"caption\":\"POWERSLIDE NEXT BROWN\"},{\"@type\":\"BreadcrumbList\",\"@id\":\"https:\/\/rulluisukool.ee\/toode\/powerslide-next-brown\/#breadcrumb\",\"itemListElement\":[{\"@type\":\"ListItem\",\"position\":1,\"name\":\"Home\",\"item\":\"https:\/\/rulluisukool.ee\/\"},{\"@type\":\"ListItem\",\"position\":2,\"name\":\"E-POOD\",\"item\":\"https:\/\/rulluisukool.ee\/en\/rulluisud-saapad-rattad-laagrid-kaitsevarustus-jaauisutamine\/\"},{\"@type\":\"ListItem\",\"position\":3,\"name\":\"POWERSLIDE NEXT BROWN Boot\"}]},{\"@type\":\"WebSite\",\"@id\":\"https:\/\/rulluisukool.ee\/#website\",\"url\":\"https:\/\/rulluisukool.ee\/\",\"name\":\"Rulluisukool\",\"description\":\"\",\"publisher\":{\"@id\":\"https:\/\/rulluisukool.ee\/#organization\"},\"potentialAction\":[{\"@type\":\"SearchAction\",\"target\":{\"@type\":\"EntryPoint\",\"urlTemplate\":\"https:\/\/rulluisukool.ee\/?s={search_term_string}\"},\"query-input\":\"required name=search_term_string\"}],\"inLanguage\":\"en-GB\"},{\"@type\":\"Organization\",\"@id\":\"https:\/\/rulluisukool.ee\/#organization\",\"name\":\"Rulluisukool\",\"url\":\"https:\/\/rulluisukool.ee\/\",\"logo\":{\"@type\":\"ImageObject\",\"inLanguage\":\"en-GB\",\"@id\":\"https:\/\/rulluisukool.ee\/#\/schema\/logo\/image\/\",\"url\":\"https:\/\/rulluisukool.ee\/wp-content\/uploads\/2017\/03\/Rulluisukool-ee.png\",\"contentUrl\":\"https:\/\/rulluisukool.ee\/wp-content\/uploads\/2017\/03\/Rulluisukool-ee.png\",\"width\":710,\"height\":710,\"caption\":\"Rulluisukool\"},\"image\":{\"@id\":\"https:\/\/rulluisukool.ee\/#\/schema\/logo\/image\/\"},\"sameAs\":[\"https:\/\/www.facebook.com\/rulluisukool\",\"https:\/\/instagram.com\/rulluisukool\",\"https:\/\/www.youtube.com\/channel\/UCUdSaiAVZmmNCOlAhU3_ONA\"]}]}<\/script>\n<!-- \/ Yoast SEO plugin. -->","yoast_head_json":{"title":"POWERSLIDE NEXT BROWN Boot - Rulluisukool","description":"Powerslide NEXT Brown - on klassikalise ajatu v\u00e4limusega ning see on t\u00e4iuslik kombinatsioon j\u00f5udlusest ja mugavusest. Kuumvormitav MYFIT Recall Dual Fit","robots":{"index":"index","follow":"follow","max-snippet":"max-snippet:-1","max-image-preview":"max-image-preview:large","max-video-preview":"max-video-preview:-1"},"canonical":"https:\/\/rulluisukool.ee\/en\/product\/powerslide-next-brown\/","og_locale":"en_GB","og_type":"article","og_title":"POWERSLIDE NEXT BROWN Boot - Rulluisukool","og_description":"Powerslide NEXT Brown - on klassikalise ajatu v\u00e4limusega ning see on t\u00e4iuslik kombinatsioon j\u00f5udlusest ja mugavusest. Kuumvormitav MYFIT Recall Dual Fit","og_url":"https:\/\/rulluisukool.ee\/en\/product\/powerslide-next-brown\/","og_site_name":"Rulluisukool","article_publisher":"https:\/\/www.facebook.com\/rulluisukool","article_modified_time":"2025-12-03T19:40:04+00:00","og_image":[{"width":619,"height":594,"url":"https:\/\/rulluisukool.ee\/wp-content\/uploads\/2021\/12\/POWERSLIDE-NEXT-BROWN-Boot-1.jpg","type":"image\/jpeg"}],"twitter_card":"summary_large_image","twitter_misc":{"Estimated reading time":"1 minute"},"schema":{"@context":"https:\/\/schema.org","@graph":[{"@type":"WebPage","@id":"https:\/\/rulluisukool.ee\/toode\/powerslide-next-brown\/","url":"https:\/\/rulluisukool.ee\/toode\/powerslide-next-brown\/","name":"POWERSLIDE NEXT BROWN Boot - Rulluisukool","isPartOf":{"@id":"https:\/\/rulluisukool.ee\/#website"},"primaryImageOfPage":{"@id":"https:\/\/rulluisukool.ee\/toode\/powerslide-next-brown\/#primaryimage"},"image":{"@id":"https:\/\/rulluisukool.ee\/toode\/powerslide-next-brown\/#primaryimage"},"thumbnailUrl":"https:\/\/rulluisukool.ee\/wp-content\/uploads\/2021\/12\/POWERSLIDE-NEXT-BROWN-Boot-1.jpg","datePublished":"2021-12-16T09:17:34+00:00","dateModified":"2025-12-03T19:40:04+00:00","description":"Powerslide NEXT Brown - on klassikalise ajatu v\u00e4limusega ning see on t\u00e4iuslik kombinatsioon j\u00f5udlusest ja mugavusest. Kuumvormitav MYFIT Recall Dual Fit","breadcrumb":{"@id":"https:\/\/rulluisukool.ee\/toode\/powerslide-next-brown\/#breadcrumb"},"inLanguage":"en-GB","potentialAction":[{"@type":"ReadAction","target":["https:\/\/rulluisukool.ee\/toode\/powerslide-next-brown\/"]}]},{"@type":"ImageObject","inLanguage":"en-GB","@id":"https:\/\/rulluisukool.ee\/toode\/powerslide-next-brown\/#primaryimage","url":"https:\/\/rulluisukool.ee\/wp-content\/uploads\/2021\/12\/POWERSLIDE-NEXT-BROWN-Boot-1.jpg","contentUrl":"https:\/\/rulluisukool.ee\/wp-content\/uploads\/2021\/12\/POWERSLIDE-NEXT-BROWN-Boot-1.jpg","width":619,"height":594,"caption":"POWERSLIDE NEXT BROWN"},{"@type":"BreadcrumbList","@id":"https:\/\/rulluisukool.ee\/toode\/powerslide-next-brown\/#breadcrumb","itemListElement":[{"@type":"ListItem","position":1,"name":"Home","item":"https:\/\/rulluisukool.ee\/"},{"@type":"ListItem","position":2,"name":"E-POOD","item":"https:\/\/rulluisukool.ee\/en\/rulluisud-saapad-rattad-laagrid-kaitsevarustus-jaauisutamine\/"},{"@type":"ListItem","position":3,"name":"POWERSLIDE NEXT BROWN Boot"}]},{"@type":"WebSite","@id":"https:\/\/rulluisukool.ee\/#website","url":"https:\/\/rulluisukool.ee\/","name":"Rulluisukool","description":"","publisher":{"@id":"https:\/\/rulluisukool.ee\/#organization"},"potentialAction":[{"@type":"SearchAction","target":{"@type":"EntryPoint","urlTemplate":"https:\/\/rulluisukool.ee\/?s={search_term_string}"},"query-input":"required name=search_term_string"}],"inLanguage":"en-GB"},{"@type":"Organization","@id":"https:\/\/rulluisukool.ee\/#organization","name":"Rulluisukool","url":"https:\/\/rulluisukool.ee\/","logo":{"@type":"ImageObject","inLanguage":"en-GB","@id":"https:\/\/rulluisukool.ee\/#\/schema\/logo\/image\/","url":"https:\/\/rulluisukool.ee\/wp-content\/uploads\/2017\/03\/Rulluisukool-ee.png","contentUrl":"https:\/\/rulluisukool.ee\/wp-content\/uploads\/2017\/03\/Rulluisukool-ee.png","width":710,"height":710,"caption":"Rulluisukool"},"image":{"@id":"https:\/\/rulluisukool.ee\/#\/schema\/logo\/image\/"},"sameAs":["https:\/\/www.facebook.com\/rulluisukool","https:\/\/instagram.com\/rulluisukool","https:\/\/www.youtube.com\/channel\/UCUdSaiAVZmmNCOlAhU3_ONA"]}]}},"_links":{"self":[{"href":"https:\/\/rulluisukool.ee\/en\/wp-json\/wp\/v2\/product\/4308652122510687","targetHints":{"allow":["GET"]}}],"collection":[{"href":"https:\/\/rulluisukool.ee\/en\/wp-json\/wp\/v2\/product"}],"about":[{"href":"https:\/\/rulluisukool.ee\/en\/wp-json\/wp\/v2\/types\/product"}],"replies":[{"embeddable":true,"href":"https:\/\/rulluisukool.ee\/en\/wp-json\/wp\/v2\/comments?post=4308652122510687"}],"wp:featuredmedia":[{"embeddable":true,"href":"https:\/\/rulluisukool.ee\/en\/wp-json\/wp\/v2\/media\/4308652122511450"}],"wp:attachment":[{"href":"https:\/\/rulluisukool.ee\/en\/wp-json\/wp\/v2\/media?parent=4308652122510687"}],"wp:term":[{"taxonomy":"product_cat","embeddable":true,"href":"https:\/\/rulluisukool.ee\/en\/wp-json\/wp\/v2\/product_cat?post=4308652122510687"},{"taxonomy":"product_tag","embeddable":true,"href":"https:\/\/rulluisukool.ee\/en\/wp-json\/wp\/v2\/product_tag?post=4308652122510687"}],"curies":[{"name":"wp","href":"https:\/\/api.w.org\/{rel}","templated":true}]}}