{"id":4308652122510656,"date":"2021-12-16T10:10:21","date_gmt":"2021-12-16T08:10:21","guid":{"rendered":"https:\/\/rulluisukool.ee\/?post_type=product&#038;p=4308652122510656"},"modified":"2025-12-03T21:35:02","modified_gmt":"2025-12-03T19:35:02","slug":"hardcore-evo-pro-110","status":"publish","type":"product","link":"https:\/\/rulluisukool.ee\/en\/product\/hardcore-evo-pro-110\/","title":{"rendered":"Hardcore Evo Pro 110"},"content":{"rendered":"<p>The POWERSLIDE HC Evo 110 urban inline freeskate is made to explore the city and\npush your limits. Renowned for its lightweight and performance, the HC Evo 110 is\ndesigned with a rigid, heat-moldable Japanese carbon fiber shell that gives you the perfect\nfit, giving you unmatched control and comfort. The upper portion of the boot is made with a\nmix of nylon mesh and PU leather including a TPU panel for extra lateral support. Control\nis everything in a high-end urban freeskate and the POWERSLIDE HC Evo 110 delivers\nwith a sophisticated closure system that includes traditional lacing, a strong cuff, a 45-\ndegree ratchet buckle, and a velcro toe strap that combined keep your foot perfectly in\nplace. Skate faster, turn quicker, slide further, and do it all with ultimate control in the HC\nEvo 110. This high-performance urban inline freeskate comes with the city-proven\nTRINITY 3-point mounting system that gives you a low center of gravity, further improving\nstability and power transfer. The TRINITY system also allows you to adjust your frame\u2019s\nposition to augment your personal skating style. The POWERSLIDE HC Evo 110 comes\nwith a strong, lightweight Ego SL 243mm frame are crafted from 6061 aircraft aluminum.\nRiding on fast 3x120mm Ultra High Rebound (UHR) UNDERCOVER Raw wheels and\nhigh-precision WICKED bearings, you get a fast, agile urban inline freeskate ready to take\nanything you can throw at it.<\/p>","protected":false},"excerpt":{"rendered":"<h5>Powerslide HC Evo 110 urban inline freeskate - lightweight heat-moldable carbon fiber boot, advanced closure system, Ego SL frames, fast 110mm Raw wheels<\/h5>","protected":false},"featured_media":4308652122511414,"comment_status":"open","ping_status":"closed","template":"","meta":{"site-sidebar-layout":"default","site-content-layout":"default","ast-global-header-display":"","ast-main-header-display":"","ast-hfb-above-header-display":"","ast-hfb-below-header-display":"","ast-hfb-mobile-header-display":"","site-post-title":"","ast-breadcrumbs-content":"","ast-featured-img":"","footer-sml-layout":"","theme-transparent-header-meta":"default","adv-header-id-meta":"","stick-header-meta":"","header-above-stick-meta":"","header-main-stick-meta":"","header-below-stick-meta":""},"product_cat":[160,111],"product_tag":[],"class_list":{"0":"post-4308652122510656","1":"product","2":"type-product","3":"status-publish","4":"has-post-thumbnail","6":"product_cat-hardcore-evo-rulluisud","7":"product_cat-rulluisud","8":"pa_suurus-125","9":"pa_suurus-133","10":"pa_suurus-132","11":"desktop-align-left","12":"tablet-align-left","13":"mobile-align-left","15":"first","16":"instock","17":"shipping-taxable","18":"purchasable","19":"product-type-variable"},"yoast_head":"<!-- This site is optimized with the Yoast SEO plugin v22.3 - https:\/\/yoast.com\/wordpress\/plugins\/seo\/ -->\n<title>Hardcore Evo Pro 110 - Rulluisukool<\/title>\n<meta name=\"description\" content=\"Powerslide HC Evo 110 urban inline freeskate \u2013 kerge kuumvormitav s\u00fcsinikkiust saabas, t\u00e4iustatud sulgemiss\u00fcsteem, Ego SL raamid, kiired 110 mm rattad\" \/>\n<meta name=\"robots\" content=\"index, follow, max-snippet:-1, max-image-preview:large, max-video-preview:-1\" \/>\n<link rel=\"canonical\" href=\"https:\/\/rulluisukool.ee\/en\/product\/hardcore-evo-pro-110\/\" \/>\n<meta property=\"og:locale\" content=\"en_GB\" \/>\n<meta property=\"og:type\" content=\"article\" \/>\n<meta property=\"og:title\" content=\"Hardcore Evo Pro 110 - Rulluisukool\" \/>\n<meta property=\"og:description\" content=\"Powerslide HC Evo 110 urban inline freeskate \u2013 kerge kuumvormitav s\u00fcsinikkiust saabas, t\u00e4iustatud sulgemiss\u00fcsteem, Ego SL raamid, kiired 110 mm rattad\" \/>\n<meta property=\"og:url\" content=\"https:\/\/rulluisukool.ee\/en\/product\/hardcore-evo-pro-110\/\" \/>\n<meta property=\"og:site_name\" content=\"Rulluisukool\" \/>\n<meta property=\"article:publisher\" content=\"https:\/\/www.facebook.com\/rulluisukool\" \/>\n<meta property=\"article:modified_time\" content=\"2025-12-03T19:35:02+00:00\" \/>\n<meta property=\"og:image\" content=\"https:\/\/rulluisukool.ee\/wp-content\/uploads\/2021\/12\/POWERSLIDE-HC-Evo-110.jpg\" \/>\n\t<meta property=\"og:image:width\" content=\"619\" \/>\n\t<meta property=\"og:image:height\" content=\"594\" \/>\n\t<meta property=\"og:image:type\" content=\"image\/jpeg\" \/>\n<meta name=\"twitter:card\" content=\"summary_large_image\" \/>\n<meta name=\"twitter:label1\" content=\"Estimated reading time\" \/>\n\t<meta name=\"twitter:data1\" content=\"1 minute\" \/>\n<script type=\"application\/ld+json\" class=\"yoast-schema-graph\">{\"@context\":\"https:\/\/schema.org\",\"@graph\":[{\"@type\":\"WebPage\",\"@id\":\"https:\/\/rulluisukool.ee\/toode\/hardcore-evo-pro-110\/\",\"url\":\"https:\/\/rulluisukool.ee\/toode\/hardcore-evo-pro-110\/\",\"name\":\"Hardcore Evo Pro 110 - Rulluisukool\",\"isPartOf\":{\"@id\":\"https:\/\/rulluisukool.ee\/#website\"},\"primaryImageOfPage\":{\"@id\":\"https:\/\/rulluisukool.ee\/toode\/hardcore-evo-pro-110\/#primaryimage\"},\"image\":{\"@id\":\"https:\/\/rulluisukool.ee\/toode\/hardcore-evo-pro-110\/#primaryimage\"},\"thumbnailUrl\":\"https:\/\/rulluisukool.ee\/wp-content\/uploads\/2021\/12\/POWERSLIDE-HC-Evo-110.jpg\",\"datePublished\":\"2021-12-16T08:10:21+00:00\",\"dateModified\":\"2025-12-03T19:35:02+00:00\",\"description\":\"Powerslide HC Evo 110 urban inline freeskate \u2013 kerge kuumvormitav s\u00fcsinikkiust saabas, t\u00e4iustatud sulgemiss\u00fcsteem, Ego SL raamid, kiired 110 mm rattad\",\"breadcrumb\":{\"@id\":\"https:\/\/rulluisukool.ee\/toode\/hardcore-evo-pro-110\/#breadcrumb\"},\"inLanguage\":\"en-GB\",\"potentialAction\":[{\"@type\":\"ReadAction\",\"target\":[\"https:\/\/rulluisukool.ee\/toode\/hardcore-evo-pro-110\/\"]}]},{\"@type\":\"ImageObject\",\"inLanguage\":\"en-GB\",\"@id\":\"https:\/\/rulluisukool.ee\/toode\/hardcore-evo-pro-110\/#primaryimage\",\"url\":\"https:\/\/rulluisukool.ee\/wp-content\/uploads\/2021\/12\/POWERSLIDE-HC-Evo-110.jpg\",\"contentUrl\":\"https:\/\/rulluisukool.ee\/wp-content\/uploads\/2021\/12\/POWERSLIDE-HC-Evo-110.jpg\",\"width\":619,\"height\":594,\"caption\":\"POWERSLIDE HC Evo 110\"},{\"@type\":\"BreadcrumbList\",\"@id\":\"https:\/\/rulluisukool.ee\/toode\/hardcore-evo-pro-110\/#breadcrumb\",\"itemListElement\":[{\"@type\":\"ListItem\",\"position\":1,\"name\":\"Home\",\"item\":\"https:\/\/rulluisukool.ee\/\"},{\"@type\":\"ListItem\",\"position\":2,\"name\":\"E-POOD\",\"item\":\"https:\/\/rulluisukool.ee\/en\/rulluisud-saapad-rattad-laagrid-kaitsevarustus-jaauisutamine\/\"},{\"@type\":\"ListItem\",\"position\":3,\"name\":\"Hardcore Evo Pro 110\"}]},{\"@type\":\"WebSite\",\"@id\":\"https:\/\/rulluisukool.ee\/#website\",\"url\":\"https:\/\/rulluisukool.ee\/\",\"name\":\"Rulluisukool\",\"description\":\"\",\"publisher\":{\"@id\":\"https:\/\/rulluisukool.ee\/#organization\"},\"potentialAction\":[{\"@type\":\"SearchAction\",\"target\":{\"@type\":\"EntryPoint\",\"urlTemplate\":\"https:\/\/rulluisukool.ee\/?s={search_term_string}\"},\"query-input\":\"required name=search_term_string\"}],\"inLanguage\":\"en-GB\"},{\"@type\":\"Organization\",\"@id\":\"https:\/\/rulluisukool.ee\/#organization\",\"name\":\"Rulluisukool\",\"url\":\"https:\/\/rulluisukool.ee\/\",\"logo\":{\"@type\":\"ImageObject\",\"inLanguage\":\"en-GB\",\"@id\":\"https:\/\/rulluisukool.ee\/#\/schema\/logo\/image\/\",\"url\":\"https:\/\/rulluisukool.ee\/wp-content\/uploads\/2017\/03\/Rulluisukool-ee.png\",\"contentUrl\":\"https:\/\/rulluisukool.ee\/wp-content\/uploads\/2017\/03\/Rulluisukool-ee.png\",\"width\":710,\"height\":710,\"caption\":\"Rulluisukool\"},\"image\":{\"@id\":\"https:\/\/rulluisukool.ee\/#\/schema\/logo\/image\/\"},\"sameAs\":[\"https:\/\/www.facebook.com\/rulluisukool\",\"https:\/\/instagram.com\/rulluisukool\",\"https:\/\/www.youtube.com\/channel\/UCUdSaiAVZmmNCOlAhU3_ONA\"]}]}<\/script>\n<!-- \/ Yoast SEO plugin. -->","yoast_head_json":{"title":"Hardcore Evo Pro 110 - Rulluisukool","description":"Powerslide HC Evo 110 urban inline freeskate \u2013 kerge kuumvormitav s\u00fcsinikkiust saabas, t\u00e4iustatud sulgemiss\u00fcsteem, Ego SL raamid, kiired 110 mm rattad","robots":{"index":"index","follow":"follow","max-snippet":"max-snippet:-1","max-image-preview":"max-image-preview:large","max-video-preview":"max-video-preview:-1"},"canonical":"https:\/\/rulluisukool.ee\/en\/product\/hardcore-evo-pro-110\/","og_locale":"en_GB","og_type":"article","og_title":"Hardcore Evo Pro 110 - Rulluisukool","og_description":"Powerslide HC Evo 110 urban inline freeskate \u2013 kerge kuumvormitav s\u00fcsinikkiust saabas, t\u00e4iustatud sulgemiss\u00fcsteem, Ego SL raamid, kiired 110 mm rattad","og_url":"https:\/\/rulluisukool.ee\/en\/product\/hardcore-evo-pro-110\/","og_site_name":"Rulluisukool","article_publisher":"https:\/\/www.facebook.com\/rulluisukool","article_modified_time":"2025-12-03T19:35:02+00:00","og_image":[{"width":619,"height":594,"url":"https:\/\/rulluisukool.ee\/wp-content\/uploads\/2021\/12\/POWERSLIDE-HC-Evo-110.jpg","type":"image\/jpeg"}],"twitter_card":"summary_large_image","twitter_misc":{"Estimated reading time":"1 minute"},"schema":{"@context":"https:\/\/schema.org","@graph":[{"@type":"WebPage","@id":"https:\/\/rulluisukool.ee\/toode\/hardcore-evo-pro-110\/","url":"https:\/\/rulluisukool.ee\/toode\/hardcore-evo-pro-110\/","name":"Hardcore Evo Pro 110 - Rulluisukool","isPartOf":{"@id":"https:\/\/rulluisukool.ee\/#website"},"primaryImageOfPage":{"@id":"https:\/\/rulluisukool.ee\/toode\/hardcore-evo-pro-110\/#primaryimage"},"image":{"@id":"https:\/\/rulluisukool.ee\/toode\/hardcore-evo-pro-110\/#primaryimage"},"thumbnailUrl":"https:\/\/rulluisukool.ee\/wp-content\/uploads\/2021\/12\/POWERSLIDE-HC-Evo-110.jpg","datePublished":"2021-12-16T08:10:21+00:00","dateModified":"2025-12-03T19:35:02+00:00","description":"Powerslide HC Evo 110 urban inline freeskate \u2013 kerge kuumvormitav s\u00fcsinikkiust saabas, t\u00e4iustatud sulgemiss\u00fcsteem, Ego SL raamid, kiired 110 mm rattad","breadcrumb":{"@id":"https:\/\/rulluisukool.ee\/toode\/hardcore-evo-pro-110\/#breadcrumb"},"inLanguage":"en-GB","potentialAction":[{"@type":"ReadAction","target":["https:\/\/rulluisukool.ee\/toode\/hardcore-evo-pro-110\/"]}]},{"@type":"ImageObject","inLanguage":"en-GB","@id":"https:\/\/rulluisukool.ee\/toode\/hardcore-evo-pro-110\/#primaryimage","url":"https:\/\/rulluisukool.ee\/wp-content\/uploads\/2021\/12\/POWERSLIDE-HC-Evo-110.jpg","contentUrl":"https:\/\/rulluisukool.ee\/wp-content\/uploads\/2021\/12\/POWERSLIDE-HC-Evo-110.jpg","width":619,"height":594,"caption":"POWERSLIDE HC Evo 110"},{"@type":"BreadcrumbList","@id":"https:\/\/rulluisukool.ee\/toode\/hardcore-evo-pro-110\/#breadcrumb","itemListElement":[{"@type":"ListItem","position":1,"name":"Home","item":"https:\/\/rulluisukool.ee\/"},{"@type":"ListItem","position":2,"name":"E-POOD","item":"https:\/\/rulluisukool.ee\/en\/rulluisud-saapad-rattad-laagrid-kaitsevarustus-jaauisutamine\/"},{"@type":"ListItem","position":3,"name":"Hardcore Evo Pro 110"}]},{"@type":"WebSite","@id":"https:\/\/rulluisukool.ee\/#website","url":"https:\/\/rulluisukool.ee\/","name":"Rulluisukool","description":"","publisher":{"@id":"https:\/\/rulluisukool.ee\/#organization"},"potentialAction":[{"@type":"SearchAction","target":{"@type":"EntryPoint","urlTemplate":"https:\/\/rulluisukool.ee\/?s={search_term_string}"},"query-input":"required name=search_term_string"}],"inLanguage":"en-GB"},{"@type":"Organization","@id":"https:\/\/rulluisukool.ee\/#organization","name":"Rulluisukool","url":"https:\/\/rulluisukool.ee\/","logo":{"@type":"ImageObject","inLanguage":"en-GB","@id":"https:\/\/rulluisukool.ee\/#\/schema\/logo\/image\/","url":"https:\/\/rulluisukool.ee\/wp-content\/uploads\/2017\/03\/Rulluisukool-ee.png","contentUrl":"https:\/\/rulluisukool.ee\/wp-content\/uploads\/2017\/03\/Rulluisukool-ee.png","width":710,"height":710,"caption":"Rulluisukool"},"image":{"@id":"https:\/\/rulluisukool.ee\/#\/schema\/logo\/image\/"},"sameAs":["https:\/\/www.facebook.com\/rulluisukool","https:\/\/instagram.com\/rulluisukool","https:\/\/www.youtube.com\/channel\/UCUdSaiAVZmmNCOlAhU3_ONA"]}]}},"_links":{"self":[{"href":"https:\/\/rulluisukool.ee\/en\/wp-json\/wp\/v2\/product\/4308652122510656","targetHints":{"allow":["GET"]}}],"collection":[{"href":"https:\/\/rulluisukool.ee\/en\/wp-json\/wp\/v2\/product"}],"about":[{"href":"https:\/\/rulluisukool.ee\/en\/wp-json\/wp\/v2\/types\/product"}],"replies":[{"embeddable":true,"href":"https:\/\/rulluisukool.ee\/en\/wp-json\/wp\/v2\/comments?post=4308652122510656"}],"wp:featuredmedia":[{"embeddable":true,"href":"https:\/\/rulluisukool.ee\/en\/wp-json\/wp\/v2\/media\/4308652122511414"}],"wp:attachment":[{"href":"https:\/\/rulluisukool.ee\/en\/wp-json\/wp\/v2\/media?parent=4308652122510656"}],"wp:term":[{"taxonomy":"product_cat","embeddable":true,"href":"https:\/\/rulluisukool.ee\/en\/wp-json\/wp\/v2\/product_cat?post=4308652122510656"},{"taxonomy":"product_tag","embeddable":true,"href":"https:\/\/rulluisukool.ee\/en\/wp-json\/wp\/v2\/product_tag?post=4308652122510656"}],"curies":[{"name":"wp","href":"https:\/\/api.w.org\/{rel}","templated":true}]}}