{"id":4308652122510376,"date":"2021-12-13T11:05:24","date_gmt":"2021-12-13T09:05:24","guid":{"rendered":"https:\/\/rulluisukool.ee\/toode\/powerslide-arise-sl-2\/"},"modified":"2025-12-03T21:40:04","modified_gmt":"2025-12-03T19:40:04","slug":"powerslide-arise-sl-2","status":"publish","type":"product","link":"https:\/\/rulluisukool.ee\/en\/product\/powerslide-arise-sl-2\/","title":{"rendered":"Powerslide Arise SL"},"content":{"rendered":"<p>The Powerslide Arise SL has been developed with focus on speedslalom (SL) while\noffering a super lightweight (SL) skate. This mid cut skate gives you the feelings of top\ncarbon racing skates with the lateral support you look for when you need to race through\nthe cones. The Arise is more than just a skate for speedslom and could be also used for\nurban cruising or for marathon races if equipped with an appropriate racing frame. The\nshell of the boot is made of carbon and offers a tight but comfortable fit. The lightweight\ncuff will give you extra lateral support, but can also be taken off if preferred. You could do\nthe same with the front velcro strap which has been added to optimize your power\ntransfer. This sleek skate scores high with its attractive design and the TRINITY 3-point\nmounting system which offers not just a low stand on the ground, but also maximum\npower transfer, balance, control, and reactivity. The short 243mm Ego SL frame is very\nagile and perfectly suited for speedslalom. The Ultra High Rebound (UHR) compound of\nUndercover wheels paired with Wicked ABEC 9 freespin bearings provide great rolling\nperformance and grip. Get ready to beat your record or just discover the effortless gliding\nfeeling.<\/p>","protected":false},"excerpt":{"rendered":"<h5>Powerslide Arise SL speed slalom inline skates feat. mid cut carbon boots with maximum fit, comfort &amp; performance.<\/h5>","protected":false},"featured_media":4308652122511419,"comment_status":"open","ping_status":"closed","template":"","meta":{"site-sidebar-layout":"default","site-content-layout":"default","ast-global-header-display":"","ast-main-header-display":"","ast-hfb-above-header-display":"","ast-hfb-below-header-display":"","ast-hfb-mobile-header-display":"","site-post-title":"","ast-breadcrumbs-content":"","ast-featured-img":"","footer-sml-layout":"","theme-transparent-header-meta":"default","adv-header-id-meta":"","stick-header-meta":"","header-above-stick-meta":"","header-main-stick-meta":"","header-below-stick-meta":""},"product_cat":[162,111,351],"product_tag":[],"class_list":{"0":"post-4308652122510376","1":"product","2":"type-product","3":"status-publish","4":"has-post-thumbnail","6":"product_cat-arise","7":"product_cat-rulluisud","8":"product_cat-soodus","9":"pa_suurus-124","10":"pa_suurus-148","11":"pa_suurus-133","12":"pa_suurus-149","13":"pa_suurus-130","14":"pa_suurus-131","15":"desktop-align-left","16":"tablet-align-left","17":"mobile-align-left","19":"first","20":"instock","21":"sale","22":"shipping-taxable","23":"purchasable","24":"product-type-variable"},"yoast_head":"<!-- This site is optimized with the Yoast SEO plugin v22.3 - https:\/\/yoast.com\/wordpress\/plugins\/seo\/ -->\n<title>Powerslide Arise SL - Rulluisukool<\/title>\n<meta name=\"description\" content=\"Powerslide Arise SL kiirslaalom rulluisud. Keskmise l\u00f5ikega s\u00fcsiniksaapad maksimaalse istuvuse, mugavuse ja j\u00f5udlusega.\" \/>\n<meta name=\"robots\" content=\"index, follow, max-snippet:-1, max-image-preview:large, max-video-preview:-1\" \/>\n<link rel=\"canonical\" href=\"https:\/\/rulluisukool.ee\/en\/product\/powerslide-arise-sl-2\/\" \/>\n<meta property=\"og:locale\" content=\"en_GB\" \/>\n<meta property=\"og:type\" content=\"article\" \/>\n<meta property=\"og:title\" content=\"Powerslide Arise SL - Rulluisukool\" \/>\n<meta property=\"og:description\" content=\"Powerslide Arise SL kiirslaalom rulluisud. Keskmise l\u00f5ikega s\u00fcsiniksaapad maksimaalse istuvuse, mugavuse ja j\u00f5udlusega.\" \/>\n<meta property=\"og:url\" content=\"https:\/\/rulluisukool.ee\/en\/product\/powerslide-arise-sl-2\/\" \/>\n<meta property=\"og:site_name\" content=\"Rulluisukool\" \/>\n<meta property=\"article:publisher\" content=\"https:\/\/www.facebook.com\/rulluisukool\" \/>\n<meta property=\"article:modified_time\" content=\"2025-12-03T19:40:04+00:00\" \/>\n<meta property=\"og:image\" content=\"https:\/\/rulluisukool.ee\/wp-content\/uploads\/2021\/12\/Powerslide-Arise-SL.jpg\" \/>\n\t<meta property=\"og:image:width\" content=\"619\" \/>\n\t<meta property=\"og:image:height\" content=\"594\" \/>\n\t<meta property=\"og:image:type\" content=\"image\/jpeg\" \/>\n<meta name=\"twitter:card\" content=\"summary_large_image\" \/>\n<meta name=\"twitter:label1\" content=\"Estimated reading time\" \/>\n\t<meta name=\"twitter:data1\" content=\"1 minute\" \/>\n<script type=\"application\/ld+json\" class=\"yoast-schema-graph\">{\"@context\":\"https:\/\/schema.org\",\"@graph\":[{\"@type\":\"WebPage\",\"@id\":\"https:\/\/rulluisukool.ee\/toode\/powerslide-arise-sl-2\/\",\"url\":\"https:\/\/rulluisukool.ee\/toode\/powerslide-arise-sl-2\/\",\"name\":\"Powerslide Arise SL - Rulluisukool\",\"isPartOf\":{\"@id\":\"https:\/\/rulluisukool.ee\/#website\"},\"primaryImageOfPage\":{\"@id\":\"https:\/\/rulluisukool.ee\/toode\/powerslide-arise-sl-2\/#primaryimage\"},\"image\":{\"@id\":\"https:\/\/rulluisukool.ee\/toode\/powerslide-arise-sl-2\/#primaryimage\"},\"thumbnailUrl\":\"https:\/\/rulluisukool.ee\/wp-content\/uploads\/2021\/12\/Powerslide-Arise-SL.jpg\",\"datePublished\":\"2021-12-13T09:05:24+00:00\",\"dateModified\":\"2025-12-03T19:40:04+00:00\",\"description\":\"Powerslide Arise SL kiirslaalom rulluisud. Keskmise l\u00f5ikega s\u00fcsiniksaapad maksimaalse istuvuse, mugavuse ja j\u00f5udlusega.\",\"breadcrumb\":{\"@id\":\"https:\/\/rulluisukool.ee\/toode\/powerslide-arise-sl-2\/#breadcrumb\"},\"inLanguage\":\"en-GB\",\"potentialAction\":[{\"@type\":\"ReadAction\",\"target\":[\"https:\/\/rulluisukool.ee\/toode\/powerslide-arise-sl-2\/\"]}]},{\"@type\":\"ImageObject\",\"inLanguage\":\"en-GB\",\"@id\":\"https:\/\/rulluisukool.ee\/toode\/powerslide-arise-sl-2\/#primaryimage\",\"url\":\"https:\/\/rulluisukool.ee\/wp-content\/uploads\/2021\/12\/Powerslide-Arise-SL.jpg\",\"contentUrl\":\"https:\/\/rulluisukool.ee\/wp-content\/uploads\/2021\/12\/Powerslide-Arise-SL.jpg\",\"width\":619,\"height\":594,\"caption\":\"Powerslide Arise SL\"},{\"@type\":\"BreadcrumbList\",\"@id\":\"https:\/\/rulluisukool.ee\/toode\/powerslide-arise-sl-2\/#breadcrumb\",\"itemListElement\":[{\"@type\":\"ListItem\",\"position\":1,\"name\":\"Home\",\"item\":\"https:\/\/rulluisukool.ee\/\"},{\"@type\":\"ListItem\",\"position\":2,\"name\":\"E-POOD\",\"item\":\"https:\/\/rulluisukool.ee\/en\/rulluisud-saapad-rattad-laagrid-kaitsevarustus-jaauisutamine\/\"},{\"@type\":\"ListItem\",\"position\":3,\"name\":\"Powerslide Arise SL\"}]},{\"@type\":\"WebSite\",\"@id\":\"https:\/\/rulluisukool.ee\/#website\",\"url\":\"https:\/\/rulluisukool.ee\/\",\"name\":\"Rulluisukool\",\"description\":\"\",\"publisher\":{\"@id\":\"https:\/\/rulluisukool.ee\/#organization\"},\"potentialAction\":[{\"@type\":\"SearchAction\",\"target\":{\"@type\":\"EntryPoint\",\"urlTemplate\":\"https:\/\/rulluisukool.ee\/?s={search_term_string}\"},\"query-input\":\"required name=search_term_string\"}],\"inLanguage\":\"en-GB\"},{\"@type\":\"Organization\",\"@id\":\"https:\/\/rulluisukool.ee\/#organization\",\"name\":\"Rulluisukool\",\"url\":\"https:\/\/rulluisukool.ee\/\",\"logo\":{\"@type\":\"ImageObject\",\"inLanguage\":\"en-GB\",\"@id\":\"https:\/\/rulluisukool.ee\/#\/schema\/logo\/image\/\",\"url\":\"https:\/\/rulluisukool.ee\/wp-content\/uploads\/2017\/03\/Rulluisukool-ee.png\",\"contentUrl\":\"https:\/\/rulluisukool.ee\/wp-content\/uploads\/2017\/03\/Rulluisukool-ee.png\",\"width\":710,\"height\":710,\"caption\":\"Rulluisukool\"},\"image\":{\"@id\":\"https:\/\/rulluisukool.ee\/#\/schema\/logo\/image\/\"},\"sameAs\":[\"https:\/\/www.facebook.com\/rulluisukool\",\"https:\/\/instagram.com\/rulluisukool\",\"https:\/\/www.youtube.com\/channel\/UCUdSaiAVZmmNCOlAhU3_ONA\"]}]}<\/script>\n<!-- \/ Yoast SEO plugin. -->","yoast_head_json":{"title":"Powerslide Arise SL - Rulluisukool","description":"Powerslide Arise SL kiirslaalom rulluisud. Keskmise l\u00f5ikega s\u00fcsiniksaapad maksimaalse istuvuse, mugavuse ja j\u00f5udlusega.","robots":{"index":"index","follow":"follow","max-snippet":"max-snippet:-1","max-image-preview":"max-image-preview:large","max-video-preview":"max-video-preview:-1"},"canonical":"https:\/\/rulluisukool.ee\/en\/product\/powerslide-arise-sl-2\/","og_locale":"en_GB","og_type":"article","og_title":"Powerslide Arise SL - Rulluisukool","og_description":"Powerslide Arise SL kiirslaalom rulluisud. Keskmise l\u00f5ikega s\u00fcsiniksaapad maksimaalse istuvuse, mugavuse ja j\u00f5udlusega.","og_url":"https:\/\/rulluisukool.ee\/en\/product\/powerslide-arise-sl-2\/","og_site_name":"Rulluisukool","article_publisher":"https:\/\/www.facebook.com\/rulluisukool","article_modified_time":"2025-12-03T19:40:04+00:00","og_image":[{"width":619,"height":594,"url":"https:\/\/rulluisukool.ee\/wp-content\/uploads\/2021\/12\/Powerslide-Arise-SL.jpg","type":"image\/jpeg"}],"twitter_card":"summary_large_image","twitter_misc":{"Estimated reading time":"1 minute"},"schema":{"@context":"https:\/\/schema.org","@graph":[{"@type":"WebPage","@id":"https:\/\/rulluisukool.ee\/toode\/powerslide-arise-sl-2\/","url":"https:\/\/rulluisukool.ee\/toode\/powerslide-arise-sl-2\/","name":"Powerslide Arise SL - Rulluisukool","isPartOf":{"@id":"https:\/\/rulluisukool.ee\/#website"},"primaryImageOfPage":{"@id":"https:\/\/rulluisukool.ee\/toode\/powerslide-arise-sl-2\/#primaryimage"},"image":{"@id":"https:\/\/rulluisukool.ee\/toode\/powerslide-arise-sl-2\/#primaryimage"},"thumbnailUrl":"https:\/\/rulluisukool.ee\/wp-content\/uploads\/2021\/12\/Powerslide-Arise-SL.jpg","datePublished":"2021-12-13T09:05:24+00:00","dateModified":"2025-12-03T19:40:04+00:00","description":"Powerslide Arise SL kiirslaalom rulluisud. Keskmise l\u00f5ikega s\u00fcsiniksaapad maksimaalse istuvuse, mugavuse ja j\u00f5udlusega.","breadcrumb":{"@id":"https:\/\/rulluisukool.ee\/toode\/powerslide-arise-sl-2\/#breadcrumb"},"inLanguage":"en-GB","potentialAction":[{"@type":"ReadAction","target":["https:\/\/rulluisukool.ee\/toode\/powerslide-arise-sl-2\/"]}]},{"@type":"ImageObject","inLanguage":"en-GB","@id":"https:\/\/rulluisukool.ee\/toode\/powerslide-arise-sl-2\/#primaryimage","url":"https:\/\/rulluisukool.ee\/wp-content\/uploads\/2021\/12\/Powerslide-Arise-SL.jpg","contentUrl":"https:\/\/rulluisukool.ee\/wp-content\/uploads\/2021\/12\/Powerslide-Arise-SL.jpg","width":619,"height":594,"caption":"Powerslide Arise SL"},{"@type":"BreadcrumbList","@id":"https:\/\/rulluisukool.ee\/toode\/powerslide-arise-sl-2\/#breadcrumb","itemListElement":[{"@type":"ListItem","position":1,"name":"Home","item":"https:\/\/rulluisukool.ee\/"},{"@type":"ListItem","position":2,"name":"E-POOD","item":"https:\/\/rulluisukool.ee\/en\/rulluisud-saapad-rattad-laagrid-kaitsevarustus-jaauisutamine\/"},{"@type":"ListItem","position":3,"name":"Powerslide Arise SL"}]},{"@type":"WebSite","@id":"https:\/\/rulluisukool.ee\/#website","url":"https:\/\/rulluisukool.ee\/","name":"Rulluisukool","description":"","publisher":{"@id":"https:\/\/rulluisukool.ee\/#organization"},"potentialAction":[{"@type":"SearchAction","target":{"@type":"EntryPoint","urlTemplate":"https:\/\/rulluisukool.ee\/?s={search_term_string}"},"query-input":"required name=search_term_string"}],"inLanguage":"en-GB"},{"@type":"Organization","@id":"https:\/\/rulluisukool.ee\/#organization","name":"Rulluisukool","url":"https:\/\/rulluisukool.ee\/","logo":{"@type":"ImageObject","inLanguage":"en-GB","@id":"https:\/\/rulluisukool.ee\/#\/schema\/logo\/image\/","url":"https:\/\/rulluisukool.ee\/wp-content\/uploads\/2017\/03\/Rulluisukool-ee.png","contentUrl":"https:\/\/rulluisukool.ee\/wp-content\/uploads\/2017\/03\/Rulluisukool-ee.png","width":710,"height":710,"caption":"Rulluisukool"},"image":{"@id":"https:\/\/rulluisukool.ee\/#\/schema\/logo\/image\/"},"sameAs":["https:\/\/www.facebook.com\/rulluisukool","https:\/\/instagram.com\/rulluisukool","https:\/\/www.youtube.com\/channel\/UCUdSaiAVZmmNCOlAhU3_ONA"]}]}},"_links":{"self":[{"href":"https:\/\/rulluisukool.ee\/en\/wp-json\/wp\/v2\/product\/4308652122510376","targetHints":{"allow":["GET"]}}],"collection":[{"href":"https:\/\/rulluisukool.ee\/en\/wp-json\/wp\/v2\/product"}],"about":[{"href":"https:\/\/rulluisukool.ee\/en\/wp-json\/wp\/v2\/types\/product"}],"replies":[{"embeddable":true,"href":"https:\/\/rulluisukool.ee\/en\/wp-json\/wp\/v2\/comments?post=4308652122510376"}],"wp:featuredmedia":[{"embeddable":true,"href":"https:\/\/rulluisukool.ee\/en\/wp-json\/wp\/v2\/media\/4308652122511419"}],"wp:attachment":[{"href":"https:\/\/rulluisukool.ee\/en\/wp-json\/wp\/v2\/media?parent=4308652122510376"}],"wp:term":[{"taxonomy":"product_cat","embeddable":true,"href":"https:\/\/rulluisukool.ee\/en\/wp-json\/wp\/v2\/product_cat?post=4308652122510376"},{"taxonomy":"product_tag","embeddable":true,"href":"https:\/\/rulluisukool.ee\/en\/wp-json\/wp\/v2\/product_tag?post=4308652122510376"}],"curies":[{"name":"wp","href":"https:\/\/api.w.org\/{rel}","templated":true}]}}