{"id":4308652122510332,"date":"2021-12-13T11:05:05","date_gmt":"2021-12-13T09:05:05","guid":{"rendered":"https:\/\/rulluisukool.ee\/toode\/ennui-helmet-elite-deadly-smoke-54-59cm\/"},"modified":"2023-03-30T00:52:59","modified_gmt":"2023-03-29T21:52:59","slug":"ennui-helmet-elite-deadly-smoke","status":"publish","type":"product","link":"https:\/\/rulluisukool.ee\/en\/product\/ennui-helmet-elite-deadly-smoke\/","title":{"rendered":"Ennui Helmet Eli\u2026"},"content":{"rendered":"<p>ENNUI is a new concept of protective gear specifically designed for urban sports, and all non motorized wheeled sports. As skaters our aim is to create protective gear that we would wear ourselves, gear that keeps us safe and protects our bodies against all sorts of injuries while at the same time being unobtrusive, comfortable and looking good while wearing them on the streets.<\/p>","protected":false},"excerpt":{"rendered":"<p>Thanks to the innovative \"Overinjected Honeycomb Skeleton\" technology the new ENNUI Elite helmet is super light (only 245gr.) and super safe.<\/p>","protected":false},"featured_media":4308652122511754,"comment_status":"open","ping_status":"closed","template":"","meta":{"site-sidebar-layout":"default","site-content-layout":"default","ast-global-header-display":"","ast-main-header-display":"","ast-hfb-above-header-display":"","ast-hfb-below-header-display":"","ast-hfb-mobile-header-display":"","site-post-title":"","ast-breadcrumbs-content":"","ast-featured-img":"","footer-sml-layout":"","theme-transparent-header-meta":"default","adv-header-id-meta":"","stick-header-meta":"","header-above-stick-meta":"","header-main-stick-meta":"","header-below-stick-meta":""},"product_cat":[115,171],"product_tag":[],"class_list":{"0":"post-4308652122510332","1":"product","2":"type-product","3":"status-publish","4":"has-post-thumbnail","6":"product_cat-kaitsevarustus","7":"product_cat-kiivrid","8":"pa_kiivri-suurus-54-59","9":"desktop-align-left","10":"tablet-align-left","11":"mobile-align-left","13":"first","14":"outofstock","15":"shipping-taxable","16":"product-type-variable"},"yoast_head":"<!-- This site is optimized with the Yoast SEO plugin v22.3 - https:\/\/yoast.com\/wordpress\/plugins\/seo\/ -->\n<title>Ennui Helmet Elite Deadly Smoke - Rulluisukool<\/title>\n<meta name=\"description\" content=\"T\u00e4nu uuenduslikule &quot;Overinjected Honeycomb Skeleton&quot; tehnoloogiale on uus ENNUI Elite kiiver \u00fclikerge (ainult 245gr) ja \u00fcliturvaline.\" \/>\n<meta name=\"robots\" content=\"index, follow, max-snippet:-1, max-image-preview:large, max-video-preview:-1\" \/>\n<link rel=\"canonical\" href=\"https:\/\/rulluisukool.ee\/en\/product\/ennui-helmet-elite-deadly-smoke\/\" \/>\n<meta property=\"og:locale\" content=\"en_GB\" \/>\n<meta property=\"og:type\" content=\"article\" \/>\n<meta property=\"og:title\" content=\"Ennui Helmet Elite Deadly Smoke - Rulluisukool\" \/>\n<meta property=\"og:description\" content=\"T\u00e4nu uuenduslikule &quot;Overinjected Honeycomb Skeleton&quot; tehnoloogiale on uus ENNUI Elite kiiver \u00fclikerge (ainult 245gr) ja \u00fcliturvaline.\" \/>\n<meta property=\"og:url\" content=\"https:\/\/rulluisukool.ee\/en\/product\/ennui-helmet-elite-deadly-smoke\/\" \/>\n<meta property=\"og:site_name\" content=\"Rulluisukool\" \/>\n<meta property=\"article:publisher\" content=\"https:\/\/www.facebook.com\/rulluisukool\" \/>\n<meta property=\"article:modified_time\" content=\"2023-03-29T21:52:59+00:00\" \/>\n<meta property=\"og:image\" content=\"https:\/\/rulluisukool.ee\/wp-content\/uploads\/2021\/12\/Ennui-Helmet-Elite-Deadly-Smoke.jpg\" \/>\n\t<meta property=\"og:image:width\" content=\"619\" \/>\n\t<meta property=\"og:image:height\" content=\"594\" \/>\n\t<meta property=\"og:image:type\" content=\"image\/jpeg\" \/>\n<meta name=\"twitter:card\" content=\"summary_large_image\" \/>\n<meta name=\"twitter:label1\" content=\"Estimated reading time\" \/>\n\t<meta name=\"twitter:data1\" content=\"1 minute\" \/>\n<script type=\"application\/ld+json\" class=\"yoast-schema-graph\">{\"@context\":\"https:\/\/schema.org\",\"@graph\":[{\"@type\":\"WebPage\",\"@id\":\"https:\/\/rulluisukool.ee\/toode\/ennui-helmet-elite-deadly-smoke\/\",\"url\":\"https:\/\/rulluisukool.ee\/toode\/ennui-helmet-elite-deadly-smoke\/\",\"name\":\"Ennui Helmet Elite Deadly Smoke - Rulluisukool\",\"isPartOf\":{\"@id\":\"https:\/\/rulluisukool.ee\/#website\"},\"primaryImageOfPage\":{\"@id\":\"https:\/\/rulluisukool.ee\/toode\/ennui-helmet-elite-deadly-smoke\/#primaryimage\"},\"image\":{\"@id\":\"https:\/\/rulluisukool.ee\/toode\/ennui-helmet-elite-deadly-smoke\/#primaryimage\"},\"thumbnailUrl\":\"https:\/\/rulluisukool.ee\/wp-content\/uploads\/2021\/12\/Ennui-Helmet-Elite-Deadly-Smoke.jpg\",\"datePublished\":\"2021-12-13T09:05:05+00:00\",\"dateModified\":\"2023-03-29T21:52:59+00:00\",\"description\":\"T\u00e4nu uuenduslikule \\\"Overinjected Honeycomb Skeleton\\\" tehnoloogiale on uus ENNUI Elite kiiver \u00fclikerge (ainult 245gr) ja \u00fcliturvaline.\",\"breadcrumb\":{\"@id\":\"https:\/\/rulluisukool.ee\/toode\/ennui-helmet-elite-deadly-smoke\/#breadcrumb\"},\"inLanguage\":\"en-GB\",\"potentialAction\":[{\"@type\":\"ReadAction\",\"target\":[\"https:\/\/rulluisukool.ee\/toode\/ennui-helmet-elite-deadly-smoke\/\"]}]},{\"@type\":\"ImageObject\",\"inLanguage\":\"en-GB\",\"@id\":\"https:\/\/rulluisukool.ee\/toode\/ennui-helmet-elite-deadly-smoke\/#primaryimage\",\"url\":\"https:\/\/rulluisukool.ee\/wp-content\/uploads\/2021\/12\/Ennui-Helmet-Elite-Deadly-Smoke.jpg\",\"contentUrl\":\"https:\/\/rulluisukool.ee\/wp-content\/uploads\/2021\/12\/Ennui-Helmet-Elite-Deadly-Smoke.jpg\",\"width\":619,\"height\":594},{\"@type\":\"BreadcrumbList\",\"@id\":\"https:\/\/rulluisukool.ee\/toode\/ennui-helmet-elite-deadly-smoke\/#breadcrumb\",\"itemListElement\":[{\"@type\":\"ListItem\",\"position\":1,\"name\":\"Home\",\"item\":\"https:\/\/rulluisukool.ee\/\"},{\"@type\":\"ListItem\",\"position\":2,\"name\":\"E-POOD\",\"item\":\"https:\/\/rulluisukool.ee\/en\/rulluisud-saapad-rattad-laagrid-kaitsevarustus-jaauisutamine\/\"},{\"@type\":\"ListItem\",\"position\":3,\"name\":\"Ennui Helmet Eli\u2026\"}]},{\"@type\":\"WebSite\",\"@id\":\"https:\/\/rulluisukool.ee\/#website\",\"url\":\"https:\/\/rulluisukool.ee\/\",\"name\":\"Rulluisukool\",\"description\":\"\",\"publisher\":{\"@id\":\"https:\/\/rulluisukool.ee\/#organization\"},\"potentialAction\":[{\"@type\":\"SearchAction\",\"target\":{\"@type\":\"EntryPoint\",\"urlTemplate\":\"https:\/\/rulluisukool.ee\/?s={search_term_string}\"},\"query-input\":\"required name=search_term_string\"}],\"inLanguage\":\"en-GB\"},{\"@type\":\"Organization\",\"@id\":\"https:\/\/rulluisukool.ee\/#organization\",\"name\":\"Rulluisukool\",\"url\":\"https:\/\/rulluisukool.ee\/\",\"logo\":{\"@type\":\"ImageObject\",\"inLanguage\":\"en-GB\",\"@id\":\"https:\/\/rulluisukool.ee\/#\/schema\/logo\/image\/\",\"url\":\"https:\/\/rulluisukool.ee\/wp-content\/uploads\/2017\/03\/Rulluisukool-ee.png\",\"contentUrl\":\"https:\/\/rulluisukool.ee\/wp-content\/uploads\/2017\/03\/Rulluisukool-ee.png\",\"width\":710,\"height\":710,\"caption\":\"Rulluisukool\"},\"image\":{\"@id\":\"https:\/\/rulluisukool.ee\/#\/schema\/logo\/image\/\"},\"sameAs\":[\"https:\/\/www.facebook.com\/rulluisukool\",\"https:\/\/instagram.com\/rulluisukool\",\"https:\/\/www.youtube.com\/channel\/UCUdSaiAVZmmNCOlAhU3_ONA\"]}]}<\/script>\n<!-- \/ Yoast SEO plugin. -->","yoast_head_json":{"title":"Ennui Helmet Elite Deadly Smoke - Rulluisukool","description":"T\u00e4nu uuenduslikule \"Overinjected Honeycomb Skeleton\" tehnoloogiale on uus ENNUI Elite kiiver \u00fclikerge (ainult 245gr) ja \u00fcliturvaline.","robots":{"index":"index","follow":"follow","max-snippet":"max-snippet:-1","max-image-preview":"max-image-preview:large","max-video-preview":"max-video-preview:-1"},"canonical":"https:\/\/rulluisukool.ee\/en\/product\/ennui-helmet-elite-deadly-smoke\/","og_locale":"en_GB","og_type":"article","og_title":"Ennui Helmet Elite Deadly Smoke - Rulluisukool","og_description":"T\u00e4nu uuenduslikule \"Overinjected Honeycomb Skeleton\" tehnoloogiale on uus ENNUI Elite kiiver \u00fclikerge (ainult 245gr) ja \u00fcliturvaline.","og_url":"https:\/\/rulluisukool.ee\/en\/product\/ennui-helmet-elite-deadly-smoke\/","og_site_name":"Rulluisukool","article_publisher":"https:\/\/www.facebook.com\/rulluisukool","article_modified_time":"2023-03-29T21:52:59+00:00","og_image":[{"width":619,"height":594,"url":"https:\/\/rulluisukool.ee\/wp-content\/uploads\/2021\/12\/Ennui-Helmet-Elite-Deadly-Smoke.jpg","type":"image\/jpeg"}],"twitter_card":"summary_large_image","twitter_misc":{"Estimated reading time":"1 minute"},"schema":{"@context":"https:\/\/schema.org","@graph":[{"@type":"WebPage","@id":"https:\/\/rulluisukool.ee\/toode\/ennui-helmet-elite-deadly-smoke\/","url":"https:\/\/rulluisukool.ee\/toode\/ennui-helmet-elite-deadly-smoke\/","name":"Ennui Helmet Elite Deadly Smoke - Rulluisukool","isPartOf":{"@id":"https:\/\/rulluisukool.ee\/#website"},"primaryImageOfPage":{"@id":"https:\/\/rulluisukool.ee\/toode\/ennui-helmet-elite-deadly-smoke\/#primaryimage"},"image":{"@id":"https:\/\/rulluisukool.ee\/toode\/ennui-helmet-elite-deadly-smoke\/#primaryimage"},"thumbnailUrl":"https:\/\/rulluisukool.ee\/wp-content\/uploads\/2021\/12\/Ennui-Helmet-Elite-Deadly-Smoke.jpg","datePublished":"2021-12-13T09:05:05+00:00","dateModified":"2023-03-29T21:52:59+00:00","description":"T\u00e4nu uuenduslikule \"Overinjected Honeycomb Skeleton\" tehnoloogiale on uus ENNUI Elite kiiver \u00fclikerge (ainult 245gr) ja \u00fcliturvaline.","breadcrumb":{"@id":"https:\/\/rulluisukool.ee\/toode\/ennui-helmet-elite-deadly-smoke\/#breadcrumb"},"inLanguage":"en-GB","potentialAction":[{"@type":"ReadAction","target":["https:\/\/rulluisukool.ee\/toode\/ennui-helmet-elite-deadly-smoke\/"]}]},{"@type":"ImageObject","inLanguage":"en-GB","@id":"https:\/\/rulluisukool.ee\/toode\/ennui-helmet-elite-deadly-smoke\/#primaryimage","url":"https:\/\/rulluisukool.ee\/wp-content\/uploads\/2021\/12\/Ennui-Helmet-Elite-Deadly-Smoke.jpg","contentUrl":"https:\/\/rulluisukool.ee\/wp-content\/uploads\/2021\/12\/Ennui-Helmet-Elite-Deadly-Smoke.jpg","width":619,"height":594},{"@type":"BreadcrumbList","@id":"https:\/\/rulluisukool.ee\/toode\/ennui-helmet-elite-deadly-smoke\/#breadcrumb","itemListElement":[{"@type":"ListItem","position":1,"name":"Home","item":"https:\/\/rulluisukool.ee\/"},{"@type":"ListItem","position":2,"name":"E-POOD","item":"https:\/\/rulluisukool.ee\/en\/rulluisud-saapad-rattad-laagrid-kaitsevarustus-jaauisutamine\/"},{"@type":"ListItem","position":3,"name":"Ennui Helmet Eli\u2026"}]},{"@type":"WebSite","@id":"https:\/\/rulluisukool.ee\/#website","url":"https:\/\/rulluisukool.ee\/","name":"Rulluisukool","description":"","publisher":{"@id":"https:\/\/rulluisukool.ee\/#organization"},"potentialAction":[{"@type":"SearchAction","target":{"@type":"EntryPoint","urlTemplate":"https:\/\/rulluisukool.ee\/?s={search_term_string}"},"query-input":"required name=search_term_string"}],"inLanguage":"en-GB"},{"@type":"Organization","@id":"https:\/\/rulluisukool.ee\/#organization","name":"Rulluisukool","url":"https:\/\/rulluisukool.ee\/","logo":{"@type":"ImageObject","inLanguage":"en-GB","@id":"https:\/\/rulluisukool.ee\/#\/schema\/logo\/image\/","url":"https:\/\/rulluisukool.ee\/wp-content\/uploads\/2017\/03\/Rulluisukool-ee.png","contentUrl":"https:\/\/rulluisukool.ee\/wp-content\/uploads\/2017\/03\/Rulluisukool-ee.png","width":710,"height":710,"caption":"Rulluisukool"},"image":{"@id":"https:\/\/rulluisukool.ee\/#\/schema\/logo\/image\/"},"sameAs":["https:\/\/www.facebook.com\/rulluisukool","https:\/\/instagram.com\/rulluisukool","https:\/\/www.youtube.com\/channel\/UCUdSaiAVZmmNCOlAhU3_ONA"]}]}},"_links":{"self":[{"href":"https:\/\/rulluisukool.ee\/en\/wp-json\/wp\/v2\/product\/4308652122510332","targetHints":{"allow":["GET"]}}],"collection":[{"href":"https:\/\/rulluisukool.ee\/en\/wp-json\/wp\/v2\/product"}],"about":[{"href":"https:\/\/rulluisukool.ee\/en\/wp-json\/wp\/v2\/types\/product"}],"replies":[{"embeddable":true,"href":"https:\/\/rulluisukool.ee\/en\/wp-json\/wp\/v2\/comments?post=4308652122510332"}],"wp:featuredmedia":[{"embeddable":true,"href":"https:\/\/rulluisukool.ee\/en\/wp-json\/wp\/v2\/media\/4308652122511754"}],"wp:attachment":[{"href":"https:\/\/rulluisukool.ee\/en\/wp-json\/wp\/v2\/media?parent=4308652122510332"}],"wp:term":[{"taxonomy":"product_cat","embeddable":true,"href":"https:\/\/rulluisukool.ee\/en\/wp-json\/wp\/v2\/product_cat?post=4308652122510332"},{"taxonomy":"product_tag","embeddable":true,"href":"https:\/\/rulluisukool.ee\/en\/wp-json\/wp\/v2\/product_tag?post=4308652122510332"}],"curies":[{"name":"wp","href":"https:\/\/api.w.org\/{rel}","templated":true}]}}