{"id":4308652122510330,"date":"2021-12-13T11:05:05","date_gmt":"2021-12-13T09:05:05","guid":{"rendered":"https:\/\/rulluisukool.ee\/toode\/ennui-shock-sleeve-elbow-gasket-s-m\/"},"modified":"2025-12-03T21:45:04","modified_gmt":"2025-12-03T19:45:04","slug":"ennui-shock-sleeve-elbow-gasket","status":"publish","type":"product","link":"https:\/\/rulluisukool.ee\/en\/product\/ennui-shock-sleeve-elbow-gasket\/","title":{"rendered":"Ennui Shock Slee\u2026"},"content":{"rendered":"<p>The ENNUI Shock Sleeve Elbow Gasket is a slip-on sleeve that provides light weight and low profile softshell protection with maximum flexibility. The stretchable lycra sleeve with silicone anti-slip bands give the shock sleeve pad its perfect fit and flexibility. The soft and flexible MYFIT SPC padding becomes hard against impacts providing unparalleled protection and shock absorption while remaining comfortable and without restraining your movements. Our anatomically shaped molded padding includes a special abrasion resistant TPU coating. The ENNUI Shock sleeves offer reliable crash protection with outstanding freedom of movement. A great choice for those looking for unobtrusive protections worn under their clothing. Until they save you from a slam, nobody will notice you are wearing pads, not even yourself. FREE MOVEMENT, FULL PROTECTION.<\/p>","protected":false},"excerpt":{"rendered":"<ul>\n<li>\n<h5>Color: Black<\/h5>\n<\/li>\n<li>\n<h5>Gender: Unisex<\/h5>\n<\/li>\n<li>\n<h5>Product type: Elbow pads<\/h5>\n<\/li>\n<li>\n<h5>Recommended use: Urban Skating<\/h5>\n<\/li>\n<\/ul>","protected":false},"featured_media":4308652122511803,"comment_status":"open","ping_status":"closed","template":"","meta":{"site-sidebar-layout":"default","site-content-layout":"default","ast-global-header-display":"","ast-main-header-display":"","ast-hfb-above-header-display":"","ast-hfb-below-header-display":"","ast-hfb-mobile-header-display":"","site-post-title":"","ast-breadcrumbs-content":"","ast-featured-img":"","footer-sml-layout":"","theme-transparent-header-meta":"default","adv-header-id-meta":"","stick-header-meta":"","header-above-stick-meta":"","header-main-stick-meta":"","header-below-stick-meta":""},"product_cat":[115,170],"product_tag":[],"class_list":{"0":"post-4308652122510330","1":"product","2":"type-product","3":"status-publish","4":"has-post-thumbnail","6":"product_cat-kaitsevarustus","7":"product_cat-kaitsmed","8":"pa_suurus-l-xl","9":"pa_suurus-s-m","10":"pa_suurus-xxs-xs","11":"desktop-align-left","12":"tablet-align-left","13":"mobile-align-left","15":"first","16":"instock","17":"shipping-taxable","18":"purchasable","19":"product-type-variable"},"yoast_head":"<!-- This site is optimized with the Yoast SEO plugin v22.3 - https:\/\/yoast.com\/wordpress\/plugins\/seo\/ -->\n<title>Ennui Shock Sleeve Elbow Gasket - Rulluisukool<\/title>\n<meta name=\"description\" content=\"V\u00e4rvus: Must    Sugu: Unisex    Toote t\u00fc\u00fcp: K\u00fc\u00fcnarnukipadi    Soovitatav kasutamine: Urban Skating\" \/>\n<meta name=\"robots\" content=\"index, follow, max-snippet:-1, max-image-preview:large, max-video-preview:-1\" \/>\n<link rel=\"canonical\" href=\"https:\/\/rulluisukool.ee\/en\/product\/ennui-shock-sleeve-elbow-gasket\/\" \/>\n<meta property=\"og:locale\" content=\"en_GB\" \/>\n<meta property=\"og:type\" content=\"article\" \/>\n<meta property=\"og:title\" content=\"Ennui Shock Sleeve Elbow Gasket - Rulluisukool\" \/>\n<meta property=\"og:description\" content=\"V\u00e4rvus: Must    Sugu: Unisex    Toote t\u00fc\u00fcp: K\u00fc\u00fcnarnukipadi    Soovitatav kasutamine: Urban Skating\" \/>\n<meta property=\"og:url\" content=\"https:\/\/rulluisukool.ee\/en\/product\/ennui-shock-sleeve-elbow-gasket\/\" \/>\n<meta property=\"og:site_name\" content=\"Rulluisukool\" \/>\n<meta property=\"article:publisher\" content=\"https:\/\/www.facebook.com\/rulluisukool\" \/>\n<meta property=\"article:modified_time\" content=\"2025-12-03T19:45:04+00:00\" \/>\n<meta property=\"og:image\" content=\"https:\/\/rulluisukool.ee\/wp-content\/uploads\/2021\/12\/Ennui-Shock-Sleeve-Elbow-Gasket.jpg\" \/>\n\t<meta property=\"og:image:width\" content=\"619\" \/>\n\t<meta property=\"og:image:height\" content=\"594\" \/>\n\t<meta property=\"og:image:type\" content=\"image\/jpeg\" \/>\n<meta name=\"twitter:card\" content=\"summary_large_image\" \/>\n<meta name=\"twitter:label1\" content=\"Estimated reading time\" \/>\n\t<meta name=\"twitter:data1\" content=\"1 minute\" \/>\n<script type=\"application\/ld+json\" class=\"yoast-schema-graph\">{\"@context\":\"https:\/\/schema.org\",\"@graph\":[{\"@type\":\"WebPage\",\"@id\":\"https:\/\/rulluisukool.ee\/toode\/ennui-shock-sleeve-elbow-gasket\/\",\"url\":\"https:\/\/rulluisukool.ee\/toode\/ennui-shock-sleeve-elbow-gasket\/\",\"name\":\"Ennui Shock Sleeve Elbow Gasket - Rulluisukool\",\"isPartOf\":{\"@id\":\"https:\/\/rulluisukool.ee\/#website\"},\"primaryImageOfPage\":{\"@id\":\"https:\/\/rulluisukool.ee\/toode\/ennui-shock-sleeve-elbow-gasket\/#primaryimage\"},\"image\":{\"@id\":\"https:\/\/rulluisukool.ee\/toode\/ennui-shock-sleeve-elbow-gasket\/#primaryimage\"},\"thumbnailUrl\":\"https:\/\/rulluisukool.ee\/wp-content\/uploads\/2021\/12\/Ennui-Shock-Sleeve-Elbow-Gasket.jpg\",\"datePublished\":\"2021-12-13T09:05:05+00:00\",\"dateModified\":\"2025-12-03T19:45:04+00:00\",\"description\":\"V\u00e4rvus: Must Sugu: Unisex Toote t\u00fc\u00fcp: K\u00fc\u00fcnarnukipadi Soovitatav kasutamine: Urban Skating\",\"breadcrumb\":{\"@id\":\"https:\/\/rulluisukool.ee\/toode\/ennui-shock-sleeve-elbow-gasket\/#breadcrumb\"},\"inLanguage\":\"en-GB\",\"potentialAction\":[{\"@type\":\"ReadAction\",\"target\":[\"https:\/\/rulluisukool.ee\/toode\/ennui-shock-sleeve-elbow-gasket\/\"]}]},{\"@type\":\"ImageObject\",\"inLanguage\":\"en-GB\",\"@id\":\"https:\/\/rulluisukool.ee\/toode\/ennui-shock-sleeve-elbow-gasket\/#primaryimage\",\"url\":\"https:\/\/rulluisukool.ee\/wp-content\/uploads\/2021\/12\/Ennui-Shock-Sleeve-Elbow-Gasket.jpg\",\"contentUrl\":\"https:\/\/rulluisukool.ee\/wp-content\/uploads\/2021\/12\/Ennui-Shock-Sleeve-Elbow-Gasket.jpg\",\"width\":619,\"height\":594},{\"@type\":\"BreadcrumbList\",\"@id\":\"https:\/\/rulluisukool.ee\/toode\/ennui-shock-sleeve-elbow-gasket\/#breadcrumb\",\"itemListElement\":[{\"@type\":\"ListItem\",\"position\":1,\"name\":\"Home\",\"item\":\"https:\/\/rulluisukool.ee\/\"},{\"@type\":\"ListItem\",\"position\":2,\"name\":\"E-POOD\",\"item\":\"https:\/\/rulluisukool.ee\/en\/rulluisud-saapad-rattad-laagrid-kaitsevarustus-jaauisutamine\/\"},{\"@type\":\"ListItem\",\"position\":3,\"name\":\"Ennui Shock Slee\u2026\"}]},{\"@type\":\"WebSite\",\"@id\":\"https:\/\/rulluisukool.ee\/#website\",\"url\":\"https:\/\/rulluisukool.ee\/\",\"name\":\"Rulluisukool\",\"description\":\"\",\"publisher\":{\"@id\":\"https:\/\/rulluisukool.ee\/#organization\"},\"potentialAction\":[{\"@type\":\"SearchAction\",\"target\":{\"@type\":\"EntryPoint\",\"urlTemplate\":\"https:\/\/rulluisukool.ee\/?s={search_term_string}\"},\"query-input\":\"required name=search_term_string\"}],\"inLanguage\":\"en-GB\"},{\"@type\":\"Organization\",\"@id\":\"https:\/\/rulluisukool.ee\/#organization\",\"name\":\"Rulluisukool\",\"url\":\"https:\/\/rulluisukool.ee\/\",\"logo\":{\"@type\":\"ImageObject\",\"inLanguage\":\"en-GB\",\"@id\":\"https:\/\/rulluisukool.ee\/#\/schema\/logo\/image\/\",\"url\":\"https:\/\/rulluisukool.ee\/wp-content\/uploads\/2017\/03\/Rulluisukool-ee.png\",\"contentUrl\":\"https:\/\/rulluisukool.ee\/wp-content\/uploads\/2017\/03\/Rulluisukool-ee.png\",\"width\":710,\"height\":710,\"caption\":\"Rulluisukool\"},\"image\":{\"@id\":\"https:\/\/rulluisukool.ee\/#\/schema\/logo\/image\/\"},\"sameAs\":[\"https:\/\/www.facebook.com\/rulluisukool\",\"https:\/\/instagram.com\/rulluisukool\",\"https:\/\/www.youtube.com\/channel\/UCUdSaiAVZmmNCOlAhU3_ONA\"]}]}<\/script>\n<!-- \/ Yoast SEO plugin. -->","yoast_head_json":{"title":"Ennui Shock Sleeve Elbow Gasket - Rulluisukool","description":"V\u00e4rvus: Must    Sugu: Unisex    Toote t\u00fc\u00fcp: K\u00fc\u00fcnarnukipadi    Soovitatav kasutamine: Urban Skating","robots":{"index":"index","follow":"follow","max-snippet":"max-snippet:-1","max-image-preview":"max-image-preview:large","max-video-preview":"max-video-preview:-1"},"canonical":"https:\/\/rulluisukool.ee\/en\/product\/ennui-shock-sleeve-elbow-gasket\/","og_locale":"en_GB","og_type":"article","og_title":"Ennui Shock Sleeve Elbow Gasket - Rulluisukool","og_description":"V\u00e4rvus: Must    Sugu: Unisex    Toote t\u00fc\u00fcp: K\u00fc\u00fcnarnukipadi    Soovitatav kasutamine: Urban Skating","og_url":"https:\/\/rulluisukool.ee\/en\/product\/ennui-shock-sleeve-elbow-gasket\/","og_site_name":"Rulluisukool","article_publisher":"https:\/\/www.facebook.com\/rulluisukool","article_modified_time":"2025-12-03T19:45:04+00:00","og_image":[{"width":619,"height":594,"url":"https:\/\/rulluisukool.ee\/wp-content\/uploads\/2021\/12\/Ennui-Shock-Sleeve-Elbow-Gasket.jpg","type":"image\/jpeg"}],"twitter_card":"summary_large_image","twitter_misc":{"Estimated reading time":"1 minute"},"schema":{"@context":"https:\/\/schema.org","@graph":[{"@type":"WebPage","@id":"https:\/\/rulluisukool.ee\/toode\/ennui-shock-sleeve-elbow-gasket\/","url":"https:\/\/rulluisukool.ee\/toode\/ennui-shock-sleeve-elbow-gasket\/","name":"Ennui Shock Sleeve Elbow Gasket - Rulluisukool","isPartOf":{"@id":"https:\/\/rulluisukool.ee\/#website"},"primaryImageOfPage":{"@id":"https:\/\/rulluisukool.ee\/toode\/ennui-shock-sleeve-elbow-gasket\/#primaryimage"},"image":{"@id":"https:\/\/rulluisukool.ee\/toode\/ennui-shock-sleeve-elbow-gasket\/#primaryimage"},"thumbnailUrl":"https:\/\/rulluisukool.ee\/wp-content\/uploads\/2021\/12\/Ennui-Shock-Sleeve-Elbow-Gasket.jpg","datePublished":"2021-12-13T09:05:05+00:00","dateModified":"2025-12-03T19:45:04+00:00","description":"V\u00e4rvus: Must Sugu: Unisex Toote t\u00fc\u00fcp: K\u00fc\u00fcnarnukipadi Soovitatav kasutamine: Urban Skating","breadcrumb":{"@id":"https:\/\/rulluisukool.ee\/toode\/ennui-shock-sleeve-elbow-gasket\/#breadcrumb"},"inLanguage":"en-GB","potentialAction":[{"@type":"ReadAction","target":["https:\/\/rulluisukool.ee\/toode\/ennui-shock-sleeve-elbow-gasket\/"]}]},{"@type":"ImageObject","inLanguage":"en-GB","@id":"https:\/\/rulluisukool.ee\/toode\/ennui-shock-sleeve-elbow-gasket\/#primaryimage","url":"https:\/\/rulluisukool.ee\/wp-content\/uploads\/2021\/12\/Ennui-Shock-Sleeve-Elbow-Gasket.jpg","contentUrl":"https:\/\/rulluisukool.ee\/wp-content\/uploads\/2021\/12\/Ennui-Shock-Sleeve-Elbow-Gasket.jpg","width":619,"height":594},{"@type":"BreadcrumbList","@id":"https:\/\/rulluisukool.ee\/toode\/ennui-shock-sleeve-elbow-gasket\/#breadcrumb","itemListElement":[{"@type":"ListItem","position":1,"name":"Home","item":"https:\/\/rulluisukool.ee\/"},{"@type":"ListItem","position":2,"name":"E-POOD","item":"https:\/\/rulluisukool.ee\/en\/rulluisud-saapad-rattad-laagrid-kaitsevarustus-jaauisutamine\/"},{"@type":"ListItem","position":3,"name":"Ennui Shock Slee\u2026"}]},{"@type":"WebSite","@id":"https:\/\/rulluisukool.ee\/#website","url":"https:\/\/rulluisukool.ee\/","name":"Rulluisukool","description":"","publisher":{"@id":"https:\/\/rulluisukool.ee\/#organization"},"potentialAction":[{"@type":"SearchAction","target":{"@type":"EntryPoint","urlTemplate":"https:\/\/rulluisukool.ee\/?s={search_term_string}"},"query-input":"required name=search_term_string"}],"inLanguage":"en-GB"},{"@type":"Organization","@id":"https:\/\/rulluisukool.ee\/#organization","name":"Rulluisukool","url":"https:\/\/rulluisukool.ee\/","logo":{"@type":"ImageObject","inLanguage":"en-GB","@id":"https:\/\/rulluisukool.ee\/#\/schema\/logo\/image\/","url":"https:\/\/rulluisukool.ee\/wp-content\/uploads\/2017\/03\/Rulluisukool-ee.png","contentUrl":"https:\/\/rulluisukool.ee\/wp-content\/uploads\/2017\/03\/Rulluisukool-ee.png","width":710,"height":710,"caption":"Rulluisukool"},"image":{"@id":"https:\/\/rulluisukool.ee\/#\/schema\/logo\/image\/"},"sameAs":["https:\/\/www.facebook.com\/rulluisukool","https:\/\/instagram.com\/rulluisukool","https:\/\/www.youtube.com\/channel\/UCUdSaiAVZmmNCOlAhU3_ONA"]}]}},"_links":{"self":[{"href":"https:\/\/rulluisukool.ee\/en\/wp-json\/wp\/v2\/product\/4308652122510330","targetHints":{"allow":["GET"]}}],"collection":[{"href":"https:\/\/rulluisukool.ee\/en\/wp-json\/wp\/v2\/product"}],"about":[{"href":"https:\/\/rulluisukool.ee\/en\/wp-json\/wp\/v2\/types\/product"}],"replies":[{"embeddable":true,"href":"https:\/\/rulluisukool.ee\/en\/wp-json\/wp\/v2\/comments?post=4308652122510330"}],"wp:featuredmedia":[{"embeddable":true,"href":"https:\/\/rulluisukool.ee\/en\/wp-json\/wp\/v2\/media\/4308652122511803"}],"wp:attachment":[{"href":"https:\/\/rulluisukool.ee\/en\/wp-json\/wp\/v2\/media?parent=4308652122510330"}],"wp:term":[{"taxonomy":"product_cat","embeddable":true,"href":"https:\/\/rulluisukool.ee\/en\/wp-json\/wp\/v2\/product_cat?post=4308652122510330"},{"taxonomy":"product_tag","embeddable":true,"href":"https:\/\/rulluisukool.ee\/en\/wp-json\/wp\/v2\/product_tag?post=4308652122510330"}],"curies":[{"name":"wp","href":"https:\/\/api.w.org\/{rel}","templated":true}]}}