{"id":4308652122510284,"date":"2021-12-13T11:04:56","date_gmt":"2021-12-13T09:04:56","guid":{"rendered":"https:\/\/rulluisukool.ee\/toode\/powerslide-hc-evo-pro-42\/"},"modified":"2025-12-03T21:35:02","modified_gmt":"2025-12-03T19:35:02","slug":"powerslide-hc-evo-pro","status":"publish","type":"product","link":"https:\/\/rulluisukool.ee\/en\/product\/powerslide-hc-evo-pro\/","title":{"rendered":"Powerslide HC Evo Pro Boot"},"content":{"rendered":"<p>Create your own skate with the HC Evo, Powerslide\u00b4s top notch urban carbon boot. Our\npatented TRINITY 3-point mounting system gives you the freedom of choice to set up a\nskate that perfectly suits just YOU! Thrilling SUV skating action, long rides for your daily\nworkout, an agile commuter skate to explore the city or shredding some rails and curbs -\neverything is possible! The HC Evo has become a legend in freeskating. It\u00b4s a state of the\nart boot which scores with fit, comfort and performance. The boot offers a great fit right out\nof the box. But even if you should have some pressure points you can easily solve it by\nheat molding the carbon shell. To give you perfect support we added some kevlar wires to\nthe upper which is coated by strong and durable TPU-material. A stiff outside, but soft\ninside make this boot stand out from the crowd. Create the skate which suits you best or\nbe flexible and switch between disciplines by adding a second frame setup to your skate.\nThe HC Evo boot is a fun booster for all your skating activities from urban skating to\nfreestyle, from downhill to just cruising. You can even play hockey with your friends or go\nfor some endurance training.<\/p>","protected":false},"excerpt":{"rendered":"<h5>HC Evo on Powerslide&#8217;i k\u00f5rgekvaliteetne Urban- s\u00fcsinikusaabas. Patenteeritud kolmepunktiline TRINITY kinnituss\u00fcsteem annab teile vabaduse vahetada uisuraame vastavalt just sellele uisustiilile, mida soovite harrastada.<\/h5>","protected":false},"featured_media":4308652122515334,"comment_status":"open","ping_status":"closed","template":"","meta":{"site-sidebar-layout":"default","site-content-layout":"default","ast-global-header-display":"","ast-main-header-display":"","ast-hfb-above-header-display":"","ast-hfb-below-header-display":"","ast-hfb-mobile-header-display":"","site-post-title":"","ast-breadcrumbs-content":"","ast-featured-img":"","footer-sml-layout":"","theme-transparent-header-meta":"default","adv-header-id-meta":"","stick-header-meta":"","header-above-stick-meta":"","header-main-stick-meta":"","header-below-stick-meta":""},"product_cat":[159,160,111,112],"product_tag":[],"class_list":{"0":"post-4308652122510284","1":"product","2":"type-product","3":"status-publish","4":"has-post-thumbnail","6":"product_cat-hardcore-evo","7":"product_cat-hardcore-evo-rulluisud","8":"product_cat-rulluisud","9":"product_cat-saapad","10":"pa_suurus-341","11":"pa_suurus-133","12":"pa_suurus-130","13":"desktop-align-left","14":"tablet-align-left","15":"mobile-align-left","17":"first","18":"instock","19":"shipping-taxable","20":"purchasable","21":"product-type-variable"},"yoast_head":"<!-- This site is optimized with the Yoast SEO plugin v22.3 - https:\/\/yoast.com\/wordpress\/plugins\/seo\/ -->\n<title>Powerslide HC Evo Pro Boot - Rulluisukool<\/title>\n<meta name=\"description\" content=\"HC Evo on Powerslide&#039;i k\u00f5rgekvaliteetne Urban- s\u00fcsinikusaabas. Patenteeritud kolmepunktiline TRINITY kinnituss\u00fcsteem annab teile vabaduse vahetada uisuraame vastavalt just sellele uisustiilile, mida soovite harrastada.\" \/>\n<meta name=\"robots\" content=\"index, follow, max-snippet:-1, max-image-preview:large, max-video-preview:-1\" \/>\n<link rel=\"canonical\" href=\"https:\/\/rulluisukool.ee\/en\/product\/powerslide-hc-evo-pro\/\" \/>\n<meta property=\"og:locale\" content=\"en_GB\" \/>\n<meta property=\"og:type\" content=\"article\" \/>\n<meta property=\"og:title\" content=\"Powerslide HC Evo Pro Boot - Rulluisukool\" \/>\n<meta property=\"og:description\" content=\"HC Evo on Powerslide&#039;i k\u00f5rgekvaliteetne Urban- s\u00fcsinikusaabas. Patenteeritud kolmepunktiline TRINITY kinnituss\u00fcsteem annab teile vabaduse vahetada uisuraame vastavalt just sellele uisustiilile, mida soovite harrastada.\" \/>\n<meta property=\"og:url\" content=\"https:\/\/rulluisukool.ee\/en\/product\/powerslide-hc-evo-pro\/\" \/>\n<meta property=\"og:site_name\" content=\"Rulluisukool\" \/>\n<meta property=\"article:publisher\" content=\"https:\/\/www.facebook.com\/rulluisukool\" \/>\n<meta property=\"article:modified_time\" content=\"2025-12-03T19:35:02+00:00\" \/>\n<meta property=\"og:image\" content=\"https:\/\/rulluisukool.ee\/wp-content\/uploads\/2021\/12\/20190214153805-0c2d8ec0-me.jpg\" \/>\n\t<meta property=\"og:image:width\" content=\"680\" \/>\n\t<meta property=\"og:image:height\" content=\"594\" \/>\n\t<meta property=\"og:image:type\" content=\"image\/jpeg\" \/>\n<meta name=\"twitter:card\" content=\"summary_large_image\" \/>\n<meta name=\"twitter:label1\" content=\"Estimated reading time\" \/>\n\t<meta name=\"twitter:data1\" content=\"1 minute\" \/>\n<script type=\"application\/ld+json\" class=\"yoast-schema-graph\">{\"@context\":\"https:\/\/schema.org\",\"@graph\":[{\"@type\":\"WebPage\",\"@id\":\"https:\/\/rulluisukool.ee\/toode\/powerslide-hc-evo-pro\/\",\"url\":\"https:\/\/rulluisukool.ee\/toode\/powerslide-hc-evo-pro\/\",\"name\":\"Powerslide HC Evo Pro Boot - Rulluisukool\",\"isPartOf\":{\"@id\":\"https:\/\/rulluisukool.ee\/#website\"},\"primaryImageOfPage\":{\"@id\":\"https:\/\/rulluisukool.ee\/toode\/powerslide-hc-evo-pro\/#primaryimage\"},\"image\":{\"@id\":\"https:\/\/rulluisukool.ee\/toode\/powerslide-hc-evo-pro\/#primaryimage\"},\"thumbnailUrl\":\"https:\/\/rulluisukool.ee\/wp-content\/uploads\/2021\/12\/20190214153805-0c2d8ec0-me.jpg\",\"datePublished\":\"2021-12-13T09:04:56+00:00\",\"dateModified\":\"2025-12-03T19:35:02+00:00\",\"description\":\"HC Evo on Powerslide'i k\u00f5rgekvaliteetne Urban- s\u00fcsinikusaabas. Patenteeritud kolmepunktiline TRINITY kinnituss\u00fcsteem annab teile vabaduse vahetada uisuraame vastavalt just sellele uisustiilile, mida soovite harrastada.\",\"breadcrumb\":{\"@id\":\"https:\/\/rulluisukool.ee\/toode\/powerslide-hc-evo-pro\/#breadcrumb\"},\"inLanguage\":\"en-GB\",\"potentialAction\":[{\"@type\":\"ReadAction\",\"target\":[\"https:\/\/rulluisukool.ee\/toode\/powerslide-hc-evo-pro\/\"]}]},{\"@type\":\"ImageObject\",\"inLanguage\":\"en-GB\",\"@id\":\"https:\/\/rulluisukool.ee\/toode\/powerslide-hc-evo-pro\/#primaryimage\",\"url\":\"https:\/\/rulluisukool.ee\/wp-content\/uploads\/2021\/12\/20190214153805-0c2d8ec0-me.jpg\",\"contentUrl\":\"https:\/\/rulluisukool.ee\/wp-content\/uploads\/2021\/12\/20190214153805-0c2d8ec0-me.jpg\",\"width\":680,\"height\":594},{\"@type\":\"BreadcrumbList\",\"@id\":\"https:\/\/rulluisukool.ee\/toode\/powerslide-hc-evo-pro\/#breadcrumb\",\"itemListElement\":[{\"@type\":\"ListItem\",\"position\":1,\"name\":\"Home\",\"item\":\"https:\/\/rulluisukool.ee\/\"},{\"@type\":\"ListItem\",\"position\":2,\"name\":\"E-POOD\",\"item\":\"https:\/\/rulluisukool.ee\/en\/rulluisud-saapad-rattad-laagrid-kaitsevarustus-jaauisutamine\/\"},{\"@type\":\"ListItem\",\"position\":3,\"name\":\"Powerslide HC Evo Pro Boot\"}]},{\"@type\":\"WebSite\",\"@id\":\"https:\/\/rulluisukool.ee\/#website\",\"url\":\"https:\/\/rulluisukool.ee\/\",\"name\":\"Rulluisukool\",\"description\":\"\",\"publisher\":{\"@id\":\"https:\/\/rulluisukool.ee\/#organization\"},\"potentialAction\":[{\"@type\":\"SearchAction\",\"target\":{\"@type\":\"EntryPoint\",\"urlTemplate\":\"https:\/\/rulluisukool.ee\/?s={search_term_string}\"},\"query-input\":\"required name=search_term_string\"}],\"inLanguage\":\"en-GB\"},{\"@type\":\"Organization\",\"@id\":\"https:\/\/rulluisukool.ee\/#organization\",\"name\":\"Rulluisukool\",\"url\":\"https:\/\/rulluisukool.ee\/\",\"logo\":{\"@type\":\"ImageObject\",\"inLanguage\":\"en-GB\",\"@id\":\"https:\/\/rulluisukool.ee\/#\/schema\/logo\/image\/\",\"url\":\"https:\/\/rulluisukool.ee\/wp-content\/uploads\/2017\/03\/Rulluisukool-ee.png\",\"contentUrl\":\"https:\/\/rulluisukool.ee\/wp-content\/uploads\/2017\/03\/Rulluisukool-ee.png\",\"width\":710,\"height\":710,\"caption\":\"Rulluisukool\"},\"image\":{\"@id\":\"https:\/\/rulluisukool.ee\/#\/schema\/logo\/image\/\"},\"sameAs\":[\"https:\/\/www.facebook.com\/rulluisukool\",\"https:\/\/instagram.com\/rulluisukool\",\"https:\/\/www.youtube.com\/channel\/UCUdSaiAVZmmNCOlAhU3_ONA\"]}]}<\/script>\n<!-- \/ Yoast SEO plugin. -->","yoast_head_json":{"title":"Powerslide HC Evo Pro Boot - Rulluisukool","description":"HC Evo on Powerslide'i k\u00f5rgekvaliteetne Urban- s\u00fcsinikusaabas. Patenteeritud kolmepunktiline TRINITY kinnituss\u00fcsteem annab teile vabaduse vahetada uisuraame vastavalt just sellele uisustiilile, mida soovite harrastada.","robots":{"index":"index","follow":"follow","max-snippet":"max-snippet:-1","max-image-preview":"max-image-preview:large","max-video-preview":"max-video-preview:-1"},"canonical":"https:\/\/rulluisukool.ee\/en\/product\/powerslide-hc-evo-pro\/","og_locale":"en_GB","og_type":"article","og_title":"Powerslide HC Evo Pro Boot - Rulluisukool","og_description":"HC Evo on Powerslide'i k\u00f5rgekvaliteetne Urban- s\u00fcsinikusaabas. Patenteeritud kolmepunktiline TRINITY kinnituss\u00fcsteem annab teile vabaduse vahetada uisuraame vastavalt just sellele uisustiilile, mida soovite harrastada.","og_url":"https:\/\/rulluisukool.ee\/en\/product\/powerslide-hc-evo-pro\/","og_site_name":"Rulluisukool","article_publisher":"https:\/\/www.facebook.com\/rulluisukool","article_modified_time":"2025-12-03T19:35:02+00:00","og_image":[{"width":680,"height":594,"url":"https:\/\/rulluisukool.ee\/wp-content\/uploads\/2021\/12\/20190214153805-0c2d8ec0-me.jpg","type":"image\/jpeg"}],"twitter_card":"summary_large_image","twitter_misc":{"Estimated reading time":"1 minute"},"schema":{"@context":"https:\/\/schema.org","@graph":[{"@type":"WebPage","@id":"https:\/\/rulluisukool.ee\/toode\/powerslide-hc-evo-pro\/","url":"https:\/\/rulluisukool.ee\/toode\/powerslide-hc-evo-pro\/","name":"Powerslide HC Evo Pro Boot - Rulluisukool","isPartOf":{"@id":"https:\/\/rulluisukool.ee\/#website"},"primaryImageOfPage":{"@id":"https:\/\/rulluisukool.ee\/toode\/powerslide-hc-evo-pro\/#primaryimage"},"image":{"@id":"https:\/\/rulluisukool.ee\/toode\/powerslide-hc-evo-pro\/#primaryimage"},"thumbnailUrl":"https:\/\/rulluisukool.ee\/wp-content\/uploads\/2021\/12\/20190214153805-0c2d8ec0-me.jpg","datePublished":"2021-12-13T09:04:56+00:00","dateModified":"2025-12-03T19:35:02+00:00","description":"HC Evo on Powerslide'i k\u00f5rgekvaliteetne Urban- s\u00fcsinikusaabas. Patenteeritud kolmepunktiline TRINITY kinnituss\u00fcsteem annab teile vabaduse vahetada uisuraame vastavalt just sellele uisustiilile, mida soovite harrastada.","breadcrumb":{"@id":"https:\/\/rulluisukool.ee\/toode\/powerslide-hc-evo-pro\/#breadcrumb"},"inLanguage":"en-GB","potentialAction":[{"@type":"ReadAction","target":["https:\/\/rulluisukool.ee\/toode\/powerslide-hc-evo-pro\/"]}]},{"@type":"ImageObject","inLanguage":"en-GB","@id":"https:\/\/rulluisukool.ee\/toode\/powerslide-hc-evo-pro\/#primaryimage","url":"https:\/\/rulluisukool.ee\/wp-content\/uploads\/2021\/12\/20190214153805-0c2d8ec0-me.jpg","contentUrl":"https:\/\/rulluisukool.ee\/wp-content\/uploads\/2021\/12\/20190214153805-0c2d8ec0-me.jpg","width":680,"height":594},{"@type":"BreadcrumbList","@id":"https:\/\/rulluisukool.ee\/toode\/powerslide-hc-evo-pro\/#breadcrumb","itemListElement":[{"@type":"ListItem","position":1,"name":"Home","item":"https:\/\/rulluisukool.ee\/"},{"@type":"ListItem","position":2,"name":"E-POOD","item":"https:\/\/rulluisukool.ee\/en\/rulluisud-saapad-rattad-laagrid-kaitsevarustus-jaauisutamine\/"},{"@type":"ListItem","position":3,"name":"Powerslide HC Evo Pro Boot"}]},{"@type":"WebSite","@id":"https:\/\/rulluisukool.ee\/#website","url":"https:\/\/rulluisukool.ee\/","name":"Rulluisukool","description":"","publisher":{"@id":"https:\/\/rulluisukool.ee\/#organization"},"potentialAction":[{"@type":"SearchAction","target":{"@type":"EntryPoint","urlTemplate":"https:\/\/rulluisukool.ee\/?s={search_term_string}"},"query-input":"required name=search_term_string"}],"inLanguage":"en-GB"},{"@type":"Organization","@id":"https:\/\/rulluisukool.ee\/#organization","name":"Rulluisukool","url":"https:\/\/rulluisukool.ee\/","logo":{"@type":"ImageObject","inLanguage":"en-GB","@id":"https:\/\/rulluisukool.ee\/#\/schema\/logo\/image\/","url":"https:\/\/rulluisukool.ee\/wp-content\/uploads\/2017\/03\/Rulluisukool-ee.png","contentUrl":"https:\/\/rulluisukool.ee\/wp-content\/uploads\/2017\/03\/Rulluisukool-ee.png","width":710,"height":710,"caption":"Rulluisukool"},"image":{"@id":"https:\/\/rulluisukool.ee\/#\/schema\/logo\/image\/"},"sameAs":["https:\/\/www.facebook.com\/rulluisukool","https:\/\/instagram.com\/rulluisukool","https:\/\/www.youtube.com\/channel\/UCUdSaiAVZmmNCOlAhU3_ONA"]}]}},"_links":{"self":[{"href":"https:\/\/rulluisukool.ee\/en\/wp-json\/wp\/v2\/product\/4308652122510284","targetHints":{"allow":["GET"]}}],"collection":[{"href":"https:\/\/rulluisukool.ee\/en\/wp-json\/wp\/v2\/product"}],"about":[{"href":"https:\/\/rulluisukool.ee\/en\/wp-json\/wp\/v2\/types\/product"}],"replies":[{"embeddable":true,"href":"https:\/\/rulluisukool.ee\/en\/wp-json\/wp\/v2\/comments?post=4308652122510284"}],"wp:featuredmedia":[{"embeddable":true,"href":"https:\/\/rulluisukool.ee\/en\/wp-json\/wp\/v2\/media\/4308652122515334"}],"wp:attachment":[{"href":"https:\/\/rulluisukool.ee\/en\/wp-json\/wp\/v2\/media?parent=4308652122510284"}],"wp:term":[{"taxonomy":"product_cat","embeddable":true,"href":"https:\/\/rulluisukool.ee\/en\/wp-json\/wp\/v2\/product_cat?post=4308652122510284"},{"taxonomy":"product_tag","embeddable":true,"href":"https:\/\/rulluisukool.ee\/en\/wp-json\/wp\/v2\/product_tag?post=4308652122510284"}],"curies":[{"name":"wp","href":"https:\/\/api.w.org\/{rel}","templated":true}]}}