{"id":4308652122510274,"date":"2021-12-13T11:04:55","date_gmt":"2021-12-13T09:04:55","guid":{"rendered":"https:\/\/rulluisukool.ee\/toode\/powerslide-edge-trinity-frame-2x150\/"},"modified":"2025-12-03T21:50:06","modified_gmt":"2025-12-03T19:50:06","slug":"powerslide-edge-trinity-frame-2x150","status":"publish","type":"product","link":"https:\/\/rulluisukool.ee\/en\/product\/powerslide-edge-trinity-frame-2x150\/","title":{"rendered":"Powerslide Edge \u2026"},"content":{"rendered":"<p>Powerslide Edge TRINITY 150 frame - the best of both worlds. Are you looking for new challenges? Switching to another skate discipline has never been easier. TRINITY isn\u00b4t just the best performing mounting system for Inline skates, it`s also compatible with ALL our models, so with a single Powerslide Trinity mounting boot you can enjoy all segments of skating at any time. Simply change the frames and you\u00b4re ready for anything - fitness, speed, urban, off road, hockey or even ice - TRINITY offers the biggest selection of frames. The Edge 150 is our first two wheel frame setup. The basic idea was to safe some weight, but at the same time we also wanted to increase its agility. The result is the Edge TRINITY SUV frame - slightly shorter than the Outback and also using 150mm tires in order to master all kinds of surfaces with ease.The frame itself has been developed for extreme use. The advantages of the three point mounting are evident. The extra mounting point with the two wings in the front offers increased balance, stability and control as well as better power transfer. TRINITY also offers the well known X-slot mounting system which allows you to customize your boot-frame position by shifting the frame from both side to side plus forwards and backwards. The Next Edge SUV 150 combines the best of both worlds - speed and agility.<\/p>","protected":false},"excerpt":{"rendered":"<p>The Powerslide Edge 150 frameset is a strong and durable TRINITY frame with 2 wheels made with a perfect CNC machining and laser print.<\/p>","protected":false},"featured_media":4308652122511619,"comment_status":"open","ping_status":"closed","template":"","meta":{"site-sidebar-layout":"default","site-content-layout":"default","ast-global-header-display":"","ast-main-header-display":"","ast-hfb-above-header-display":"","ast-hfb-below-header-display":"","ast-hfb-mobile-header-display":"","site-post-title":"","ast-breadcrumbs-content":"","ast-featured-img":"","footer-sml-layout":"","theme-transparent-header-meta":"default","adv-header-id-meta":"","stick-header-meta":"","header-above-stick-meta":"","header-main-stick-meta":"","header-below-stick-meta":""},"product_cat":[141],"product_tag":[],"class_list":{"0":"post-4308652122510274","1":"product","2":"type-product","3":"status-publish","4":"has-post-thumbnail","6":"product_cat-raamid","7":"desktop-align-left","8":"tablet-align-left","9":"mobile-align-left","11":"first","12":"outofstock","13":"sold-individually","14":"shipping-taxable","15":"purchasable","16":"product-type-simple"},"yoast_head":"<!-- This site is optimized with the Yoast SEO plugin v22.3 - https:\/\/yoast.com\/wordpress\/plugins\/seo\/ -->\n<title>Powerslide Edge Trinity Frame 2x150 - Rulluisukool<\/title>\n<meta name=\"description\" content=\"Raamikomplekt Powerslide Edge 150 on tugev ja vastupidav TRINITY raam, millel on 2 ratast, mis on valmistatud t\u00e4iusliku CNC-t\u00f6\u00f6tluse ja laserprintimisega.\" \/>\n<meta name=\"robots\" content=\"index, follow, max-snippet:-1, max-image-preview:large, max-video-preview:-1\" \/>\n<link rel=\"canonical\" href=\"https:\/\/rulluisukool.ee\/en\/product\/powerslide-edge-trinity-frame-2x150\/\" \/>\n<meta property=\"og:locale\" content=\"en_GB\" \/>\n<meta property=\"og:type\" content=\"article\" \/>\n<meta property=\"og:title\" content=\"Powerslide Edge Trinity Frame 2x150 - Rulluisukool\" \/>\n<meta property=\"og:description\" content=\"Raamikomplekt Powerslide Edge 150 on tugev ja vastupidav TRINITY raam, millel on 2 ratast, mis on valmistatud t\u00e4iusliku CNC-t\u00f6\u00f6tluse ja laserprintimisega.\" \/>\n<meta property=\"og:url\" content=\"https:\/\/rulluisukool.ee\/en\/product\/powerslide-edge-trinity-frame-2x150\/\" \/>\n<meta property=\"og:site_name\" content=\"Rulluisukool\" \/>\n<meta property=\"article:publisher\" content=\"https:\/\/www.facebook.com\/rulluisukool\" \/>\n<meta property=\"article:modified_time\" content=\"2025-12-03T19:50:06+00:00\" \/>\n<meta property=\"og:image\" content=\"https:\/\/rulluisukool.ee\/wp-content\/uploads\/2021\/12\/Powerslide-Edge-Trinity-Frame-2x150-1.jpg\" \/>\n\t<meta property=\"og:image:width\" content=\"619\" \/>\n\t<meta property=\"og:image:height\" content=\"594\" \/>\n\t<meta property=\"og:image:type\" content=\"image\/jpeg\" \/>\n<meta name=\"twitter:card\" content=\"summary_large_image\" \/>\n<meta name=\"twitter:label1\" content=\"Estimated reading time\" \/>\n\t<meta name=\"twitter:data1\" content=\"1 minute\" \/>\n<script type=\"application\/ld+json\" class=\"yoast-schema-graph\">{\"@context\":\"https:\/\/schema.org\",\"@graph\":[{\"@type\":\"WebPage\",\"@id\":\"https:\/\/rulluisukool.ee\/toode\/powerslide-edge-trinity-frame-2x150\/\",\"url\":\"https:\/\/rulluisukool.ee\/toode\/powerslide-edge-trinity-frame-2x150\/\",\"name\":\"Powerslide Edge Trinity Frame 2x150 - Rulluisukool\",\"isPartOf\":{\"@id\":\"https:\/\/rulluisukool.ee\/#website\"},\"primaryImageOfPage\":{\"@id\":\"https:\/\/rulluisukool.ee\/toode\/powerslide-edge-trinity-frame-2x150\/#primaryimage\"},\"image\":{\"@id\":\"https:\/\/rulluisukool.ee\/toode\/powerslide-edge-trinity-frame-2x150\/#primaryimage\"},\"thumbnailUrl\":\"https:\/\/rulluisukool.ee\/wp-content\/uploads\/2021\/12\/Powerslide-Edge-Trinity-Frame-2x150-1.jpg\",\"datePublished\":\"2021-12-13T09:04:55+00:00\",\"dateModified\":\"2025-12-03T19:50:06+00:00\",\"description\":\"Raamikomplekt Powerslide Edge 150 on tugev ja vastupidav TRINITY raam, millel on 2 ratast, mis on valmistatud t\u00e4iusliku CNC-t\u00f6\u00f6tluse ja laserprintimisega.\",\"breadcrumb\":{\"@id\":\"https:\/\/rulluisukool.ee\/toode\/powerslide-edge-trinity-frame-2x150\/#breadcrumb\"},\"inLanguage\":\"en-GB\",\"potentialAction\":[{\"@type\":\"ReadAction\",\"target\":[\"https:\/\/rulluisukool.ee\/toode\/powerslide-edge-trinity-frame-2x150\/\"]}]},{\"@type\":\"ImageObject\",\"inLanguage\":\"en-GB\",\"@id\":\"https:\/\/rulluisukool.ee\/toode\/powerslide-edge-trinity-frame-2x150\/#primaryimage\",\"url\":\"https:\/\/rulluisukool.ee\/wp-content\/uploads\/2021\/12\/Powerslide-Edge-Trinity-Frame-2x150-1.jpg\",\"contentUrl\":\"https:\/\/rulluisukool.ee\/wp-content\/uploads\/2021\/12\/Powerslide-Edge-Trinity-Frame-2x150-1.jpg\",\"width\":619,\"height\":594},{\"@type\":\"BreadcrumbList\",\"@id\":\"https:\/\/rulluisukool.ee\/toode\/powerslide-edge-trinity-frame-2x150\/#breadcrumb\",\"itemListElement\":[{\"@type\":\"ListItem\",\"position\":1,\"name\":\"Home\",\"item\":\"https:\/\/rulluisukool.ee\/\"},{\"@type\":\"ListItem\",\"position\":2,\"name\":\"E-POOD\",\"item\":\"https:\/\/rulluisukool.ee\/en\/rulluisud-saapad-rattad-laagrid-kaitsevarustus-jaauisutamine\/\"},{\"@type\":\"ListItem\",\"position\":3,\"name\":\"Powerslide Edge Trinity Frame 2&#215;150\"}]},{\"@type\":\"WebSite\",\"@id\":\"https:\/\/rulluisukool.ee\/#website\",\"url\":\"https:\/\/rulluisukool.ee\/\",\"name\":\"Rulluisukool\",\"description\":\"\",\"publisher\":{\"@id\":\"https:\/\/rulluisukool.ee\/#organization\"},\"potentialAction\":[{\"@type\":\"SearchAction\",\"target\":{\"@type\":\"EntryPoint\",\"urlTemplate\":\"https:\/\/rulluisukool.ee\/?s={search_term_string}\"},\"query-input\":\"required name=search_term_string\"}],\"inLanguage\":\"en-GB\"},{\"@type\":\"Organization\",\"@id\":\"https:\/\/rulluisukool.ee\/#organization\",\"name\":\"Rulluisukool\",\"url\":\"https:\/\/rulluisukool.ee\/\",\"logo\":{\"@type\":\"ImageObject\",\"inLanguage\":\"en-GB\",\"@id\":\"https:\/\/rulluisukool.ee\/#\/schema\/logo\/image\/\",\"url\":\"https:\/\/rulluisukool.ee\/wp-content\/uploads\/2017\/03\/Rulluisukool-ee.png\",\"contentUrl\":\"https:\/\/rulluisukool.ee\/wp-content\/uploads\/2017\/03\/Rulluisukool-ee.png\",\"width\":710,\"height\":710,\"caption\":\"Rulluisukool\"},\"image\":{\"@id\":\"https:\/\/rulluisukool.ee\/#\/schema\/logo\/image\/\"},\"sameAs\":[\"https:\/\/www.facebook.com\/rulluisukool\",\"https:\/\/instagram.com\/rulluisukool\",\"https:\/\/www.youtube.com\/channel\/UCUdSaiAVZmmNCOlAhU3_ONA\"]}]}<\/script>\n<!-- \/ Yoast SEO plugin. -->","yoast_head_json":{"title":"Powerslide Edge Trinity Frame 2x150 - Rulluisukool","description":"Raamikomplekt Powerslide Edge 150 on tugev ja vastupidav TRINITY raam, millel on 2 ratast, mis on valmistatud t\u00e4iusliku CNC-t\u00f6\u00f6tluse ja laserprintimisega.","robots":{"index":"index","follow":"follow","max-snippet":"max-snippet:-1","max-image-preview":"max-image-preview:large","max-video-preview":"max-video-preview:-1"},"canonical":"https:\/\/rulluisukool.ee\/en\/product\/powerslide-edge-trinity-frame-2x150\/","og_locale":"en_GB","og_type":"article","og_title":"Powerslide Edge Trinity Frame 2x150 - Rulluisukool","og_description":"Raamikomplekt Powerslide Edge 150 on tugev ja vastupidav TRINITY raam, millel on 2 ratast, mis on valmistatud t\u00e4iusliku CNC-t\u00f6\u00f6tluse ja laserprintimisega.","og_url":"https:\/\/rulluisukool.ee\/en\/product\/powerslide-edge-trinity-frame-2x150\/","og_site_name":"Rulluisukool","article_publisher":"https:\/\/www.facebook.com\/rulluisukool","article_modified_time":"2025-12-03T19:50:06+00:00","og_image":[{"width":619,"height":594,"url":"https:\/\/rulluisukool.ee\/wp-content\/uploads\/2021\/12\/Powerslide-Edge-Trinity-Frame-2x150-1.jpg","type":"image\/jpeg"}],"twitter_card":"summary_large_image","twitter_misc":{"Estimated reading time":"1 minute"},"schema":{"@context":"https:\/\/schema.org","@graph":[{"@type":"WebPage","@id":"https:\/\/rulluisukool.ee\/toode\/powerslide-edge-trinity-frame-2x150\/","url":"https:\/\/rulluisukool.ee\/toode\/powerslide-edge-trinity-frame-2x150\/","name":"Powerslide Edge Trinity Frame 2x150 - Rulluisukool","isPartOf":{"@id":"https:\/\/rulluisukool.ee\/#website"},"primaryImageOfPage":{"@id":"https:\/\/rulluisukool.ee\/toode\/powerslide-edge-trinity-frame-2x150\/#primaryimage"},"image":{"@id":"https:\/\/rulluisukool.ee\/toode\/powerslide-edge-trinity-frame-2x150\/#primaryimage"},"thumbnailUrl":"https:\/\/rulluisukool.ee\/wp-content\/uploads\/2021\/12\/Powerslide-Edge-Trinity-Frame-2x150-1.jpg","datePublished":"2021-12-13T09:04:55+00:00","dateModified":"2025-12-03T19:50:06+00:00","description":"Raamikomplekt Powerslide Edge 150 on tugev ja vastupidav TRINITY raam, millel on 2 ratast, mis on valmistatud t\u00e4iusliku CNC-t\u00f6\u00f6tluse ja laserprintimisega.","breadcrumb":{"@id":"https:\/\/rulluisukool.ee\/toode\/powerslide-edge-trinity-frame-2x150\/#breadcrumb"},"inLanguage":"en-GB","potentialAction":[{"@type":"ReadAction","target":["https:\/\/rulluisukool.ee\/toode\/powerslide-edge-trinity-frame-2x150\/"]}]},{"@type":"ImageObject","inLanguage":"en-GB","@id":"https:\/\/rulluisukool.ee\/toode\/powerslide-edge-trinity-frame-2x150\/#primaryimage","url":"https:\/\/rulluisukool.ee\/wp-content\/uploads\/2021\/12\/Powerslide-Edge-Trinity-Frame-2x150-1.jpg","contentUrl":"https:\/\/rulluisukool.ee\/wp-content\/uploads\/2021\/12\/Powerslide-Edge-Trinity-Frame-2x150-1.jpg","width":619,"height":594},{"@type":"BreadcrumbList","@id":"https:\/\/rulluisukool.ee\/toode\/powerslide-edge-trinity-frame-2x150\/#breadcrumb","itemListElement":[{"@type":"ListItem","position":1,"name":"Home","item":"https:\/\/rulluisukool.ee\/"},{"@type":"ListItem","position":2,"name":"E-POOD","item":"https:\/\/rulluisukool.ee\/en\/rulluisud-saapad-rattad-laagrid-kaitsevarustus-jaauisutamine\/"},{"@type":"ListItem","position":3,"name":"Powerslide Edge Trinity Frame 2&#215;150"}]},{"@type":"WebSite","@id":"https:\/\/rulluisukool.ee\/#website","url":"https:\/\/rulluisukool.ee\/","name":"Rulluisukool","description":"","publisher":{"@id":"https:\/\/rulluisukool.ee\/#organization"},"potentialAction":[{"@type":"SearchAction","target":{"@type":"EntryPoint","urlTemplate":"https:\/\/rulluisukool.ee\/?s={search_term_string}"},"query-input":"required name=search_term_string"}],"inLanguage":"en-GB"},{"@type":"Organization","@id":"https:\/\/rulluisukool.ee\/#organization","name":"Rulluisukool","url":"https:\/\/rulluisukool.ee\/","logo":{"@type":"ImageObject","inLanguage":"en-GB","@id":"https:\/\/rulluisukool.ee\/#\/schema\/logo\/image\/","url":"https:\/\/rulluisukool.ee\/wp-content\/uploads\/2017\/03\/Rulluisukool-ee.png","contentUrl":"https:\/\/rulluisukool.ee\/wp-content\/uploads\/2017\/03\/Rulluisukool-ee.png","width":710,"height":710,"caption":"Rulluisukool"},"image":{"@id":"https:\/\/rulluisukool.ee\/#\/schema\/logo\/image\/"},"sameAs":["https:\/\/www.facebook.com\/rulluisukool","https:\/\/instagram.com\/rulluisukool","https:\/\/www.youtube.com\/channel\/UCUdSaiAVZmmNCOlAhU3_ONA"]}]}},"_links":{"self":[{"href":"https:\/\/rulluisukool.ee\/en\/wp-json\/wp\/v2\/product\/4308652122510274","targetHints":{"allow":["GET"]}}],"collection":[{"href":"https:\/\/rulluisukool.ee\/en\/wp-json\/wp\/v2\/product"}],"about":[{"href":"https:\/\/rulluisukool.ee\/en\/wp-json\/wp\/v2\/types\/product"}],"replies":[{"embeddable":true,"href":"https:\/\/rulluisukool.ee\/en\/wp-json\/wp\/v2\/comments?post=4308652122510274"}],"wp:featuredmedia":[{"embeddable":true,"href":"https:\/\/rulluisukool.ee\/en\/wp-json\/wp\/v2\/media\/4308652122511619"}],"wp:attachment":[{"href":"https:\/\/rulluisukool.ee\/en\/wp-json\/wp\/v2\/media?parent=4308652122510274"}],"wp:term":[{"taxonomy":"product_cat","embeddable":true,"href":"https:\/\/rulluisukool.ee\/en\/wp-json\/wp\/v2\/product_cat?post=4308652122510274"},{"taxonomy":"product_tag","embeddable":true,"href":"https:\/\/rulluisukool.ee\/en\/wp-json\/wp\/v2\/product_tag?post=4308652122510274"}],"curies":[{"name":"wp","href":"https:\/\/api.w.org\/{rel}","templated":true}]}}