{"id":4308652122510241,"date":"2021-12-13T11:04:37","date_gmt":"2021-12-13T09:04:37","guid":{"rendered":"https:\/\/rulluisukool.ee\/toode\/powerslide-ubc-tool-box\/"},"modified":"2025-12-03T21:50:08","modified_gmt":"2025-12-03T19:50:08","slug":"powerslide-ubc-tool-box","status":"publish","type":"product","link":"https:\/\/rulluisukool.ee\/en\/product\/powerslide-ubc-tool-box\/","title":{"rendered":"Powerslide UBC Tool Box"},"content":{"rendered":"<p>Small pouch made out of high quality and long lasting materials that can carry all the tools, bearings, spacers and hardware you need. Takes anything that needs to be protected or hidden. Perfect to get organized.<\/p>","protected":false},"excerpt":{"rendered":"<p>Small pouch made out of high quality and long lasting materials that can carry all the tools, bearings, spacers and hardware you need<\/p>","protected":false},"featured_media":4308652122511860,"comment_status":"open","ping_status":"closed","template":"","meta":{"site-sidebar-layout":"default","site-content-layout":"default","ast-global-header-display":"","ast-main-header-display":"","ast-hfb-above-header-display":"","ast-hfb-below-header-display":"","ast-hfb-mobile-header-display":"","site-post-title":"","ast-breadcrumbs-content":"","ast-featured-img":"","footer-sml-layout":"","theme-transparent-header-meta":"default","adv-header-id-meta":"","stick-header-meta":"","header-above-stick-meta":"","header-main-stick-meta":"","header-below-stick-meta":""},"product_cat":[193,117],"product_tag":[],"class_list":{"0":"post-4308652122510241","1":"product","2":"type-product","3":"status-publish","4":"has-post-thumbnail","6":"product_cat-kotid","7":"product_cat-riided-kotid","8":"desktop-align-left","9":"tablet-align-left","10":"mobile-align-left","12":"first","13":"instock","14":"shipping-taxable","15":"purchasable","16":"product-type-simple"},"yoast_head":"<!-- This site is optimized with the Yoast SEO plugin v22.3 - https:\/\/yoast.com\/wordpress\/plugins\/seo\/ -->\n<title>Powerslide UBC Tool Box - Rulluisukool<\/title>\n<meta name=\"description\" content=\"Kvaliteetsest ja kauakestvast materjalist valmistatud v\u00e4ike kott, mis mahutab k\u00f5ik vajalikud t\u00f6\u00f6riistad, laagrid, vahet\u00fckid ja riistvara.\" \/>\n<meta name=\"robots\" content=\"index, follow, max-snippet:-1, max-image-preview:large, max-video-preview:-1\" \/>\n<link rel=\"canonical\" href=\"https:\/\/rulluisukool.ee\/en\/product\/powerslide-ubc-tool-box\/\" \/>\n<meta property=\"og:locale\" content=\"en_GB\" \/>\n<meta property=\"og:type\" content=\"article\" \/>\n<meta property=\"og:title\" content=\"Powerslide UBC Tool Box - Rulluisukool\" \/>\n<meta property=\"og:description\" content=\"Kvaliteetsest ja kauakestvast materjalist valmistatud v\u00e4ike kott, mis mahutab k\u00f5ik vajalikud t\u00f6\u00f6riistad, laagrid, vahet\u00fckid ja riistvara.\" \/>\n<meta property=\"og:url\" content=\"https:\/\/rulluisukool.ee\/en\/product\/powerslide-ubc-tool-box\/\" \/>\n<meta property=\"og:site_name\" content=\"Rulluisukool\" \/>\n<meta property=\"article:publisher\" content=\"https:\/\/www.facebook.com\/rulluisukool\" \/>\n<meta property=\"article:modified_time\" content=\"2025-12-03T19:50:08+00:00\" \/>\n<meta property=\"og:image\" content=\"https:\/\/rulluisukool.ee\/wp-content\/uploads\/2021\/12\/Powerslide-UBC-Tool-Box.jpg\" \/>\n\t<meta property=\"og:image:width\" content=\"619\" \/>\n\t<meta property=\"og:image:height\" content=\"594\" \/>\n\t<meta property=\"og:image:type\" content=\"image\/jpeg\" \/>\n<meta name=\"twitter:card\" content=\"summary_large_image\" \/>\n<meta name=\"twitter:label1\" content=\"Estimated reading time\" \/>\n\t<meta name=\"twitter:data1\" content=\"1 minute\" \/>\n<script type=\"application\/ld+json\" class=\"yoast-schema-graph\">{\"@context\":\"https:\/\/schema.org\",\"@graph\":[{\"@type\":\"WebPage\",\"@id\":\"https:\/\/rulluisukool.ee\/toode\/powerslide-ubc-tool-box\/\",\"url\":\"https:\/\/rulluisukool.ee\/toode\/powerslide-ubc-tool-box\/\",\"name\":\"Powerslide UBC Tool Box - Rulluisukool\",\"isPartOf\":{\"@id\":\"https:\/\/rulluisukool.ee\/#website\"},\"primaryImageOfPage\":{\"@id\":\"https:\/\/rulluisukool.ee\/toode\/powerslide-ubc-tool-box\/#primaryimage\"},\"image\":{\"@id\":\"https:\/\/rulluisukool.ee\/toode\/powerslide-ubc-tool-box\/#primaryimage\"},\"thumbnailUrl\":\"https:\/\/rulluisukool.ee\/wp-content\/uploads\/2021\/12\/Powerslide-UBC-Tool-Box.jpg\",\"datePublished\":\"2021-12-13T09:04:37+00:00\",\"dateModified\":\"2025-12-03T19:50:08+00:00\",\"description\":\"Kvaliteetsest ja kauakestvast materjalist valmistatud v\u00e4ike kott, mis mahutab k\u00f5ik vajalikud t\u00f6\u00f6riistad, laagrid, vahet\u00fckid ja riistvara.\",\"breadcrumb\":{\"@id\":\"https:\/\/rulluisukool.ee\/toode\/powerslide-ubc-tool-box\/#breadcrumb\"},\"inLanguage\":\"en-GB\",\"potentialAction\":[{\"@type\":\"ReadAction\",\"target\":[\"https:\/\/rulluisukool.ee\/toode\/powerslide-ubc-tool-box\/\"]}]},{\"@type\":\"ImageObject\",\"inLanguage\":\"en-GB\",\"@id\":\"https:\/\/rulluisukool.ee\/toode\/powerslide-ubc-tool-box\/#primaryimage\",\"url\":\"https:\/\/rulluisukool.ee\/wp-content\/uploads\/2021\/12\/Powerslide-UBC-Tool-Box.jpg\",\"contentUrl\":\"https:\/\/rulluisukool.ee\/wp-content\/uploads\/2021\/12\/Powerslide-UBC-Tool-Box.jpg\",\"width\":619,\"height\":594},{\"@type\":\"BreadcrumbList\",\"@id\":\"https:\/\/rulluisukool.ee\/toode\/powerslide-ubc-tool-box\/#breadcrumb\",\"itemListElement\":[{\"@type\":\"ListItem\",\"position\":1,\"name\":\"Home\",\"item\":\"https:\/\/rulluisukool.ee\/\"},{\"@type\":\"ListItem\",\"position\":2,\"name\":\"E-POOD\",\"item\":\"https:\/\/rulluisukool.ee\/en\/rulluisud-saapad-rattad-laagrid-kaitsevarustus-jaauisutamine\/\"},{\"@type\":\"ListItem\",\"position\":3,\"name\":\"Powerslide UBC Tool Box\"}]},{\"@type\":\"WebSite\",\"@id\":\"https:\/\/rulluisukool.ee\/#website\",\"url\":\"https:\/\/rulluisukool.ee\/\",\"name\":\"Rulluisukool\",\"description\":\"\",\"publisher\":{\"@id\":\"https:\/\/rulluisukool.ee\/#organization\"},\"potentialAction\":[{\"@type\":\"SearchAction\",\"target\":{\"@type\":\"EntryPoint\",\"urlTemplate\":\"https:\/\/rulluisukool.ee\/?s={search_term_string}\"},\"query-input\":\"required name=search_term_string\"}],\"inLanguage\":\"en-GB\"},{\"@type\":\"Organization\",\"@id\":\"https:\/\/rulluisukool.ee\/#organization\",\"name\":\"Rulluisukool\",\"url\":\"https:\/\/rulluisukool.ee\/\",\"logo\":{\"@type\":\"ImageObject\",\"inLanguage\":\"en-GB\",\"@id\":\"https:\/\/rulluisukool.ee\/#\/schema\/logo\/image\/\",\"url\":\"https:\/\/rulluisukool.ee\/wp-content\/uploads\/2017\/03\/Rulluisukool-ee.png\",\"contentUrl\":\"https:\/\/rulluisukool.ee\/wp-content\/uploads\/2017\/03\/Rulluisukool-ee.png\",\"width\":710,\"height\":710,\"caption\":\"Rulluisukool\"},\"image\":{\"@id\":\"https:\/\/rulluisukool.ee\/#\/schema\/logo\/image\/\"},\"sameAs\":[\"https:\/\/www.facebook.com\/rulluisukool\",\"https:\/\/instagram.com\/rulluisukool\",\"https:\/\/www.youtube.com\/channel\/UCUdSaiAVZmmNCOlAhU3_ONA\"]}]}<\/script>\n<!-- \/ Yoast SEO plugin. -->","yoast_head_json":{"title":"Powerslide UBC Tool Box - Rulluisukool","description":"Kvaliteetsest ja kauakestvast materjalist valmistatud v\u00e4ike kott, mis mahutab k\u00f5ik vajalikud t\u00f6\u00f6riistad, laagrid, vahet\u00fckid ja riistvara.","robots":{"index":"index","follow":"follow","max-snippet":"max-snippet:-1","max-image-preview":"max-image-preview:large","max-video-preview":"max-video-preview:-1"},"canonical":"https:\/\/rulluisukool.ee\/en\/product\/powerslide-ubc-tool-box\/","og_locale":"en_GB","og_type":"article","og_title":"Powerslide UBC Tool Box - Rulluisukool","og_description":"Kvaliteetsest ja kauakestvast materjalist valmistatud v\u00e4ike kott, mis mahutab k\u00f5ik vajalikud t\u00f6\u00f6riistad, laagrid, vahet\u00fckid ja riistvara.","og_url":"https:\/\/rulluisukool.ee\/en\/product\/powerslide-ubc-tool-box\/","og_site_name":"Rulluisukool","article_publisher":"https:\/\/www.facebook.com\/rulluisukool","article_modified_time":"2025-12-03T19:50:08+00:00","og_image":[{"width":619,"height":594,"url":"https:\/\/rulluisukool.ee\/wp-content\/uploads\/2021\/12\/Powerslide-UBC-Tool-Box.jpg","type":"image\/jpeg"}],"twitter_card":"summary_large_image","twitter_misc":{"Estimated reading time":"1 minute"},"schema":{"@context":"https:\/\/schema.org","@graph":[{"@type":"WebPage","@id":"https:\/\/rulluisukool.ee\/toode\/powerslide-ubc-tool-box\/","url":"https:\/\/rulluisukool.ee\/toode\/powerslide-ubc-tool-box\/","name":"Powerslide UBC Tool Box - Rulluisukool","isPartOf":{"@id":"https:\/\/rulluisukool.ee\/#website"},"primaryImageOfPage":{"@id":"https:\/\/rulluisukool.ee\/toode\/powerslide-ubc-tool-box\/#primaryimage"},"image":{"@id":"https:\/\/rulluisukool.ee\/toode\/powerslide-ubc-tool-box\/#primaryimage"},"thumbnailUrl":"https:\/\/rulluisukool.ee\/wp-content\/uploads\/2021\/12\/Powerslide-UBC-Tool-Box.jpg","datePublished":"2021-12-13T09:04:37+00:00","dateModified":"2025-12-03T19:50:08+00:00","description":"Kvaliteetsest ja kauakestvast materjalist valmistatud v\u00e4ike kott, mis mahutab k\u00f5ik vajalikud t\u00f6\u00f6riistad, laagrid, vahet\u00fckid ja riistvara.","breadcrumb":{"@id":"https:\/\/rulluisukool.ee\/toode\/powerslide-ubc-tool-box\/#breadcrumb"},"inLanguage":"en-GB","potentialAction":[{"@type":"ReadAction","target":["https:\/\/rulluisukool.ee\/toode\/powerslide-ubc-tool-box\/"]}]},{"@type":"ImageObject","inLanguage":"en-GB","@id":"https:\/\/rulluisukool.ee\/toode\/powerslide-ubc-tool-box\/#primaryimage","url":"https:\/\/rulluisukool.ee\/wp-content\/uploads\/2021\/12\/Powerslide-UBC-Tool-Box.jpg","contentUrl":"https:\/\/rulluisukool.ee\/wp-content\/uploads\/2021\/12\/Powerslide-UBC-Tool-Box.jpg","width":619,"height":594},{"@type":"BreadcrumbList","@id":"https:\/\/rulluisukool.ee\/toode\/powerslide-ubc-tool-box\/#breadcrumb","itemListElement":[{"@type":"ListItem","position":1,"name":"Home","item":"https:\/\/rulluisukool.ee\/"},{"@type":"ListItem","position":2,"name":"E-POOD","item":"https:\/\/rulluisukool.ee\/en\/rulluisud-saapad-rattad-laagrid-kaitsevarustus-jaauisutamine\/"},{"@type":"ListItem","position":3,"name":"Powerslide UBC Tool Box"}]},{"@type":"WebSite","@id":"https:\/\/rulluisukool.ee\/#website","url":"https:\/\/rulluisukool.ee\/","name":"Rulluisukool","description":"","publisher":{"@id":"https:\/\/rulluisukool.ee\/#organization"},"potentialAction":[{"@type":"SearchAction","target":{"@type":"EntryPoint","urlTemplate":"https:\/\/rulluisukool.ee\/?s={search_term_string}"},"query-input":"required name=search_term_string"}],"inLanguage":"en-GB"},{"@type":"Organization","@id":"https:\/\/rulluisukool.ee\/#organization","name":"Rulluisukool","url":"https:\/\/rulluisukool.ee\/","logo":{"@type":"ImageObject","inLanguage":"en-GB","@id":"https:\/\/rulluisukool.ee\/#\/schema\/logo\/image\/","url":"https:\/\/rulluisukool.ee\/wp-content\/uploads\/2017\/03\/Rulluisukool-ee.png","contentUrl":"https:\/\/rulluisukool.ee\/wp-content\/uploads\/2017\/03\/Rulluisukool-ee.png","width":710,"height":710,"caption":"Rulluisukool"},"image":{"@id":"https:\/\/rulluisukool.ee\/#\/schema\/logo\/image\/"},"sameAs":["https:\/\/www.facebook.com\/rulluisukool","https:\/\/instagram.com\/rulluisukool","https:\/\/www.youtube.com\/channel\/UCUdSaiAVZmmNCOlAhU3_ONA"]}]}},"_links":{"self":[{"href":"https:\/\/rulluisukool.ee\/en\/wp-json\/wp\/v2\/product\/4308652122510241","targetHints":{"allow":["GET"]}}],"collection":[{"href":"https:\/\/rulluisukool.ee\/en\/wp-json\/wp\/v2\/product"}],"about":[{"href":"https:\/\/rulluisukool.ee\/en\/wp-json\/wp\/v2\/types\/product"}],"replies":[{"embeddable":true,"href":"https:\/\/rulluisukool.ee\/en\/wp-json\/wp\/v2\/comments?post=4308652122510241"}],"wp:featuredmedia":[{"embeddable":true,"href":"https:\/\/rulluisukool.ee\/en\/wp-json\/wp\/v2\/media\/4308652122511860"}],"wp:attachment":[{"href":"https:\/\/rulluisukool.ee\/en\/wp-json\/wp\/v2\/media?parent=4308652122510241"}],"wp:term":[{"taxonomy":"product_cat","embeddable":true,"href":"https:\/\/rulluisukool.ee\/en\/wp-json\/wp\/v2\/product_cat?post=4308652122510241"},{"taxonomy":"product_tag","embeddable":true,"href":"https:\/\/rulluisukool.ee\/en\/wp-json\/wp\/v2\/product_tag?post=4308652122510241"}],"curies":[{"name":"wp","href":"https:\/\/api.w.org\/{rel}","templated":true}]}}