{"id":4308652122510238,"date":"2021-12-13T11:04:37","date_gmt":"2021-12-13T09:04:37","guid":{"rendered":"https:\/\/rulluisukool.ee\/toode\/powerslide-ubc-wheel-cover-125\/"},"modified":"2025-12-03T21:50:08","modified_gmt":"2025-12-03T19:50:08","slug":"powerslide-ubc-wheel-cover-125","status":"publish","type":"product","link":"https:\/\/rulluisukool.ee\/en\/product\/powerslide-ubc-wheel-cover-125\/","title":{"rendered":"Powerslide UBC Wheel Cover 125"},"content":{"rendered":"<p>This wheel cover does not only protect your skates from dirt or dust and saves your clothing and from that too, but also attaches your skates to the side of every of our UBC bags. Resistant nylon and PU upper material along with strong and indestructible zipper will make this part a long time follower. Available in 3 sizes, big (3x125, 4x110), medium (3x110, 3x100, 4x90) and small (3x90, 4x80 and smaller) to cover all skate setup and sizes. Function: - Clip on UBC Commuter and UBC Road Runner backpack - Clip on UBC Transit bag - Clip on UBC Expedition bag - Connect with carry strap<\/p>","protected":false},"excerpt":{"rendered":"<h5>The UBC wheel cover bag can be attached to every of our UBC bags. Resistant nylon and PU upper material along with a strong and indestructible zipper will make this part a long-time follower.<\/h5>","protected":false},"featured_media":4308652122511850,"comment_status":"open","ping_status":"closed","template":"","meta":{"site-sidebar-layout":"default","site-content-layout":"default","ast-global-header-display":"","ast-main-header-display":"","ast-hfb-above-header-display":"","ast-hfb-below-header-display":"","ast-hfb-mobile-header-display":"","site-post-title":"","ast-breadcrumbs-content":"","ast-featured-img":"","footer-sml-layout":"","theme-transparent-header-meta":"default","adv-header-id-meta":"","stick-header-meta":"","header-above-stick-meta":"","header-main-stick-meta":"","header-below-stick-meta":""},"product_cat":[193,117,351],"product_tag":[],"class_list":{"0":"post-4308652122510238","1":"product","2":"type-product","3":"status-publish","4":"has-post-thumbnail","6":"product_cat-kotid","7":"product_cat-riided-kotid","8":"product_cat-soodus","9":"desktop-align-left","10":"tablet-align-left","11":"mobile-align-left","13":"first","14":"instock","15":"shipping-taxable","16":"purchasable","17":"product-type-simple"},"yoast_head":"<!-- This site is optimized with the Yoast SEO plugin v22.3 - https:\/\/yoast.com\/wordpress\/plugins\/seo\/ -->\n<title>Powerslide UBC Wheel Cover 125 - Rulluisukool<\/title>\n<meta name=\"description\" content=\"UBC rattakatte koti saab kinnitada iga meie UBC koti k\u00fclge. Vastupidav nailonist ja PU pealismaterjal ning tugev ja h\u00e4vimatu t\u00f5mblukk muudavad selle osa pikaajaliseks j\u00e4rgijaks.\" \/>\n<meta name=\"robots\" content=\"index, follow, max-snippet:-1, max-image-preview:large, max-video-preview:-1\" \/>\n<link rel=\"canonical\" href=\"https:\/\/rulluisukool.ee\/en\/product\/powerslide-ubc-wheel-cover-125\/\" \/>\n<meta property=\"og:locale\" content=\"en_GB\" \/>\n<meta property=\"og:type\" content=\"article\" \/>\n<meta property=\"og:title\" content=\"Powerslide UBC Wheel Cover 125 - Rulluisukool\" \/>\n<meta property=\"og:description\" content=\"UBC rattakatte koti saab kinnitada iga meie UBC koti k\u00fclge. Vastupidav nailonist ja PU pealismaterjal ning tugev ja h\u00e4vimatu t\u00f5mblukk muudavad selle osa pikaajaliseks j\u00e4rgijaks.\" \/>\n<meta property=\"og:url\" content=\"https:\/\/rulluisukool.ee\/en\/product\/powerslide-ubc-wheel-cover-125\/\" \/>\n<meta property=\"og:site_name\" content=\"Rulluisukool\" \/>\n<meta property=\"article:publisher\" content=\"https:\/\/www.facebook.com\/rulluisukool\" \/>\n<meta property=\"article:modified_time\" content=\"2025-12-03T19:50:08+00:00\" \/>\n<meta property=\"og:image\" content=\"https:\/\/rulluisukool.ee\/wp-content\/uploads\/2021\/12\/Powerslide-UBC-Wheel-Cover-125-2.jpg\" \/>\n\t<meta property=\"og:image:width\" content=\"619\" \/>\n\t<meta property=\"og:image:height\" content=\"594\" \/>\n\t<meta property=\"og:image:type\" content=\"image\/jpeg\" \/>\n<meta name=\"twitter:card\" content=\"summary_large_image\" \/>\n<meta name=\"twitter:label1\" content=\"Estimated reading time\" \/>\n\t<meta name=\"twitter:data1\" content=\"1 minute\" \/>\n<script type=\"application\/ld+json\" class=\"yoast-schema-graph\">{\"@context\":\"https:\/\/schema.org\",\"@graph\":[{\"@type\":\"WebPage\",\"@id\":\"https:\/\/rulluisukool.ee\/toode\/powerslide-ubc-wheel-cover-125\/\",\"url\":\"https:\/\/rulluisukool.ee\/toode\/powerslide-ubc-wheel-cover-125\/\",\"name\":\"Powerslide UBC Wheel Cover 125 - Rulluisukool\",\"isPartOf\":{\"@id\":\"https:\/\/rulluisukool.ee\/#website\"},\"primaryImageOfPage\":{\"@id\":\"https:\/\/rulluisukool.ee\/toode\/powerslide-ubc-wheel-cover-125\/#primaryimage\"},\"image\":{\"@id\":\"https:\/\/rulluisukool.ee\/toode\/powerslide-ubc-wheel-cover-125\/#primaryimage\"},\"thumbnailUrl\":\"https:\/\/rulluisukool.ee\/wp-content\/uploads\/2021\/12\/Powerslide-UBC-Wheel-Cover-125-2.jpg\",\"datePublished\":\"2021-12-13T09:04:37+00:00\",\"dateModified\":\"2025-12-03T19:50:08+00:00\",\"description\":\"UBC rattakatte koti saab kinnitada iga meie UBC koti k\u00fclge. Vastupidav nailonist ja PU pealismaterjal ning tugev ja h\u00e4vimatu t\u00f5mblukk muudavad selle osa pikaajaliseks j\u00e4rgijaks.\",\"breadcrumb\":{\"@id\":\"https:\/\/rulluisukool.ee\/toode\/powerslide-ubc-wheel-cover-125\/#breadcrumb\"},\"inLanguage\":\"en-GB\",\"potentialAction\":[{\"@type\":\"ReadAction\",\"target\":[\"https:\/\/rulluisukool.ee\/toode\/powerslide-ubc-wheel-cover-125\/\"]}]},{\"@type\":\"ImageObject\",\"inLanguage\":\"en-GB\",\"@id\":\"https:\/\/rulluisukool.ee\/toode\/powerslide-ubc-wheel-cover-125\/#primaryimage\",\"url\":\"https:\/\/rulluisukool.ee\/wp-content\/uploads\/2021\/12\/Powerslide-UBC-Wheel-Cover-125-2.jpg\",\"contentUrl\":\"https:\/\/rulluisukool.ee\/wp-content\/uploads\/2021\/12\/Powerslide-UBC-Wheel-Cover-125-2.jpg\",\"width\":619,\"height\":594},{\"@type\":\"BreadcrumbList\",\"@id\":\"https:\/\/rulluisukool.ee\/toode\/powerslide-ubc-wheel-cover-125\/#breadcrumb\",\"itemListElement\":[{\"@type\":\"ListItem\",\"position\":1,\"name\":\"Home\",\"item\":\"https:\/\/rulluisukool.ee\/\"},{\"@type\":\"ListItem\",\"position\":2,\"name\":\"E-POOD\",\"item\":\"https:\/\/rulluisukool.ee\/en\/rulluisud-saapad-rattad-laagrid-kaitsevarustus-jaauisutamine\/\"},{\"@type\":\"ListItem\",\"position\":3,\"name\":\"Powerslide UBC Wheel Cover 125\"}]},{\"@type\":\"WebSite\",\"@id\":\"https:\/\/rulluisukool.ee\/#website\",\"url\":\"https:\/\/rulluisukool.ee\/\",\"name\":\"Rulluisukool\",\"description\":\"\",\"publisher\":{\"@id\":\"https:\/\/rulluisukool.ee\/#organization\"},\"potentialAction\":[{\"@type\":\"SearchAction\",\"target\":{\"@type\":\"EntryPoint\",\"urlTemplate\":\"https:\/\/rulluisukool.ee\/?s={search_term_string}\"},\"query-input\":\"required name=search_term_string\"}],\"inLanguage\":\"en-GB\"},{\"@type\":\"Organization\",\"@id\":\"https:\/\/rulluisukool.ee\/#organization\",\"name\":\"Rulluisukool\",\"url\":\"https:\/\/rulluisukool.ee\/\",\"logo\":{\"@type\":\"ImageObject\",\"inLanguage\":\"en-GB\",\"@id\":\"https:\/\/rulluisukool.ee\/#\/schema\/logo\/image\/\",\"url\":\"https:\/\/rulluisukool.ee\/wp-content\/uploads\/2017\/03\/Rulluisukool-ee.png\",\"contentUrl\":\"https:\/\/rulluisukool.ee\/wp-content\/uploads\/2017\/03\/Rulluisukool-ee.png\",\"width\":710,\"height\":710,\"caption\":\"Rulluisukool\"},\"image\":{\"@id\":\"https:\/\/rulluisukool.ee\/#\/schema\/logo\/image\/\"},\"sameAs\":[\"https:\/\/www.facebook.com\/rulluisukool\",\"https:\/\/instagram.com\/rulluisukool\",\"https:\/\/www.youtube.com\/channel\/UCUdSaiAVZmmNCOlAhU3_ONA\"]}]}<\/script>\n<!-- \/ Yoast SEO plugin. -->","yoast_head_json":{"title":"Powerslide UBC Wheel Cover 125 - Rulluisukool","description":"UBC rattakatte koti saab kinnitada iga meie UBC koti k\u00fclge. Vastupidav nailonist ja PU pealismaterjal ning tugev ja h\u00e4vimatu t\u00f5mblukk muudavad selle osa pikaajaliseks j\u00e4rgijaks.","robots":{"index":"index","follow":"follow","max-snippet":"max-snippet:-1","max-image-preview":"max-image-preview:large","max-video-preview":"max-video-preview:-1"},"canonical":"https:\/\/rulluisukool.ee\/en\/product\/powerslide-ubc-wheel-cover-125\/","og_locale":"en_GB","og_type":"article","og_title":"Powerslide UBC Wheel Cover 125 - Rulluisukool","og_description":"UBC rattakatte koti saab kinnitada iga meie UBC koti k\u00fclge. Vastupidav nailonist ja PU pealismaterjal ning tugev ja h\u00e4vimatu t\u00f5mblukk muudavad selle osa pikaajaliseks j\u00e4rgijaks.","og_url":"https:\/\/rulluisukool.ee\/en\/product\/powerslide-ubc-wheel-cover-125\/","og_site_name":"Rulluisukool","article_publisher":"https:\/\/www.facebook.com\/rulluisukool","article_modified_time":"2025-12-03T19:50:08+00:00","og_image":[{"width":619,"height":594,"url":"https:\/\/rulluisukool.ee\/wp-content\/uploads\/2021\/12\/Powerslide-UBC-Wheel-Cover-125-2.jpg","type":"image\/jpeg"}],"twitter_card":"summary_large_image","twitter_misc":{"Estimated reading time":"1 minute"},"schema":{"@context":"https:\/\/schema.org","@graph":[{"@type":"WebPage","@id":"https:\/\/rulluisukool.ee\/toode\/powerslide-ubc-wheel-cover-125\/","url":"https:\/\/rulluisukool.ee\/toode\/powerslide-ubc-wheel-cover-125\/","name":"Powerslide UBC Wheel Cover 125 - Rulluisukool","isPartOf":{"@id":"https:\/\/rulluisukool.ee\/#website"},"primaryImageOfPage":{"@id":"https:\/\/rulluisukool.ee\/toode\/powerslide-ubc-wheel-cover-125\/#primaryimage"},"image":{"@id":"https:\/\/rulluisukool.ee\/toode\/powerslide-ubc-wheel-cover-125\/#primaryimage"},"thumbnailUrl":"https:\/\/rulluisukool.ee\/wp-content\/uploads\/2021\/12\/Powerslide-UBC-Wheel-Cover-125-2.jpg","datePublished":"2021-12-13T09:04:37+00:00","dateModified":"2025-12-03T19:50:08+00:00","description":"UBC rattakatte koti saab kinnitada iga meie UBC koti k\u00fclge. Vastupidav nailonist ja PU pealismaterjal ning tugev ja h\u00e4vimatu t\u00f5mblukk muudavad selle osa pikaajaliseks j\u00e4rgijaks.","breadcrumb":{"@id":"https:\/\/rulluisukool.ee\/toode\/powerslide-ubc-wheel-cover-125\/#breadcrumb"},"inLanguage":"en-GB","potentialAction":[{"@type":"ReadAction","target":["https:\/\/rulluisukool.ee\/toode\/powerslide-ubc-wheel-cover-125\/"]}]},{"@type":"ImageObject","inLanguage":"en-GB","@id":"https:\/\/rulluisukool.ee\/toode\/powerslide-ubc-wheel-cover-125\/#primaryimage","url":"https:\/\/rulluisukool.ee\/wp-content\/uploads\/2021\/12\/Powerslide-UBC-Wheel-Cover-125-2.jpg","contentUrl":"https:\/\/rulluisukool.ee\/wp-content\/uploads\/2021\/12\/Powerslide-UBC-Wheel-Cover-125-2.jpg","width":619,"height":594},{"@type":"BreadcrumbList","@id":"https:\/\/rulluisukool.ee\/toode\/powerslide-ubc-wheel-cover-125\/#breadcrumb","itemListElement":[{"@type":"ListItem","position":1,"name":"Home","item":"https:\/\/rulluisukool.ee\/"},{"@type":"ListItem","position":2,"name":"E-POOD","item":"https:\/\/rulluisukool.ee\/en\/rulluisud-saapad-rattad-laagrid-kaitsevarustus-jaauisutamine\/"},{"@type":"ListItem","position":3,"name":"Powerslide UBC Wheel Cover 125"}]},{"@type":"WebSite","@id":"https:\/\/rulluisukool.ee\/#website","url":"https:\/\/rulluisukool.ee\/","name":"Rulluisukool","description":"","publisher":{"@id":"https:\/\/rulluisukool.ee\/#organization"},"potentialAction":[{"@type":"SearchAction","target":{"@type":"EntryPoint","urlTemplate":"https:\/\/rulluisukool.ee\/?s={search_term_string}"},"query-input":"required name=search_term_string"}],"inLanguage":"en-GB"},{"@type":"Organization","@id":"https:\/\/rulluisukool.ee\/#organization","name":"Rulluisukool","url":"https:\/\/rulluisukool.ee\/","logo":{"@type":"ImageObject","inLanguage":"en-GB","@id":"https:\/\/rulluisukool.ee\/#\/schema\/logo\/image\/","url":"https:\/\/rulluisukool.ee\/wp-content\/uploads\/2017\/03\/Rulluisukool-ee.png","contentUrl":"https:\/\/rulluisukool.ee\/wp-content\/uploads\/2017\/03\/Rulluisukool-ee.png","width":710,"height":710,"caption":"Rulluisukool"},"image":{"@id":"https:\/\/rulluisukool.ee\/#\/schema\/logo\/image\/"},"sameAs":["https:\/\/www.facebook.com\/rulluisukool","https:\/\/instagram.com\/rulluisukool","https:\/\/www.youtube.com\/channel\/UCUdSaiAVZmmNCOlAhU3_ONA"]}]}},"_links":{"self":[{"href":"https:\/\/rulluisukool.ee\/en\/wp-json\/wp\/v2\/product\/4308652122510238","targetHints":{"allow":["GET"]}}],"collection":[{"href":"https:\/\/rulluisukool.ee\/en\/wp-json\/wp\/v2\/product"}],"about":[{"href":"https:\/\/rulluisukool.ee\/en\/wp-json\/wp\/v2\/types\/product"}],"replies":[{"embeddable":true,"href":"https:\/\/rulluisukool.ee\/en\/wp-json\/wp\/v2\/comments?post=4308652122510238"}],"wp:featuredmedia":[{"embeddable":true,"href":"https:\/\/rulluisukool.ee\/en\/wp-json\/wp\/v2\/media\/4308652122511850"}],"wp:attachment":[{"href":"https:\/\/rulluisukool.ee\/en\/wp-json\/wp\/v2\/media?parent=4308652122510238"}],"wp:term":[{"taxonomy":"product_cat","embeddable":true,"href":"https:\/\/rulluisukool.ee\/en\/wp-json\/wp\/v2\/product_cat?post=4308652122510238"},{"taxonomy":"product_tag","embeddable":true,"href":"https:\/\/rulluisukool.ee\/en\/wp-json\/wp\/v2\/product_tag?post=4308652122510238"}],"curies":[{"name":"wp","href":"https:\/\/api.w.org\/{rel}","templated":true}]}}