{"id":4308652122510236,"date":"2021-12-13T11:04:37","date_gmt":"2021-12-13T09:04:37","guid":{"rendered":"https:\/\/rulluisukool.ee\/toode\/ubc-roadrunner-backpack\/"},"modified":"2025-12-03T21:50:08","modified_gmt":"2025-12-03T19:50:08","slug":"ubc-roadrunner-backpack","status":"publish","type":"product","link":"https:\/\/rulluisukool.ee\/en\/product\/ubc-roadrunner-backpack\/","title":{"rendered":"UBC Roadrunner Backpack"},"content":{"rendered":"<p>Crafted out of the best materials from nylon and PU, this bag is made to travel. Huge main compartment to store clothing and gear. Unique and fashionable look and design paired with UBC functions on side and front panels will make you stand out from the crowd. Strategically padded shoulder straps and back panel will guarantee comfort and durability Innovative roll top closure system enabling you to have fast and easy access to your gear. Compatible with: - Attach UBC wheel covers on the side - Attach UBC solar source, UBC wheel bag, UBC Go bag, UBC phone pouch, UBC pod on front<\/p>","protected":false},"excerpt":{"rendered":"<h5>This UBC Road Runner bag is made to travel. It provides a huge main compartment to store clothing and other gear with a fashionable look paired with UBC functions.<\/h5>","protected":false},"featured_media":4308652122511842,"comment_status":"open","ping_status":"closed","template":"","meta":{"site-sidebar-layout":"default","site-content-layout":"default","ast-global-header-display":"","ast-main-header-display":"","ast-hfb-above-header-display":"","ast-hfb-below-header-display":"","ast-hfb-mobile-header-display":"","site-post-title":"","ast-breadcrumbs-content":"","ast-featured-img":"","footer-sml-layout":"","theme-transparent-header-meta":"default","adv-header-id-meta":"","stick-header-meta":"","header-above-stick-meta":"","header-main-stick-meta":"","header-below-stick-meta":""},"product_cat":[193,117,351],"product_tag":[],"class_list":{"0":"post-4308652122510236","1":"product","2":"type-product","3":"status-publish","4":"has-post-thumbnail","6":"product_cat-kotid","7":"product_cat-riided-kotid","8":"product_cat-soodus","9":"desktop-align-left","10":"tablet-align-left","11":"mobile-align-left","13":"first","14":"outofstock","15":"shipping-taxable","16":"purchasable","17":"product-type-simple"},"yoast_head":"<!-- This site is optimized with the Yoast SEO plugin v22.3 - https:\/\/yoast.com\/wordpress\/plugins\/seo\/ -->\n<title>UBC Roadrunner Backpack - Rulluisukool<\/title>\n<meta name=\"description\" content=\"See UBC Road Runner kott on m\u00f5eldud reisimiseks. See pakub tohutut p\u00f5hiruumi riiete ja muude varustuse hoidmiseks, millel on moekas v\u00e4limus ja UBC funktsioonid.\" \/>\n<meta name=\"robots\" content=\"index, follow, max-snippet:-1, max-image-preview:large, max-video-preview:-1\" \/>\n<link rel=\"canonical\" href=\"https:\/\/rulluisukool.ee\/en\/product\/ubc-roadrunner-backpack\/\" \/>\n<meta property=\"og:locale\" content=\"en_GB\" \/>\n<meta property=\"og:type\" content=\"article\" \/>\n<meta property=\"og:title\" content=\"UBC Roadrunner Backpack - Rulluisukool\" \/>\n<meta property=\"og:description\" content=\"See UBC Road Runner kott on m\u00f5eldud reisimiseks. See pakub tohutut p\u00f5hiruumi riiete ja muude varustuse hoidmiseks, millel on moekas v\u00e4limus ja UBC funktsioonid.\" \/>\n<meta property=\"og:url\" content=\"https:\/\/rulluisukool.ee\/en\/product\/ubc-roadrunner-backpack\/\" \/>\n<meta property=\"og:site_name\" content=\"Rulluisukool\" \/>\n<meta property=\"article:publisher\" content=\"https:\/\/www.facebook.com\/rulluisukool\" \/>\n<meta property=\"article:modified_time\" content=\"2025-12-03T19:50:08+00:00\" \/>\n<meta property=\"og:image\" content=\"https:\/\/rulluisukool.ee\/wp-content\/uploads\/2021\/12\/UBC-Roadrunner-Backpack.jpg\" \/>\n\t<meta property=\"og:image:width\" content=\"619\" \/>\n\t<meta property=\"og:image:height\" content=\"594\" \/>\n\t<meta property=\"og:image:type\" content=\"image\/jpeg\" \/>\n<meta name=\"twitter:card\" content=\"summary_large_image\" \/>\n<meta name=\"twitter:label1\" content=\"Estimated reading time\" \/>\n\t<meta name=\"twitter:data1\" content=\"1 minute\" \/>\n<script type=\"application\/ld+json\" class=\"yoast-schema-graph\">{\"@context\":\"https:\/\/schema.org\",\"@graph\":[{\"@type\":\"WebPage\",\"@id\":\"https:\/\/rulluisukool.ee\/toode\/ubc-roadrunner-backpack\/\",\"url\":\"https:\/\/rulluisukool.ee\/toode\/ubc-roadrunner-backpack\/\",\"name\":\"UBC Roadrunner Backpack - Rulluisukool\",\"isPartOf\":{\"@id\":\"https:\/\/rulluisukool.ee\/#website\"},\"primaryImageOfPage\":{\"@id\":\"https:\/\/rulluisukool.ee\/toode\/ubc-roadrunner-backpack\/#primaryimage\"},\"image\":{\"@id\":\"https:\/\/rulluisukool.ee\/toode\/ubc-roadrunner-backpack\/#primaryimage\"},\"thumbnailUrl\":\"https:\/\/rulluisukool.ee\/wp-content\/uploads\/2021\/12\/UBC-Roadrunner-Backpack.jpg\",\"datePublished\":\"2021-12-13T09:04:37+00:00\",\"dateModified\":\"2025-12-03T19:50:08+00:00\",\"description\":\"See UBC Road Runner kott on m\u00f5eldud reisimiseks. See pakub tohutut p\u00f5hiruumi riiete ja muude varustuse hoidmiseks, millel on moekas v\u00e4limus ja UBC funktsioonid.\",\"breadcrumb\":{\"@id\":\"https:\/\/rulluisukool.ee\/toode\/ubc-roadrunner-backpack\/#breadcrumb\"},\"inLanguage\":\"en-GB\",\"potentialAction\":[{\"@type\":\"ReadAction\",\"target\":[\"https:\/\/rulluisukool.ee\/toode\/ubc-roadrunner-backpack\/\"]}]},{\"@type\":\"ImageObject\",\"inLanguage\":\"en-GB\",\"@id\":\"https:\/\/rulluisukool.ee\/toode\/ubc-roadrunner-backpack\/#primaryimage\",\"url\":\"https:\/\/rulluisukool.ee\/wp-content\/uploads\/2021\/12\/UBC-Roadrunner-Backpack.jpg\",\"contentUrl\":\"https:\/\/rulluisukool.ee\/wp-content\/uploads\/2021\/12\/UBC-Roadrunner-Backpack.jpg\",\"width\":619,\"height\":594},{\"@type\":\"BreadcrumbList\",\"@id\":\"https:\/\/rulluisukool.ee\/toode\/ubc-roadrunner-backpack\/#breadcrumb\",\"itemListElement\":[{\"@type\":\"ListItem\",\"position\":1,\"name\":\"Home\",\"item\":\"https:\/\/rulluisukool.ee\/\"},{\"@type\":\"ListItem\",\"position\":2,\"name\":\"E-POOD\",\"item\":\"https:\/\/rulluisukool.ee\/en\/rulluisud-saapad-rattad-laagrid-kaitsevarustus-jaauisutamine\/\"},{\"@type\":\"ListItem\",\"position\":3,\"name\":\"UBC Roadrunner Backpack\"}]},{\"@type\":\"WebSite\",\"@id\":\"https:\/\/rulluisukool.ee\/#website\",\"url\":\"https:\/\/rulluisukool.ee\/\",\"name\":\"Rulluisukool\",\"description\":\"\",\"publisher\":{\"@id\":\"https:\/\/rulluisukool.ee\/#organization\"},\"potentialAction\":[{\"@type\":\"SearchAction\",\"target\":{\"@type\":\"EntryPoint\",\"urlTemplate\":\"https:\/\/rulluisukool.ee\/?s={search_term_string}\"},\"query-input\":\"required name=search_term_string\"}],\"inLanguage\":\"en-GB\"},{\"@type\":\"Organization\",\"@id\":\"https:\/\/rulluisukool.ee\/#organization\",\"name\":\"Rulluisukool\",\"url\":\"https:\/\/rulluisukool.ee\/\",\"logo\":{\"@type\":\"ImageObject\",\"inLanguage\":\"en-GB\",\"@id\":\"https:\/\/rulluisukool.ee\/#\/schema\/logo\/image\/\",\"url\":\"https:\/\/rulluisukool.ee\/wp-content\/uploads\/2017\/03\/Rulluisukool-ee.png\",\"contentUrl\":\"https:\/\/rulluisukool.ee\/wp-content\/uploads\/2017\/03\/Rulluisukool-ee.png\",\"width\":710,\"height\":710,\"caption\":\"Rulluisukool\"},\"image\":{\"@id\":\"https:\/\/rulluisukool.ee\/#\/schema\/logo\/image\/\"},\"sameAs\":[\"https:\/\/www.facebook.com\/rulluisukool\",\"https:\/\/instagram.com\/rulluisukool\",\"https:\/\/www.youtube.com\/channel\/UCUdSaiAVZmmNCOlAhU3_ONA\"]}]}<\/script>\n<!-- \/ Yoast SEO plugin. -->","yoast_head_json":{"title":"UBC Roadrunner Backpack - Rulluisukool","description":"See UBC Road Runner kott on m\u00f5eldud reisimiseks. See pakub tohutut p\u00f5hiruumi riiete ja muude varustuse hoidmiseks, millel on moekas v\u00e4limus ja UBC funktsioonid.","robots":{"index":"index","follow":"follow","max-snippet":"max-snippet:-1","max-image-preview":"max-image-preview:large","max-video-preview":"max-video-preview:-1"},"canonical":"https:\/\/rulluisukool.ee\/en\/product\/ubc-roadrunner-backpack\/","og_locale":"en_GB","og_type":"article","og_title":"UBC Roadrunner Backpack - Rulluisukool","og_description":"See UBC Road Runner kott on m\u00f5eldud reisimiseks. See pakub tohutut p\u00f5hiruumi riiete ja muude varustuse hoidmiseks, millel on moekas v\u00e4limus ja UBC funktsioonid.","og_url":"https:\/\/rulluisukool.ee\/en\/product\/ubc-roadrunner-backpack\/","og_site_name":"Rulluisukool","article_publisher":"https:\/\/www.facebook.com\/rulluisukool","article_modified_time":"2025-12-03T19:50:08+00:00","og_image":[{"width":619,"height":594,"url":"https:\/\/rulluisukool.ee\/wp-content\/uploads\/2021\/12\/UBC-Roadrunner-Backpack.jpg","type":"image\/jpeg"}],"twitter_card":"summary_large_image","twitter_misc":{"Estimated reading time":"1 minute"},"schema":{"@context":"https:\/\/schema.org","@graph":[{"@type":"WebPage","@id":"https:\/\/rulluisukool.ee\/toode\/ubc-roadrunner-backpack\/","url":"https:\/\/rulluisukool.ee\/toode\/ubc-roadrunner-backpack\/","name":"UBC Roadrunner Backpack - Rulluisukool","isPartOf":{"@id":"https:\/\/rulluisukool.ee\/#website"},"primaryImageOfPage":{"@id":"https:\/\/rulluisukool.ee\/toode\/ubc-roadrunner-backpack\/#primaryimage"},"image":{"@id":"https:\/\/rulluisukool.ee\/toode\/ubc-roadrunner-backpack\/#primaryimage"},"thumbnailUrl":"https:\/\/rulluisukool.ee\/wp-content\/uploads\/2021\/12\/UBC-Roadrunner-Backpack.jpg","datePublished":"2021-12-13T09:04:37+00:00","dateModified":"2025-12-03T19:50:08+00:00","description":"See UBC Road Runner kott on m\u00f5eldud reisimiseks. See pakub tohutut p\u00f5hiruumi riiete ja muude varustuse hoidmiseks, millel on moekas v\u00e4limus ja UBC funktsioonid.","breadcrumb":{"@id":"https:\/\/rulluisukool.ee\/toode\/ubc-roadrunner-backpack\/#breadcrumb"},"inLanguage":"en-GB","potentialAction":[{"@type":"ReadAction","target":["https:\/\/rulluisukool.ee\/toode\/ubc-roadrunner-backpack\/"]}]},{"@type":"ImageObject","inLanguage":"en-GB","@id":"https:\/\/rulluisukool.ee\/toode\/ubc-roadrunner-backpack\/#primaryimage","url":"https:\/\/rulluisukool.ee\/wp-content\/uploads\/2021\/12\/UBC-Roadrunner-Backpack.jpg","contentUrl":"https:\/\/rulluisukool.ee\/wp-content\/uploads\/2021\/12\/UBC-Roadrunner-Backpack.jpg","width":619,"height":594},{"@type":"BreadcrumbList","@id":"https:\/\/rulluisukool.ee\/toode\/ubc-roadrunner-backpack\/#breadcrumb","itemListElement":[{"@type":"ListItem","position":1,"name":"Home","item":"https:\/\/rulluisukool.ee\/"},{"@type":"ListItem","position":2,"name":"E-POOD","item":"https:\/\/rulluisukool.ee\/en\/rulluisud-saapad-rattad-laagrid-kaitsevarustus-jaauisutamine\/"},{"@type":"ListItem","position":3,"name":"UBC Roadrunner Backpack"}]},{"@type":"WebSite","@id":"https:\/\/rulluisukool.ee\/#website","url":"https:\/\/rulluisukool.ee\/","name":"Rulluisukool","description":"","publisher":{"@id":"https:\/\/rulluisukool.ee\/#organization"},"potentialAction":[{"@type":"SearchAction","target":{"@type":"EntryPoint","urlTemplate":"https:\/\/rulluisukool.ee\/?s={search_term_string}"},"query-input":"required name=search_term_string"}],"inLanguage":"en-GB"},{"@type":"Organization","@id":"https:\/\/rulluisukool.ee\/#organization","name":"Rulluisukool","url":"https:\/\/rulluisukool.ee\/","logo":{"@type":"ImageObject","inLanguage":"en-GB","@id":"https:\/\/rulluisukool.ee\/#\/schema\/logo\/image\/","url":"https:\/\/rulluisukool.ee\/wp-content\/uploads\/2017\/03\/Rulluisukool-ee.png","contentUrl":"https:\/\/rulluisukool.ee\/wp-content\/uploads\/2017\/03\/Rulluisukool-ee.png","width":710,"height":710,"caption":"Rulluisukool"},"image":{"@id":"https:\/\/rulluisukool.ee\/#\/schema\/logo\/image\/"},"sameAs":["https:\/\/www.facebook.com\/rulluisukool","https:\/\/instagram.com\/rulluisukool","https:\/\/www.youtube.com\/channel\/UCUdSaiAVZmmNCOlAhU3_ONA"]}]}},"_links":{"self":[{"href":"https:\/\/rulluisukool.ee\/en\/wp-json\/wp\/v2\/product\/4308652122510236","targetHints":{"allow":["GET"]}}],"collection":[{"href":"https:\/\/rulluisukool.ee\/en\/wp-json\/wp\/v2\/product"}],"about":[{"href":"https:\/\/rulluisukool.ee\/en\/wp-json\/wp\/v2\/types\/product"}],"replies":[{"embeddable":true,"href":"https:\/\/rulluisukool.ee\/en\/wp-json\/wp\/v2\/comments?post=4308652122510236"}],"wp:featuredmedia":[{"embeddable":true,"href":"https:\/\/rulluisukool.ee\/en\/wp-json\/wp\/v2\/media\/4308652122511842"}],"wp:attachment":[{"href":"https:\/\/rulluisukool.ee\/en\/wp-json\/wp\/v2\/media?parent=4308652122510236"}],"wp:term":[{"taxonomy":"product_cat","embeddable":true,"href":"https:\/\/rulluisukool.ee\/en\/wp-json\/wp\/v2\/product_cat?post=4308652122510236"},{"taxonomy":"product_tag","embeddable":true,"href":"https:\/\/rulluisukool.ee\/en\/wp-json\/wp\/v2\/product_tag?post=4308652122510236"}],"curies":[{"name":"wp","href":"https:\/\/api.w.org\/{rel}","templated":true}]}}