{"id":4308652122510209,"date":"2021-12-13T11:04:33","date_gmt":"2021-12-13T09:04:33","guid":{"rendered":"https:\/\/rulluisukool.ee\/toode\/powerslide-torrent-rain-wheels-125mm-84a-black-6-pack\/"},"modified":"2025-12-03T21:55:01","modified_gmt":"2025-12-03T19:55:01","slug":"powerslide-torrent-rain-wheels-125mm-84a-black-6-pack","status":"publish","type":"product","link":"https:\/\/rulluisukool.ee\/en\/product\/powerslide-torrent-rain-wheels-125mm-84a-black-6-pack\/","title":{"rendered":"Powerslide Torre\u2026"},"content":{"rendered":"<p>Powerslides' Torrent wheel is a new rain skating wheel. The Torrent wheel has been under development for countless kilometers with our world class racing team. A specific rain skating PU and a wheel preparation process that ensure maximum traction in wet skating conditions. The 125mm wheel features our DFT core for maximum rolling performance. This wheel comes in 125mm and 84A.<\/p>","protected":false},"excerpt":{"rendered":"<ul>\n<li>\n<h5>Model: Torrent Rain<\/h5>\n<\/li>\n<li>\n<h5>Size: 125 mm<\/h5>\n<\/li>\n<li>\n<h5>Hardness: 84a<\/h5>\n<\/li>\n<li>\n<h5>Type: Asphalt \/ road<\/h5>\n<\/li>\n<\/ul>","protected":false},"featured_media":4308652122511681,"comment_status":"open","ping_status":"closed","template":"","meta":{"site-sidebar-layout":"default","site-content-layout":"default","ast-global-header-display":"","ast-main-header-display":"","ast-hfb-above-header-display":"","ast-hfb-below-header-display":"","ast-hfb-mobile-header-display":"","site-post-title":"","ast-breadcrumbs-content":"","ast-featured-img":"","footer-sml-layout":"","theme-transparent-header-meta":"default","adv-header-id-meta":"","stick-header-meta":"","header-above-stick-meta":"","header-main-stick-meta":"","header-below-stick-meta":""},"product_cat":[228,166,113,351],"product_tag":[],"class_list":{"0":"post-4308652122510209","1":"product","2":"type-product","3":"status-publish","4":"has-post-thumbnail","6":"product_cat-125mm","7":"product_cat-powerslide","8":"product_cat-rattad","9":"product_cat-soodus","10":"desktop-align-left","11":"tablet-align-left","12":"mobile-align-left","14":"first","15":"instock","16":"shipping-taxable","17":"purchasable","18":"product-type-simple"},"yoast_head":"<!-- This site is optimized with the Yoast SEO plugin v22.3 - https:\/\/yoast.com\/wordpress\/plugins\/seo\/ -->\n<title>Powerslide Torrent Rain Wheels, 125mm\/84a, black, 6-pack - Rulluisukool<\/title>\n<meta name=\"description\" content=\"Mudel: Torrent Rain    Suurus: 125 mm    K\u00f5vadus: 84a    T\u00fc\u00fcp: Asfalt \/ maantee\" \/>\n<meta name=\"robots\" content=\"index, follow, max-snippet:-1, max-image-preview:large, max-video-preview:-1\" \/>\n<link rel=\"canonical\" href=\"https:\/\/rulluisukool.ee\/en\/product\/powerslide-torrent-rain-wheels-125mm-84a-black-6-pack\/\" \/>\n<meta property=\"og:locale\" content=\"en_GB\" \/>\n<meta property=\"og:type\" content=\"article\" \/>\n<meta property=\"og:title\" content=\"Powerslide Torrent Rain Wheels, 125mm\/84a, black, 6-pack - Rulluisukool\" \/>\n<meta property=\"og:description\" content=\"Mudel: Torrent Rain    Suurus: 125 mm    K\u00f5vadus: 84a    T\u00fc\u00fcp: Asfalt \/ maantee\" \/>\n<meta property=\"og:url\" content=\"https:\/\/rulluisukool.ee\/en\/product\/powerslide-torrent-rain-wheels-125mm-84a-black-6-pack\/\" \/>\n<meta property=\"og:site_name\" content=\"Rulluisukool\" \/>\n<meta property=\"article:publisher\" content=\"https:\/\/www.facebook.com\/rulluisukool\" \/>\n<meta property=\"article:modified_time\" content=\"2025-12-03T19:55:01+00:00\" \/>\n<meta property=\"og:image\" content=\"https:\/\/rulluisukool.ee\/wp-content\/uploads\/2021\/12\/Powerslide-Torrent-Rain-Wheels-125mm84a-black-6-pack.jpg\" \/>\n\t<meta property=\"og:image:width\" content=\"619\" \/>\n\t<meta property=\"og:image:height\" content=\"594\" \/>\n\t<meta property=\"og:image:type\" content=\"image\/jpeg\" \/>\n<meta name=\"twitter:card\" content=\"summary_large_image\" \/>\n<meta name=\"twitter:label1\" content=\"Estimated reading time\" \/>\n\t<meta name=\"twitter:data1\" content=\"1 minute\" \/>\n<script type=\"application\/ld+json\" class=\"yoast-schema-graph\">{\"@context\":\"https:\/\/schema.org\",\"@graph\":[{\"@type\":\"WebPage\",\"@id\":\"https:\/\/rulluisukool.ee\/toode\/powerslide-torrent-rain-wheels-125mm-84a-black-6-pack\/\",\"url\":\"https:\/\/rulluisukool.ee\/toode\/powerslide-torrent-rain-wheels-125mm-84a-black-6-pack\/\",\"name\":\"Powerslide Torrent Rain Wheels, 125mm\/84a, black, 6-pack - Rulluisukool\",\"isPartOf\":{\"@id\":\"https:\/\/rulluisukool.ee\/#website\"},\"primaryImageOfPage\":{\"@id\":\"https:\/\/rulluisukool.ee\/toode\/powerslide-torrent-rain-wheels-125mm-84a-black-6-pack\/#primaryimage\"},\"image\":{\"@id\":\"https:\/\/rulluisukool.ee\/toode\/powerslide-torrent-rain-wheels-125mm-84a-black-6-pack\/#primaryimage\"},\"thumbnailUrl\":\"https:\/\/rulluisukool.ee\/wp-content\/uploads\/2021\/12\/Powerslide-Torrent-Rain-Wheels-125mm84a-black-6-pack.jpg\",\"datePublished\":\"2021-12-13T09:04:33+00:00\",\"dateModified\":\"2025-12-03T19:55:01+00:00\",\"description\":\"Mudel: Torrent Rain Suurus: 125 mm K\u00f5vadus: 84a T\u00fc\u00fcp: Asfalt \/ maantee\",\"breadcrumb\":{\"@id\":\"https:\/\/rulluisukool.ee\/toode\/powerslide-torrent-rain-wheels-125mm-84a-black-6-pack\/#breadcrumb\"},\"inLanguage\":\"en-GB\",\"potentialAction\":[{\"@type\":\"ReadAction\",\"target\":[\"https:\/\/rulluisukool.ee\/toode\/powerslide-torrent-rain-wheels-125mm-84a-black-6-pack\/\"]}]},{\"@type\":\"ImageObject\",\"inLanguage\":\"en-GB\",\"@id\":\"https:\/\/rulluisukool.ee\/toode\/powerslide-torrent-rain-wheels-125mm-84a-black-6-pack\/#primaryimage\",\"url\":\"https:\/\/rulluisukool.ee\/wp-content\/uploads\/2021\/12\/Powerslide-Torrent-Rain-Wheels-125mm84a-black-6-pack.jpg\",\"contentUrl\":\"https:\/\/rulluisukool.ee\/wp-content\/uploads\/2021\/12\/Powerslide-Torrent-Rain-Wheels-125mm84a-black-6-pack.jpg\",\"width\":619,\"height\":594},{\"@type\":\"BreadcrumbList\",\"@id\":\"https:\/\/rulluisukool.ee\/toode\/powerslide-torrent-rain-wheels-125mm-84a-black-6-pack\/#breadcrumb\",\"itemListElement\":[{\"@type\":\"ListItem\",\"position\":1,\"name\":\"Home\",\"item\":\"https:\/\/rulluisukool.ee\/\"},{\"@type\":\"ListItem\",\"position\":2,\"name\":\"E-POOD\",\"item\":\"https:\/\/rulluisukool.ee\/en\/rulluisud-saapad-rattad-laagrid-kaitsevarustus-jaauisutamine\/\"},{\"@type\":\"ListItem\",\"position\":3,\"name\":\"Powerslide Torre\u2026\"}]},{\"@type\":\"WebSite\",\"@id\":\"https:\/\/rulluisukool.ee\/#website\",\"url\":\"https:\/\/rulluisukool.ee\/\",\"name\":\"Rulluisukool\",\"description\":\"\",\"publisher\":{\"@id\":\"https:\/\/rulluisukool.ee\/#organization\"},\"potentialAction\":[{\"@type\":\"SearchAction\",\"target\":{\"@type\":\"EntryPoint\",\"urlTemplate\":\"https:\/\/rulluisukool.ee\/?s={search_term_string}\"},\"query-input\":\"required name=search_term_string\"}],\"inLanguage\":\"en-GB\"},{\"@type\":\"Organization\",\"@id\":\"https:\/\/rulluisukool.ee\/#organization\",\"name\":\"Rulluisukool\",\"url\":\"https:\/\/rulluisukool.ee\/\",\"logo\":{\"@type\":\"ImageObject\",\"inLanguage\":\"en-GB\",\"@id\":\"https:\/\/rulluisukool.ee\/#\/schema\/logo\/image\/\",\"url\":\"https:\/\/rulluisukool.ee\/wp-content\/uploads\/2017\/03\/Rulluisukool-ee.png\",\"contentUrl\":\"https:\/\/rulluisukool.ee\/wp-content\/uploads\/2017\/03\/Rulluisukool-ee.png\",\"width\":710,\"height\":710,\"caption\":\"Rulluisukool\"},\"image\":{\"@id\":\"https:\/\/rulluisukool.ee\/#\/schema\/logo\/image\/\"},\"sameAs\":[\"https:\/\/www.facebook.com\/rulluisukool\",\"https:\/\/instagram.com\/rulluisukool\",\"https:\/\/www.youtube.com\/channel\/UCUdSaiAVZmmNCOlAhU3_ONA\"]}]}<\/script>\n<!-- \/ Yoast SEO plugin. -->","yoast_head_json":{"title":"Powerslide Torrent Rain Wheels, 125mm\/84a, black, 6-pack - Rulluisukool","description":"Mudel: Torrent Rain    Suurus: 125 mm    K\u00f5vadus: 84a    T\u00fc\u00fcp: Asfalt \/ maantee","robots":{"index":"index","follow":"follow","max-snippet":"max-snippet:-1","max-image-preview":"max-image-preview:large","max-video-preview":"max-video-preview:-1"},"canonical":"https:\/\/rulluisukool.ee\/en\/product\/powerslide-torrent-rain-wheels-125mm-84a-black-6-pack\/","og_locale":"en_GB","og_type":"article","og_title":"Powerslide Torrent Rain Wheels, 125mm\/84a, black, 6-pack - Rulluisukool","og_description":"Mudel: Torrent Rain    Suurus: 125 mm    K\u00f5vadus: 84a    T\u00fc\u00fcp: Asfalt \/ maantee","og_url":"https:\/\/rulluisukool.ee\/en\/product\/powerslide-torrent-rain-wheels-125mm-84a-black-6-pack\/","og_site_name":"Rulluisukool","article_publisher":"https:\/\/www.facebook.com\/rulluisukool","article_modified_time":"2025-12-03T19:55:01+00:00","og_image":[{"width":619,"height":594,"url":"https:\/\/rulluisukool.ee\/wp-content\/uploads\/2021\/12\/Powerslide-Torrent-Rain-Wheels-125mm84a-black-6-pack.jpg","type":"image\/jpeg"}],"twitter_card":"summary_large_image","twitter_misc":{"Estimated reading time":"1 minute"},"schema":{"@context":"https:\/\/schema.org","@graph":[{"@type":"WebPage","@id":"https:\/\/rulluisukool.ee\/toode\/powerslide-torrent-rain-wheels-125mm-84a-black-6-pack\/","url":"https:\/\/rulluisukool.ee\/toode\/powerslide-torrent-rain-wheels-125mm-84a-black-6-pack\/","name":"Powerslide Torrent Rain Wheels, 125mm\/84a, black, 6-pack - Rulluisukool","isPartOf":{"@id":"https:\/\/rulluisukool.ee\/#website"},"primaryImageOfPage":{"@id":"https:\/\/rulluisukool.ee\/toode\/powerslide-torrent-rain-wheels-125mm-84a-black-6-pack\/#primaryimage"},"image":{"@id":"https:\/\/rulluisukool.ee\/toode\/powerslide-torrent-rain-wheels-125mm-84a-black-6-pack\/#primaryimage"},"thumbnailUrl":"https:\/\/rulluisukool.ee\/wp-content\/uploads\/2021\/12\/Powerslide-Torrent-Rain-Wheels-125mm84a-black-6-pack.jpg","datePublished":"2021-12-13T09:04:33+00:00","dateModified":"2025-12-03T19:55:01+00:00","description":"Mudel: Torrent Rain Suurus: 125 mm K\u00f5vadus: 84a T\u00fc\u00fcp: Asfalt \/ maantee","breadcrumb":{"@id":"https:\/\/rulluisukool.ee\/toode\/powerslide-torrent-rain-wheels-125mm-84a-black-6-pack\/#breadcrumb"},"inLanguage":"en-GB","potentialAction":[{"@type":"ReadAction","target":["https:\/\/rulluisukool.ee\/toode\/powerslide-torrent-rain-wheels-125mm-84a-black-6-pack\/"]}]},{"@type":"ImageObject","inLanguage":"en-GB","@id":"https:\/\/rulluisukool.ee\/toode\/powerslide-torrent-rain-wheels-125mm-84a-black-6-pack\/#primaryimage","url":"https:\/\/rulluisukool.ee\/wp-content\/uploads\/2021\/12\/Powerslide-Torrent-Rain-Wheels-125mm84a-black-6-pack.jpg","contentUrl":"https:\/\/rulluisukool.ee\/wp-content\/uploads\/2021\/12\/Powerslide-Torrent-Rain-Wheels-125mm84a-black-6-pack.jpg","width":619,"height":594},{"@type":"BreadcrumbList","@id":"https:\/\/rulluisukool.ee\/toode\/powerslide-torrent-rain-wheels-125mm-84a-black-6-pack\/#breadcrumb","itemListElement":[{"@type":"ListItem","position":1,"name":"Home","item":"https:\/\/rulluisukool.ee\/"},{"@type":"ListItem","position":2,"name":"E-POOD","item":"https:\/\/rulluisukool.ee\/en\/rulluisud-saapad-rattad-laagrid-kaitsevarustus-jaauisutamine\/"},{"@type":"ListItem","position":3,"name":"Powerslide Torre\u2026"}]},{"@type":"WebSite","@id":"https:\/\/rulluisukool.ee\/#website","url":"https:\/\/rulluisukool.ee\/","name":"Rulluisukool","description":"","publisher":{"@id":"https:\/\/rulluisukool.ee\/#organization"},"potentialAction":[{"@type":"SearchAction","target":{"@type":"EntryPoint","urlTemplate":"https:\/\/rulluisukool.ee\/?s={search_term_string}"},"query-input":"required name=search_term_string"}],"inLanguage":"en-GB"},{"@type":"Organization","@id":"https:\/\/rulluisukool.ee\/#organization","name":"Rulluisukool","url":"https:\/\/rulluisukool.ee\/","logo":{"@type":"ImageObject","inLanguage":"en-GB","@id":"https:\/\/rulluisukool.ee\/#\/schema\/logo\/image\/","url":"https:\/\/rulluisukool.ee\/wp-content\/uploads\/2017\/03\/Rulluisukool-ee.png","contentUrl":"https:\/\/rulluisukool.ee\/wp-content\/uploads\/2017\/03\/Rulluisukool-ee.png","width":710,"height":710,"caption":"Rulluisukool"},"image":{"@id":"https:\/\/rulluisukool.ee\/#\/schema\/logo\/image\/"},"sameAs":["https:\/\/www.facebook.com\/rulluisukool","https:\/\/instagram.com\/rulluisukool","https:\/\/www.youtube.com\/channel\/UCUdSaiAVZmmNCOlAhU3_ONA"]}]}},"_links":{"self":[{"href":"https:\/\/rulluisukool.ee\/en\/wp-json\/wp\/v2\/product\/4308652122510209","targetHints":{"allow":["GET"]}}],"collection":[{"href":"https:\/\/rulluisukool.ee\/en\/wp-json\/wp\/v2\/product"}],"about":[{"href":"https:\/\/rulluisukool.ee\/en\/wp-json\/wp\/v2\/types\/product"}],"replies":[{"embeddable":true,"href":"https:\/\/rulluisukool.ee\/en\/wp-json\/wp\/v2\/comments?post=4308652122510209"}],"wp:featuredmedia":[{"embeddable":true,"href":"https:\/\/rulluisukool.ee\/en\/wp-json\/wp\/v2\/media\/4308652122511681"}],"wp:attachment":[{"href":"https:\/\/rulluisukool.ee\/en\/wp-json\/wp\/v2\/media?parent=4308652122510209"}],"wp:term":[{"taxonomy":"product_cat","embeddable":true,"href":"https:\/\/rulluisukool.ee\/en\/wp-json\/wp\/v2\/product_cat?post=4308652122510209"},{"taxonomy":"product_tag","embeddable":true,"href":"https:\/\/rulluisukool.ee\/en\/wp-json\/wp\/v2\/product_tag?post=4308652122510209"}],"curies":[{"name":"wp","href":"https:\/\/api.w.org\/{rel}","templated":true}]}}