{"id":4308652122510193,"date":"2021-12-13T11:04:31","date_gmt":"2021-12-13T09:04:31","guid":{"rendered":"https:\/\/rulluisukool.ee\/toode\/powerslide-racing-marathon-final-125-trinity-38\/"},"modified":"2026-03-18T12:25:57","modified_gmt":"2026-03-18T10:25:57","slug":"powerslide-racing-marathon-final-125-trinity","status":"publish","type":"product","link":"https:\/\/rulluisukool.ee\/en\/product\/powerslide-racing-marathon-final-125-trinity\/","title":{"rendered":"Powerslide Racin\u2026"},"content":{"rendered":"<p>The cheapest, high performance racing skate in history. Making the jump from a fitness skate into a speed skate is often daunting, not only from a technical point of view, but people are often discouraged, by the increase in cost. The FINAL skate will change that! It has been priced aggressively to ensure that skaters can feel comfortable with the decision to enter the speed skating world. Examples of the flow down tech in this skate is the use of the upper from our PULS skate, and the Elite Casted MG frames which are race proven. The skate itself has been designed to be more relaxed in fitting to ensure maximum comfort<\/p>","protected":false},"excerpt":{"rendered":"<p>The cheapest, high performance racing skate in history. Making the jump from a fitness skate into a speed skate is often daunting, not only from a technical point of view, but people are often discouraged, by the increase in cost. The FINAL skate will change that! It has been priced aggressively to ensure that skaters can feel comfortable with the decision to enter the speed skating world. Examples of the flow down tech in this skate is the use of the upper from our PULS skate, and the Elite Casted MG frames which are race proven. The skate itself has been designed to be more relaxed in fitting to ensure maximum comfort<\/p>","protected":false},"featured_media":4308652122516112,"comment_status":"open","ping_status":"closed","template":"","meta":{"site-sidebar-layout":"default","site-content-layout":"default","ast-global-header-display":"","ast-main-header-display":"","ast-hfb-above-header-display":"","ast-hfb-below-header-display":"","ast-hfb-mobile-header-display":"","site-post-title":"","ast-breadcrumbs-content":"","ast-featured-img":"","footer-sml-layout":"","theme-transparent-header-meta":"default","adv-header-id-meta":"","stick-header-meta":"","header-above-stick-meta":"","header-main-stick-meta":"","header-below-stick-meta":""},"product_cat":[215,111,351],"product_tag":[],"class_list":{"0":"post-4308652122510193","1":"product","2":"type-product","3":"status-publish","4":"has-post-thumbnail","6":"product_cat-kiirrulluisud","7":"product_cat-rulluisud","8":"product_cat-soodus","9":"pa_suurus-124","10":"desktop-align-left","11":"tablet-align-left","12":"mobile-align-left","14":"first","15":"outofstock","16":"shipping-taxable","17":"product-type-variable"},"yoast_head":"<!-- This site is optimized with the Yoast SEO plugin v22.3 - https:\/\/yoast.com\/wordpress\/plugins\/seo\/ -->\n<title>Powerslide Racing Marathon Final 125 Trinity - Rulluisukool<\/title>\n<meta name=\"description\" content=\"Ajaloo odavaim suure j\u00f5udlusega v\u00f5idus\u00f5iduuisk. \u00dcleminek fitnessuisult kiiruisule tundub tihti keerukas, kuid selle uisuga on vahetus lihtsam. Sellel\" \/>\n<meta name=\"robots\" content=\"index, follow, max-snippet:-1, max-image-preview:large, max-video-preview:-1\" \/>\n<link rel=\"canonical\" href=\"https:\/\/rulluisukool.ee\/en\/product\/powerslide-racing-marathon-final-125-trinity\/\" \/>\n<meta property=\"og:locale\" content=\"en_GB\" \/>\n<meta property=\"og:type\" content=\"article\" \/>\n<meta property=\"og:title\" content=\"Powerslide Racing Marathon Final 125 Trinity - Rulluisukool\" \/>\n<meta property=\"og:description\" content=\"Ajaloo odavaim suure j\u00f5udlusega v\u00f5idus\u00f5iduuisk. \u00dcleminek fitnessuisult kiiruisule tundub tihti keerukas, kuid selle uisuga on vahetus lihtsam. Sellel\" \/>\n<meta property=\"og:url\" content=\"https:\/\/rulluisukool.ee\/en\/product\/powerslide-racing-marathon-final-125-trinity\/\" \/>\n<meta property=\"og:site_name\" content=\"Rulluisukool\" \/>\n<meta property=\"article:publisher\" content=\"https:\/\/www.facebook.com\/rulluisukool\" \/>\n<meta property=\"article:modified_time\" content=\"2026-03-18T10:25:57+00:00\" \/>\n<meta property=\"og:image\" content=\"https:\/\/rulluisukool.ee\/wp-content\/uploads\/2021\/12\/904569_PS_Racing_Final_125_2020_view0.jpg\" \/>\n\t<meta property=\"og:image:width\" content=\"350\" \/>\n\t<meta property=\"og:image:height\" content=\"280\" \/>\n\t<meta property=\"og:image:type\" content=\"image\/jpeg\" \/>\n<meta name=\"twitter:card\" content=\"summary_large_image\" \/>\n<meta name=\"twitter:label1\" content=\"Estimated reading time\" \/>\n\t<meta name=\"twitter:data1\" content=\"1 minute\" \/>\n<script type=\"application\/ld+json\" class=\"yoast-schema-graph\">{\"@context\":\"https:\/\/schema.org\",\"@graph\":[{\"@type\":\"WebPage\",\"@id\":\"https:\/\/rulluisukool.ee\/toode\/powerslide-racing-marathon-final-125-trinity\/\",\"url\":\"https:\/\/rulluisukool.ee\/toode\/powerslide-racing-marathon-final-125-trinity\/\",\"name\":\"Powerslide Racing Marathon Final 125 Trinity - Rulluisukool\",\"isPartOf\":{\"@id\":\"https:\/\/rulluisukool.ee\/#website\"},\"primaryImageOfPage\":{\"@id\":\"https:\/\/rulluisukool.ee\/toode\/powerslide-racing-marathon-final-125-trinity\/#primaryimage\"},\"image\":{\"@id\":\"https:\/\/rulluisukool.ee\/toode\/powerslide-racing-marathon-final-125-trinity\/#primaryimage\"},\"thumbnailUrl\":\"https:\/\/rulluisukool.ee\/wp-content\/uploads\/2021\/12\/904569_PS_Racing_Final_125_2020_view0.jpg\",\"datePublished\":\"2021-12-13T09:04:31+00:00\",\"dateModified\":\"2026-03-18T10:25:57+00:00\",\"description\":\"Ajaloo odavaim suure j\u00f5udlusega v\u00f5idus\u00f5iduuisk. \u00dcleminek fitnessuisult kiiruisule tundub tihti keerukas, kuid selle uisuga on vahetus lihtsam. Sellel\",\"breadcrumb\":{\"@id\":\"https:\/\/rulluisukool.ee\/toode\/powerslide-racing-marathon-final-125-trinity\/#breadcrumb\"},\"inLanguage\":\"en-GB\",\"potentialAction\":[{\"@type\":\"ReadAction\",\"target\":[\"https:\/\/rulluisukool.ee\/toode\/powerslide-racing-marathon-final-125-trinity\/\"]}]},{\"@type\":\"ImageObject\",\"inLanguage\":\"en-GB\",\"@id\":\"https:\/\/rulluisukool.ee\/toode\/powerslide-racing-marathon-final-125-trinity\/#primaryimage\",\"url\":\"https:\/\/rulluisukool.ee\/wp-content\/uploads\/2021\/12\/904569_PS_Racing_Final_125_2020_view0.jpg\",\"contentUrl\":\"https:\/\/rulluisukool.ee\/wp-content\/uploads\/2021\/12\/904569_PS_Racing_Final_125_2020_view0.jpg\",\"width\":350,\"height\":280},{\"@type\":\"BreadcrumbList\",\"@id\":\"https:\/\/rulluisukool.ee\/toode\/powerslide-racing-marathon-final-125-trinity\/#breadcrumb\",\"itemListElement\":[{\"@type\":\"ListItem\",\"position\":1,\"name\":\"Home\",\"item\":\"https:\/\/rulluisukool.ee\/\"},{\"@type\":\"ListItem\",\"position\":2,\"name\":\"E-POOD\",\"item\":\"https:\/\/rulluisukool.ee\/en\/rulluisud-saapad-rattad-laagrid-kaitsevarustus-jaauisutamine\/\"},{\"@type\":\"ListItem\",\"position\":3,\"name\":\"Powerslide Racin\u2026\"}]},{\"@type\":\"WebSite\",\"@id\":\"https:\/\/rulluisukool.ee\/#website\",\"url\":\"https:\/\/rulluisukool.ee\/\",\"name\":\"Rulluisukool\",\"description\":\"\",\"publisher\":{\"@id\":\"https:\/\/rulluisukool.ee\/#organization\"},\"potentialAction\":[{\"@type\":\"SearchAction\",\"target\":{\"@type\":\"EntryPoint\",\"urlTemplate\":\"https:\/\/rulluisukool.ee\/?s={search_term_string}\"},\"query-input\":\"required name=search_term_string\"}],\"inLanguage\":\"en-GB\"},{\"@type\":\"Organization\",\"@id\":\"https:\/\/rulluisukool.ee\/#organization\",\"name\":\"Rulluisukool\",\"url\":\"https:\/\/rulluisukool.ee\/\",\"logo\":{\"@type\":\"ImageObject\",\"inLanguage\":\"en-GB\",\"@id\":\"https:\/\/rulluisukool.ee\/#\/schema\/logo\/image\/\",\"url\":\"https:\/\/rulluisukool.ee\/wp-content\/uploads\/2017\/03\/Rulluisukool-ee.png\",\"contentUrl\":\"https:\/\/rulluisukool.ee\/wp-content\/uploads\/2017\/03\/Rulluisukool-ee.png\",\"width\":710,\"height\":710,\"caption\":\"Rulluisukool\"},\"image\":{\"@id\":\"https:\/\/rulluisukool.ee\/#\/schema\/logo\/image\/\"},\"sameAs\":[\"https:\/\/www.facebook.com\/rulluisukool\",\"https:\/\/instagram.com\/rulluisukool\",\"https:\/\/www.youtube.com\/channel\/UCUdSaiAVZmmNCOlAhU3_ONA\"]}]}<\/script>\n<!-- \/ Yoast SEO plugin. -->","yoast_head_json":{"title":"Powerslide Racing Marathon Final 125 Trinity - Rulluisukool","description":"Ajaloo odavaim suure j\u00f5udlusega v\u00f5idus\u00f5iduuisk. \u00dcleminek fitnessuisult kiiruisule tundub tihti keerukas, kuid selle uisuga on vahetus lihtsam. Sellel","robots":{"index":"index","follow":"follow","max-snippet":"max-snippet:-1","max-image-preview":"max-image-preview:large","max-video-preview":"max-video-preview:-1"},"canonical":"https:\/\/rulluisukool.ee\/en\/product\/powerslide-racing-marathon-final-125-trinity\/","og_locale":"en_GB","og_type":"article","og_title":"Powerslide Racing Marathon Final 125 Trinity - Rulluisukool","og_description":"Ajaloo odavaim suure j\u00f5udlusega v\u00f5idus\u00f5iduuisk. \u00dcleminek fitnessuisult kiiruisule tundub tihti keerukas, kuid selle uisuga on vahetus lihtsam. Sellel","og_url":"https:\/\/rulluisukool.ee\/en\/product\/powerslide-racing-marathon-final-125-trinity\/","og_site_name":"Rulluisukool","article_publisher":"https:\/\/www.facebook.com\/rulluisukool","article_modified_time":"2026-03-18T10:25:57+00:00","og_image":[{"width":350,"height":280,"url":"https:\/\/rulluisukool.ee\/wp-content\/uploads\/2021\/12\/904569_PS_Racing_Final_125_2020_view0.jpg","type":"image\/jpeg"}],"twitter_card":"summary_large_image","twitter_misc":{"Estimated reading time":"1 minute"},"schema":{"@context":"https:\/\/schema.org","@graph":[{"@type":"WebPage","@id":"https:\/\/rulluisukool.ee\/toode\/powerslide-racing-marathon-final-125-trinity\/","url":"https:\/\/rulluisukool.ee\/toode\/powerslide-racing-marathon-final-125-trinity\/","name":"Powerslide Racing Marathon Final 125 Trinity - Rulluisukool","isPartOf":{"@id":"https:\/\/rulluisukool.ee\/#website"},"primaryImageOfPage":{"@id":"https:\/\/rulluisukool.ee\/toode\/powerslide-racing-marathon-final-125-trinity\/#primaryimage"},"image":{"@id":"https:\/\/rulluisukool.ee\/toode\/powerslide-racing-marathon-final-125-trinity\/#primaryimage"},"thumbnailUrl":"https:\/\/rulluisukool.ee\/wp-content\/uploads\/2021\/12\/904569_PS_Racing_Final_125_2020_view0.jpg","datePublished":"2021-12-13T09:04:31+00:00","dateModified":"2026-03-18T10:25:57+00:00","description":"Ajaloo odavaim suure j\u00f5udlusega v\u00f5idus\u00f5iduuisk. \u00dcleminek fitnessuisult kiiruisule tundub tihti keerukas, kuid selle uisuga on vahetus lihtsam. Sellel","breadcrumb":{"@id":"https:\/\/rulluisukool.ee\/toode\/powerslide-racing-marathon-final-125-trinity\/#breadcrumb"},"inLanguage":"en-GB","potentialAction":[{"@type":"ReadAction","target":["https:\/\/rulluisukool.ee\/toode\/powerslide-racing-marathon-final-125-trinity\/"]}]},{"@type":"ImageObject","inLanguage":"en-GB","@id":"https:\/\/rulluisukool.ee\/toode\/powerslide-racing-marathon-final-125-trinity\/#primaryimage","url":"https:\/\/rulluisukool.ee\/wp-content\/uploads\/2021\/12\/904569_PS_Racing_Final_125_2020_view0.jpg","contentUrl":"https:\/\/rulluisukool.ee\/wp-content\/uploads\/2021\/12\/904569_PS_Racing_Final_125_2020_view0.jpg","width":350,"height":280},{"@type":"BreadcrumbList","@id":"https:\/\/rulluisukool.ee\/toode\/powerslide-racing-marathon-final-125-trinity\/#breadcrumb","itemListElement":[{"@type":"ListItem","position":1,"name":"Home","item":"https:\/\/rulluisukool.ee\/"},{"@type":"ListItem","position":2,"name":"E-POOD","item":"https:\/\/rulluisukool.ee\/en\/rulluisud-saapad-rattad-laagrid-kaitsevarustus-jaauisutamine\/"},{"@type":"ListItem","position":3,"name":"Powerslide Racin\u2026"}]},{"@type":"WebSite","@id":"https:\/\/rulluisukool.ee\/#website","url":"https:\/\/rulluisukool.ee\/","name":"Rulluisukool","description":"","publisher":{"@id":"https:\/\/rulluisukool.ee\/#organization"},"potentialAction":[{"@type":"SearchAction","target":{"@type":"EntryPoint","urlTemplate":"https:\/\/rulluisukool.ee\/?s={search_term_string}"},"query-input":"required name=search_term_string"}],"inLanguage":"en-GB"},{"@type":"Organization","@id":"https:\/\/rulluisukool.ee\/#organization","name":"Rulluisukool","url":"https:\/\/rulluisukool.ee\/","logo":{"@type":"ImageObject","inLanguage":"en-GB","@id":"https:\/\/rulluisukool.ee\/#\/schema\/logo\/image\/","url":"https:\/\/rulluisukool.ee\/wp-content\/uploads\/2017\/03\/Rulluisukool-ee.png","contentUrl":"https:\/\/rulluisukool.ee\/wp-content\/uploads\/2017\/03\/Rulluisukool-ee.png","width":710,"height":710,"caption":"Rulluisukool"},"image":{"@id":"https:\/\/rulluisukool.ee\/#\/schema\/logo\/image\/"},"sameAs":["https:\/\/www.facebook.com\/rulluisukool","https:\/\/instagram.com\/rulluisukool","https:\/\/www.youtube.com\/channel\/UCUdSaiAVZmmNCOlAhU3_ONA"]}]}},"_links":{"self":[{"href":"https:\/\/rulluisukool.ee\/en\/wp-json\/wp\/v2\/product\/4308652122510193","targetHints":{"allow":["GET"]}}],"collection":[{"href":"https:\/\/rulluisukool.ee\/en\/wp-json\/wp\/v2\/product"}],"about":[{"href":"https:\/\/rulluisukool.ee\/en\/wp-json\/wp\/v2\/types\/product"}],"replies":[{"embeddable":true,"href":"https:\/\/rulluisukool.ee\/en\/wp-json\/wp\/v2\/comments?post=4308652122510193"}],"wp:featuredmedia":[{"embeddable":true,"href":"https:\/\/rulluisukool.ee\/en\/wp-json\/wp\/v2\/media\/4308652122516112"}],"wp:attachment":[{"href":"https:\/\/rulluisukool.ee\/en\/wp-json\/wp\/v2\/media?parent=4308652122510193"}],"wp:term":[{"taxonomy":"product_cat","embeddable":true,"href":"https:\/\/rulluisukool.ee\/en\/wp-json\/wp\/v2\/product_cat?post=4308652122510193"},{"taxonomy":"product_tag","embeddable":true,"href":"https:\/\/rulluisukool.ee\/en\/wp-json\/wp\/v2\/product_tag?post=4308652122510193"}],"curies":[{"name":"wp","href":"https:\/\/api.w.org\/{rel}","templated":true}]}}