{"id":4308652122510181,"date":"2021-12-13T11:04:28","date_gmt":"2021-12-13T09:04:28","guid":{"rendered":"https:\/\/rulluisukool.ee\/toode\/powerslide-one-basic-kids-protection-set-xxs\/"},"modified":"2025-12-03T21:45:04","modified_gmt":"2025-12-03T19:45:04","slug":"powerslide-one-basic-kids-protection-set","status":"publish","type":"product","link":"https:\/\/rulluisukool.ee\/en\/product\/powerslide-one-basic-kids-protection-set\/","title":{"rendered":"Powerslide One B\u2026"},"content":{"rendered":"<p>Powerslide One Kids Basic set - low price, great protection. The Powerslide One Kids BASIC protection set is an entry level protection set. It features hard big sized caps on the knee and elbow pads for maximum safety. High quality EVA foam materials absorb the impact perfectly. This protector set is anatomically designed to fit nice and comfortable and will securely stay in place. Reflective labels provide extra safety when skating in twilight. This set can be used for all kind of action sport like skating, skateboarding or scooter riding. With the Powerslide One BASIC protection set kids will enjoy rolling activities even more.<\/p>","protected":false},"excerpt":{"rendered":"<p>Kaitsekomplekt Powerslide One Kids BASIC on algtaseme kaitsekomplekt. Sellel on p\u00f5lve- ja k\u00fc\u00fcnarnukikaitsed, mis tagavad maksimaalse ohutuse. Kvaliteetsed EVA vahtmaterjalid neelavad l\u00f6\u00f6gi suurep\u00e4raselt. See kaitsekomplekt on anatoomiliselt kujundatud nii, et see istuks kenasti ja mugavalt ning p\u00fcsiks kindlalt paigal. Helkursildid pakuvad lisaturvalisust h\u00e4maras. Seda komplekti saab kasutada igasuguste tegevusspordialade jaoks, nagu uisutamine, rula v\u00f5i t\u00f5ukerattaga &hellip;<\/p>\n<p class=\"read-more\"> <a class=\"\" href=\"https:\/\/rulluisukool.ee\/en\/product\/powerslide-one-basic-kids-protection-set\/\"> <span class=\"screen-reader-text\">Powerslide One B\u2026<\/span> Read More &raquo;<\/a><\/p>","protected":false},"featured_media":4308652122511824,"comment_status":"open","ping_status":"closed","template":"","meta":{"site-sidebar-layout":"default","site-content-layout":"default","ast-global-header-display":"","ast-main-header-display":"","ast-hfb-above-header-display":"","ast-hfb-below-header-display":"","ast-hfb-mobile-header-display":"","site-post-title":"","ast-breadcrumbs-content":"","ast-featured-img":"","footer-sml-layout":"","theme-transparent-header-meta":"default","adv-header-id-meta":"","stick-header-meta":"","header-above-stick-meta":"","header-main-stick-meta":"","header-below-stick-meta":""},"product_cat":[115,170],"product_tag":[],"class_list":{"0":"post-4308652122510181","1":"product","2":"type-product","3":"status-publish","4":"has-post-thumbnail","6":"product_cat-kaitsevarustus","7":"product_cat-kaitsmed","8":"pa_suurus-xxs","9":"desktop-align-left","10":"tablet-align-left","11":"mobile-align-left","13":"first","14":"instock","15":"shipping-taxable","16":"purchasable","17":"product-type-variable"},"yoast_head":"<!-- This site is optimized with the Yoast SEO plugin v22.3 - https:\/\/yoast.com\/wordpress\/plugins\/seo\/ -->\n<title>Powerslide One Basic Kids Protection Set - Rulluisukool<\/title>\n<meta name=\"description\" content=\"Kaitsekomplekt Powerslide One Kids BASIC on algtaseme kaitsekomplekt. Sellel on p\u00f5lve- ja k\u00fc\u00fcnarnukikaitsed, mis tagavad maksimaalse ohutuse. Kvaliteetsed\" \/>\n<meta name=\"robots\" content=\"index, follow, max-snippet:-1, max-image-preview:large, max-video-preview:-1\" \/>\n<link rel=\"canonical\" href=\"https:\/\/rulluisukool.ee\/en\/product\/powerslide-one-basic-kids-protection-set\/\" \/>\n<meta property=\"og:locale\" content=\"en_GB\" \/>\n<meta property=\"og:type\" content=\"article\" \/>\n<meta property=\"og:title\" content=\"Powerslide One Basic Kids Protection Set - Rulluisukool\" \/>\n<meta property=\"og:description\" content=\"Kaitsekomplekt Powerslide One Kids BASIC on algtaseme kaitsekomplekt. Sellel on p\u00f5lve- ja k\u00fc\u00fcnarnukikaitsed, mis tagavad maksimaalse ohutuse. Kvaliteetsed\" \/>\n<meta property=\"og:url\" content=\"https:\/\/rulluisukool.ee\/en\/product\/powerslide-one-basic-kids-protection-set\/\" \/>\n<meta property=\"og:site_name\" content=\"Rulluisukool\" \/>\n<meta property=\"article:publisher\" content=\"https:\/\/www.facebook.com\/rulluisukool\" \/>\n<meta property=\"article:modified_time\" content=\"2025-12-03T19:45:04+00:00\" \/>\n<meta property=\"og:image\" content=\"https:\/\/rulluisukool.ee\/wp-content\/uploads\/2021\/12\/Powerslide-One-Basic-Kids-Protection-Set.jpg\" \/>\n\t<meta property=\"og:image:width\" content=\"619\" \/>\n\t<meta property=\"og:image:height\" content=\"594\" \/>\n\t<meta property=\"og:image:type\" content=\"image\/jpeg\" \/>\n<meta name=\"twitter:card\" content=\"summary_large_image\" \/>\n<meta name=\"twitter:label1\" content=\"Estimated reading time\" \/>\n\t<meta name=\"twitter:data1\" content=\"1 minute\" \/>\n<script type=\"application\/ld+json\" class=\"yoast-schema-graph\">{\"@context\":\"https:\/\/schema.org\",\"@graph\":[{\"@type\":\"WebPage\",\"@id\":\"https:\/\/rulluisukool.ee\/toode\/powerslide-one-basic-kids-protection-set\/\",\"url\":\"https:\/\/rulluisukool.ee\/toode\/powerslide-one-basic-kids-protection-set\/\",\"name\":\"Powerslide One Basic Kids Protection Set - Rulluisukool\",\"isPartOf\":{\"@id\":\"https:\/\/rulluisukool.ee\/#website\"},\"primaryImageOfPage\":{\"@id\":\"https:\/\/rulluisukool.ee\/toode\/powerslide-one-basic-kids-protection-set\/#primaryimage\"},\"image\":{\"@id\":\"https:\/\/rulluisukool.ee\/toode\/powerslide-one-basic-kids-protection-set\/#primaryimage\"},\"thumbnailUrl\":\"https:\/\/rulluisukool.ee\/wp-content\/uploads\/2021\/12\/Powerslide-One-Basic-Kids-Protection-Set.jpg\",\"datePublished\":\"2021-12-13T09:04:28+00:00\",\"dateModified\":\"2025-12-03T19:45:04+00:00\",\"description\":\"Kaitsekomplekt Powerslide One Kids BASIC on algtaseme kaitsekomplekt. Sellel on p\u00f5lve- ja k\u00fc\u00fcnarnukikaitsed, mis tagavad maksimaalse ohutuse. Kvaliteetsed\",\"breadcrumb\":{\"@id\":\"https:\/\/rulluisukool.ee\/toode\/powerslide-one-basic-kids-protection-set\/#breadcrumb\"},\"inLanguage\":\"en-GB\",\"potentialAction\":[{\"@type\":\"ReadAction\",\"target\":[\"https:\/\/rulluisukool.ee\/toode\/powerslide-one-basic-kids-protection-set\/\"]}]},{\"@type\":\"ImageObject\",\"inLanguage\":\"en-GB\",\"@id\":\"https:\/\/rulluisukool.ee\/toode\/powerslide-one-basic-kids-protection-set\/#primaryimage\",\"url\":\"https:\/\/rulluisukool.ee\/wp-content\/uploads\/2021\/12\/Powerslide-One-Basic-Kids-Protection-Set.jpg\",\"contentUrl\":\"https:\/\/rulluisukool.ee\/wp-content\/uploads\/2021\/12\/Powerslide-One-Basic-Kids-Protection-Set.jpg\",\"width\":619,\"height\":594},{\"@type\":\"BreadcrumbList\",\"@id\":\"https:\/\/rulluisukool.ee\/toode\/powerslide-one-basic-kids-protection-set\/#breadcrumb\",\"itemListElement\":[{\"@type\":\"ListItem\",\"position\":1,\"name\":\"Home\",\"item\":\"https:\/\/rulluisukool.ee\/\"},{\"@type\":\"ListItem\",\"position\":2,\"name\":\"E-POOD\",\"item\":\"https:\/\/rulluisukool.ee\/en\/rulluisud-saapad-rattad-laagrid-kaitsevarustus-jaauisutamine\/\"},{\"@type\":\"ListItem\",\"position\":3,\"name\":\"Powerslide One B\u2026\"}]},{\"@type\":\"WebSite\",\"@id\":\"https:\/\/rulluisukool.ee\/#website\",\"url\":\"https:\/\/rulluisukool.ee\/\",\"name\":\"Rulluisukool\",\"description\":\"\",\"publisher\":{\"@id\":\"https:\/\/rulluisukool.ee\/#organization\"},\"potentialAction\":[{\"@type\":\"SearchAction\",\"target\":{\"@type\":\"EntryPoint\",\"urlTemplate\":\"https:\/\/rulluisukool.ee\/?s={search_term_string}\"},\"query-input\":\"required name=search_term_string\"}],\"inLanguage\":\"en-GB\"},{\"@type\":\"Organization\",\"@id\":\"https:\/\/rulluisukool.ee\/#organization\",\"name\":\"Rulluisukool\",\"url\":\"https:\/\/rulluisukool.ee\/\",\"logo\":{\"@type\":\"ImageObject\",\"inLanguage\":\"en-GB\",\"@id\":\"https:\/\/rulluisukool.ee\/#\/schema\/logo\/image\/\",\"url\":\"https:\/\/rulluisukool.ee\/wp-content\/uploads\/2017\/03\/Rulluisukool-ee.png\",\"contentUrl\":\"https:\/\/rulluisukool.ee\/wp-content\/uploads\/2017\/03\/Rulluisukool-ee.png\",\"width\":710,\"height\":710,\"caption\":\"Rulluisukool\"},\"image\":{\"@id\":\"https:\/\/rulluisukool.ee\/#\/schema\/logo\/image\/\"},\"sameAs\":[\"https:\/\/www.facebook.com\/rulluisukool\",\"https:\/\/instagram.com\/rulluisukool\",\"https:\/\/www.youtube.com\/channel\/UCUdSaiAVZmmNCOlAhU3_ONA\"]}]}<\/script>\n<!-- \/ Yoast SEO plugin. -->","yoast_head_json":{"title":"Powerslide One Basic Kids Protection Set - Rulluisukool","description":"Kaitsekomplekt Powerslide One Kids BASIC on algtaseme kaitsekomplekt. Sellel on p\u00f5lve- ja k\u00fc\u00fcnarnukikaitsed, mis tagavad maksimaalse ohutuse. Kvaliteetsed","robots":{"index":"index","follow":"follow","max-snippet":"max-snippet:-1","max-image-preview":"max-image-preview:large","max-video-preview":"max-video-preview:-1"},"canonical":"https:\/\/rulluisukool.ee\/en\/product\/powerslide-one-basic-kids-protection-set\/","og_locale":"en_GB","og_type":"article","og_title":"Powerslide One Basic Kids Protection Set - Rulluisukool","og_description":"Kaitsekomplekt Powerslide One Kids BASIC on algtaseme kaitsekomplekt. Sellel on p\u00f5lve- ja k\u00fc\u00fcnarnukikaitsed, mis tagavad maksimaalse ohutuse. Kvaliteetsed","og_url":"https:\/\/rulluisukool.ee\/en\/product\/powerslide-one-basic-kids-protection-set\/","og_site_name":"Rulluisukool","article_publisher":"https:\/\/www.facebook.com\/rulluisukool","article_modified_time":"2025-12-03T19:45:04+00:00","og_image":[{"width":619,"height":594,"url":"https:\/\/rulluisukool.ee\/wp-content\/uploads\/2021\/12\/Powerslide-One-Basic-Kids-Protection-Set.jpg","type":"image\/jpeg"}],"twitter_card":"summary_large_image","twitter_misc":{"Estimated reading time":"1 minute"},"schema":{"@context":"https:\/\/schema.org","@graph":[{"@type":"WebPage","@id":"https:\/\/rulluisukool.ee\/toode\/powerslide-one-basic-kids-protection-set\/","url":"https:\/\/rulluisukool.ee\/toode\/powerslide-one-basic-kids-protection-set\/","name":"Powerslide One Basic Kids Protection Set - Rulluisukool","isPartOf":{"@id":"https:\/\/rulluisukool.ee\/#website"},"primaryImageOfPage":{"@id":"https:\/\/rulluisukool.ee\/toode\/powerslide-one-basic-kids-protection-set\/#primaryimage"},"image":{"@id":"https:\/\/rulluisukool.ee\/toode\/powerslide-one-basic-kids-protection-set\/#primaryimage"},"thumbnailUrl":"https:\/\/rulluisukool.ee\/wp-content\/uploads\/2021\/12\/Powerslide-One-Basic-Kids-Protection-Set.jpg","datePublished":"2021-12-13T09:04:28+00:00","dateModified":"2025-12-03T19:45:04+00:00","description":"Kaitsekomplekt Powerslide One Kids BASIC on algtaseme kaitsekomplekt. Sellel on p\u00f5lve- ja k\u00fc\u00fcnarnukikaitsed, mis tagavad maksimaalse ohutuse. Kvaliteetsed","breadcrumb":{"@id":"https:\/\/rulluisukool.ee\/toode\/powerslide-one-basic-kids-protection-set\/#breadcrumb"},"inLanguage":"en-GB","potentialAction":[{"@type":"ReadAction","target":["https:\/\/rulluisukool.ee\/toode\/powerslide-one-basic-kids-protection-set\/"]}]},{"@type":"ImageObject","inLanguage":"en-GB","@id":"https:\/\/rulluisukool.ee\/toode\/powerslide-one-basic-kids-protection-set\/#primaryimage","url":"https:\/\/rulluisukool.ee\/wp-content\/uploads\/2021\/12\/Powerslide-One-Basic-Kids-Protection-Set.jpg","contentUrl":"https:\/\/rulluisukool.ee\/wp-content\/uploads\/2021\/12\/Powerslide-One-Basic-Kids-Protection-Set.jpg","width":619,"height":594},{"@type":"BreadcrumbList","@id":"https:\/\/rulluisukool.ee\/toode\/powerslide-one-basic-kids-protection-set\/#breadcrumb","itemListElement":[{"@type":"ListItem","position":1,"name":"Home","item":"https:\/\/rulluisukool.ee\/"},{"@type":"ListItem","position":2,"name":"E-POOD","item":"https:\/\/rulluisukool.ee\/en\/rulluisud-saapad-rattad-laagrid-kaitsevarustus-jaauisutamine\/"},{"@type":"ListItem","position":3,"name":"Powerslide One B\u2026"}]},{"@type":"WebSite","@id":"https:\/\/rulluisukool.ee\/#website","url":"https:\/\/rulluisukool.ee\/","name":"Rulluisukool","description":"","publisher":{"@id":"https:\/\/rulluisukool.ee\/#organization"},"potentialAction":[{"@type":"SearchAction","target":{"@type":"EntryPoint","urlTemplate":"https:\/\/rulluisukool.ee\/?s={search_term_string}"},"query-input":"required name=search_term_string"}],"inLanguage":"en-GB"},{"@type":"Organization","@id":"https:\/\/rulluisukool.ee\/#organization","name":"Rulluisukool","url":"https:\/\/rulluisukool.ee\/","logo":{"@type":"ImageObject","inLanguage":"en-GB","@id":"https:\/\/rulluisukool.ee\/#\/schema\/logo\/image\/","url":"https:\/\/rulluisukool.ee\/wp-content\/uploads\/2017\/03\/Rulluisukool-ee.png","contentUrl":"https:\/\/rulluisukool.ee\/wp-content\/uploads\/2017\/03\/Rulluisukool-ee.png","width":710,"height":710,"caption":"Rulluisukool"},"image":{"@id":"https:\/\/rulluisukool.ee\/#\/schema\/logo\/image\/"},"sameAs":["https:\/\/www.facebook.com\/rulluisukool","https:\/\/instagram.com\/rulluisukool","https:\/\/www.youtube.com\/channel\/UCUdSaiAVZmmNCOlAhU3_ONA"]}]}},"_links":{"self":[{"href":"https:\/\/rulluisukool.ee\/en\/wp-json\/wp\/v2\/product\/4308652122510181","targetHints":{"allow":["GET"]}}],"collection":[{"href":"https:\/\/rulluisukool.ee\/en\/wp-json\/wp\/v2\/product"}],"about":[{"href":"https:\/\/rulluisukool.ee\/en\/wp-json\/wp\/v2\/types\/product"}],"replies":[{"embeddable":true,"href":"https:\/\/rulluisukool.ee\/en\/wp-json\/wp\/v2\/comments?post=4308652122510181"}],"wp:featuredmedia":[{"embeddable":true,"href":"https:\/\/rulluisukool.ee\/en\/wp-json\/wp\/v2\/media\/4308652122511824"}],"wp:attachment":[{"href":"https:\/\/rulluisukool.ee\/en\/wp-json\/wp\/v2\/media?parent=4308652122510181"}],"wp:term":[{"taxonomy":"product_cat","embeddable":true,"href":"https:\/\/rulluisukool.ee\/en\/wp-json\/wp\/v2\/product_cat?post=4308652122510181"},{"taxonomy":"product_tag","embeddable":true,"href":"https:\/\/rulluisukool.ee\/en\/wp-json\/wp\/v2\/product_tag?post=4308652122510181"}],"curies":[{"name":"wp","href":"https:\/\/api.w.org\/{rel}","templated":true}]}}