{"id":4308652122510173,"date":"2021-12-13T11:04:27","date_gmt":"2021-12-13T09:04:27","guid":{"rendered":"https:\/\/rulluisukool.ee\/toode\/powerslide-standard-protection-set-men-s\/"},"modified":"2025-12-03T21:45:04","modified_gmt":"2025-12-03T19:45:04","slug":"powerslide-standard-protection-set-men","status":"publish","type":"product","link":"https:\/\/rulluisukool.ee\/en\/product\/powerslide-standard-protection-set-men\/","title":{"rendered":"Powerslide Stand\u2026"},"content":{"rendered":"<p>Powerslide Standard musta v\u00e4rvi komplekt \u2013 kui ohutus on oluline. Ohutus ennek\u00f5ike! Powerslide Standard kaitsekomplekt algajatele ja edasij\u00f5udnutele uisutajatele sisaldab kena disainiga suurt, lamedat katet ja kvaliteetseid p\u00f5rutusi summutavaid materjale, mis tagavad teie uisutegevuse ajal parima kaitse. Anatoomiliselt eelkujundatud padjanditel on seljas v\u00e4ga mugav tekstiilvooder. Puuvillane sokivarrukas ja elastsed Velcro rihmad pingutavad kaitset h\u00e4sti ja hoiavad need ideaalselt paigal. K\u00f5va ja j\u00e4iga korgi ning suure tihedusega vahtmaterjalide kombinatsioon tagab parima kaitse. Standard meeste sari on klassikalises mustas v\u00e4rvitoonis.<\/p>","protected":false},"excerpt":{"rendered":"<p>Powerslide Standard musta v\u00e4rvi komplekt \u2013 kui ohutus on oluline. Ohutus ennek\u00f5ike! Powerslide Standard kaitsekomplekt algajatele ja edasij\u00f5udnutele uisutajatele sisaldab kena disainiga suurt, lamedat katet ja kvaliteetseid p\u00f5rutusi summutavaid materjale, mis tagavad teie uisutegevuse ajal parima kaitse. Anatoomiliselt eelkujundatud padjanditel on seljas v\u00e4ga mugav tekstiilvooder. Puuvillane sokivarrukas ja elastsed Velcro rihmad pingutavad kaitset h\u00e4sti ja &hellip;<\/p>\n<p class=\"read-more\"> <a class=\"\" href=\"https:\/\/rulluisukool.ee\/en\/product\/powerslide-standard-protection-set-men\/\"> <span class=\"screen-reader-text\">Powerslide Stand\u2026<\/span> Read More &raquo;<\/a><\/p>","protected":false},"featured_media":4308652122511814,"comment_status":"open","ping_status":"closed","template":"","meta":{"site-sidebar-layout":"default","site-content-layout":"default","ast-global-header-display":"","ast-main-header-display":"","ast-hfb-above-header-display":"","ast-hfb-below-header-display":"","ast-hfb-mobile-header-display":"","site-post-title":"","ast-breadcrumbs-content":"","ast-featured-img":"","footer-sml-layout":"","theme-transparent-header-meta":"default","adv-header-id-meta":"","stick-header-meta":"","header-above-stick-meta":"","header-main-stick-meta":"","header-below-stick-meta":""},"product_cat":[115,170],"product_tag":[],"class_list":{"0":"post-4308652122510173","1":"product","2":"type-product","3":"status-publish","4":"has-post-thumbnail","6":"product_cat-kaitsevarustus","7":"product_cat-kaitsmed","8":"pa_suurus-l","9":"pa_suurus-m","10":"pa_suurus-s","11":"pa_suurus-xl","12":"desktop-align-left","13":"tablet-align-left","14":"mobile-align-left","16":"first","17":"instock","18":"shipping-taxable","19":"purchasable","20":"product-type-variable"},"yoast_head":"<!-- This site is optimized with the Yoast SEO plugin v22.3 - https:\/\/yoast.com\/wordpress\/plugins\/seo\/ -->\n<title>Powerslide Standard Black kaitsmete komplekt - Rulluisukool<\/title>\n<meta name=\"description\" content=\"Powerslide Standard musta v\u00e4rvi komplekt \u2013 kui ohutus on oluline. Ohutus ennek\u00f5ike! Powerslide Standard kaitsekomplekt algajatele ja edasij\u00f5udnutele\" \/>\n<meta name=\"robots\" content=\"index, follow, max-snippet:-1, max-image-preview:large, max-video-preview:-1\" \/>\n<link rel=\"canonical\" href=\"https:\/\/rulluisukool.ee\/en\/product\/powerslide-standard-protection-set-men\/\" \/>\n<meta property=\"og:locale\" content=\"en_GB\" \/>\n<meta property=\"og:type\" content=\"article\" \/>\n<meta property=\"og:title\" content=\"Powerslide Standard Black kaitsmete komplekt - Rulluisukool\" \/>\n<meta property=\"og:description\" content=\"Powerslide Standard musta v\u00e4rvi komplekt \u2013 kui ohutus on oluline. Ohutus ennek\u00f5ike! Powerslide Standard kaitsekomplekt algajatele ja edasij\u00f5udnutele\" \/>\n<meta property=\"og:url\" content=\"https:\/\/rulluisukool.ee\/en\/product\/powerslide-standard-protection-set-men\/\" \/>\n<meta property=\"og:site_name\" content=\"Rulluisukool\" \/>\n<meta property=\"article:publisher\" content=\"https:\/\/www.facebook.com\/rulluisukool\" \/>\n<meta property=\"article:modified_time\" content=\"2025-12-03T19:45:04+00:00\" \/>\n<meta property=\"og:image\" content=\"https:\/\/rulluisukool.ee\/wp-content\/uploads\/2021\/12\/Powerslide-Standard-Protection-Set-Men.jpg\" \/>\n\t<meta property=\"og:image:width\" content=\"619\" \/>\n\t<meta property=\"og:image:height\" content=\"594\" \/>\n\t<meta property=\"og:image:type\" content=\"image\/jpeg\" \/>\n<meta name=\"twitter:card\" content=\"summary_large_image\" \/>\n<meta name=\"twitter:label1\" content=\"Estimated reading time\" \/>\n\t<meta name=\"twitter:data1\" content=\"1 minute\" \/>\n<script type=\"application\/ld+json\" class=\"yoast-schema-graph\">{\"@context\":\"https:\/\/schema.org\",\"@graph\":[{\"@type\":\"WebPage\",\"@id\":\"https:\/\/rulluisukool.ee\/toode\/powerslide-standard-protection-set-men\/\",\"url\":\"https:\/\/rulluisukool.ee\/toode\/powerslide-standard-protection-set-men\/\",\"name\":\"Powerslide Standard Black kaitsmete komplekt - Rulluisukool\",\"isPartOf\":{\"@id\":\"https:\/\/rulluisukool.ee\/#website\"},\"primaryImageOfPage\":{\"@id\":\"https:\/\/rulluisukool.ee\/toode\/powerslide-standard-protection-set-men\/#primaryimage\"},\"image\":{\"@id\":\"https:\/\/rulluisukool.ee\/toode\/powerslide-standard-protection-set-men\/#primaryimage\"},\"thumbnailUrl\":\"https:\/\/rulluisukool.ee\/wp-content\/uploads\/2021\/12\/Powerslide-Standard-Protection-Set-Men.jpg\",\"datePublished\":\"2021-12-13T09:04:27+00:00\",\"dateModified\":\"2025-12-03T19:45:04+00:00\",\"description\":\"Powerslide Standard musta v\u00e4rvi komplekt \u2013 kui ohutus on oluline. Ohutus ennek\u00f5ike! Powerslide Standard kaitsekomplekt algajatele ja edasij\u00f5udnutele\",\"breadcrumb\":{\"@id\":\"https:\/\/rulluisukool.ee\/toode\/powerslide-standard-protection-set-men\/#breadcrumb\"},\"inLanguage\":\"en-GB\",\"potentialAction\":[{\"@type\":\"ReadAction\",\"target\":[\"https:\/\/rulluisukool.ee\/toode\/powerslide-standard-protection-set-men\/\"]}]},{\"@type\":\"ImageObject\",\"inLanguage\":\"en-GB\",\"@id\":\"https:\/\/rulluisukool.ee\/toode\/powerslide-standard-protection-set-men\/#primaryimage\",\"url\":\"https:\/\/rulluisukool.ee\/wp-content\/uploads\/2021\/12\/Powerslide-Standard-Protection-Set-Men.jpg\",\"contentUrl\":\"https:\/\/rulluisukool.ee\/wp-content\/uploads\/2021\/12\/Powerslide-Standard-Protection-Set-Men.jpg\",\"width\":619,\"height\":594},{\"@type\":\"BreadcrumbList\",\"@id\":\"https:\/\/rulluisukool.ee\/toode\/powerslide-standard-protection-set-men\/#breadcrumb\",\"itemListElement\":[{\"@type\":\"ListItem\",\"position\":1,\"name\":\"Home\",\"item\":\"https:\/\/rulluisukool.ee\/\"},{\"@type\":\"ListItem\",\"position\":2,\"name\":\"E-POOD\",\"item\":\"https:\/\/rulluisukool.ee\/en\/rulluisud-saapad-rattad-laagrid-kaitsevarustus-jaauisutamine\/\"},{\"@type\":\"ListItem\",\"position\":3,\"name\":\"Powerslide Stand\u2026\"}]},{\"@type\":\"WebSite\",\"@id\":\"https:\/\/rulluisukool.ee\/#website\",\"url\":\"https:\/\/rulluisukool.ee\/\",\"name\":\"Rulluisukool\",\"description\":\"\",\"publisher\":{\"@id\":\"https:\/\/rulluisukool.ee\/#organization\"},\"potentialAction\":[{\"@type\":\"SearchAction\",\"target\":{\"@type\":\"EntryPoint\",\"urlTemplate\":\"https:\/\/rulluisukool.ee\/?s={search_term_string}\"},\"query-input\":\"required name=search_term_string\"}],\"inLanguage\":\"en-GB\"},{\"@type\":\"Organization\",\"@id\":\"https:\/\/rulluisukool.ee\/#organization\",\"name\":\"Rulluisukool\",\"url\":\"https:\/\/rulluisukool.ee\/\",\"logo\":{\"@type\":\"ImageObject\",\"inLanguage\":\"en-GB\",\"@id\":\"https:\/\/rulluisukool.ee\/#\/schema\/logo\/image\/\",\"url\":\"https:\/\/rulluisukool.ee\/wp-content\/uploads\/2017\/03\/Rulluisukool-ee.png\",\"contentUrl\":\"https:\/\/rulluisukool.ee\/wp-content\/uploads\/2017\/03\/Rulluisukool-ee.png\",\"width\":710,\"height\":710,\"caption\":\"Rulluisukool\"},\"image\":{\"@id\":\"https:\/\/rulluisukool.ee\/#\/schema\/logo\/image\/\"},\"sameAs\":[\"https:\/\/www.facebook.com\/rulluisukool\",\"https:\/\/instagram.com\/rulluisukool\",\"https:\/\/www.youtube.com\/channel\/UCUdSaiAVZmmNCOlAhU3_ONA\"]}]}<\/script>\n<!-- \/ Yoast SEO plugin. -->","yoast_head_json":{"title":"Powerslide Standard Black kaitsmete komplekt - Rulluisukool","description":"Powerslide Standard musta v\u00e4rvi komplekt \u2013 kui ohutus on oluline. Ohutus ennek\u00f5ike! Powerslide Standard kaitsekomplekt algajatele ja edasij\u00f5udnutele","robots":{"index":"index","follow":"follow","max-snippet":"max-snippet:-1","max-image-preview":"max-image-preview:large","max-video-preview":"max-video-preview:-1"},"canonical":"https:\/\/rulluisukool.ee\/en\/product\/powerslide-standard-protection-set-men\/","og_locale":"en_GB","og_type":"article","og_title":"Powerslide Standard Black kaitsmete komplekt - Rulluisukool","og_description":"Powerslide Standard musta v\u00e4rvi komplekt \u2013 kui ohutus on oluline. Ohutus ennek\u00f5ike! Powerslide Standard kaitsekomplekt algajatele ja edasij\u00f5udnutele","og_url":"https:\/\/rulluisukool.ee\/en\/product\/powerslide-standard-protection-set-men\/","og_site_name":"Rulluisukool","article_publisher":"https:\/\/www.facebook.com\/rulluisukool","article_modified_time":"2025-12-03T19:45:04+00:00","og_image":[{"width":619,"height":594,"url":"https:\/\/rulluisukool.ee\/wp-content\/uploads\/2021\/12\/Powerslide-Standard-Protection-Set-Men.jpg","type":"image\/jpeg"}],"twitter_card":"summary_large_image","twitter_misc":{"Estimated reading time":"1 minute"},"schema":{"@context":"https:\/\/schema.org","@graph":[{"@type":"WebPage","@id":"https:\/\/rulluisukool.ee\/toode\/powerslide-standard-protection-set-men\/","url":"https:\/\/rulluisukool.ee\/toode\/powerslide-standard-protection-set-men\/","name":"Powerslide Standard Black kaitsmete komplekt - Rulluisukool","isPartOf":{"@id":"https:\/\/rulluisukool.ee\/#website"},"primaryImageOfPage":{"@id":"https:\/\/rulluisukool.ee\/toode\/powerslide-standard-protection-set-men\/#primaryimage"},"image":{"@id":"https:\/\/rulluisukool.ee\/toode\/powerslide-standard-protection-set-men\/#primaryimage"},"thumbnailUrl":"https:\/\/rulluisukool.ee\/wp-content\/uploads\/2021\/12\/Powerslide-Standard-Protection-Set-Men.jpg","datePublished":"2021-12-13T09:04:27+00:00","dateModified":"2025-12-03T19:45:04+00:00","description":"Powerslide Standard musta v\u00e4rvi komplekt \u2013 kui ohutus on oluline. Ohutus ennek\u00f5ike! Powerslide Standard kaitsekomplekt algajatele ja edasij\u00f5udnutele","breadcrumb":{"@id":"https:\/\/rulluisukool.ee\/toode\/powerslide-standard-protection-set-men\/#breadcrumb"},"inLanguage":"en-GB","potentialAction":[{"@type":"ReadAction","target":["https:\/\/rulluisukool.ee\/toode\/powerslide-standard-protection-set-men\/"]}]},{"@type":"ImageObject","inLanguage":"en-GB","@id":"https:\/\/rulluisukool.ee\/toode\/powerslide-standard-protection-set-men\/#primaryimage","url":"https:\/\/rulluisukool.ee\/wp-content\/uploads\/2021\/12\/Powerslide-Standard-Protection-Set-Men.jpg","contentUrl":"https:\/\/rulluisukool.ee\/wp-content\/uploads\/2021\/12\/Powerslide-Standard-Protection-Set-Men.jpg","width":619,"height":594},{"@type":"BreadcrumbList","@id":"https:\/\/rulluisukool.ee\/toode\/powerslide-standard-protection-set-men\/#breadcrumb","itemListElement":[{"@type":"ListItem","position":1,"name":"Home","item":"https:\/\/rulluisukool.ee\/"},{"@type":"ListItem","position":2,"name":"E-POOD","item":"https:\/\/rulluisukool.ee\/en\/rulluisud-saapad-rattad-laagrid-kaitsevarustus-jaauisutamine\/"},{"@type":"ListItem","position":3,"name":"Powerslide Stand\u2026"}]},{"@type":"WebSite","@id":"https:\/\/rulluisukool.ee\/#website","url":"https:\/\/rulluisukool.ee\/","name":"Rulluisukool","description":"","publisher":{"@id":"https:\/\/rulluisukool.ee\/#organization"},"potentialAction":[{"@type":"SearchAction","target":{"@type":"EntryPoint","urlTemplate":"https:\/\/rulluisukool.ee\/?s={search_term_string}"},"query-input":"required name=search_term_string"}],"inLanguage":"en-GB"},{"@type":"Organization","@id":"https:\/\/rulluisukool.ee\/#organization","name":"Rulluisukool","url":"https:\/\/rulluisukool.ee\/","logo":{"@type":"ImageObject","inLanguage":"en-GB","@id":"https:\/\/rulluisukool.ee\/#\/schema\/logo\/image\/","url":"https:\/\/rulluisukool.ee\/wp-content\/uploads\/2017\/03\/Rulluisukool-ee.png","contentUrl":"https:\/\/rulluisukool.ee\/wp-content\/uploads\/2017\/03\/Rulluisukool-ee.png","width":710,"height":710,"caption":"Rulluisukool"},"image":{"@id":"https:\/\/rulluisukool.ee\/#\/schema\/logo\/image\/"},"sameAs":["https:\/\/www.facebook.com\/rulluisukool","https:\/\/instagram.com\/rulluisukool","https:\/\/www.youtube.com\/channel\/UCUdSaiAVZmmNCOlAhU3_ONA"]}]}},"_links":{"self":[{"href":"https:\/\/rulluisukool.ee\/en\/wp-json\/wp\/v2\/product\/4308652122510173","targetHints":{"allow":["GET"]}}],"collection":[{"href":"https:\/\/rulluisukool.ee\/en\/wp-json\/wp\/v2\/product"}],"about":[{"href":"https:\/\/rulluisukool.ee\/en\/wp-json\/wp\/v2\/types\/product"}],"replies":[{"embeddable":true,"href":"https:\/\/rulluisukool.ee\/en\/wp-json\/wp\/v2\/comments?post=4308652122510173"}],"wp:featuredmedia":[{"embeddable":true,"href":"https:\/\/rulluisukool.ee\/en\/wp-json\/wp\/v2\/media\/4308652122511814"}],"wp:attachment":[{"href":"https:\/\/rulluisukool.ee\/en\/wp-json\/wp\/v2\/media?parent=4308652122510173"}],"wp:term":[{"taxonomy":"product_cat","embeddable":true,"href":"https:\/\/rulluisukool.ee\/en\/wp-json\/wp\/v2\/product_cat?post=4308652122510173"},{"taxonomy":"product_tag","embeddable":true,"href":"https:\/\/rulluisukool.ee\/en\/wp-json\/wp\/v2\/product_tag?post=4308652122510173"}],"curies":[{"name":"wp","href":"https:\/\/api.w.org\/{rel}","templated":true}]}}