{"id":4308652122510165,"date":"2021-12-13T11:04:27","date_gmt":"2021-12-13T09:04:27","guid":{"rendered":"https:\/\/rulluisukool.ee\/toode\/powerslide-fitness-basic-helmet-58-61\/"},"modified":"2025-12-03T21:45:04","modified_gmt":"2025-12-03T19:45:04","slug":"powerslide-fitness-basic-helmet","status":"publish","type":"product","link":"https:\/\/rulluisukool.ee\/en\/product\/powerslide-fitness-basic-helmet\/","title":{"rendered":"Powerslide Fitne\u2026"},"content":{"rendered":"<p>Powerslides' Fitness Basic helmet is the perfect protection system for your everday skating session. Well ventilated and extremly comfortable, this helmet protects your head without taking comfort or the sensation of speed away from you.<\/p>","protected":false},"excerpt":{"rendered":"<p>Powerslides' Fitness Basic helmet is the perfect protection system for your everday skating session. Well ventilated and extremly comfortable, this helmet protects your head without taking comfort or the sensation of speed away from you.<\/p>","protected":false},"featured_media":4308652122511740,"comment_status":"open","ping_status":"closed","template":"","meta":{"site-sidebar-layout":"default","site-content-layout":"default","ast-global-header-display":"","ast-main-header-display":"","ast-hfb-above-header-display":"","ast-hfb-below-header-display":"","ast-hfb-mobile-header-display":"","site-post-title":"","ast-breadcrumbs-content":"","ast-featured-img":"","footer-sml-layout":"","theme-transparent-header-meta":"default","adv-header-id-meta":"","stick-header-meta":"","header-above-stick-meta":"","header-main-stick-meta":"","header-below-stick-meta":""},"product_cat":[115,171,351],"product_tag":[],"class_list":{"0":"post-4308652122510165","1":"product","2":"type-product","3":"status-publish","4":"has-post-thumbnail","6":"product_cat-kaitsevarustus","7":"product_cat-kiivrid","8":"product_cat-soodus","9":"pa_kiivri-suurus-58-61","10":"desktop-align-left","11":"tablet-align-left","12":"mobile-align-left","14":"first","15":"instock","16":"shipping-taxable","17":"purchasable","18":"product-type-variable"},"yoast_head":"<!-- This site is optimized with the Yoast SEO plugin v22.3 - https:\/\/yoast.com\/wordpress\/plugins\/seo\/ -->\n<title>Powerslide Fitness Basic Helmet - Rulluisukool<\/title>\n<meta name=\"description\" content=\"Powerslides&#039;i Fitness Basic kiiver on ideaalne kaitse teie igap\u00e4evaseks uisusessiooniks. See h\u00e4sti ventileeritav ja \u00fclimugav kiiver kaitseb teie pead.\" \/>\n<meta name=\"robots\" content=\"index, follow, max-snippet:-1, max-image-preview:large, max-video-preview:-1\" \/>\n<link rel=\"canonical\" href=\"https:\/\/rulluisukool.ee\/en\/product\/powerslide-fitness-basic-helmet\/\" \/>\n<meta property=\"og:locale\" content=\"en_GB\" \/>\n<meta property=\"og:type\" content=\"article\" \/>\n<meta property=\"og:title\" content=\"Powerslide Fitness Basic Helmet - Rulluisukool\" \/>\n<meta property=\"og:description\" content=\"Powerslides&#039;i Fitness Basic kiiver on ideaalne kaitse teie igap\u00e4evaseks uisusessiooniks. See h\u00e4sti ventileeritav ja \u00fclimugav kiiver kaitseb teie pead.\" \/>\n<meta property=\"og:url\" content=\"https:\/\/rulluisukool.ee\/en\/product\/powerslide-fitness-basic-helmet\/\" \/>\n<meta property=\"og:site_name\" content=\"Rulluisukool\" \/>\n<meta property=\"article:publisher\" content=\"https:\/\/www.facebook.com\/rulluisukool\" \/>\n<meta property=\"article:modified_time\" content=\"2025-12-03T19:45:04+00:00\" \/>\n<meta property=\"og:image\" content=\"https:\/\/rulluisukool.ee\/wp-content\/uploads\/2021\/12\/Powerslide-Fitness-Basic-Helmet.jpg\" \/>\n\t<meta property=\"og:image:width\" content=\"619\" \/>\n\t<meta property=\"og:image:height\" content=\"594\" \/>\n\t<meta property=\"og:image:type\" content=\"image\/jpeg\" \/>\n<meta name=\"twitter:card\" content=\"summary_large_image\" \/>\n<meta name=\"twitter:label1\" content=\"Estimated reading time\" \/>\n\t<meta name=\"twitter:data1\" content=\"1 minute\" \/>\n<script type=\"application\/ld+json\" class=\"yoast-schema-graph\">{\"@context\":\"https:\/\/schema.org\",\"@graph\":[{\"@type\":\"WebPage\",\"@id\":\"https:\/\/rulluisukool.ee\/toode\/powerslide-fitness-basic-helmet\/\",\"url\":\"https:\/\/rulluisukool.ee\/toode\/powerslide-fitness-basic-helmet\/\",\"name\":\"Powerslide Fitness Basic Helmet - Rulluisukool\",\"isPartOf\":{\"@id\":\"https:\/\/rulluisukool.ee\/#website\"},\"primaryImageOfPage\":{\"@id\":\"https:\/\/rulluisukool.ee\/toode\/powerslide-fitness-basic-helmet\/#primaryimage\"},\"image\":{\"@id\":\"https:\/\/rulluisukool.ee\/toode\/powerslide-fitness-basic-helmet\/#primaryimage\"},\"thumbnailUrl\":\"https:\/\/rulluisukool.ee\/wp-content\/uploads\/2021\/12\/Powerslide-Fitness-Basic-Helmet.jpg\",\"datePublished\":\"2021-12-13T09:04:27+00:00\",\"dateModified\":\"2025-12-03T19:45:04+00:00\",\"description\":\"Powerslides'i Fitness Basic kiiver on ideaalne kaitse teie igap\u00e4evaseks uisusessiooniks. See h\u00e4sti ventileeritav ja \u00fclimugav kiiver kaitseb teie pead.\",\"breadcrumb\":{\"@id\":\"https:\/\/rulluisukool.ee\/toode\/powerslide-fitness-basic-helmet\/#breadcrumb\"},\"inLanguage\":\"en-GB\",\"potentialAction\":[{\"@type\":\"ReadAction\",\"target\":[\"https:\/\/rulluisukool.ee\/toode\/powerslide-fitness-basic-helmet\/\"]}]},{\"@type\":\"ImageObject\",\"inLanguage\":\"en-GB\",\"@id\":\"https:\/\/rulluisukool.ee\/toode\/powerslide-fitness-basic-helmet\/#primaryimage\",\"url\":\"https:\/\/rulluisukool.ee\/wp-content\/uploads\/2021\/12\/Powerslide-Fitness-Basic-Helmet.jpg\",\"contentUrl\":\"https:\/\/rulluisukool.ee\/wp-content\/uploads\/2021\/12\/Powerslide-Fitness-Basic-Helmet.jpg\",\"width\":619,\"height\":594},{\"@type\":\"BreadcrumbList\",\"@id\":\"https:\/\/rulluisukool.ee\/toode\/powerslide-fitness-basic-helmet\/#breadcrumb\",\"itemListElement\":[{\"@type\":\"ListItem\",\"position\":1,\"name\":\"Home\",\"item\":\"https:\/\/rulluisukool.ee\/\"},{\"@type\":\"ListItem\",\"position\":2,\"name\":\"E-POOD\",\"item\":\"https:\/\/rulluisukool.ee\/en\/rulluisud-saapad-rattad-laagrid-kaitsevarustus-jaauisutamine\/\"},{\"@type\":\"ListItem\",\"position\":3,\"name\":\"Powerslide Fitne\u2026\"}]},{\"@type\":\"WebSite\",\"@id\":\"https:\/\/rulluisukool.ee\/#website\",\"url\":\"https:\/\/rulluisukool.ee\/\",\"name\":\"Rulluisukool\",\"description\":\"\",\"publisher\":{\"@id\":\"https:\/\/rulluisukool.ee\/#organization\"},\"potentialAction\":[{\"@type\":\"SearchAction\",\"target\":{\"@type\":\"EntryPoint\",\"urlTemplate\":\"https:\/\/rulluisukool.ee\/?s={search_term_string}\"},\"query-input\":\"required name=search_term_string\"}],\"inLanguage\":\"en-GB\"},{\"@type\":\"Organization\",\"@id\":\"https:\/\/rulluisukool.ee\/#organization\",\"name\":\"Rulluisukool\",\"url\":\"https:\/\/rulluisukool.ee\/\",\"logo\":{\"@type\":\"ImageObject\",\"inLanguage\":\"en-GB\",\"@id\":\"https:\/\/rulluisukool.ee\/#\/schema\/logo\/image\/\",\"url\":\"https:\/\/rulluisukool.ee\/wp-content\/uploads\/2017\/03\/Rulluisukool-ee.png\",\"contentUrl\":\"https:\/\/rulluisukool.ee\/wp-content\/uploads\/2017\/03\/Rulluisukool-ee.png\",\"width\":710,\"height\":710,\"caption\":\"Rulluisukool\"},\"image\":{\"@id\":\"https:\/\/rulluisukool.ee\/#\/schema\/logo\/image\/\"},\"sameAs\":[\"https:\/\/www.facebook.com\/rulluisukool\",\"https:\/\/instagram.com\/rulluisukool\",\"https:\/\/www.youtube.com\/channel\/UCUdSaiAVZmmNCOlAhU3_ONA\"]}]}<\/script>\n<!-- \/ Yoast SEO plugin. -->","yoast_head_json":{"title":"Powerslide Fitness Basic Helmet - Rulluisukool","description":"Powerslides'i Fitness Basic kiiver on ideaalne kaitse teie igap\u00e4evaseks uisusessiooniks. See h\u00e4sti ventileeritav ja \u00fclimugav kiiver kaitseb teie pead.","robots":{"index":"index","follow":"follow","max-snippet":"max-snippet:-1","max-image-preview":"max-image-preview:large","max-video-preview":"max-video-preview:-1"},"canonical":"https:\/\/rulluisukool.ee\/en\/product\/powerslide-fitness-basic-helmet\/","og_locale":"en_GB","og_type":"article","og_title":"Powerslide Fitness Basic Helmet - Rulluisukool","og_description":"Powerslides'i Fitness Basic kiiver on ideaalne kaitse teie igap\u00e4evaseks uisusessiooniks. See h\u00e4sti ventileeritav ja \u00fclimugav kiiver kaitseb teie pead.","og_url":"https:\/\/rulluisukool.ee\/en\/product\/powerslide-fitness-basic-helmet\/","og_site_name":"Rulluisukool","article_publisher":"https:\/\/www.facebook.com\/rulluisukool","article_modified_time":"2025-12-03T19:45:04+00:00","og_image":[{"width":619,"height":594,"url":"https:\/\/rulluisukool.ee\/wp-content\/uploads\/2021\/12\/Powerslide-Fitness-Basic-Helmet.jpg","type":"image\/jpeg"}],"twitter_card":"summary_large_image","twitter_misc":{"Estimated reading time":"1 minute"},"schema":{"@context":"https:\/\/schema.org","@graph":[{"@type":"WebPage","@id":"https:\/\/rulluisukool.ee\/toode\/powerslide-fitness-basic-helmet\/","url":"https:\/\/rulluisukool.ee\/toode\/powerslide-fitness-basic-helmet\/","name":"Powerslide Fitness Basic Helmet - Rulluisukool","isPartOf":{"@id":"https:\/\/rulluisukool.ee\/#website"},"primaryImageOfPage":{"@id":"https:\/\/rulluisukool.ee\/toode\/powerslide-fitness-basic-helmet\/#primaryimage"},"image":{"@id":"https:\/\/rulluisukool.ee\/toode\/powerslide-fitness-basic-helmet\/#primaryimage"},"thumbnailUrl":"https:\/\/rulluisukool.ee\/wp-content\/uploads\/2021\/12\/Powerslide-Fitness-Basic-Helmet.jpg","datePublished":"2021-12-13T09:04:27+00:00","dateModified":"2025-12-03T19:45:04+00:00","description":"Powerslides'i Fitness Basic kiiver on ideaalne kaitse teie igap\u00e4evaseks uisusessiooniks. See h\u00e4sti ventileeritav ja \u00fclimugav kiiver kaitseb teie pead.","breadcrumb":{"@id":"https:\/\/rulluisukool.ee\/toode\/powerslide-fitness-basic-helmet\/#breadcrumb"},"inLanguage":"en-GB","potentialAction":[{"@type":"ReadAction","target":["https:\/\/rulluisukool.ee\/toode\/powerslide-fitness-basic-helmet\/"]}]},{"@type":"ImageObject","inLanguage":"en-GB","@id":"https:\/\/rulluisukool.ee\/toode\/powerslide-fitness-basic-helmet\/#primaryimage","url":"https:\/\/rulluisukool.ee\/wp-content\/uploads\/2021\/12\/Powerslide-Fitness-Basic-Helmet.jpg","contentUrl":"https:\/\/rulluisukool.ee\/wp-content\/uploads\/2021\/12\/Powerslide-Fitness-Basic-Helmet.jpg","width":619,"height":594},{"@type":"BreadcrumbList","@id":"https:\/\/rulluisukool.ee\/toode\/powerslide-fitness-basic-helmet\/#breadcrumb","itemListElement":[{"@type":"ListItem","position":1,"name":"Home","item":"https:\/\/rulluisukool.ee\/"},{"@type":"ListItem","position":2,"name":"E-POOD","item":"https:\/\/rulluisukool.ee\/en\/rulluisud-saapad-rattad-laagrid-kaitsevarustus-jaauisutamine\/"},{"@type":"ListItem","position":3,"name":"Powerslide Fitne\u2026"}]},{"@type":"WebSite","@id":"https:\/\/rulluisukool.ee\/#website","url":"https:\/\/rulluisukool.ee\/","name":"Rulluisukool","description":"","publisher":{"@id":"https:\/\/rulluisukool.ee\/#organization"},"potentialAction":[{"@type":"SearchAction","target":{"@type":"EntryPoint","urlTemplate":"https:\/\/rulluisukool.ee\/?s={search_term_string}"},"query-input":"required name=search_term_string"}],"inLanguage":"en-GB"},{"@type":"Organization","@id":"https:\/\/rulluisukool.ee\/#organization","name":"Rulluisukool","url":"https:\/\/rulluisukool.ee\/","logo":{"@type":"ImageObject","inLanguage":"en-GB","@id":"https:\/\/rulluisukool.ee\/#\/schema\/logo\/image\/","url":"https:\/\/rulluisukool.ee\/wp-content\/uploads\/2017\/03\/Rulluisukool-ee.png","contentUrl":"https:\/\/rulluisukool.ee\/wp-content\/uploads\/2017\/03\/Rulluisukool-ee.png","width":710,"height":710,"caption":"Rulluisukool"},"image":{"@id":"https:\/\/rulluisukool.ee\/#\/schema\/logo\/image\/"},"sameAs":["https:\/\/www.facebook.com\/rulluisukool","https:\/\/instagram.com\/rulluisukool","https:\/\/www.youtube.com\/channel\/UCUdSaiAVZmmNCOlAhU3_ONA"]}]}},"_links":{"self":[{"href":"https:\/\/rulluisukool.ee\/en\/wp-json\/wp\/v2\/product\/4308652122510165","targetHints":{"allow":["GET"]}}],"collection":[{"href":"https:\/\/rulluisukool.ee\/en\/wp-json\/wp\/v2\/product"}],"about":[{"href":"https:\/\/rulluisukool.ee\/en\/wp-json\/wp\/v2\/types\/product"}],"replies":[{"embeddable":true,"href":"https:\/\/rulluisukool.ee\/en\/wp-json\/wp\/v2\/comments?post=4308652122510165"}],"wp:featuredmedia":[{"embeddable":true,"href":"https:\/\/rulluisukool.ee\/en\/wp-json\/wp\/v2\/media\/4308652122511740"}],"wp:attachment":[{"href":"https:\/\/rulluisukool.ee\/en\/wp-json\/wp\/v2\/media?parent=4308652122510165"}],"wp:term":[{"taxonomy":"product_cat","embeddable":true,"href":"https:\/\/rulluisukool.ee\/en\/wp-json\/wp\/v2\/product_cat?post=4308652122510165"},{"taxonomy":"product_tag","embeddable":true,"href":"https:\/\/rulluisukool.ee\/en\/wp-json\/wp\/v2\/product_tag?post=4308652122510165"}],"curies":[{"name":"wp","href":"https:\/\/api.w.org\/{rel}","templated":true}]}}