{"id":4308652122510137,"date":"2021-12-13T11:04:22","date_gmt":"2021-12-13T09:04:22","guid":{"rendered":"https:\/\/rulluisukool.ee\/toode\/powerslide-zoom-trinity-rental-100-39-40\/"},"modified":"2025-12-03T21:50:13","modified_gmt":"2025-12-03T19:50:13","slug":"powerslide-zoom-trinity-rental-100","status":"publish","type":"product","link":"https:\/\/rulluisukool.ee\/en\/product\/powerslide-zoom-trinity-rental-100\/","title":{"rendered":"Powerslide Zoom \u2026"},"content":{"rendered":"<p>The Powerslide Zoom Rental 100 is especially designed for the skate rental business. The\ndual size liner is made of quality raw materials having in mind that rental skates are used a\ndifferent way than regular ones. We use strong and abrasion resistant polyurethane\nleather for the outside of the liner including some extra patches to protect the liner\nadditionally. The padding is made of a mix of some really comfortable EVA materials. The\nsoft and stretchy SBR material in the toe area covers two sizes which reduces the number\nof skates needed to cover a full size run by half. The Zoom Rental skate is equipped with\ngreat components such as our unique Elite casted aluminum frame, Powerslide Spinner\nwheels and Wicked ABEC 9 freespin bearings. This setup along with the TRINITY\nmounting allows the skater to guarantees the skater to discover the TRINITY skate feeling\nand guarantees fun and excitement.<\/p>","protected":false},"excerpt":{"rendered":"<p>Powerslide Zoom Rental 100 on loodud spetsiaalselt uisulaenutuste jaoks. Kahe suurusega vooder on valmistatud kvaliteetsest materialist, pidades silmas, et renditud uiske kasutatakse erinevalt tavalistest. Voodri v\u00e4lisk\u00fcljeks kasutame tugevat ja kulumiskindlat pol\u00fcuretaannahka. Polster on valmistatud m\u00f5nest t\u00f5eliselt mugavast EVA materjalist. Pehme ja veniv SBR materjal varvaste piirkonnas katab kahte suurust. Zoom Rental uisud on varustatud suurep\u00e4raste &hellip;<\/p>\n<p class=\"read-more\"> <a class=\"\" href=\"https:\/\/rulluisukool.ee\/en\/product\/powerslide-zoom-trinity-rental-100\/\"> <span class=\"screen-reader-text\">Powerslide Zoom \u2026<\/span> Read More &raquo;<\/a><\/p>","protected":false},"featured_media":4308652122511424,"comment_status":"open","ping_status":"closed","template":"","meta":{"site-sidebar-layout":"default","site-content-layout":"default","ast-global-header-display":"","ast-main-header-display":"","ast-hfb-above-header-display":"","ast-hfb-below-header-display":"","ast-hfb-mobile-header-display":"","site-post-title":"","ast-breadcrumbs-content":"","ast-featured-img":"","footer-sml-layout":"","theme-transparent-header-meta":"default","adv-header-id-meta":"","stick-header-meta":"","header-above-stick-meta":"","header-main-stick-meta":"","header-below-stick-meta":""},"product_cat":[111,351,163],"product_tag":[],"class_list":{"0":"post-4308652122510137","1":"product","2":"type-product","3":"status-publish","4":"has-post-thumbnail","6":"product_cat-rulluisud","7":"product_cat-soodus","8":"product_cat-zoom","9":"pa_suurus-37-38","10":"pa_suurus-39-40","11":"pa_suurus-41-42","12":"pa_suurus-43-44","13":"pa_suurus-45-46","14":"desktop-align-left","15":"tablet-align-left","16":"mobile-align-left","18":"first","19":"instock","20":"sale","21":"shipping-taxable","22":"purchasable","23":"product-type-variable"},"yoast_head":"<!-- This site is optimized with the Yoast SEO plugin v22.3 - https:\/\/yoast.com\/wordpress\/plugins\/seo\/ -->\n<title>Powerslide Zoom Trinity Rental 100 - Rulluisukool<\/title>\n<meta name=\"description\" content=\"Powerslide Zoom Rental 100 on loodud spetsiaalselt uisulaenutuste jaoks. Kahe suurusega vooder on valmistatud kvaliteetsest materialist, pidades silmas,\" \/>\n<meta name=\"robots\" content=\"index, follow, max-snippet:-1, max-image-preview:large, max-video-preview:-1\" \/>\n<link rel=\"canonical\" href=\"https:\/\/rulluisukool.ee\/en\/product\/powerslide-zoom-trinity-rental-100\/\" \/>\n<meta property=\"og:locale\" content=\"en_GB\" \/>\n<meta property=\"og:type\" content=\"article\" \/>\n<meta property=\"og:title\" content=\"Powerslide Zoom Trinity Rental 100 - Rulluisukool\" \/>\n<meta property=\"og:description\" content=\"Powerslide Zoom Rental 100 on loodud spetsiaalselt uisulaenutuste jaoks. Kahe suurusega vooder on valmistatud kvaliteetsest materialist, pidades silmas,\" \/>\n<meta property=\"og:url\" content=\"https:\/\/rulluisukool.ee\/en\/product\/powerslide-zoom-trinity-rental-100\/\" \/>\n<meta property=\"og:site_name\" content=\"Rulluisukool\" \/>\n<meta property=\"article:publisher\" content=\"https:\/\/www.facebook.com\/rulluisukool\" \/>\n<meta property=\"article:modified_time\" content=\"2025-12-03T19:50:13+00:00\" \/>\n<meta property=\"og:image\" content=\"https:\/\/rulluisukool.ee\/wp-content\/uploads\/2021\/12\/Powerslide-Zoom-Trinity-Rental-100.jpg\" \/>\n\t<meta property=\"og:image:width\" content=\"619\" \/>\n\t<meta property=\"og:image:height\" content=\"594\" \/>\n\t<meta property=\"og:image:type\" content=\"image\/jpeg\" \/>\n<meta name=\"twitter:card\" content=\"summary_large_image\" \/>\n<meta name=\"twitter:label1\" content=\"Estimated reading time\" \/>\n\t<meta name=\"twitter:data1\" content=\"1 minute\" \/>\n<script type=\"application\/ld+json\" class=\"yoast-schema-graph\">{\"@context\":\"https:\/\/schema.org\",\"@graph\":[{\"@type\":\"WebPage\",\"@id\":\"https:\/\/rulluisukool.ee\/toode\/powerslide-zoom-trinity-rental-100\/\",\"url\":\"https:\/\/rulluisukool.ee\/toode\/powerslide-zoom-trinity-rental-100\/\",\"name\":\"Powerslide Zoom Trinity Rental 100 - Rulluisukool\",\"isPartOf\":{\"@id\":\"https:\/\/rulluisukool.ee\/#website\"},\"primaryImageOfPage\":{\"@id\":\"https:\/\/rulluisukool.ee\/toode\/powerslide-zoom-trinity-rental-100\/#primaryimage\"},\"image\":{\"@id\":\"https:\/\/rulluisukool.ee\/toode\/powerslide-zoom-trinity-rental-100\/#primaryimage\"},\"thumbnailUrl\":\"https:\/\/rulluisukool.ee\/wp-content\/uploads\/2021\/12\/Powerslide-Zoom-Trinity-Rental-100.jpg\",\"datePublished\":\"2021-12-13T09:04:22+00:00\",\"dateModified\":\"2025-12-03T19:50:13+00:00\",\"description\":\"Powerslide Zoom Rental 100 on loodud spetsiaalselt uisulaenutuste jaoks. Kahe suurusega vooder on valmistatud kvaliteetsest materialist, pidades silmas,\",\"breadcrumb\":{\"@id\":\"https:\/\/rulluisukool.ee\/toode\/powerslide-zoom-trinity-rental-100\/#breadcrumb\"},\"inLanguage\":\"en-GB\",\"potentialAction\":[{\"@type\":\"ReadAction\",\"target\":[\"https:\/\/rulluisukool.ee\/toode\/powerslide-zoom-trinity-rental-100\/\"]}]},{\"@type\":\"ImageObject\",\"inLanguage\":\"en-GB\",\"@id\":\"https:\/\/rulluisukool.ee\/toode\/powerslide-zoom-trinity-rental-100\/#primaryimage\",\"url\":\"https:\/\/rulluisukool.ee\/wp-content\/uploads\/2021\/12\/Powerslide-Zoom-Trinity-Rental-100.jpg\",\"contentUrl\":\"https:\/\/rulluisukool.ee\/wp-content\/uploads\/2021\/12\/Powerslide-Zoom-Trinity-Rental-100.jpg\",\"width\":619,\"height\":594,\"caption\":\"Powerslide Zoom Trinity Rental 100\"},{\"@type\":\"BreadcrumbList\",\"@id\":\"https:\/\/rulluisukool.ee\/toode\/powerslide-zoom-trinity-rental-100\/#breadcrumb\",\"itemListElement\":[{\"@type\":\"ListItem\",\"position\":1,\"name\":\"Home\",\"item\":\"https:\/\/rulluisukool.ee\/\"},{\"@type\":\"ListItem\",\"position\":2,\"name\":\"E-POOD\",\"item\":\"https:\/\/rulluisukool.ee\/en\/rulluisud-saapad-rattad-laagrid-kaitsevarustus-jaauisutamine\/\"},{\"@type\":\"ListItem\",\"position\":3,\"name\":\"Powerslide Zoom \u2026\"}]},{\"@type\":\"WebSite\",\"@id\":\"https:\/\/rulluisukool.ee\/#website\",\"url\":\"https:\/\/rulluisukool.ee\/\",\"name\":\"Rulluisukool\",\"description\":\"\",\"publisher\":{\"@id\":\"https:\/\/rulluisukool.ee\/#organization\"},\"potentialAction\":[{\"@type\":\"SearchAction\",\"target\":{\"@type\":\"EntryPoint\",\"urlTemplate\":\"https:\/\/rulluisukool.ee\/?s={search_term_string}\"},\"query-input\":\"required name=search_term_string\"}],\"inLanguage\":\"en-GB\"},{\"@type\":\"Organization\",\"@id\":\"https:\/\/rulluisukool.ee\/#organization\",\"name\":\"Rulluisukool\",\"url\":\"https:\/\/rulluisukool.ee\/\",\"logo\":{\"@type\":\"ImageObject\",\"inLanguage\":\"en-GB\",\"@id\":\"https:\/\/rulluisukool.ee\/#\/schema\/logo\/image\/\",\"url\":\"https:\/\/rulluisukool.ee\/wp-content\/uploads\/2017\/03\/Rulluisukool-ee.png\",\"contentUrl\":\"https:\/\/rulluisukool.ee\/wp-content\/uploads\/2017\/03\/Rulluisukool-ee.png\",\"width\":710,\"height\":710,\"caption\":\"Rulluisukool\"},\"image\":{\"@id\":\"https:\/\/rulluisukool.ee\/#\/schema\/logo\/image\/\"},\"sameAs\":[\"https:\/\/www.facebook.com\/rulluisukool\",\"https:\/\/instagram.com\/rulluisukool\",\"https:\/\/www.youtube.com\/channel\/UCUdSaiAVZmmNCOlAhU3_ONA\"]}]}<\/script>\n<!-- \/ Yoast SEO plugin. -->","yoast_head_json":{"title":"Powerslide Zoom Trinity Rental 100 - Rulluisukool","description":"Powerslide Zoom Rental 100 on loodud spetsiaalselt uisulaenutuste jaoks. Kahe suurusega vooder on valmistatud kvaliteetsest materialist, pidades silmas,","robots":{"index":"index","follow":"follow","max-snippet":"max-snippet:-1","max-image-preview":"max-image-preview:large","max-video-preview":"max-video-preview:-1"},"canonical":"https:\/\/rulluisukool.ee\/en\/product\/powerslide-zoom-trinity-rental-100\/","og_locale":"en_GB","og_type":"article","og_title":"Powerslide Zoom Trinity Rental 100 - Rulluisukool","og_description":"Powerslide Zoom Rental 100 on loodud spetsiaalselt uisulaenutuste jaoks. Kahe suurusega vooder on valmistatud kvaliteetsest materialist, pidades silmas,","og_url":"https:\/\/rulluisukool.ee\/en\/product\/powerslide-zoom-trinity-rental-100\/","og_site_name":"Rulluisukool","article_publisher":"https:\/\/www.facebook.com\/rulluisukool","article_modified_time":"2025-12-03T19:50:13+00:00","og_image":[{"width":619,"height":594,"url":"https:\/\/rulluisukool.ee\/wp-content\/uploads\/2021\/12\/Powerslide-Zoom-Trinity-Rental-100.jpg","type":"image\/jpeg"}],"twitter_card":"summary_large_image","twitter_misc":{"Estimated reading time":"1 minute"},"schema":{"@context":"https:\/\/schema.org","@graph":[{"@type":"WebPage","@id":"https:\/\/rulluisukool.ee\/toode\/powerslide-zoom-trinity-rental-100\/","url":"https:\/\/rulluisukool.ee\/toode\/powerslide-zoom-trinity-rental-100\/","name":"Powerslide Zoom Trinity Rental 100 - Rulluisukool","isPartOf":{"@id":"https:\/\/rulluisukool.ee\/#website"},"primaryImageOfPage":{"@id":"https:\/\/rulluisukool.ee\/toode\/powerslide-zoom-trinity-rental-100\/#primaryimage"},"image":{"@id":"https:\/\/rulluisukool.ee\/toode\/powerslide-zoom-trinity-rental-100\/#primaryimage"},"thumbnailUrl":"https:\/\/rulluisukool.ee\/wp-content\/uploads\/2021\/12\/Powerslide-Zoom-Trinity-Rental-100.jpg","datePublished":"2021-12-13T09:04:22+00:00","dateModified":"2025-12-03T19:50:13+00:00","description":"Powerslide Zoom Rental 100 on loodud spetsiaalselt uisulaenutuste jaoks. Kahe suurusega vooder on valmistatud kvaliteetsest materialist, pidades silmas,","breadcrumb":{"@id":"https:\/\/rulluisukool.ee\/toode\/powerslide-zoom-trinity-rental-100\/#breadcrumb"},"inLanguage":"en-GB","potentialAction":[{"@type":"ReadAction","target":["https:\/\/rulluisukool.ee\/toode\/powerslide-zoom-trinity-rental-100\/"]}]},{"@type":"ImageObject","inLanguage":"en-GB","@id":"https:\/\/rulluisukool.ee\/toode\/powerslide-zoom-trinity-rental-100\/#primaryimage","url":"https:\/\/rulluisukool.ee\/wp-content\/uploads\/2021\/12\/Powerslide-Zoom-Trinity-Rental-100.jpg","contentUrl":"https:\/\/rulluisukool.ee\/wp-content\/uploads\/2021\/12\/Powerslide-Zoom-Trinity-Rental-100.jpg","width":619,"height":594,"caption":"Powerslide Zoom Trinity Rental 100"},{"@type":"BreadcrumbList","@id":"https:\/\/rulluisukool.ee\/toode\/powerslide-zoom-trinity-rental-100\/#breadcrumb","itemListElement":[{"@type":"ListItem","position":1,"name":"Home","item":"https:\/\/rulluisukool.ee\/"},{"@type":"ListItem","position":2,"name":"E-POOD","item":"https:\/\/rulluisukool.ee\/en\/rulluisud-saapad-rattad-laagrid-kaitsevarustus-jaauisutamine\/"},{"@type":"ListItem","position":3,"name":"Powerslide Zoom \u2026"}]},{"@type":"WebSite","@id":"https:\/\/rulluisukool.ee\/#website","url":"https:\/\/rulluisukool.ee\/","name":"Rulluisukool","description":"","publisher":{"@id":"https:\/\/rulluisukool.ee\/#organization"},"potentialAction":[{"@type":"SearchAction","target":{"@type":"EntryPoint","urlTemplate":"https:\/\/rulluisukool.ee\/?s={search_term_string}"},"query-input":"required name=search_term_string"}],"inLanguage":"en-GB"},{"@type":"Organization","@id":"https:\/\/rulluisukool.ee\/#organization","name":"Rulluisukool","url":"https:\/\/rulluisukool.ee\/","logo":{"@type":"ImageObject","inLanguage":"en-GB","@id":"https:\/\/rulluisukool.ee\/#\/schema\/logo\/image\/","url":"https:\/\/rulluisukool.ee\/wp-content\/uploads\/2017\/03\/Rulluisukool-ee.png","contentUrl":"https:\/\/rulluisukool.ee\/wp-content\/uploads\/2017\/03\/Rulluisukool-ee.png","width":710,"height":710,"caption":"Rulluisukool"},"image":{"@id":"https:\/\/rulluisukool.ee\/#\/schema\/logo\/image\/"},"sameAs":["https:\/\/www.facebook.com\/rulluisukool","https:\/\/instagram.com\/rulluisukool","https:\/\/www.youtube.com\/channel\/UCUdSaiAVZmmNCOlAhU3_ONA"]}]}},"_links":{"self":[{"href":"https:\/\/rulluisukool.ee\/en\/wp-json\/wp\/v2\/product\/4308652122510137","targetHints":{"allow":["GET"]}}],"collection":[{"href":"https:\/\/rulluisukool.ee\/en\/wp-json\/wp\/v2\/product"}],"about":[{"href":"https:\/\/rulluisukool.ee\/en\/wp-json\/wp\/v2\/types\/product"}],"replies":[{"embeddable":true,"href":"https:\/\/rulluisukool.ee\/en\/wp-json\/wp\/v2\/comments?post=4308652122510137"}],"wp:featuredmedia":[{"embeddable":true,"href":"https:\/\/rulluisukool.ee\/en\/wp-json\/wp\/v2\/media\/4308652122511424"}],"wp:attachment":[{"href":"https:\/\/rulluisukool.ee\/en\/wp-json\/wp\/v2\/media?parent=4308652122510137"}],"wp:term":[{"taxonomy":"product_cat","embeddable":true,"href":"https:\/\/rulluisukool.ee\/en\/wp-json\/wp\/v2\/product_cat?post=4308652122510137"},{"taxonomy":"product_tag","embeddable":true,"href":"https:\/\/rulluisukool.ee\/en\/wp-json\/wp\/v2\/product_tag?post=4308652122510137"}],"curies":[{"name":"wp","href":"https:\/\/api.w.org\/{rel}","templated":true}]}}