{"id":4308652122510136,"date":"2021-12-13T11:04:22","date_gmt":"2021-12-13T09:04:22","guid":{"rendered":"https:\/\/rulluisukool.ee\/toode\/powerslide-khaan-junior-sqd-black\/"},"modified":"2023-04-17T01:01:31","modified_gmt":"2023-04-16T22:01:31","slug":"powerslide-khaan-junior-sqd-black","status":"publish","type":"product","link":"https:\/\/rulluisukool.ee\/en\/product\/powerslide-khaan-junior-sqd-black\/","title":{"rendered":"Powerslide Khaan\u2026"},"content":{"rendered":"<p>Be the local skate hero with the Powerslide One Khaan Junior SQD skate! This sturdy hard shell allround skate is screaming for action and wants to be used and abused! Have fun cruising with your friends or play hockey, try first freestyle moves or learn easy tricks in the skate park. The skate is very durable and provides superior support. The frame of this 4-size adjustable kids skate can be shifted side to side to offer a better stay and balance on the skates which in the end helps to lean to skate faster and easier. The Khaan Junior SQD is equipped with Wicked ABEC 7 bearings and Powerslide Hurricane PU-wheels. Fun and action is guaranteed with this cool looking black and white Khaan Junior SQD skate from Powerslide.<\/p>","protected":false},"excerpt":{"rendered":"<p>Be the local skate hero with the Powerslide One Khaan Junior SQD skate! This sturdy hard shell allround skate is screaming for action and wants to be used and abused! Have fun cruising with your friends or play hockey, try first freestyle moves or learn easy tricks in the skate park. The skate is very durable and provides superior support. The frame of this 4-size adjustable kids skate can be shifted side to side to offer a better stay and balance on the skates which in the end helps to lean to skate faster and easier. The Khaan Junior SQD is equipped with Wicked ABEC 7 bearings and Powerslide Hurricane PU-wheels. Fun and action is guaranteed with this cool looking black and white Khaan Junior SQD skate from Powerslide.<\/p>","protected":false},"featured_media":4308652122511504,"comment_status":"open","ping_status":"closed","template":"","meta":{"site-sidebar-layout":"default","site-content-layout":"default","ast-global-header-display":"","ast-main-header-display":"","ast-hfb-above-header-display":"","ast-hfb-below-header-display":"","ast-hfb-mobile-header-display":"","site-post-title":"","ast-breadcrumbs-content":"","ast-featured-img":"","footer-sml-layout":"","theme-transparent-header-meta":"default","adv-header-id-meta":"","stick-header-meta":"","header-above-stick-meta":"","header-main-stick-meta":"","header-below-stick-meta":""},"product_cat":[214,111],"product_tag":[],"class_list":{"0":"post-4308652122510136","1":"product","2":"type-product","3":"status-publish","4":"has-post-thumbnail","6":"product_cat-lasteuisud","7":"product_cat-rulluisud","8":"desktop-align-left","9":"tablet-align-left","10":"mobile-align-left","12":"first","13":"outofstock","14":"shipping-taxable","15":"purchasable","16":"product-type-simple"},"yoast_head":"<!-- This site is optimized with the Yoast SEO plugin v22.3 - https:\/\/yoast.com\/wordpress\/plugins\/seo\/ -->\n<title>Powerslide Khaan Junior SQD Black - Rulluisukool<\/title>\n<meta name=\"description\" content=\"Powerslide Khaan Junior SQD uisk on v\u00e4ga vastupidav ja pakub suurep\u00e4rast tuge. 4 reguleeritava suurusega raam, saab nihutada k\u00fcljelt k\u00fcljele, et pakkuda\" \/>\n<meta name=\"robots\" content=\"index, follow, max-snippet:-1, max-image-preview:large, max-video-preview:-1\" \/>\n<link rel=\"canonical\" href=\"https:\/\/rulluisukool.ee\/en\/product\/powerslide-khaan-junior-sqd-black\/\" \/>\n<meta property=\"og:locale\" content=\"en_GB\" \/>\n<meta property=\"og:type\" content=\"article\" \/>\n<meta property=\"og:title\" content=\"Powerslide Khaan Junior SQD Black - Rulluisukool\" \/>\n<meta property=\"og:description\" content=\"Powerslide Khaan Junior SQD uisk on v\u00e4ga vastupidav ja pakub suurep\u00e4rast tuge. 4 reguleeritava suurusega raam, saab nihutada k\u00fcljelt k\u00fcljele, et pakkuda\" \/>\n<meta property=\"og:url\" content=\"https:\/\/rulluisukool.ee\/en\/product\/powerslide-khaan-junior-sqd-black\/\" \/>\n<meta property=\"og:site_name\" content=\"Rulluisukool\" \/>\n<meta property=\"article:publisher\" content=\"https:\/\/www.facebook.com\/rulluisukool\" \/>\n<meta property=\"article:modified_time\" content=\"2023-04-16T22:01:31+00:00\" \/>\n<meta property=\"og:image\" content=\"https:\/\/rulluisukool.ee\/wp-content\/uploads\/2021\/12\/Powerslide-Khaan-Junior-SQD-Black.jpg\" \/>\n\t<meta property=\"og:image:width\" content=\"619\" \/>\n\t<meta property=\"og:image:height\" content=\"594\" \/>\n\t<meta property=\"og:image:type\" content=\"image\/jpeg\" \/>\n<meta name=\"twitter:card\" content=\"summary_large_image\" \/>\n<meta name=\"twitter:label1\" content=\"Estimated reading time\" \/>\n\t<meta name=\"twitter:data1\" content=\"1 minute\" \/>\n<script type=\"application\/ld+json\" class=\"yoast-schema-graph\">{\"@context\":\"https:\/\/schema.org\",\"@graph\":[{\"@type\":\"WebPage\",\"@id\":\"https:\/\/rulluisukool.ee\/toode\/powerslide-khaan-junior-sqd-black\/\",\"url\":\"https:\/\/rulluisukool.ee\/toode\/powerslide-khaan-junior-sqd-black\/\",\"name\":\"Powerslide Khaan Junior SQD Black - Rulluisukool\",\"isPartOf\":{\"@id\":\"https:\/\/rulluisukool.ee\/#website\"},\"primaryImageOfPage\":{\"@id\":\"https:\/\/rulluisukool.ee\/toode\/powerslide-khaan-junior-sqd-black\/#primaryimage\"},\"image\":{\"@id\":\"https:\/\/rulluisukool.ee\/toode\/powerslide-khaan-junior-sqd-black\/#primaryimage\"},\"thumbnailUrl\":\"https:\/\/rulluisukool.ee\/wp-content\/uploads\/2021\/12\/Powerslide-Khaan-Junior-SQD-Black.jpg\",\"datePublished\":\"2021-12-13T09:04:22+00:00\",\"dateModified\":\"2023-04-16T22:01:31+00:00\",\"description\":\"Powerslide Khaan Junior SQD uisk on v\u00e4ga vastupidav ja pakub suurep\u00e4rast tuge. 4 reguleeritava suurusega raam, saab nihutada k\u00fcljelt k\u00fcljele, et pakkuda\",\"breadcrumb\":{\"@id\":\"https:\/\/rulluisukool.ee\/toode\/powerslide-khaan-junior-sqd-black\/#breadcrumb\"},\"inLanguage\":\"en-GB\",\"potentialAction\":[{\"@type\":\"ReadAction\",\"target\":[\"https:\/\/rulluisukool.ee\/toode\/powerslide-khaan-junior-sqd-black\/\"]}]},{\"@type\":\"ImageObject\",\"inLanguage\":\"en-GB\",\"@id\":\"https:\/\/rulluisukool.ee\/toode\/powerslide-khaan-junior-sqd-black\/#primaryimage\",\"url\":\"https:\/\/rulluisukool.ee\/wp-content\/uploads\/2021\/12\/Powerslide-Khaan-Junior-SQD-Black.jpg\",\"contentUrl\":\"https:\/\/rulluisukool.ee\/wp-content\/uploads\/2021\/12\/Powerslide-Khaan-Junior-SQD-Black.jpg\",\"width\":619,\"height\":594,\"caption\":\"Powerslide Khaan Junior SQD Black\"},{\"@type\":\"BreadcrumbList\",\"@id\":\"https:\/\/rulluisukool.ee\/toode\/powerslide-khaan-junior-sqd-black\/#breadcrumb\",\"itemListElement\":[{\"@type\":\"ListItem\",\"position\":1,\"name\":\"Home\",\"item\":\"https:\/\/rulluisukool.ee\/\"},{\"@type\":\"ListItem\",\"position\":2,\"name\":\"E-POOD\",\"item\":\"https:\/\/rulluisukool.ee\/en\/rulluisud-saapad-rattad-laagrid-kaitsevarustus-jaauisutamine\/\"},{\"@type\":\"ListItem\",\"position\":3,\"name\":\"Powerslide Khaan\u2026\"}]},{\"@type\":\"WebSite\",\"@id\":\"https:\/\/rulluisukool.ee\/#website\",\"url\":\"https:\/\/rulluisukool.ee\/\",\"name\":\"Rulluisukool\",\"description\":\"\",\"publisher\":{\"@id\":\"https:\/\/rulluisukool.ee\/#organization\"},\"potentialAction\":[{\"@type\":\"SearchAction\",\"target\":{\"@type\":\"EntryPoint\",\"urlTemplate\":\"https:\/\/rulluisukool.ee\/?s={search_term_string}\"},\"query-input\":\"required name=search_term_string\"}],\"inLanguage\":\"en-GB\"},{\"@type\":\"Organization\",\"@id\":\"https:\/\/rulluisukool.ee\/#organization\",\"name\":\"Rulluisukool\",\"url\":\"https:\/\/rulluisukool.ee\/\",\"logo\":{\"@type\":\"ImageObject\",\"inLanguage\":\"en-GB\",\"@id\":\"https:\/\/rulluisukool.ee\/#\/schema\/logo\/image\/\",\"url\":\"https:\/\/rulluisukool.ee\/wp-content\/uploads\/2017\/03\/Rulluisukool-ee.png\",\"contentUrl\":\"https:\/\/rulluisukool.ee\/wp-content\/uploads\/2017\/03\/Rulluisukool-ee.png\",\"width\":710,\"height\":710,\"caption\":\"Rulluisukool\"},\"image\":{\"@id\":\"https:\/\/rulluisukool.ee\/#\/schema\/logo\/image\/\"},\"sameAs\":[\"https:\/\/www.facebook.com\/rulluisukool\",\"https:\/\/instagram.com\/rulluisukool\",\"https:\/\/www.youtube.com\/channel\/UCUdSaiAVZmmNCOlAhU3_ONA\"]}]}<\/script>\n<!-- \/ Yoast SEO plugin. -->","yoast_head_json":{"title":"Powerslide Khaan Junior SQD Black - Rulluisukool","description":"Powerslide Khaan Junior SQD uisk on v\u00e4ga vastupidav ja pakub suurep\u00e4rast tuge. 4 reguleeritava suurusega raam, saab nihutada k\u00fcljelt k\u00fcljele, et pakkuda","robots":{"index":"index","follow":"follow","max-snippet":"max-snippet:-1","max-image-preview":"max-image-preview:large","max-video-preview":"max-video-preview:-1"},"canonical":"https:\/\/rulluisukool.ee\/en\/product\/powerslide-khaan-junior-sqd-black\/","og_locale":"en_GB","og_type":"article","og_title":"Powerslide Khaan Junior SQD Black - Rulluisukool","og_description":"Powerslide Khaan Junior SQD uisk on v\u00e4ga vastupidav ja pakub suurep\u00e4rast tuge. 4 reguleeritava suurusega raam, saab nihutada k\u00fcljelt k\u00fcljele, et pakkuda","og_url":"https:\/\/rulluisukool.ee\/en\/product\/powerslide-khaan-junior-sqd-black\/","og_site_name":"Rulluisukool","article_publisher":"https:\/\/www.facebook.com\/rulluisukool","article_modified_time":"2023-04-16T22:01:31+00:00","og_image":[{"width":619,"height":594,"url":"https:\/\/rulluisukool.ee\/wp-content\/uploads\/2021\/12\/Powerslide-Khaan-Junior-SQD-Black.jpg","type":"image\/jpeg"}],"twitter_card":"summary_large_image","twitter_misc":{"Estimated reading time":"1 minute"},"schema":{"@context":"https:\/\/schema.org","@graph":[{"@type":"WebPage","@id":"https:\/\/rulluisukool.ee\/toode\/powerslide-khaan-junior-sqd-black\/","url":"https:\/\/rulluisukool.ee\/toode\/powerslide-khaan-junior-sqd-black\/","name":"Powerslide Khaan Junior SQD Black - Rulluisukool","isPartOf":{"@id":"https:\/\/rulluisukool.ee\/#website"},"primaryImageOfPage":{"@id":"https:\/\/rulluisukool.ee\/toode\/powerslide-khaan-junior-sqd-black\/#primaryimage"},"image":{"@id":"https:\/\/rulluisukool.ee\/toode\/powerslide-khaan-junior-sqd-black\/#primaryimage"},"thumbnailUrl":"https:\/\/rulluisukool.ee\/wp-content\/uploads\/2021\/12\/Powerslide-Khaan-Junior-SQD-Black.jpg","datePublished":"2021-12-13T09:04:22+00:00","dateModified":"2023-04-16T22:01:31+00:00","description":"Powerslide Khaan Junior SQD uisk on v\u00e4ga vastupidav ja pakub suurep\u00e4rast tuge. 4 reguleeritava suurusega raam, saab nihutada k\u00fcljelt k\u00fcljele, et pakkuda","breadcrumb":{"@id":"https:\/\/rulluisukool.ee\/toode\/powerslide-khaan-junior-sqd-black\/#breadcrumb"},"inLanguage":"en-GB","potentialAction":[{"@type":"ReadAction","target":["https:\/\/rulluisukool.ee\/toode\/powerslide-khaan-junior-sqd-black\/"]}]},{"@type":"ImageObject","inLanguage":"en-GB","@id":"https:\/\/rulluisukool.ee\/toode\/powerslide-khaan-junior-sqd-black\/#primaryimage","url":"https:\/\/rulluisukool.ee\/wp-content\/uploads\/2021\/12\/Powerslide-Khaan-Junior-SQD-Black.jpg","contentUrl":"https:\/\/rulluisukool.ee\/wp-content\/uploads\/2021\/12\/Powerslide-Khaan-Junior-SQD-Black.jpg","width":619,"height":594,"caption":"Powerslide Khaan Junior SQD Black"},{"@type":"BreadcrumbList","@id":"https:\/\/rulluisukool.ee\/toode\/powerslide-khaan-junior-sqd-black\/#breadcrumb","itemListElement":[{"@type":"ListItem","position":1,"name":"Home","item":"https:\/\/rulluisukool.ee\/"},{"@type":"ListItem","position":2,"name":"E-POOD","item":"https:\/\/rulluisukool.ee\/en\/rulluisud-saapad-rattad-laagrid-kaitsevarustus-jaauisutamine\/"},{"@type":"ListItem","position":3,"name":"Powerslide Khaan\u2026"}]},{"@type":"WebSite","@id":"https:\/\/rulluisukool.ee\/#website","url":"https:\/\/rulluisukool.ee\/","name":"Rulluisukool","description":"","publisher":{"@id":"https:\/\/rulluisukool.ee\/#organization"},"potentialAction":[{"@type":"SearchAction","target":{"@type":"EntryPoint","urlTemplate":"https:\/\/rulluisukool.ee\/?s={search_term_string}"},"query-input":"required name=search_term_string"}],"inLanguage":"en-GB"},{"@type":"Organization","@id":"https:\/\/rulluisukool.ee\/#organization","name":"Rulluisukool","url":"https:\/\/rulluisukool.ee\/","logo":{"@type":"ImageObject","inLanguage":"en-GB","@id":"https:\/\/rulluisukool.ee\/#\/schema\/logo\/image\/","url":"https:\/\/rulluisukool.ee\/wp-content\/uploads\/2017\/03\/Rulluisukool-ee.png","contentUrl":"https:\/\/rulluisukool.ee\/wp-content\/uploads\/2017\/03\/Rulluisukool-ee.png","width":710,"height":710,"caption":"Rulluisukool"},"image":{"@id":"https:\/\/rulluisukool.ee\/#\/schema\/logo\/image\/"},"sameAs":["https:\/\/www.facebook.com\/rulluisukool","https:\/\/instagram.com\/rulluisukool","https:\/\/www.youtube.com\/channel\/UCUdSaiAVZmmNCOlAhU3_ONA"]}]}},"_links":{"self":[{"href":"https:\/\/rulluisukool.ee\/en\/wp-json\/wp\/v2\/product\/4308652122510136","targetHints":{"allow":["GET"]}}],"collection":[{"href":"https:\/\/rulluisukool.ee\/en\/wp-json\/wp\/v2\/product"}],"about":[{"href":"https:\/\/rulluisukool.ee\/en\/wp-json\/wp\/v2\/types\/product"}],"replies":[{"embeddable":true,"href":"https:\/\/rulluisukool.ee\/en\/wp-json\/wp\/v2\/comments?post=4308652122510136"}],"wp:featuredmedia":[{"embeddable":true,"href":"https:\/\/rulluisukool.ee\/en\/wp-json\/wp\/v2\/media\/4308652122511504"}],"wp:attachment":[{"href":"https:\/\/rulluisukool.ee\/en\/wp-json\/wp\/v2\/media?parent=4308652122510136"}],"wp:term":[{"taxonomy":"product_cat","embeddable":true,"href":"https:\/\/rulluisukool.ee\/en\/wp-json\/wp\/v2\/product_cat?post=4308652122510136"},{"taxonomy":"product_tag","embeddable":true,"href":"https:\/\/rulluisukool.ee\/en\/wp-json\/wp\/v2\/product_tag?post=4308652122510136"}],"curies":[{"name":"wp","href":"https:\/\/api.w.org\/{rel}","templated":true}]}}