{"id":4308652122510113,"date":"2021-12-13T11:04:18","date_gmt":"2021-12-13T09:04:18","guid":{"rendered":"https:\/\/rulluisukool.ee\/toode\/powerslide-elite-casted-al-trinity-frame-3x110-white\/"},"modified":"2025-12-03T21:55:08","modified_gmt":"2025-12-03T19:55:08","slug":"powerslide-elite-casted-al-trinity-frame-3x110-white","status":"publish","type":"product","link":"https:\/\/rulluisukool.ee\/en\/product\/powerslide-elite-casted-al-trinity-frame-3x110-white\/","title":{"rendered":"Elite casted AL \u2026"},"content":{"rendered":"<p>Powerslide Elite&#8217;i valatud AL -raamid on \u00fclitugevad ja samas v\u00e4ga kerged. TRINITY raamid on valmistatud k\u00f5rgeima kvaliteediga alumiiniumist, t\u00e4iusliku kujuga ja disainitud madalaima raskuskesemega. Elite raamid on 3-punktilise kinnituss\u00fcsteemiga. Disainitud rataste ergonoomika j\u00e4rgi, et pakkuda parimat stabiilsust, paremat tasakaalu, v\u00e4hendada vibratsiooni ning maksimeerida j\u00f5u\u00fclekannet. Mugav \u00fche telje s\u00fcsteem v\u00f5imaldab rataste kiiret ja lihtsat hooldust. TRINITY pakub ka tuntud X-pesa kinnituss\u00fcsteemi, mis v\u00f5imaldab teil kohandada raami asendit, nihutades raami k\u00fcljelt- k\u00fcljelt v\u00f5i ette ja taha. TRINITY \u00fchildub ka K\u00d5IGI mudelitega Powerslide&#8217;i valikus, nii et \u00fche Powerslide Trinity kinnitussaapaga saate igal ajal nautida k\u00f5iki uisutamise stiile. Lihtsalt vahetage raamid ja olete valmis k\u00f5igeks &#8211; kiiruisutamiseks,freeskate uiutamiseks, maastikul liikumiseks, hokiks v\u00f5i isegi j\u00e4\u00e4l uiutamiseks. Pikkusega 9,6 &#8220;&#8221; \/ 243mm sobivad max. 110mm rattad.<\/p>","protected":false},"excerpt":{"rendered":"<p>See raam on valges v\u00e4rvitoonis. Pikkusega 9,6 &#8220;&#8221; \/ 243mm sobivad max. 110mm rattad.<\/p>","protected":false},"featured_media":4308652122511581,"comment_status":"open","ping_status":"closed","template":"","meta":{"site-sidebar-layout":"default","site-content-layout":"default","ast-global-header-display":"","ast-main-header-display":"","ast-hfb-above-header-display":"","ast-hfb-below-header-display":"","ast-hfb-mobile-header-display":"","site-post-title":"","ast-breadcrumbs-content":"","ast-featured-img":"","footer-sml-layout":"","theme-transparent-header-meta":"default","adv-header-id-meta":"","stick-header-meta":"","header-above-stick-meta":"","header-main-stick-meta":"","header-below-stick-meta":""},"product_cat":[141],"product_tag":[],"class_list":{"0":"post-4308652122510113","1":"product","2":"type-product","3":"status-publish","4":"has-post-thumbnail","6":"product_cat-raamid","7":"desktop-align-left","8":"tablet-align-left","9":"mobile-align-left","11":"first","12":"instock","13":"shipping-taxable","14":"purchasable","15":"product-type-simple"},"yoast_head":"<!-- This site is optimized with the Yoast SEO plugin v22.3 - https:\/\/yoast.com\/wordpress\/plugins\/seo\/ -->\n<title>Elite casted AL Trinity Frame 3x110, white - Rulluisukool<\/title>\n<meta name=\"description\" content=\"See raam on valges v\u00e4rvitoonis. Pikkusega 9,6 &quot;&quot; \/ 243mm sobivad max. 110mm rattad.\" \/>\n<meta name=\"robots\" content=\"index, follow, max-snippet:-1, max-image-preview:large, max-video-preview:-1\" \/>\n<link rel=\"canonical\" href=\"https:\/\/rulluisukool.ee\/en\/product\/powerslide-elite-casted-al-trinity-frame-3x110-white\/\" \/>\n<meta property=\"og:locale\" content=\"en_GB\" \/>\n<meta property=\"og:type\" content=\"article\" \/>\n<meta property=\"og:title\" content=\"Elite casted AL Trinity Frame 3x110, white - Rulluisukool\" \/>\n<meta property=\"og:description\" content=\"See raam on valges v\u00e4rvitoonis. Pikkusega 9,6 &quot;&quot; \/ 243mm sobivad max. 110mm rattad.\" \/>\n<meta property=\"og:url\" content=\"https:\/\/rulluisukool.ee\/en\/product\/powerslide-elite-casted-al-trinity-frame-3x110-white\/\" \/>\n<meta property=\"og:site_name\" content=\"Rulluisukool\" \/>\n<meta property=\"article:publisher\" content=\"https:\/\/www.facebook.com\/rulluisukool\" \/>\n<meta property=\"article:modified_time\" content=\"2025-12-03T19:55:08+00:00\" \/>\n<meta property=\"og:image\" content=\"https:\/\/rulluisukool.ee\/wp-content\/uploads\/2021\/12\/Powerslide-Elite-casted-AL-Trinity-Frame-3x110-white.jpg\" \/>\n\t<meta property=\"og:image:width\" content=\"619\" \/>\n\t<meta property=\"og:image:height\" content=\"594\" \/>\n\t<meta property=\"og:image:type\" content=\"image\/jpeg\" \/>\n<meta name=\"twitter:card\" content=\"summary_large_image\" \/>\n<meta name=\"twitter:label1\" content=\"Estimated reading time\" \/>\n\t<meta name=\"twitter:data1\" content=\"1 minute\" \/>\n<script type=\"application\/ld+json\" class=\"yoast-schema-graph\">{\"@context\":\"https:\/\/schema.org\",\"@graph\":[{\"@type\":\"WebPage\",\"@id\":\"https:\/\/rulluisukool.ee\/toode\/powerslide-elite-casted-al-trinity-frame-3x110-white\/\",\"url\":\"https:\/\/rulluisukool.ee\/toode\/powerslide-elite-casted-al-trinity-frame-3x110-white\/\",\"name\":\"Elite casted AL Trinity Frame 3x110, white - Rulluisukool\",\"isPartOf\":{\"@id\":\"https:\/\/rulluisukool.ee\/#website\"},\"primaryImageOfPage\":{\"@id\":\"https:\/\/rulluisukool.ee\/toode\/powerslide-elite-casted-al-trinity-frame-3x110-white\/#primaryimage\"},\"image\":{\"@id\":\"https:\/\/rulluisukool.ee\/toode\/powerslide-elite-casted-al-trinity-frame-3x110-white\/#primaryimage\"},\"thumbnailUrl\":\"https:\/\/rulluisukool.ee\/wp-content\/uploads\/2021\/12\/Powerslide-Elite-casted-AL-Trinity-Frame-3x110-white.jpg\",\"datePublished\":\"2021-12-13T09:04:18+00:00\",\"dateModified\":\"2025-12-03T19:55:08+00:00\",\"description\":\"See raam on valges v\u00e4rvitoonis. Pikkusega 9,6 \\\"\\\" \/ 243mm sobivad max. 110mm rattad.\",\"breadcrumb\":{\"@id\":\"https:\/\/rulluisukool.ee\/toode\/powerslide-elite-casted-al-trinity-frame-3x110-white\/#breadcrumb\"},\"inLanguage\":\"en-GB\",\"potentialAction\":[{\"@type\":\"ReadAction\",\"target\":[\"https:\/\/rulluisukool.ee\/toode\/powerslide-elite-casted-al-trinity-frame-3x110-white\/\"]}]},{\"@type\":\"ImageObject\",\"inLanguage\":\"en-GB\",\"@id\":\"https:\/\/rulluisukool.ee\/toode\/powerslide-elite-casted-al-trinity-frame-3x110-white\/#primaryimage\",\"url\":\"https:\/\/rulluisukool.ee\/wp-content\/uploads\/2021\/12\/Powerslide-Elite-casted-AL-Trinity-Frame-3x110-white.jpg\",\"contentUrl\":\"https:\/\/rulluisukool.ee\/wp-content\/uploads\/2021\/12\/Powerslide-Elite-casted-AL-Trinity-Frame-3x110-white.jpg\",\"width\":619,\"height\":594},{\"@type\":\"BreadcrumbList\",\"@id\":\"https:\/\/rulluisukool.ee\/toode\/powerslide-elite-casted-al-trinity-frame-3x110-white\/#breadcrumb\",\"itemListElement\":[{\"@type\":\"ListItem\",\"position\":1,\"name\":\"Home\",\"item\":\"https:\/\/rulluisukool.ee\/\"},{\"@type\":\"ListItem\",\"position\":2,\"name\":\"E-POOD\",\"item\":\"https:\/\/rulluisukool.ee\/en\/rulluisud-saapad-rattad-laagrid-kaitsevarustus-jaauisutamine\/\"},{\"@type\":\"ListItem\",\"position\":3,\"name\":\"Elite casted AL \u2026\"}]},{\"@type\":\"WebSite\",\"@id\":\"https:\/\/rulluisukool.ee\/#website\",\"url\":\"https:\/\/rulluisukool.ee\/\",\"name\":\"Rulluisukool\",\"description\":\"\",\"publisher\":{\"@id\":\"https:\/\/rulluisukool.ee\/#organization\"},\"potentialAction\":[{\"@type\":\"SearchAction\",\"target\":{\"@type\":\"EntryPoint\",\"urlTemplate\":\"https:\/\/rulluisukool.ee\/?s={search_term_string}\"},\"query-input\":\"required name=search_term_string\"}],\"inLanguage\":\"en-GB\"},{\"@type\":\"Organization\",\"@id\":\"https:\/\/rulluisukool.ee\/#organization\",\"name\":\"Rulluisukool\",\"url\":\"https:\/\/rulluisukool.ee\/\",\"logo\":{\"@type\":\"ImageObject\",\"inLanguage\":\"en-GB\",\"@id\":\"https:\/\/rulluisukool.ee\/#\/schema\/logo\/image\/\",\"url\":\"https:\/\/rulluisukool.ee\/wp-content\/uploads\/2017\/03\/Rulluisukool-ee.png\",\"contentUrl\":\"https:\/\/rulluisukool.ee\/wp-content\/uploads\/2017\/03\/Rulluisukool-ee.png\",\"width\":710,\"height\":710,\"caption\":\"Rulluisukool\"},\"image\":{\"@id\":\"https:\/\/rulluisukool.ee\/#\/schema\/logo\/image\/\"},\"sameAs\":[\"https:\/\/www.facebook.com\/rulluisukool\",\"https:\/\/instagram.com\/rulluisukool\",\"https:\/\/www.youtube.com\/channel\/UCUdSaiAVZmmNCOlAhU3_ONA\"]}]}<\/script>\n<!-- \/ Yoast SEO plugin. -->","yoast_head_json":{"title":"Elite casted AL Trinity Frame 3x110, white - Rulluisukool","description":"See raam on valges v\u00e4rvitoonis. Pikkusega 9,6 \"\" \/ 243mm sobivad max. 110mm rattad.","robots":{"index":"index","follow":"follow","max-snippet":"max-snippet:-1","max-image-preview":"max-image-preview:large","max-video-preview":"max-video-preview:-1"},"canonical":"https:\/\/rulluisukool.ee\/en\/product\/powerslide-elite-casted-al-trinity-frame-3x110-white\/","og_locale":"en_GB","og_type":"article","og_title":"Elite casted AL Trinity Frame 3x110, white - Rulluisukool","og_description":"See raam on valges v\u00e4rvitoonis. Pikkusega 9,6 \"\" \/ 243mm sobivad max. 110mm rattad.","og_url":"https:\/\/rulluisukool.ee\/en\/product\/powerslide-elite-casted-al-trinity-frame-3x110-white\/","og_site_name":"Rulluisukool","article_publisher":"https:\/\/www.facebook.com\/rulluisukool","article_modified_time":"2025-12-03T19:55:08+00:00","og_image":[{"width":619,"height":594,"url":"https:\/\/rulluisukool.ee\/wp-content\/uploads\/2021\/12\/Powerslide-Elite-casted-AL-Trinity-Frame-3x110-white.jpg","type":"image\/jpeg"}],"twitter_card":"summary_large_image","twitter_misc":{"Estimated reading time":"1 minute"},"schema":{"@context":"https:\/\/schema.org","@graph":[{"@type":"WebPage","@id":"https:\/\/rulluisukool.ee\/toode\/powerslide-elite-casted-al-trinity-frame-3x110-white\/","url":"https:\/\/rulluisukool.ee\/toode\/powerslide-elite-casted-al-trinity-frame-3x110-white\/","name":"Elite casted AL Trinity Frame 3x110, white - Rulluisukool","isPartOf":{"@id":"https:\/\/rulluisukool.ee\/#website"},"primaryImageOfPage":{"@id":"https:\/\/rulluisukool.ee\/toode\/powerslide-elite-casted-al-trinity-frame-3x110-white\/#primaryimage"},"image":{"@id":"https:\/\/rulluisukool.ee\/toode\/powerslide-elite-casted-al-trinity-frame-3x110-white\/#primaryimage"},"thumbnailUrl":"https:\/\/rulluisukool.ee\/wp-content\/uploads\/2021\/12\/Powerslide-Elite-casted-AL-Trinity-Frame-3x110-white.jpg","datePublished":"2021-12-13T09:04:18+00:00","dateModified":"2025-12-03T19:55:08+00:00","description":"See raam on valges v\u00e4rvitoonis. Pikkusega 9,6 \"\" \/ 243mm sobivad max. 110mm rattad.","breadcrumb":{"@id":"https:\/\/rulluisukool.ee\/toode\/powerslide-elite-casted-al-trinity-frame-3x110-white\/#breadcrumb"},"inLanguage":"en-GB","potentialAction":[{"@type":"ReadAction","target":["https:\/\/rulluisukool.ee\/toode\/powerslide-elite-casted-al-trinity-frame-3x110-white\/"]}]},{"@type":"ImageObject","inLanguage":"en-GB","@id":"https:\/\/rulluisukool.ee\/toode\/powerslide-elite-casted-al-trinity-frame-3x110-white\/#primaryimage","url":"https:\/\/rulluisukool.ee\/wp-content\/uploads\/2021\/12\/Powerslide-Elite-casted-AL-Trinity-Frame-3x110-white.jpg","contentUrl":"https:\/\/rulluisukool.ee\/wp-content\/uploads\/2021\/12\/Powerslide-Elite-casted-AL-Trinity-Frame-3x110-white.jpg","width":619,"height":594},{"@type":"BreadcrumbList","@id":"https:\/\/rulluisukool.ee\/toode\/powerslide-elite-casted-al-trinity-frame-3x110-white\/#breadcrumb","itemListElement":[{"@type":"ListItem","position":1,"name":"Home","item":"https:\/\/rulluisukool.ee\/"},{"@type":"ListItem","position":2,"name":"E-POOD","item":"https:\/\/rulluisukool.ee\/en\/rulluisud-saapad-rattad-laagrid-kaitsevarustus-jaauisutamine\/"},{"@type":"ListItem","position":3,"name":"Elite casted AL \u2026"}]},{"@type":"WebSite","@id":"https:\/\/rulluisukool.ee\/#website","url":"https:\/\/rulluisukool.ee\/","name":"Rulluisukool","description":"","publisher":{"@id":"https:\/\/rulluisukool.ee\/#organization"},"potentialAction":[{"@type":"SearchAction","target":{"@type":"EntryPoint","urlTemplate":"https:\/\/rulluisukool.ee\/?s={search_term_string}"},"query-input":"required name=search_term_string"}],"inLanguage":"en-GB"},{"@type":"Organization","@id":"https:\/\/rulluisukool.ee\/#organization","name":"Rulluisukool","url":"https:\/\/rulluisukool.ee\/","logo":{"@type":"ImageObject","inLanguage":"en-GB","@id":"https:\/\/rulluisukool.ee\/#\/schema\/logo\/image\/","url":"https:\/\/rulluisukool.ee\/wp-content\/uploads\/2017\/03\/Rulluisukool-ee.png","contentUrl":"https:\/\/rulluisukool.ee\/wp-content\/uploads\/2017\/03\/Rulluisukool-ee.png","width":710,"height":710,"caption":"Rulluisukool"},"image":{"@id":"https:\/\/rulluisukool.ee\/#\/schema\/logo\/image\/"},"sameAs":["https:\/\/www.facebook.com\/rulluisukool","https:\/\/instagram.com\/rulluisukool","https:\/\/www.youtube.com\/channel\/UCUdSaiAVZmmNCOlAhU3_ONA"]}]}},"_links":{"self":[{"href":"https:\/\/rulluisukool.ee\/en\/wp-json\/wp\/v2\/product\/4308652122510113","targetHints":{"allow":["GET"]}}],"collection":[{"href":"https:\/\/rulluisukool.ee\/en\/wp-json\/wp\/v2\/product"}],"about":[{"href":"https:\/\/rulluisukool.ee\/en\/wp-json\/wp\/v2\/types\/product"}],"replies":[{"embeddable":true,"href":"https:\/\/rulluisukool.ee\/en\/wp-json\/wp\/v2\/comments?post=4308652122510113"}],"wp:featuredmedia":[{"embeddable":true,"href":"https:\/\/rulluisukool.ee\/en\/wp-json\/wp\/v2\/media\/4308652122511581"}],"wp:attachment":[{"href":"https:\/\/rulluisukool.ee\/en\/wp-json\/wp\/v2\/media?parent=4308652122510113"}],"wp:term":[{"taxonomy":"product_cat","embeddable":true,"href":"https:\/\/rulluisukool.ee\/en\/wp-json\/wp\/v2\/product_cat?post=4308652122510113"},{"taxonomy":"product_tag","embeddable":true,"href":"https:\/\/rulluisukool.ee\/en\/wp-json\/wp\/v2\/product_tag?post=4308652122510113"}],"curies":[{"name":"wp","href":"https:\/\/api.w.org\/{rel}","templated":true}]}}