{"id":4308652122510104,"date":"2021-12-13T11:04:17","date_gmt":"2021-12-13T09:04:17","guid":{"rendered":"https:\/\/rulluisukool.ee\/toode\/powerslide-next-boot-36-37\/"},"modified":"2025-12-03T21:50:13","modified_gmt":"2025-12-03T19:50:13","slug":"powerslide-next-black-boot","status":"publish","type":"product","link":"https:\/\/rulluisukool.ee\/en\/product\/powerslide-next-black-boot\/","title":{"rendered":"Powerslide Next Boot"},"content":{"rendered":"<p>Create your own skate with the Next Black, Powerslide\u00b4s flagship urban hardshell boot.\nThanks to the TRINITY mounting you have access to multiple options to set up your\nindividual skate. From hockey to freeride, from SUV skating to commuting, from downhill\nto aggressive skating or even ice skating - you can get it all! The Next is the first of it\u00b4s\nkind ? the first TRINITY mounting hard shell boot. It\u00b4s the most sophisticated urban skate\nboot out there featuring plenty of options to customize your boot. Adjust the height or even\ncant your cuff, cut off the wings of your shell to customize the flex of your boot, adjust the\nlength of the cuff wing and 45\u00b0 flap by cutting off some material or choose between\nsupport and flex with the different lacing options the Next offers. Last but not least our Xslot\nmounting helps you to adjust the frame position under your boot. The Next comes with\nthe MYFIT Recall dual liner, a heat moldable liner. The RECALL memory padding offers a\ngreat snug and comfy fitting right out of the box for endless skating pleasure. Create the\nskate which suits you best or be flexible and switch between disciplines by adding a\nsecond frame setup to your skate. It\u00b4s all up to you to maximize your fun on wheels and\nwith the black color boot you can\u00b4t go wrong.<\/p>","protected":false},"excerpt":{"rendered":"<p>Powerslide&#8217;i lipulaev! T\u00e4nu TRINITY 3- punktilisele kinnitusele on teil mitmeid v\u00f5imalusi oma uisu seadistamiseks just selliseks nagu teile meeldib. M\u00e4ngi hokit v\u00f5i uisuta linnat\u00e4navatel. S\u00f5ida maastikul v\u00f5i kihuta v\u00f5istlustel. K\u00f5va kestaga saabast saab reguleerida just oma jala j\u00e4rgi. Vahetades uisu raami saab muuta ratta suurust v\u00f5i muuta rulluisud hoopis j\u00e4\u00e4uiskudeks, et ka talvel v\u00f5tta oma &hellip;<\/p>\n<p class=\"read-more\"> <a class=\"\" href=\"https:\/\/rulluisukool.ee\/en\/product\/powerslide-next-black-boot\/\"> <span class=\"screen-reader-text\">Powerslide Next Boot<\/span> Read More &raquo;<\/a><\/p>","protected":false},"featured_media":4308652122511437,"comment_status":"open","ping_status":"closed","template":"","meta":{"site-sidebar-layout":"default","site-content-layout":"default","ast-global-header-display":"","ast-main-header-display":"","ast-hfb-above-header-display":"","ast-hfb-below-header-display":"","ast-hfb-mobile-header-display":"","site-post-title":"","ast-breadcrumbs-content":"","ast-featured-img":"","footer-sml-layout":"","theme-transparent-header-meta":"default","adv-header-id-meta":"","stick-header-meta":"","header-above-stick-meta":"","header-main-stick-meta":"","header-below-stick-meta":""},"product_cat":[208,112],"product_tag":[],"class_list":{"0":"post-4308652122510104","1":"product","2":"type-product","3":"status-publish","4":"has-post-thumbnail","6":"product_cat-next","7":"product_cat-saapad","8":"pa_suurus-36-37","9":"pa_suurus-38-39","10":"pa_suurus-40-41","11":"pa_suurus-42-43","12":"pa_suurus-44-45","13":"pa_suurus-46-47","14":"pa_suurus-48-49","15":"desktop-align-left","16":"tablet-align-left","17":"mobile-align-left","19":"first","20":"instock","21":"sale","22":"shipping-taxable","23":"purchasable","24":"product-type-variable"},"yoast_head":"<!-- This site is optimized with the Yoast SEO plugin v22.3 - https:\/\/yoast.com\/wordpress\/plugins\/seo\/ -->\n<title>Powerslide Next Boot - Rulluisukool<\/title>\n<meta name=\"description\" content=\"Powerslide&#039;i lipulaev! T\u00e4nu TRINITY 3- punktilisele kinnitusele on teil mitmeid v\u00f5imalusi oma uisu seadistamiseks just selliseks nagu teile meeldib. M\u00e4ngi\" \/>\n<meta name=\"robots\" content=\"index, follow, max-snippet:-1, max-image-preview:large, max-video-preview:-1\" \/>\n<link rel=\"canonical\" href=\"https:\/\/rulluisukool.ee\/en\/product\/powerslide-next-black-boot\/\" \/>\n<meta property=\"og:locale\" content=\"en_GB\" \/>\n<meta property=\"og:type\" content=\"article\" \/>\n<meta property=\"og:title\" content=\"Powerslide Next Boot - Rulluisukool\" \/>\n<meta property=\"og:description\" content=\"Powerslide&#039;i lipulaev! T\u00e4nu TRINITY 3- punktilisele kinnitusele on teil mitmeid v\u00f5imalusi oma uisu seadistamiseks just selliseks nagu teile meeldib. M\u00e4ngi\" \/>\n<meta property=\"og:url\" content=\"https:\/\/rulluisukool.ee\/en\/product\/powerslide-next-black-boot\/\" \/>\n<meta property=\"og:site_name\" content=\"Rulluisukool\" \/>\n<meta property=\"article:publisher\" content=\"https:\/\/www.facebook.com\/rulluisukool\" \/>\n<meta property=\"article:modified_time\" content=\"2025-12-03T19:50:13+00:00\" \/>\n<meta property=\"og:image\" content=\"https:\/\/rulluisukool.ee\/wp-content\/uploads\/2021\/12\/Powerslide-Next-Boot.jpg\" \/>\n\t<meta property=\"og:image:width\" content=\"619\" \/>\n\t<meta property=\"og:image:height\" content=\"594\" \/>\n\t<meta property=\"og:image:type\" content=\"image\/jpeg\" \/>\n<meta name=\"twitter:card\" content=\"summary_large_image\" \/>\n<meta name=\"twitter:label1\" content=\"Estimated reading time\" \/>\n\t<meta name=\"twitter:data1\" content=\"1 minute\" \/>\n<script type=\"application\/ld+json\" class=\"yoast-schema-graph\">{\"@context\":\"https:\/\/schema.org\",\"@graph\":[{\"@type\":\"WebPage\",\"@id\":\"https:\/\/rulluisukool.ee\/toode\/powerslide-next-black-boot\/\",\"url\":\"https:\/\/rulluisukool.ee\/toode\/powerslide-next-black-boot\/\",\"name\":\"Powerslide Next Boot - Rulluisukool\",\"isPartOf\":{\"@id\":\"https:\/\/rulluisukool.ee\/#website\"},\"primaryImageOfPage\":{\"@id\":\"https:\/\/rulluisukool.ee\/toode\/powerslide-next-black-boot\/#primaryimage\"},\"image\":{\"@id\":\"https:\/\/rulluisukool.ee\/toode\/powerslide-next-black-boot\/#primaryimage\"},\"thumbnailUrl\":\"https:\/\/rulluisukool.ee\/wp-content\/uploads\/2021\/12\/Powerslide-Next-Boot.jpg\",\"datePublished\":\"2021-12-13T09:04:17+00:00\",\"dateModified\":\"2025-12-03T19:50:13+00:00\",\"description\":\"Powerslide'i lipulaev! T\u00e4nu TRINITY 3- punktilisele kinnitusele on teil mitmeid v\u00f5imalusi oma uisu seadistamiseks just selliseks nagu teile meeldib. M\u00e4ngi\",\"breadcrumb\":{\"@id\":\"https:\/\/rulluisukool.ee\/toode\/powerslide-next-black-boot\/#breadcrumb\"},\"inLanguage\":\"en-GB\",\"potentialAction\":[{\"@type\":\"ReadAction\",\"target\":[\"https:\/\/rulluisukool.ee\/toode\/powerslide-next-black-boot\/\"]}]},{\"@type\":\"ImageObject\",\"inLanguage\":\"en-GB\",\"@id\":\"https:\/\/rulluisukool.ee\/toode\/powerslide-next-black-boot\/#primaryimage\",\"url\":\"https:\/\/rulluisukool.ee\/wp-content\/uploads\/2021\/12\/Powerslide-Next-Boot.jpg\",\"contentUrl\":\"https:\/\/rulluisukool.ee\/wp-content\/uploads\/2021\/12\/Powerslide-Next-Boot.jpg\",\"width\":619,\"height\":594,\"caption\":\"Powerslide Next Black Boot\"},{\"@type\":\"BreadcrumbList\",\"@id\":\"https:\/\/rulluisukool.ee\/toode\/powerslide-next-black-boot\/#breadcrumb\",\"itemListElement\":[{\"@type\":\"ListItem\",\"position\":1,\"name\":\"Home\",\"item\":\"https:\/\/rulluisukool.ee\/\"},{\"@type\":\"ListItem\",\"position\":2,\"name\":\"E-POOD\",\"item\":\"https:\/\/rulluisukool.ee\/en\/rulluisud-saapad-rattad-laagrid-kaitsevarustus-jaauisutamine\/\"},{\"@type\":\"ListItem\",\"position\":3,\"name\":\"Powerslide Next Boot\"}]},{\"@type\":\"WebSite\",\"@id\":\"https:\/\/rulluisukool.ee\/#website\",\"url\":\"https:\/\/rulluisukool.ee\/\",\"name\":\"Rulluisukool\",\"description\":\"\",\"publisher\":{\"@id\":\"https:\/\/rulluisukool.ee\/#organization\"},\"potentialAction\":[{\"@type\":\"SearchAction\",\"target\":{\"@type\":\"EntryPoint\",\"urlTemplate\":\"https:\/\/rulluisukool.ee\/?s={search_term_string}\"},\"query-input\":\"required name=search_term_string\"}],\"inLanguage\":\"en-GB\"},{\"@type\":\"Organization\",\"@id\":\"https:\/\/rulluisukool.ee\/#organization\",\"name\":\"Rulluisukool\",\"url\":\"https:\/\/rulluisukool.ee\/\",\"logo\":{\"@type\":\"ImageObject\",\"inLanguage\":\"en-GB\",\"@id\":\"https:\/\/rulluisukool.ee\/#\/schema\/logo\/image\/\",\"url\":\"https:\/\/rulluisukool.ee\/wp-content\/uploads\/2017\/03\/Rulluisukool-ee.png\",\"contentUrl\":\"https:\/\/rulluisukool.ee\/wp-content\/uploads\/2017\/03\/Rulluisukool-ee.png\",\"width\":710,\"height\":710,\"caption\":\"Rulluisukool\"},\"image\":{\"@id\":\"https:\/\/rulluisukool.ee\/#\/schema\/logo\/image\/\"},\"sameAs\":[\"https:\/\/www.facebook.com\/rulluisukool\",\"https:\/\/instagram.com\/rulluisukool\",\"https:\/\/www.youtube.com\/channel\/UCUdSaiAVZmmNCOlAhU3_ONA\"]}]}<\/script>\n<!-- \/ Yoast SEO plugin. -->","yoast_head_json":{"title":"Powerslide Next Boot - Rulluisukool","description":"Powerslide'i lipulaev! T\u00e4nu TRINITY 3- punktilisele kinnitusele on teil mitmeid v\u00f5imalusi oma uisu seadistamiseks just selliseks nagu teile meeldib. M\u00e4ngi","robots":{"index":"index","follow":"follow","max-snippet":"max-snippet:-1","max-image-preview":"max-image-preview:large","max-video-preview":"max-video-preview:-1"},"canonical":"https:\/\/rulluisukool.ee\/en\/product\/powerslide-next-black-boot\/","og_locale":"en_GB","og_type":"article","og_title":"Powerslide Next Boot - Rulluisukool","og_description":"Powerslide'i lipulaev! T\u00e4nu TRINITY 3- punktilisele kinnitusele on teil mitmeid v\u00f5imalusi oma uisu seadistamiseks just selliseks nagu teile meeldib. M\u00e4ngi","og_url":"https:\/\/rulluisukool.ee\/en\/product\/powerslide-next-black-boot\/","og_site_name":"Rulluisukool","article_publisher":"https:\/\/www.facebook.com\/rulluisukool","article_modified_time":"2025-12-03T19:50:13+00:00","og_image":[{"width":619,"height":594,"url":"https:\/\/rulluisukool.ee\/wp-content\/uploads\/2021\/12\/Powerslide-Next-Boot.jpg","type":"image\/jpeg"}],"twitter_card":"summary_large_image","twitter_misc":{"Estimated reading time":"1 minute"},"schema":{"@context":"https:\/\/schema.org","@graph":[{"@type":"WebPage","@id":"https:\/\/rulluisukool.ee\/toode\/powerslide-next-black-boot\/","url":"https:\/\/rulluisukool.ee\/toode\/powerslide-next-black-boot\/","name":"Powerslide Next Boot - Rulluisukool","isPartOf":{"@id":"https:\/\/rulluisukool.ee\/#website"},"primaryImageOfPage":{"@id":"https:\/\/rulluisukool.ee\/toode\/powerslide-next-black-boot\/#primaryimage"},"image":{"@id":"https:\/\/rulluisukool.ee\/toode\/powerslide-next-black-boot\/#primaryimage"},"thumbnailUrl":"https:\/\/rulluisukool.ee\/wp-content\/uploads\/2021\/12\/Powerslide-Next-Boot.jpg","datePublished":"2021-12-13T09:04:17+00:00","dateModified":"2025-12-03T19:50:13+00:00","description":"Powerslide'i lipulaev! T\u00e4nu TRINITY 3- punktilisele kinnitusele on teil mitmeid v\u00f5imalusi oma uisu seadistamiseks just selliseks nagu teile meeldib. M\u00e4ngi","breadcrumb":{"@id":"https:\/\/rulluisukool.ee\/toode\/powerslide-next-black-boot\/#breadcrumb"},"inLanguage":"en-GB","potentialAction":[{"@type":"ReadAction","target":["https:\/\/rulluisukool.ee\/toode\/powerslide-next-black-boot\/"]}]},{"@type":"ImageObject","inLanguage":"en-GB","@id":"https:\/\/rulluisukool.ee\/toode\/powerslide-next-black-boot\/#primaryimage","url":"https:\/\/rulluisukool.ee\/wp-content\/uploads\/2021\/12\/Powerslide-Next-Boot.jpg","contentUrl":"https:\/\/rulluisukool.ee\/wp-content\/uploads\/2021\/12\/Powerslide-Next-Boot.jpg","width":619,"height":594,"caption":"Powerslide Next Black Boot"},{"@type":"BreadcrumbList","@id":"https:\/\/rulluisukool.ee\/toode\/powerslide-next-black-boot\/#breadcrumb","itemListElement":[{"@type":"ListItem","position":1,"name":"Home","item":"https:\/\/rulluisukool.ee\/"},{"@type":"ListItem","position":2,"name":"E-POOD","item":"https:\/\/rulluisukool.ee\/en\/rulluisud-saapad-rattad-laagrid-kaitsevarustus-jaauisutamine\/"},{"@type":"ListItem","position":3,"name":"Powerslide Next Boot"}]},{"@type":"WebSite","@id":"https:\/\/rulluisukool.ee\/#website","url":"https:\/\/rulluisukool.ee\/","name":"Rulluisukool","description":"","publisher":{"@id":"https:\/\/rulluisukool.ee\/#organization"},"potentialAction":[{"@type":"SearchAction","target":{"@type":"EntryPoint","urlTemplate":"https:\/\/rulluisukool.ee\/?s={search_term_string}"},"query-input":"required name=search_term_string"}],"inLanguage":"en-GB"},{"@type":"Organization","@id":"https:\/\/rulluisukool.ee\/#organization","name":"Rulluisukool","url":"https:\/\/rulluisukool.ee\/","logo":{"@type":"ImageObject","inLanguage":"en-GB","@id":"https:\/\/rulluisukool.ee\/#\/schema\/logo\/image\/","url":"https:\/\/rulluisukool.ee\/wp-content\/uploads\/2017\/03\/Rulluisukool-ee.png","contentUrl":"https:\/\/rulluisukool.ee\/wp-content\/uploads\/2017\/03\/Rulluisukool-ee.png","width":710,"height":710,"caption":"Rulluisukool"},"image":{"@id":"https:\/\/rulluisukool.ee\/#\/schema\/logo\/image\/"},"sameAs":["https:\/\/www.facebook.com\/rulluisukool","https:\/\/instagram.com\/rulluisukool","https:\/\/www.youtube.com\/channel\/UCUdSaiAVZmmNCOlAhU3_ONA"]}]}},"_links":{"self":[{"href":"https:\/\/rulluisukool.ee\/en\/wp-json\/wp\/v2\/product\/4308652122510104","targetHints":{"allow":["GET"]}}],"collection":[{"href":"https:\/\/rulluisukool.ee\/en\/wp-json\/wp\/v2\/product"}],"about":[{"href":"https:\/\/rulluisukool.ee\/en\/wp-json\/wp\/v2\/types\/product"}],"replies":[{"embeddable":true,"href":"https:\/\/rulluisukool.ee\/en\/wp-json\/wp\/v2\/comments?post=4308652122510104"}],"wp:featuredmedia":[{"embeddable":true,"href":"https:\/\/rulluisukool.ee\/en\/wp-json\/wp\/v2\/media\/4308652122511437"}],"wp:attachment":[{"href":"https:\/\/rulluisukool.ee\/en\/wp-json\/wp\/v2\/media?parent=4308652122510104"}],"wp:term":[{"taxonomy":"product_cat","embeddable":true,"href":"https:\/\/rulluisukool.ee\/en\/wp-json\/wp\/v2\/product_cat?post=4308652122510104"},{"taxonomy":"product_tag","embeddable":true,"href":"https:\/\/rulluisukool.ee\/en\/wp-json\/wp\/v2\/product_tag?post=4308652122510104"}],"curies":[{"name":"wp","href":"https:\/\/api.w.org\/{rel}","templated":true}]}}