{"id":4308652122510070,"date":"2021-12-13T11:04:09","date_gmt":"2021-12-13T09:04:09","guid":{"rendered":"https:\/\/rulluisukool.ee\/toode\/powerslide-trident-ice-blade-m\/"},"modified":"2025-12-11T16:39:24","modified_gmt":"2025-12-11T14:39:24","slug":"powerslide-trident-ice-blade","status":"publish","type":"product","link":"https:\/\/rulluisukool.ee\/en\/product\/powerslide-trident-ice-blade\/","title":{"rendered":"Powerslide Tride\u2026"},"content":{"rendered":"<p>Suvel s\u00f5idad rulluiskudel ja talvel paned samadele saabastele j\u00e4\u00e4terad alla! Nii saad oma lemmikuiskudega veereda v\u00f5i liuelda igal pool ja iga ilmaga. Trident Trinity j\u00e4\u00e4terasid on mugav kasutada ja nendega saavutad j\u00e4\u00e4l uisutades hea kontrolli.<\/p>\n<p>Trident terad on kombineeritud tugevatest ja kergetest metallidest.<\/p>\n<p>Raamil on 3 suurust: M, L, XL. NB! K\u00f5ik j\u00e4\u00e4tera suurused sobivad igas suuruses Powerslide Trinity rulluisusaapa alla. Erinev suurus t\u00e4hendab erinevat tera pikkust. Suuremale jalale on mugavam pikem tera, v\u00e4iksemale jalale l\u00fchem, kuid v\u00f5ib valida ka soovituslikust erineva suuruse. Pikem raam on kiirem ja l\u00fchema raamiga on parem man\u00f6\u00f6verdamine.<\/p>","protected":false},"excerpt":{"rendered":"<h5>Powerslide Trident Ice Blade \u2013 kasutage oma rulluisusaapaid aastaringselt. Uuenduslik j\u00e4\u00e4tera tehnoloogia, TRINITY kinnitus, lennukialumiiniumist.<\/h5>","protected":false},"featured_media":4308652122511567,"comment_status":"open","ping_status":"closed","template":"","meta":{"site-sidebar-layout":"default","site-content-layout":"default","ast-global-header-display":"","ast-main-header-display":"","ast-hfb-above-header-display":"","ast-hfb-below-header-display":"","ast-hfb-mobile-header-display":"","site-post-title":"","ast-breadcrumbs-content":"","ast-featured-img":"","footer-sml-layout":"","theme-transparent-header-meta":"default","adv-header-id-meta":"","stick-header-meta":"","header-above-stick-meta":"","header-main-stick-meta":"","header-below-stick-meta":""},"product_cat":[137],"product_tag":[],"class_list":{"0":"post-4308652122510070","1":"product","2":"type-product","3":"status-publish","4":"has-post-thumbnail","6":"product_cat-jaauisutamine","7":"pa_suurus-l","8":"pa_suurus-m","9":"pa_suurus-xl","10":"desktop-align-left","11":"tablet-align-left","12":"mobile-align-left","14":"first","15":"instock","16":"shipping-taxable","17":"purchasable","18":"product-type-variable"},"yoast_head":"<!-- This site is optimized with the Yoast SEO plugin v22.3 - https:\/\/yoast.com\/wordpress\/plugins\/seo\/ -->\n<title>Powerslide Trident Ice Blade j\u00e4\u00e4terad - Rulluisukool<\/title>\n<meta name=\"description\" content=\"Powerslide Trident Ice Blade \u2013 kasutage oma rulluisusaapaid aastaringselt. Uuenduslik j\u00e4\u00e4tera tehnoloogia, TRINITY kinnitus, lennukialumiiniumist.\" \/>\n<meta name=\"robots\" content=\"index, follow, max-snippet:-1, max-image-preview:large, max-video-preview:-1\" \/>\n<link rel=\"canonical\" href=\"https:\/\/rulluisukool.ee\/en\/product\/powerslide-trident-ice-blade\/\" \/>\n<meta property=\"og:locale\" content=\"en_GB\" \/>\n<meta property=\"og:type\" content=\"article\" \/>\n<meta property=\"og:title\" content=\"Powerslide Trident Ice Blade j\u00e4\u00e4terad - Rulluisukool\" \/>\n<meta property=\"og:description\" content=\"Powerslide Trident Ice Blade \u2013 kasutage oma rulluisusaapaid aastaringselt. Uuenduslik j\u00e4\u00e4tera tehnoloogia, TRINITY kinnitus, lennukialumiiniumist.\" \/>\n<meta property=\"og:url\" content=\"https:\/\/rulluisukool.ee\/en\/product\/powerslide-trident-ice-blade\/\" \/>\n<meta property=\"og:site_name\" content=\"Rulluisukool\" \/>\n<meta property=\"article:publisher\" content=\"https:\/\/www.facebook.com\/rulluisukool\" \/>\n<meta property=\"article:modified_time\" content=\"2025-12-11T14:39:24+00:00\" \/>\n<meta property=\"og:image\" content=\"https:\/\/rulluisukool.ee\/wp-content\/uploads\/2021\/12\/Powerslide-Trident-Ice-Blade-1.jpg\" \/>\n\t<meta property=\"og:image:width\" content=\"619\" \/>\n\t<meta property=\"og:image:height\" content=\"594\" \/>\n\t<meta property=\"og:image:type\" content=\"image\/jpeg\" \/>\n<meta name=\"twitter:card\" content=\"summary_large_image\" \/>\n<meta name=\"twitter:label1\" content=\"Estimated reading time\" \/>\n\t<meta name=\"twitter:data1\" content=\"1 minute\" \/>\n<script type=\"application\/ld+json\" class=\"yoast-schema-graph\">{\"@context\":\"https:\/\/schema.org\",\"@graph\":[{\"@type\":\"WebPage\",\"@id\":\"https:\/\/rulluisukool.ee\/toode\/powerslide-trident-ice-blade\/\",\"url\":\"https:\/\/rulluisukool.ee\/toode\/powerslide-trident-ice-blade\/\",\"name\":\"Powerslide Trident Ice Blade j\u00e4\u00e4terad - Rulluisukool\",\"isPartOf\":{\"@id\":\"https:\/\/rulluisukool.ee\/#website\"},\"primaryImageOfPage\":{\"@id\":\"https:\/\/rulluisukool.ee\/toode\/powerslide-trident-ice-blade\/#primaryimage\"},\"image\":{\"@id\":\"https:\/\/rulluisukool.ee\/toode\/powerslide-trident-ice-blade\/#primaryimage\"},\"thumbnailUrl\":\"https:\/\/rulluisukool.ee\/wp-content\/uploads\/2021\/12\/Powerslide-Trident-Ice-Blade-1.jpg\",\"datePublished\":\"2021-12-13T09:04:09+00:00\",\"dateModified\":\"2025-12-11T14:39:24+00:00\",\"description\":\"Powerslide Trident Ice Blade \u2013 kasutage oma rulluisusaapaid aastaringselt. Uuenduslik j\u00e4\u00e4tera tehnoloogia, TRINITY kinnitus, lennukialumiiniumist.\",\"breadcrumb\":{\"@id\":\"https:\/\/rulluisukool.ee\/toode\/powerslide-trident-ice-blade\/#breadcrumb\"},\"inLanguage\":\"en-GB\",\"potentialAction\":[{\"@type\":\"ReadAction\",\"target\":[\"https:\/\/rulluisukool.ee\/toode\/powerslide-trident-ice-blade\/\"]}]},{\"@type\":\"ImageObject\",\"inLanguage\":\"en-GB\",\"@id\":\"https:\/\/rulluisukool.ee\/toode\/powerslide-trident-ice-blade\/#primaryimage\",\"url\":\"https:\/\/rulluisukool.ee\/wp-content\/uploads\/2021\/12\/Powerslide-Trident-Ice-Blade-1.jpg\",\"contentUrl\":\"https:\/\/rulluisukool.ee\/wp-content\/uploads\/2021\/12\/Powerslide-Trident-Ice-Blade-1.jpg\",\"width\":619,\"height\":594,\"caption\":\"Powerslide Trident Ice Blade\"},{\"@type\":\"BreadcrumbList\",\"@id\":\"https:\/\/rulluisukool.ee\/toode\/powerslide-trident-ice-blade\/#breadcrumb\",\"itemListElement\":[{\"@type\":\"ListItem\",\"position\":1,\"name\":\"Home\",\"item\":\"https:\/\/rulluisukool.ee\/\"},{\"@type\":\"ListItem\",\"position\":2,\"name\":\"E-POOD\",\"item\":\"https:\/\/rulluisukool.ee\/en\/rulluisud-saapad-rattad-laagrid-kaitsevarustus-jaauisutamine\/\"},{\"@type\":\"ListItem\",\"position\":3,\"name\":\"Powerslide Tride\u2026\"}]},{\"@type\":\"WebSite\",\"@id\":\"https:\/\/rulluisukool.ee\/#website\",\"url\":\"https:\/\/rulluisukool.ee\/\",\"name\":\"Rulluisukool\",\"description\":\"\",\"publisher\":{\"@id\":\"https:\/\/rulluisukool.ee\/#organization\"},\"potentialAction\":[{\"@type\":\"SearchAction\",\"target\":{\"@type\":\"EntryPoint\",\"urlTemplate\":\"https:\/\/rulluisukool.ee\/?s={search_term_string}\"},\"query-input\":\"required name=search_term_string\"}],\"inLanguage\":\"en-GB\"},{\"@type\":\"Organization\",\"@id\":\"https:\/\/rulluisukool.ee\/#organization\",\"name\":\"Rulluisukool\",\"url\":\"https:\/\/rulluisukool.ee\/\",\"logo\":{\"@type\":\"ImageObject\",\"inLanguage\":\"en-GB\",\"@id\":\"https:\/\/rulluisukool.ee\/#\/schema\/logo\/image\/\",\"url\":\"https:\/\/rulluisukool.ee\/wp-content\/uploads\/2017\/03\/Rulluisukool-ee.png\",\"contentUrl\":\"https:\/\/rulluisukool.ee\/wp-content\/uploads\/2017\/03\/Rulluisukool-ee.png\",\"width\":710,\"height\":710,\"caption\":\"Rulluisukool\"},\"image\":{\"@id\":\"https:\/\/rulluisukool.ee\/#\/schema\/logo\/image\/\"},\"sameAs\":[\"https:\/\/www.facebook.com\/rulluisukool\",\"https:\/\/instagram.com\/rulluisukool\",\"https:\/\/www.youtube.com\/channel\/UCUdSaiAVZmmNCOlAhU3_ONA\"]}]}<\/script>\n<!-- \/ Yoast SEO plugin. -->","yoast_head_json":{"title":"Powerslide Trident Ice Blade j\u00e4\u00e4terad - Rulluisukool","description":"Powerslide Trident Ice Blade \u2013 kasutage oma rulluisusaapaid aastaringselt. Uuenduslik j\u00e4\u00e4tera tehnoloogia, TRINITY kinnitus, lennukialumiiniumist.","robots":{"index":"index","follow":"follow","max-snippet":"max-snippet:-1","max-image-preview":"max-image-preview:large","max-video-preview":"max-video-preview:-1"},"canonical":"https:\/\/rulluisukool.ee\/en\/product\/powerslide-trident-ice-blade\/","og_locale":"en_GB","og_type":"article","og_title":"Powerslide Trident Ice Blade j\u00e4\u00e4terad - Rulluisukool","og_description":"Powerslide Trident Ice Blade \u2013 kasutage oma rulluisusaapaid aastaringselt. Uuenduslik j\u00e4\u00e4tera tehnoloogia, TRINITY kinnitus, lennukialumiiniumist.","og_url":"https:\/\/rulluisukool.ee\/en\/product\/powerslide-trident-ice-blade\/","og_site_name":"Rulluisukool","article_publisher":"https:\/\/www.facebook.com\/rulluisukool","article_modified_time":"2025-12-11T14:39:24+00:00","og_image":[{"width":619,"height":594,"url":"https:\/\/rulluisukool.ee\/wp-content\/uploads\/2021\/12\/Powerslide-Trident-Ice-Blade-1.jpg","type":"image\/jpeg"}],"twitter_card":"summary_large_image","twitter_misc":{"Estimated reading time":"1 minute"},"schema":{"@context":"https:\/\/schema.org","@graph":[{"@type":"WebPage","@id":"https:\/\/rulluisukool.ee\/toode\/powerslide-trident-ice-blade\/","url":"https:\/\/rulluisukool.ee\/toode\/powerslide-trident-ice-blade\/","name":"Powerslide Trident Ice Blade j\u00e4\u00e4terad - Rulluisukool","isPartOf":{"@id":"https:\/\/rulluisukool.ee\/#website"},"primaryImageOfPage":{"@id":"https:\/\/rulluisukool.ee\/toode\/powerslide-trident-ice-blade\/#primaryimage"},"image":{"@id":"https:\/\/rulluisukool.ee\/toode\/powerslide-trident-ice-blade\/#primaryimage"},"thumbnailUrl":"https:\/\/rulluisukool.ee\/wp-content\/uploads\/2021\/12\/Powerslide-Trident-Ice-Blade-1.jpg","datePublished":"2021-12-13T09:04:09+00:00","dateModified":"2025-12-11T14:39:24+00:00","description":"Powerslide Trident Ice Blade \u2013 kasutage oma rulluisusaapaid aastaringselt. Uuenduslik j\u00e4\u00e4tera tehnoloogia, TRINITY kinnitus, lennukialumiiniumist.","breadcrumb":{"@id":"https:\/\/rulluisukool.ee\/toode\/powerslide-trident-ice-blade\/#breadcrumb"},"inLanguage":"en-GB","potentialAction":[{"@type":"ReadAction","target":["https:\/\/rulluisukool.ee\/toode\/powerslide-trident-ice-blade\/"]}]},{"@type":"ImageObject","inLanguage":"en-GB","@id":"https:\/\/rulluisukool.ee\/toode\/powerslide-trident-ice-blade\/#primaryimage","url":"https:\/\/rulluisukool.ee\/wp-content\/uploads\/2021\/12\/Powerslide-Trident-Ice-Blade-1.jpg","contentUrl":"https:\/\/rulluisukool.ee\/wp-content\/uploads\/2021\/12\/Powerslide-Trident-Ice-Blade-1.jpg","width":619,"height":594,"caption":"Powerslide Trident Ice Blade"},{"@type":"BreadcrumbList","@id":"https:\/\/rulluisukool.ee\/toode\/powerslide-trident-ice-blade\/#breadcrumb","itemListElement":[{"@type":"ListItem","position":1,"name":"Home","item":"https:\/\/rulluisukool.ee\/"},{"@type":"ListItem","position":2,"name":"E-POOD","item":"https:\/\/rulluisukool.ee\/en\/rulluisud-saapad-rattad-laagrid-kaitsevarustus-jaauisutamine\/"},{"@type":"ListItem","position":3,"name":"Powerslide Tride\u2026"}]},{"@type":"WebSite","@id":"https:\/\/rulluisukool.ee\/#website","url":"https:\/\/rulluisukool.ee\/","name":"Rulluisukool","description":"","publisher":{"@id":"https:\/\/rulluisukool.ee\/#organization"},"potentialAction":[{"@type":"SearchAction","target":{"@type":"EntryPoint","urlTemplate":"https:\/\/rulluisukool.ee\/?s={search_term_string}"},"query-input":"required name=search_term_string"}],"inLanguage":"en-GB"},{"@type":"Organization","@id":"https:\/\/rulluisukool.ee\/#organization","name":"Rulluisukool","url":"https:\/\/rulluisukool.ee\/","logo":{"@type":"ImageObject","inLanguage":"en-GB","@id":"https:\/\/rulluisukool.ee\/#\/schema\/logo\/image\/","url":"https:\/\/rulluisukool.ee\/wp-content\/uploads\/2017\/03\/Rulluisukool-ee.png","contentUrl":"https:\/\/rulluisukool.ee\/wp-content\/uploads\/2017\/03\/Rulluisukool-ee.png","width":710,"height":710,"caption":"Rulluisukool"},"image":{"@id":"https:\/\/rulluisukool.ee\/#\/schema\/logo\/image\/"},"sameAs":["https:\/\/www.facebook.com\/rulluisukool","https:\/\/instagram.com\/rulluisukool","https:\/\/www.youtube.com\/channel\/UCUdSaiAVZmmNCOlAhU3_ONA"]}]}},"_links":{"self":[{"href":"https:\/\/rulluisukool.ee\/en\/wp-json\/wp\/v2\/product\/4308652122510070","targetHints":{"allow":["GET"]}}],"collection":[{"href":"https:\/\/rulluisukool.ee\/en\/wp-json\/wp\/v2\/product"}],"about":[{"href":"https:\/\/rulluisukool.ee\/en\/wp-json\/wp\/v2\/types\/product"}],"replies":[{"embeddable":true,"href":"https:\/\/rulluisukool.ee\/en\/wp-json\/wp\/v2\/comments?post=4308652122510070"}],"wp:featuredmedia":[{"embeddable":true,"href":"https:\/\/rulluisukool.ee\/en\/wp-json\/wp\/v2\/media\/4308652122511567"}],"wp:attachment":[{"href":"https:\/\/rulluisukool.ee\/en\/wp-json\/wp\/v2\/media?parent=4308652122510070"}],"wp:term":[{"taxonomy":"product_cat","embeddable":true,"href":"https:\/\/rulluisukool.ee\/en\/wp-json\/wp\/v2\/product_cat?post=4308652122510070"},{"taxonomy":"product_tag","embeddable":true,"href":"https:\/\/rulluisukool.ee\/en\/wp-json\/wp\/v2\/product_tag?post=4308652122510070"}],"curies":[{"name":"wp","href":"https:\/\/api.w.org\/{rel}","templated":true}]}}