{"id":4308652122510067,"date":"2021-12-13T11:04:09","date_gmt":"2021-12-13T09:04:09","guid":{"rendered":"https:\/\/rulluisukool.ee\/toode\/reign-hockey-skates-perseus-45\/"},"modified":"2025-12-03T21:50:13","modified_gmt":"2025-12-03T19:50:13","slug":"reign-hockey-skates-perseus","status":"publish","type":"product","link":"https:\/\/rulluisukool.ee\/en\/product\/reign-hockey-skates-perseus\/","title":{"rendered":"Reign Hockey Ska\u2026"},"content":{"rendered":"<p>The Reign Perseus - breaking with hockey traditions. With the REIGN Perseus you will make a huge impact. Skate harder, faster, be more agile and have more control in the game to beat your rivals. The pat. pending 3-point TRINITY mounting enables you to customize the frame position under your boot to fit perfectly to your individual skating skills and needs. As a result, you have more power and control in every second of the game. The 3x100mm setup gives you the extra speed needed to reach the goal faster than ever before. This light weight skate is made of glass-fiber reinforced plastic which is optimal for power transfer. In addition, the Prime Trident wheels offers you a perfect grip and roll. Increase your presence in the game with Reign Perseus.<\/p>","protected":false},"excerpt":{"rendered":"<p>See kerge uisk on valmistatud klaaskiuga tugevdatud plastikust, millel on optimaalne j\u00f5u\u00fclekanne. Lisaks pakuvad Prime Trident rattad teile t\u00e4iuslikku haardumist ja veeremist.<\/p>","protected":false},"featured_media":4308652122511544,"comment_status":"open","ping_status":"closed","template":"","meta":{"site-sidebar-layout":"default","site-content-layout":"default","ast-global-header-display":"","ast-main-header-display":"","ast-hfb-above-header-display":"","ast-hfb-below-header-display":"","ast-hfb-mobile-header-display":"","site-post-title":"","ast-breadcrumbs-content":"","ast-featured-img":"","footer-sml-layout":"","theme-transparent-header-meta":"default","adv-header-id-meta":"","stick-header-meta":"","header-above-stick-meta":"","header-main-stick-meta":"","header-below-stick-meta":""},"product_cat":[216,111,351],"product_tag":[],"class_list":{"0":"post-4308652122510067","1":"product","2":"type-product","3":"status-publish","4":"has-post-thumbnail","6":"product_cat-hokirulluisud","7":"product_cat-rulluisud","8":"product_cat-soodus","9":"pa_suurus-132","10":"desktop-align-left","11":"tablet-align-left","12":"mobile-align-left","14":"first","15":"instock","16":"sale","17":"shipping-taxable","18":"purchasable","19":"product-type-variable"},"yoast_head":"<!-- This site is optimized with the Yoast SEO plugin v22.3 - https:\/\/yoast.com\/wordpress\/plugins\/seo\/ -->\n<title>Reign Hockey Skates PERSEUS 100 - Rulluisukool<\/title>\n<meta name=\"description\" content=\"See kerge uisk on valmistatud klaaskiuga tugevdatud plastikust, millel on optimaalne j\u00f5u\u00fclekanne. Lisaks pakuvad Prime Trident rattad teile t\u00e4iuslikku haardumist ja veeremist.\" \/>\n<meta name=\"robots\" content=\"index, follow, max-snippet:-1, max-image-preview:large, max-video-preview:-1\" \/>\n<link rel=\"canonical\" href=\"https:\/\/rulluisukool.ee\/en\/product\/reign-hockey-skates-perseus\/\" \/>\n<meta property=\"og:locale\" content=\"en_GB\" \/>\n<meta property=\"og:type\" content=\"article\" \/>\n<meta property=\"og:title\" content=\"Reign Hockey Skates PERSEUS 100 - Rulluisukool\" \/>\n<meta property=\"og:description\" content=\"See kerge uisk on valmistatud klaaskiuga tugevdatud plastikust, millel on optimaalne j\u00f5u\u00fclekanne. Lisaks pakuvad Prime Trident rattad teile t\u00e4iuslikku haardumist ja veeremist.\" \/>\n<meta property=\"og:url\" content=\"https:\/\/rulluisukool.ee\/en\/product\/reign-hockey-skates-perseus\/\" \/>\n<meta property=\"og:site_name\" content=\"Rulluisukool\" \/>\n<meta property=\"article:publisher\" content=\"https:\/\/www.facebook.com\/rulluisukool\" \/>\n<meta property=\"article:modified_time\" content=\"2025-12-03T19:50:13+00:00\" \/>\n<meta property=\"og:image\" content=\"https:\/\/rulluisukool.ee\/wp-content\/uploads\/2021\/12\/Reign-Hockey-Skates-PERSEUS.jpg\" \/>\n\t<meta property=\"og:image:width\" content=\"619\" \/>\n\t<meta property=\"og:image:height\" content=\"594\" \/>\n\t<meta property=\"og:image:type\" content=\"image\/jpeg\" \/>\n<meta name=\"twitter:card\" content=\"summary_large_image\" \/>\n<meta name=\"twitter:label1\" content=\"Estimated reading time\" \/>\n\t<meta name=\"twitter:data1\" content=\"1 minute\" \/>\n<script type=\"application\/ld+json\" class=\"yoast-schema-graph\">{\"@context\":\"https:\/\/schema.org\",\"@graph\":[{\"@type\":\"WebPage\",\"@id\":\"https:\/\/rulluisukool.ee\/toode\/reign-hockey-skates-perseus\/\",\"url\":\"https:\/\/rulluisukool.ee\/toode\/reign-hockey-skates-perseus\/\",\"name\":\"Reign Hockey Skates PERSEUS 100 - Rulluisukool\",\"isPartOf\":{\"@id\":\"https:\/\/rulluisukool.ee\/#website\"},\"primaryImageOfPage\":{\"@id\":\"https:\/\/rulluisukool.ee\/toode\/reign-hockey-skates-perseus\/#primaryimage\"},\"image\":{\"@id\":\"https:\/\/rulluisukool.ee\/toode\/reign-hockey-skates-perseus\/#primaryimage\"},\"thumbnailUrl\":\"https:\/\/rulluisukool.ee\/wp-content\/uploads\/2021\/12\/Reign-Hockey-Skates-PERSEUS.jpg\",\"datePublished\":\"2021-12-13T09:04:09+00:00\",\"dateModified\":\"2025-12-03T19:50:13+00:00\",\"description\":\"See kerge uisk on valmistatud klaaskiuga tugevdatud plastikust, millel on optimaalne j\u00f5u\u00fclekanne. Lisaks pakuvad Prime Trident rattad teile t\u00e4iuslikku haardumist ja veeremist.\",\"breadcrumb\":{\"@id\":\"https:\/\/rulluisukool.ee\/toode\/reign-hockey-skates-perseus\/#breadcrumb\"},\"inLanguage\":\"en-GB\",\"potentialAction\":[{\"@type\":\"ReadAction\",\"target\":[\"https:\/\/rulluisukool.ee\/toode\/reign-hockey-skates-perseus\/\"]}]},{\"@type\":\"ImageObject\",\"inLanguage\":\"en-GB\",\"@id\":\"https:\/\/rulluisukool.ee\/toode\/reign-hockey-skates-perseus\/#primaryimage\",\"url\":\"https:\/\/rulluisukool.ee\/wp-content\/uploads\/2021\/12\/Reign-Hockey-Skates-PERSEUS.jpg\",\"contentUrl\":\"https:\/\/rulluisukool.ee\/wp-content\/uploads\/2021\/12\/Reign-Hockey-Skates-PERSEUS.jpg\",\"width\":619,\"height\":594,\"caption\":\"Reign Hockey Skates PERSEUS\"},{\"@type\":\"BreadcrumbList\",\"@id\":\"https:\/\/rulluisukool.ee\/toode\/reign-hockey-skates-perseus\/#breadcrumb\",\"itemListElement\":[{\"@type\":\"ListItem\",\"position\":1,\"name\":\"Home\",\"item\":\"https:\/\/rulluisukool.ee\/\"},{\"@type\":\"ListItem\",\"position\":2,\"name\":\"E-POOD\",\"item\":\"https:\/\/rulluisukool.ee\/en\/rulluisud-saapad-rattad-laagrid-kaitsevarustus-jaauisutamine\/\"},{\"@type\":\"ListItem\",\"position\":3,\"name\":\"Reign Hockey Ska\u2026\"}]},{\"@type\":\"WebSite\",\"@id\":\"https:\/\/rulluisukool.ee\/#website\",\"url\":\"https:\/\/rulluisukool.ee\/\",\"name\":\"Rulluisukool\",\"description\":\"\",\"publisher\":{\"@id\":\"https:\/\/rulluisukool.ee\/#organization\"},\"potentialAction\":[{\"@type\":\"SearchAction\",\"target\":{\"@type\":\"EntryPoint\",\"urlTemplate\":\"https:\/\/rulluisukool.ee\/?s={search_term_string}\"},\"query-input\":\"required name=search_term_string\"}],\"inLanguage\":\"en-GB\"},{\"@type\":\"Organization\",\"@id\":\"https:\/\/rulluisukool.ee\/#organization\",\"name\":\"Rulluisukool\",\"url\":\"https:\/\/rulluisukool.ee\/\",\"logo\":{\"@type\":\"ImageObject\",\"inLanguage\":\"en-GB\",\"@id\":\"https:\/\/rulluisukool.ee\/#\/schema\/logo\/image\/\",\"url\":\"https:\/\/rulluisukool.ee\/wp-content\/uploads\/2017\/03\/Rulluisukool-ee.png\",\"contentUrl\":\"https:\/\/rulluisukool.ee\/wp-content\/uploads\/2017\/03\/Rulluisukool-ee.png\",\"width\":710,\"height\":710,\"caption\":\"Rulluisukool\"},\"image\":{\"@id\":\"https:\/\/rulluisukool.ee\/#\/schema\/logo\/image\/\"},\"sameAs\":[\"https:\/\/www.facebook.com\/rulluisukool\",\"https:\/\/instagram.com\/rulluisukool\",\"https:\/\/www.youtube.com\/channel\/UCUdSaiAVZmmNCOlAhU3_ONA\"]}]}<\/script>\n<!-- \/ Yoast SEO plugin. -->","yoast_head_json":{"title":"Reign Hockey Skates PERSEUS 100 - Rulluisukool","description":"See kerge uisk on valmistatud klaaskiuga tugevdatud plastikust, millel on optimaalne j\u00f5u\u00fclekanne. Lisaks pakuvad Prime Trident rattad teile t\u00e4iuslikku haardumist ja veeremist.","robots":{"index":"index","follow":"follow","max-snippet":"max-snippet:-1","max-image-preview":"max-image-preview:large","max-video-preview":"max-video-preview:-1"},"canonical":"https:\/\/rulluisukool.ee\/en\/product\/reign-hockey-skates-perseus\/","og_locale":"en_GB","og_type":"article","og_title":"Reign Hockey Skates PERSEUS 100 - Rulluisukool","og_description":"See kerge uisk on valmistatud klaaskiuga tugevdatud plastikust, millel on optimaalne j\u00f5u\u00fclekanne. Lisaks pakuvad Prime Trident rattad teile t\u00e4iuslikku haardumist ja veeremist.","og_url":"https:\/\/rulluisukool.ee\/en\/product\/reign-hockey-skates-perseus\/","og_site_name":"Rulluisukool","article_publisher":"https:\/\/www.facebook.com\/rulluisukool","article_modified_time":"2025-12-03T19:50:13+00:00","og_image":[{"width":619,"height":594,"url":"https:\/\/rulluisukool.ee\/wp-content\/uploads\/2021\/12\/Reign-Hockey-Skates-PERSEUS.jpg","type":"image\/jpeg"}],"twitter_card":"summary_large_image","twitter_misc":{"Estimated reading time":"1 minute"},"schema":{"@context":"https:\/\/schema.org","@graph":[{"@type":"WebPage","@id":"https:\/\/rulluisukool.ee\/toode\/reign-hockey-skates-perseus\/","url":"https:\/\/rulluisukool.ee\/toode\/reign-hockey-skates-perseus\/","name":"Reign Hockey Skates PERSEUS 100 - Rulluisukool","isPartOf":{"@id":"https:\/\/rulluisukool.ee\/#website"},"primaryImageOfPage":{"@id":"https:\/\/rulluisukool.ee\/toode\/reign-hockey-skates-perseus\/#primaryimage"},"image":{"@id":"https:\/\/rulluisukool.ee\/toode\/reign-hockey-skates-perseus\/#primaryimage"},"thumbnailUrl":"https:\/\/rulluisukool.ee\/wp-content\/uploads\/2021\/12\/Reign-Hockey-Skates-PERSEUS.jpg","datePublished":"2021-12-13T09:04:09+00:00","dateModified":"2025-12-03T19:50:13+00:00","description":"See kerge uisk on valmistatud klaaskiuga tugevdatud plastikust, millel on optimaalne j\u00f5u\u00fclekanne. Lisaks pakuvad Prime Trident rattad teile t\u00e4iuslikku haardumist ja veeremist.","breadcrumb":{"@id":"https:\/\/rulluisukool.ee\/toode\/reign-hockey-skates-perseus\/#breadcrumb"},"inLanguage":"en-GB","potentialAction":[{"@type":"ReadAction","target":["https:\/\/rulluisukool.ee\/toode\/reign-hockey-skates-perseus\/"]}]},{"@type":"ImageObject","inLanguage":"en-GB","@id":"https:\/\/rulluisukool.ee\/toode\/reign-hockey-skates-perseus\/#primaryimage","url":"https:\/\/rulluisukool.ee\/wp-content\/uploads\/2021\/12\/Reign-Hockey-Skates-PERSEUS.jpg","contentUrl":"https:\/\/rulluisukool.ee\/wp-content\/uploads\/2021\/12\/Reign-Hockey-Skates-PERSEUS.jpg","width":619,"height":594,"caption":"Reign Hockey Skates PERSEUS"},{"@type":"BreadcrumbList","@id":"https:\/\/rulluisukool.ee\/toode\/reign-hockey-skates-perseus\/#breadcrumb","itemListElement":[{"@type":"ListItem","position":1,"name":"Home","item":"https:\/\/rulluisukool.ee\/"},{"@type":"ListItem","position":2,"name":"E-POOD","item":"https:\/\/rulluisukool.ee\/en\/rulluisud-saapad-rattad-laagrid-kaitsevarustus-jaauisutamine\/"},{"@type":"ListItem","position":3,"name":"Reign Hockey Ska\u2026"}]},{"@type":"WebSite","@id":"https:\/\/rulluisukool.ee\/#website","url":"https:\/\/rulluisukool.ee\/","name":"Rulluisukool","description":"","publisher":{"@id":"https:\/\/rulluisukool.ee\/#organization"},"potentialAction":[{"@type":"SearchAction","target":{"@type":"EntryPoint","urlTemplate":"https:\/\/rulluisukool.ee\/?s={search_term_string}"},"query-input":"required name=search_term_string"}],"inLanguage":"en-GB"},{"@type":"Organization","@id":"https:\/\/rulluisukool.ee\/#organization","name":"Rulluisukool","url":"https:\/\/rulluisukool.ee\/","logo":{"@type":"ImageObject","inLanguage":"en-GB","@id":"https:\/\/rulluisukool.ee\/#\/schema\/logo\/image\/","url":"https:\/\/rulluisukool.ee\/wp-content\/uploads\/2017\/03\/Rulluisukool-ee.png","contentUrl":"https:\/\/rulluisukool.ee\/wp-content\/uploads\/2017\/03\/Rulluisukool-ee.png","width":710,"height":710,"caption":"Rulluisukool"},"image":{"@id":"https:\/\/rulluisukool.ee\/#\/schema\/logo\/image\/"},"sameAs":["https:\/\/www.facebook.com\/rulluisukool","https:\/\/instagram.com\/rulluisukool","https:\/\/www.youtube.com\/channel\/UCUdSaiAVZmmNCOlAhU3_ONA"]}]}},"_links":{"self":[{"href":"https:\/\/rulluisukool.ee\/en\/wp-json\/wp\/v2\/product\/4308652122510067","targetHints":{"allow":["GET"]}}],"collection":[{"href":"https:\/\/rulluisukool.ee\/en\/wp-json\/wp\/v2\/product"}],"about":[{"href":"https:\/\/rulluisukool.ee\/en\/wp-json\/wp\/v2\/types\/product"}],"replies":[{"embeddable":true,"href":"https:\/\/rulluisukool.ee\/en\/wp-json\/wp\/v2\/comments?post=4308652122510067"}],"wp:featuredmedia":[{"embeddable":true,"href":"https:\/\/rulluisukool.ee\/en\/wp-json\/wp\/v2\/media\/4308652122511544"}],"wp:attachment":[{"href":"https:\/\/rulluisukool.ee\/en\/wp-json\/wp\/v2\/media?parent=4308652122510067"}],"wp:term":[{"taxonomy":"product_cat","embeddable":true,"href":"https:\/\/rulluisukool.ee\/en\/wp-json\/wp\/v2\/product_cat?post=4308652122510067"},{"taxonomy":"product_tag","embeddable":true,"href":"https:\/\/rulluisukool.ee\/en\/wp-json\/wp\/v2\/product_tag?post=4308652122510067"}],"curies":[{"name":"wp","href":"https:\/\/api.w.org\/{rel}","templated":true}]}}