{"id":4308652122517350,"date":"2025-11-11T20:41:07","date_gmt":"2025-11-11T18:41:07","guid":{"rendered":"https:\/\/rulluisukool.ee\/?page_id=4308652122517350"},"modified":"2025-12-15T16:34:19","modified_gmt":"2025-12-15T14:34:19","slug":"tonis-paalme-mr-freeskate","status":"publish","type":"page","link":"https:\/\/rulluisukool.ee\/en\/tonis-paalme-mr-freeskate\/","title":{"rendered":"T\u00f5nis Paalme (Mr. Freeskate)"},"content":{"rendered":"<div data-elementor-type=\"wp-page\" data-elementor-id=\"4308652122517350\" class=\"elementor elementor-4308652122517350\" data-elementor-post-type=\"page\">\n\t\t\t\t<div class=\"elementor-element elementor-element-5ce58d2f e-flex e-con-boxed e-con e-parent\" data-id=\"5ce58d2f\" data-element_type=\"container\" data-core-v316-plus=\"true\">\n\t\t\t\t\t<div class=\"e-con-inner\">\n\t\t\t\t<div class=\"elementor-element elementor-element-beb19bb elementor-widget elementor-widget-heading\" data-id=\"beb19bb\" data-element_type=\"widget\" data-widget_type=\"heading.default\">\n\t\t\t\t<div class=\"elementor-widget-container\">\n\t\t\t<style>\/*! elementor - v3.20.0 - 26-03-2024 *\/\n.elementor-heading-title{padding:0;margin:0;line-height:1}.elementor-widget-heading .elementor-heading-title[class*=elementor-size-]>a{color:inherit;font-size:inherit;line-height:inherit}.elementor-widget-heading .elementor-heading-title.elementor-size-small{font-size:15px}.elementor-widget-heading .elementor-heading-title.elementor-size-medium{font-size:19px}.elementor-widget-heading .elementor-heading-title.elementor-size-large{font-size:29px}.elementor-widget-heading .elementor-heading-title.elementor-size-xl{font-size:39px}.elementor-widget-heading .elementor-heading-title.elementor-size-xxl{font-size:59px}<\/style><h2 class=\"elementor-heading-title elementor-size-default\">T\u00f5nis Paalme (Mr. Freeskate)<\/h2>\t\t<\/div>\n\t\t\t\t<\/div>\n\t\t\t\t<div class=\"elementor-element elementor-element-55558e36 elementor-widget elementor-widget-text-editor\" data-id=\"55558e36\" data-element_type=\"widget\" data-widget_type=\"text-editor.default\">\n\t\t\t\t<div class=\"elementor-widget-container\">\n\t\t\t<style>\/*! elementor - v3.20.0 - 26-03-2024 *\/\n.elementor-widget-text-editor.elementor-drop-cap-view-stacked .elementor-drop-cap{background-color:#69727d;color:#fff}.elementor-widget-text-editor.elementor-drop-cap-view-framed .elementor-drop-cap{color:#69727d;border:3px solid;background-color:transparent}.elementor-widget-text-editor:not(.elementor-drop-cap-view-default) .elementor-drop-cap{margin-top:8px}.elementor-widget-text-editor:not(.elementor-drop-cap-view-default) .elementor-drop-cap-letter{width:1em;height:1em}.elementor-widget-text-editor .elementor-drop-cap{float:left;text-align:center;line-height:1;font-size:50px}.elementor-widget-text-editor .elementor-drop-cap-letter{display:inline-block}<\/style>\t\t\t\t<p><!-- wp:paragraph --><\/p>\n<p>T\u00f5nis Paalme on Freeskate-rulluisutaja, Rulluisukooli eestvedaja ja rulluisukultuuri edendaja. Ta on eri rulluisustiilide juhendaja ning on loonud Rulluisukooli platvormi, kus ta on \u00fcle 20 aasta rulluisutamist \u00f5petanud ja tehnikaid edasi andnud. Nii alg- kui profitasemel saab \u00f5ppida ja harjutada Freeskate\u2019i, kiirrulluisutamist ja tagurpidi rulluisutamist, et rulluisutamise v\u00f5imalusi t\u00f5eliselt avastada ja nautida. T\u00f5nise p\u00fchendumus, energia ja oskus inimesi inspireerida on aidanud luua tugeva ja \u00fchtse rulluisukogukonna Eestis. Ta on korraldanud lugematul hulgal Friday Night Skate\u2019e, Freeskate Movement\u2019i \u00fchiss\u00f5ite, pikemaid linnadevahelisi s\u00f5ite, rulluisudiskosid ja talviseid vabas\u00f5ite.<\/p>\n<p><!-- \/wp:paragraph --><!-- wp:paragraph --><\/p>\n<p>28. septembril 2019 l\u00e4bis T\u00f5nis Berlin Inline Marathonil kogu maratoni (42,195 km) t\u00e4ielikult tagurpidi ajaga 1:38:40, p\u00fcstitades Guinnessi maailmarekordi. Ta \u00fcletas varasema t\u00e4hise (1:39:59), mis kuulus poolakale. Rekord s\u00fcndis tugevas vihmas ja libedal rajal, kuid T\u00f5nis fini\u0161eeris edukalt, edestades tuhandeid \u00f5igetpidi s\u00f5itnud rulluisutajaid. T\u00f5nise mitteametlik isiklik rekord tagurpidi maratonis on 1:23 (keskmine kiirus 30 km\/h) ning see on sooritatud soodsamates tingimustes kui ametlik maailmarekord.<\/p>\n<p><!-- \/wp:paragraph --><!-- wp:paragraph --><\/p>\n<p>Rulluisukoolis pakub T\u00f5nis nii hooldust ja renti kui ka tipptasemel Freeskate-varustust, mida saab mugavalt kuumvormida t\u00e4pselt sinu jalale.<\/p>\n<p><!-- \/wp:paragraph --><!-- wp:paragraph --><\/p>\n<p>Teinekord v\u00f5ib T\u00f5nist n\u00e4ha eri s\u00fcndmustel ja lavadel rulluiskudel performimas, tantsimas v\u00f5i trikke tegemas.<\/p>\n<p><!-- \/wp:paragraph --><!-- wp:image {\"id\":4308652122517351,\"width\":\"270px\",\"height\":\"auto\",\"sizeSlug\":\"large\",\"linkDestination\":\"media\"} --><\/p>\n<figure class=\"wp-block-image size-large is-resized\"><a href=\"https:\/\/rulluisukool.ee\/wp-content\/uploads\/2025\/11\/DSCF7992-DeNoiseAI-raw-1-scaled.jpg\"><img fetchpriority=\"high\" decoding=\"async\" width=\"683\" height=\"1024\" class=\"wp-image-4308652122517351\" style=\"width: 270px; height: auto;\" src=\"https:\/\/rulluisukool.ee\/wp-content\/uploads\/2025\/11\/DSCF7992-DeNoiseAI-raw-1-683x1024.jpg\" alt=\"\" srcset=\"https:\/\/rulluisukool.ee\/wp-content\/uploads\/2025\/11\/DSCF7992-DeNoiseAI-raw-1-683x1024.jpg 683w, https:\/\/rulluisukool.ee\/wp-content\/uploads\/2025\/11\/DSCF7992-DeNoiseAI-raw-1-200x300.jpg 200w, https:\/\/rulluisukool.ee\/wp-content\/uploads\/2025\/11\/DSCF7992-DeNoiseAI-raw-1-768x1152.jpg 768w, https:\/\/rulluisukool.ee\/wp-content\/uploads\/2025\/11\/DSCF7992-DeNoiseAI-raw-1-1024x1536.jpg 1024w, https:\/\/rulluisukool.ee\/wp-content\/uploads\/2025\/11\/DSCF7992-DeNoiseAI-raw-1-1365x2048.jpg 1365w, https:\/\/rulluisukool.ee\/wp-content\/uploads\/2025\/11\/DSCF7992-DeNoiseAI-raw-1-8x12.jpg 8w, https:\/\/rulluisukool.ee\/wp-content\/uploads\/2025\/11\/DSCF7992-DeNoiseAI-raw-1-scaled.jpg 1707w\" sizes=\"(max-width: 683px) 100vw, 683px\" \/><\/a><\/figure>\n<p><!-- \/wp:image --><!-- wp:image {\"id\":4308652122517352,\"width\":\"309px\",\"height\":\"auto\",\"sizeSlug\":\"full\",\"linkDestination\":\"media\"} --><\/p>\n<figure class=\"wp-block-image size-full is-resized\"><a href=\"https:\/\/rulluisukool.ee\/wp-content\/uploads\/2025\/11\/71293870_10156982131584032_5633769835511939072_n.jpg\"><img decoding=\"async\" width=\"720\" height=\"960\" class=\"wp-image-4308652122517352\" style=\"width: 309px; height: auto;\" src=\"https:\/\/rulluisukool.ee\/wp-content\/uploads\/2025\/11\/71293870_10156982131584032_5633769835511939072_n.jpg\" alt=\"\" srcset=\"https:\/\/rulluisukool.ee\/wp-content\/uploads\/2025\/11\/71293870_10156982131584032_5633769835511939072_n.jpg 720w, https:\/\/rulluisukool.ee\/wp-content\/uploads\/2025\/11\/71293870_10156982131584032_5633769835511939072_n-225x300.jpg 225w, https:\/\/rulluisukool.ee\/wp-content\/uploads\/2025\/11\/71293870_10156982131584032_5633769835511939072_n-9x12.jpg 9w\" sizes=\"(max-width: 720px) 100vw, 720px\" \/><\/a><\/figure>\n<p><!-- \/wp:image --><!-- wp:image {\"id\":4308652122517353,\"width\":\"487px\",\"height\":\"auto\",\"sizeSlug\":\"large\",\"linkDestination\":\"media\"} --><\/p>\n<figure class=\"wp-block-image size-large is-resized\"><img decoding=\"async\" width=\"1024\" height=\"682\" class=\"wp-image-4308652122517353\" style=\"width: 487px; height: auto;\" src=\"https:\/\/rulluisukool.ee\/wp-content\/uploads\/2025\/11\/181932008-1024x682.jpg\" alt=\"\" srcset=\"https:\/\/rulluisukool.ee\/wp-content\/uploads\/2025\/11\/181932008-1024x682.jpg 1024w, https:\/\/rulluisukool.ee\/wp-content\/uploads\/2025\/11\/181932008-300x200.jpg 300w, https:\/\/rulluisukool.ee\/wp-content\/uploads\/2025\/11\/181932008-768x512.jpg 768w, https:\/\/rulluisukool.ee\/wp-content\/uploads\/2025\/11\/181932008-1536x1024.jpg 1536w, https:\/\/rulluisukool.ee\/wp-content\/uploads\/2025\/11\/181932008-2048x1365.jpg 2048w, https:\/\/rulluisukool.ee\/wp-content\/uploads\/2025\/11\/181932008-18x12.jpg 18w\" sizes=\"(max-width: 1024px) 100vw, 1024px\" \/><\/figure>\n<p><!-- \/wp:image --><!-- wp:image {\"id\":4308652122517354,\"width\":\"485px\",\"height\":\"auto\",\"sizeSlug\":\"large\",\"linkDestination\":\"media\"} --><\/p>\n<figure class=\"wp-block-image size-large is-resized\"><a href=\"https:\/\/rulluisukool.ee\/wp-content\/uploads\/2025\/11\/DSC_0170-scaled.jpg\"><img loading=\"lazy\" decoding=\"async\" width=\"1024\" height=\"684\" class=\"wp-image-4308652122517354\" style=\"width: 485px; height: auto;\" src=\"https:\/\/rulluisukool.ee\/wp-content\/uploads\/2025\/11\/DSC_0170-1024x684.jpg\" alt=\"\" srcset=\"https:\/\/rulluisukool.ee\/wp-content\/uploads\/2025\/11\/DSC_0170-1024x684.jpg 1024w, https:\/\/rulluisukool.ee\/wp-content\/uploads\/2025\/11\/DSC_0170-300x200.jpg 300w, https:\/\/rulluisukool.ee\/wp-content\/uploads\/2025\/11\/DSC_0170-768x513.jpg 768w, https:\/\/rulluisukool.ee\/wp-content\/uploads\/2025\/11\/DSC_0170-1536x1025.jpg 1536w, https:\/\/rulluisukool.ee\/wp-content\/uploads\/2025\/11\/DSC_0170-2048x1367.jpg 2048w, https:\/\/rulluisukool.ee\/wp-content\/uploads\/2025\/11\/DSC_0170-18x12.jpg 18w\" sizes=\"(max-width: 1024px) 100vw, 1024px\" \/><\/a><\/figure>\n<p><!-- \/wp:image --><\/p>\t\t\t\t\t\t<\/div>\n\t\t\t\t<\/div>\n\t\t\t\t\t<\/div>\n\t\t\t\t<\/div>\n\t\t\t\t<\/div>","protected":false},"excerpt":{"rendered":"<p>T\u00f5nis Paalme (Mr. Freeskate) T\u00f5nis Paalme on Freeskate-rulluisutaja, Rulluisukooli eestvedaja ja rulluisukultuuri edendaja. Ta on eri rulluisustiilide juhendaja ning on loonud Rulluisukooli platvormi, kus ta on \u00fcle 20 aasta rulluisutamist \u00f5petanud ja tehnikaid edasi andnud. Nii alg- kui profitasemel saab \u00f5ppida ja harjutada Freeskate\u2019i, kiirrulluisutamist ja tagurpidi rulluisutamist, et rulluisutamise v\u00f5imalusi t\u00f5eliselt avastada ja nautida. &hellip;<\/p>\n<p class=\"read-more\"> <a class=\"\" href=\"https:\/\/rulluisukool.ee\/en\/tonis-paalme-mr-freeskate\/\"> <span class=\"screen-reader-text\">T\u00f5nis Paalme (Mr. Freeskate)<\/span> Read More &raquo;<\/a><\/p>","protected":false},"author":117,"featured_media":0,"parent":0,"menu_order":0,"comment_status":"closed","ping_status":"closed","template":"","meta":{"site-sidebar-layout":"default","site-content-layout":"default","ast-global-header-display":"","ast-main-header-display":"","ast-hfb-above-header-display":"","ast-hfb-below-header-display":"","ast-hfb-mobile-header-display":"","site-post-title":"","ast-breadcrumbs-content":"","ast-featured-img":"","footer-sml-layout":"","theme-transparent-header-meta":"","adv-header-id-meta":"","stick-header-meta":"","header-above-stick-meta":"","header-main-stick-meta":"","header-below-stick-meta":"","footnotes":""},"class_list":["post-4308652122517350","page","type-page","status-publish","hentry"],"yoast_head":"<!-- This site is optimized with the Yoast SEO plugin v22.3 - https:\/\/yoast.com\/wordpress\/plugins\/seo\/ -->\n<title>T\u00f5nis Paalme (Mr. Freeskate)<\/title>\n<meta name=\"description\" content=\"T\u00f5nis Paalme (Mr. Freeskate) T\u00f5nis Paalme on Freeskate-rulluisutaja, Rulluisukooli eestvedaja ja rulluisukultuuri edendaja. Ta on eri rulluisustiilide\" \/>\n<meta name=\"robots\" content=\"index, follow, max-snippet:-1, max-image-preview:large, max-video-preview:-1\" \/>\n<link rel=\"canonical\" href=\"https:\/\/rulluisukool.ee\/en\/tonis-paalme-mr-freeskate\/\" \/>\n<meta property=\"og:locale\" content=\"en_GB\" \/>\n<meta property=\"og:type\" content=\"article\" \/>\n<meta property=\"og:title\" content=\"T\u00f5nis Paalme (Mr. Freeskate)\" \/>\n<meta property=\"og:description\" content=\"T\u00f5nis Paalme (Mr. Freeskate) T\u00f5nis Paalme on Freeskate-rulluisutaja, Rulluisukooli eestvedaja ja rulluisukultuuri edendaja. Ta on eri rulluisustiilide\" \/>\n<meta property=\"og:url\" content=\"https:\/\/rulluisukool.ee\/en\/tonis-paalme-mr-freeskate\/\" \/>\n<meta property=\"og:site_name\" content=\"Rulluisukool\" \/>\n<meta property=\"article:publisher\" content=\"https:\/\/www.facebook.com\/rulluisukool\" \/>\n<meta property=\"article:modified_time\" content=\"2025-12-15T14:34:19+00:00\" \/>\n<meta property=\"og:image\" content=\"https:\/\/rulluisukool.ee\/wp-content\/uploads\/2025\/11\/DSCF7992-DeNoiseAI-raw-1-683x1024.jpg\" \/>\n<meta name=\"twitter:card\" content=\"summary_large_image\" \/>\n<meta name=\"twitter:label1\" content=\"Estimated reading time\" \/>\n\t<meta name=\"twitter:data1\" content=\"2 minutes\" \/>\n<script type=\"application\/ld+json\" class=\"yoast-schema-graph\">{\"@context\":\"https:\/\/schema.org\",\"@graph\":[{\"@type\":\"WebPage\",\"@id\":\"https:\/\/rulluisukool.ee\/tonis-paalme-mr-freeskate\/\",\"url\":\"https:\/\/rulluisukool.ee\/tonis-paalme-mr-freeskate\/\",\"name\":\"T\u00f5nis Paalme (Mr. Freeskate)\",\"isPartOf\":{\"@id\":\"https:\/\/rulluisukool.ee\/#website\"},\"primaryImageOfPage\":{\"@id\":\"https:\/\/rulluisukool.ee\/tonis-paalme-mr-freeskate\/#primaryimage\"},\"image\":{\"@id\":\"https:\/\/rulluisukool.ee\/tonis-paalme-mr-freeskate\/#primaryimage\"},\"thumbnailUrl\":\"https:\/\/rulluisukool.ee\/wp-content\/uploads\/2025\/11\/DSCF7992-DeNoiseAI-raw-1-683x1024.jpg\",\"datePublished\":\"2025-11-11T18:41:07+00:00\",\"dateModified\":\"2025-12-15T14:34:19+00:00\",\"description\":\"T\u00f5nis Paalme (Mr. Freeskate) T\u00f5nis Paalme on Freeskate-rulluisutaja, Rulluisukooli eestvedaja ja rulluisukultuuri edendaja. Ta on eri rulluisustiilide\",\"breadcrumb\":{\"@id\":\"https:\/\/rulluisukool.ee\/tonis-paalme-mr-freeskate\/#breadcrumb\"},\"inLanguage\":\"en-GB\",\"potentialAction\":[{\"@type\":\"ReadAction\",\"target\":[\"https:\/\/rulluisukool.ee\/tonis-paalme-mr-freeskate\/\"]}]},{\"@type\":\"ImageObject\",\"inLanguage\":\"en-GB\",\"@id\":\"https:\/\/rulluisukool.ee\/tonis-paalme-mr-freeskate\/#primaryimage\",\"url\":\"https:\/\/rulluisukool.ee\/wp-content\/uploads\/2025\/11\/DSCF7992-DeNoiseAI-raw-1-scaled.jpg\",\"contentUrl\":\"https:\/\/rulluisukool.ee\/wp-content\/uploads\/2025\/11\/DSCF7992-DeNoiseAI-raw-1-scaled.jpg\",\"width\":1707,\"height\":2560},{\"@type\":\"BreadcrumbList\",\"@id\":\"https:\/\/rulluisukool.ee\/tonis-paalme-mr-freeskate\/#breadcrumb\",\"itemListElement\":[{\"@type\":\"ListItem\",\"position\":1,\"name\":\"Home\",\"item\":\"https:\/\/rulluisukool.ee\/\"},{\"@type\":\"ListItem\",\"position\":2,\"name\":\"T\u00f5nis Paalme (Mr. Freeskate)\"}]},{\"@type\":\"WebSite\",\"@id\":\"https:\/\/rulluisukool.ee\/#website\",\"url\":\"https:\/\/rulluisukool.ee\/\",\"name\":\"Rulluisukool\",\"description\":\"\",\"publisher\":{\"@id\":\"https:\/\/rulluisukool.ee\/#organization\"},\"potentialAction\":[{\"@type\":\"SearchAction\",\"target\":{\"@type\":\"EntryPoint\",\"urlTemplate\":\"https:\/\/rulluisukool.ee\/?s={search_term_string}\"},\"query-input\":\"required name=search_term_string\"}],\"inLanguage\":\"en-GB\"},{\"@type\":\"Organization\",\"@id\":\"https:\/\/rulluisukool.ee\/#organization\",\"name\":\"Rulluisukool\",\"url\":\"https:\/\/rulluisukool.ee\/\",\"logo\":{\"@type\":\"ImageObject\",\"inLanguage\":\"en-GB\",\"@id\":\"https:\/\/rulluisukool.ee\/#\/schema\/logo\/image\/\",\"url\":\"https:\/\/rulluisukool.ee\/wp-content\/uploads\/2017\/03\/Rulluisukool-ee.png\",\"contentUrl\":\"https:\/\/rulluisukool.ee\/wp-content\/uploads\/2017\/03\/Rulluisukool-ee.png\",\"width\":710,\"height\":710,\"caption\":\"Rulluisukool\"},\"image\":{\"@id\":\"https:\/\/rulluisukool.ee\/#\/schema\/logo\/image\/\"},\"sameAs\":[\"https:\/\/www.facebook.com\/rulluisukool\",\"https:\/\/instagram.com\/rulluisukool\",\"https:\/\/www.youtube.com\/channel\/UCUdSaiAVZmmNCOlAhU3_ONA\"]}]}<\/script>\n<!-- \/ Yoast SEO plugin. -->","yoast_head_json":{"title":"T\u00f5nis Paalme (Mr. Freeskate)","description":"T\u00f5nis Paalme (Mr. Freeskate) T\u00f5nis Paalme on Freeskate-rulluisutaja, Rulluisukooli eestvedaja ja rulluisukultuuri edendaja. Ta on eri rulluisustiilide","robots":{"index":"index","follow":"follow","max-snippet":"max-snippet:-1","max-image-preview":"max-image-preview:large","max-video-preview":"max-video-preview:-1"},"canonical":"https:\/\/rulluisukool.ee\/en\/tonis-paalme-mr-freeskate\/","og_locale":"en_GB","og_type":"article","og_title":"T\u00f5nis Paalme (Mr. Freeskate)","og_description":"T\u00f5nis Paalme (Mr. Freeskate) T\u00f5nis Paalme on Freeskate-rulluisutaja, Rulluisukooli eestvedaja ja rulluisukultuuri edendaja. Ta on eri rulluisustiilide","og_url":"https:\/\/rulluisukool.ee\/en\/tonis-paalme-mr-freeskate\/","og_site_name":"Rulluisukool","article_publisher":"https:\/\/www.facebook.com\/rulluisukool","article_modified_time":"2025-12-15T14:34:19+00:00","og_image":[{"url":"https:\/\/rulluisukool.ee\/wp-content\/uploads\/2025\/11\/DSCF7992-DeNoiseAI-raw-1-683x1024.jpg"}],"twitter_card":"summary_large_image","twitter_misc":{"Estimated reading time":"2 minutes"},"schema":{"@context":"https:\/\/schema.org","@graph":[{"@type":"WebPage","@id":"https:\/\/rulluisukool.ee\/tonis-paalme-mr-freeskate\/","url":"https:\/\/rulluisukool.ee\/tonis-paalme-mr-freeskate\/","name":"T\u00f5nis Paalme (Mr. Freeskate)","isPartOf":{"@id":"https:\/\/rulluisukool.ee\/#website"},"primaryImageOfPage":{"@id":"https:\/\/rulluisukool.ee\/tonis-paalme-mr-freeskate\/#primaryimage"},"image":{"@id":"https:\/\/rulluisukool.ee\/tonis-paalme-mr-freeskate\/#primaryimage"},"thumbnailUrl":"https:\/\/rulluisukool.ee\/wp-content\/uploads\/2025\/11\/DSCF7992-DeNoiseAI-raw-1-683x1024.jpg","datePublished":"2025-11-11T18:41:07+00:00","dateModified":"2025-12-15T14:34:19+00:00","description":"T\u00f5nis Paalme (Mr. Freeskate) T\u00f5nis Paalme on Freeskate-rulluisutaja, Rulluisukooli eestvedaja ja rulluisukultuuri edendaja. Ta on eri rulluisustiilide","breadcrumb":{"@id":"https:\/\/rulluisukool.ee\/tonis-paalme-mr-freeskate\/#breadcrumb"},"inLanguage":"en-GB","potentialAction":[{"@type":"ReadAction","target":["https:\/\/rulluisukool.ee\/tonis-paalme-mr-freeskate\/"]}]},{"@type":"ImageObject","inLanguage":"en-GB","@id":"https:\/\/rulluisukool.ee\/tonis-paalme-mr-freeskate\/#primaryimage","url":"https:\/\/rulluisukool.ee\/wp-content\/uploads\/2025\/11\/DSCF7992-DeNoiseAI-raw-1-scaled.jpg","contentUrl":"https:\/\/rulluisukool.ee\/wp-content\/uploads\/2025\/11\/DSCF7992-DeNoiseAI-raw-1-scaled.jpg","width":1707,"height":2560},{"@type":"BreadcrumbList","@id":"https:\/\/rulluisukool.ee\/tonis-paalme-mr-freeskate\/#breadcrumb","itemListElement":[{"@type":"ListItem","position":1,"name":"Home","item":"https:\/\/rulluisukool.ee\/"},{"@type":"ListItem","position":2,"name":"T\u00f5nis Paalme (Mr. Freeskate)"}]},{"@type":"WebSite","@id":"https:\/\/rulluisukool.ee\/#website","url":"https:\/\/rulluisukool.ee\/","name":"Rulluisukool","description":"","publisher":{"@id":"https:\/\/rulluisukool.ee\/#organization"},"potentialAction":[{"@type":"SearchAction","target":{"@type":"EntryPoint","urlTemplate":"https:\/\/rulluisukool.ee\/?s={search_term_string}"},"query-input":"required name=search_term_string"}],"inLanguage":"en-GB"},{"@type":"Organization","@id":"https:\/\/rulluisukool.ee\/#organization","name":"Rulluisukool","url":"https:\/\/rulluisukool.ee\/","logo":{"@type":"ImageObject","inLanguage":"en-GB","@id":"https:\/\/rulluisukool.ee\/#\/schema\/logo\/image\/","url":"https:\/\/rulluisukool.ee\/wp-content\/uploads\/2017\/03\/Rulluisukool-ee.png","contentUrl":"https:\/\/rulluisukool.ee\/wp-content\/uploads\/2017\/03\/Rulluisukool-ee.png","width":710,"height":710,"caption":"Rulluisukool"},"image":{"@id":"https:\/\/rulluisukool.ee\/#\/schema\/logo\/image\/"},"sameAs":["https:\/\/www.facebook.com\/rulluisukool","https:\/\/instagram.com\/rulluisukool","https:\/\/www.youtube.com\/channel\/UCUdSaiAVZmmNCOlAhU3_ONA"]}]}},"_links":{"self":[{"href":"https:\/\/rulluisukool.ee\/en\/wp-json\/wp\/v2\/pages\/4308652122517350","targetHints":{"allow":["GET"]}}],"collection":[{"href":"https:\/\/rulluisukool.ee\/en\/wp-json\/wp\/v2\/pages"}],"about":[{"href":"https:\/\/rulluisukool.ee\/en\/wp-json\/wp\/v2\/types\/page"}],"author":[{"embeddable":true,"href":"https:\/\/rulluisukool.ee\/en\/wp-json\/wp\/v2\/users\/117"}],"replies":[{"embeddable":true,"href":"https:\/\/rulluisukool.ee\/en\/wp-json\/wp\/v2\/comments?post=4308652122517350"}],"version-history":[{"count":5,"href":"https:\/\/rulluisukool.ee\/en\/wp-json\/wp\/v2\/pages\/4308652122517350\/revisions"}],"predecessor-version":[{"id":4308652122517372,"href":"https:\/\/rulluisukool.ee\/en\/wp-json\/wp\/v2\/pages\/4308652122517350\/revisions\/4308652122517372"}],"wp:attachment":[{"href":"https:\/\/rulluisukool.ee\/en\/wp-json\/wp\/v2\/media?parent=4308652122517350"}],"curies":[{"name":"wp","href":"https:\/\/api.w.org\/{rel}","templated":true}]}}