{"id":4308652122517142,"date":"2025-05-30T14:51:57","date_gmt":"2025-05-30T11:51:57","guid":{"rendered":"https:\/\/rulluisukool.ee\/?page_id=4308652122517142"},"modified":"2026-03-13T15:34:35","modified_gmt":"2026-03-13T13:34:35","slug":"pood-e-pood","status":"publish","type":"page","link":"https:\/\/rulluisukool.ee\/en\/stuudio\/pood-e-pood\/","title":{"rendered":"Pood &#038; E-pood"},"content":{"rendered":"<div data-elementor-type=\"wp-page\" data-elementor-id=\"4308652122517142\" class=\"elementor elementor-4308652122517142\" data-elementor-post-type=\"page\">\n\t\t\t\t<div class=\"elementor-element elementor-element-dc4dd5b e-flex e-con-boxed e-con e-parent\" data-id=\"dc4dd5b\" data-element_type=\"container\" data-core-v316-plus=\"true\">\n\t\t\t\t\t<div class=\"e-con-inner\">\n\t\t\t\t<div class=\"elementor-element elementor-element-919c567 elementor-widget elementor-widget-heading\" data-id=\"919c567\" data-element_type=\"widget\" data-widget_type=\"heading.default\">\n\t\t\t\t<div class=\"elementor-widget-container\">\n\t\t\t<style>\/*! elementor - v3.20.0 - 26-03-2024 *\/\n.elementor-heading-title{padding:0;margin:0;line-height:1}.elementor-widget-heading .elementor-heading-title[class*=elementor-size-]>a{color:inherit;font-size:inherit;line-height:inherit}.elementor-widget-heading .elementor-heading-title.elementor-size-small{font-size:15px}.elementor-widget-heading .elementor-heading-title.elementor-size-medium{font-size:19px}.elementor-widget-heading .elementor-heading-title.elementor-size-large{font-size:29px}.elementor-widget-heading .elementor-heading-title.elementor-size-xl{font-size:39px}.elementor-widget-heading .elementor-heading-title.elementor-size-xxl{font-size:59px}<\/style><h2 class=\"elementor-heading-title elementor-size-default\">Freeskate rulluisupood<\/h2>\t\t<\/div>\n\t\t\t\t<\/div>\n\t\t\t\t\t<\/div>\n\t\t\t\t<\/div>\n\t\t<div class=\"elementor-element elementor-element-2c34fa5 e-flex e-con-boxed e-con e-parent\" data-id=\"2c34fa5\" data-element_type=\"container\" data-core-v316-plus=\"true\">\n\t\t\t\t\t<div class=\"e-con-inner\">\n\t\t\t\t<div class=\"elementor-element elementor-element-1adbe6d elementor-widget elementor-widget-text-editor\" data-id=\"1adbe6d\" data-element_type=\"widget\" data-widget_type=\"text-editor.default\">\n\t\t\t\t<div class=\"elementor-widget-container\">\n\t\t\t<style>\/*! elementor - v3.20.0 - 26-03-2024 *\/\n.elementor-widget-text-editor.elementor-drop-cap-view-stacked .elementor-drop-cap{background-color:#69727d;color:#fff}.elementor-widget-text-editor.elementor-drop-cap-view-framed .elementor-drop-cap{color:#69727d;border:3px solid;background-color:transparent}.elementor-widget-text-editor:not(.elementor-drop-cap-view-default) .elementor-drop-cap{margin-top:8px}.elementor-widget-text-editor:not(.elementor-drop-cap-view-default) .elementor-drop-cap-letter{width:1em;height:1em}.elementor-widget-text-editor .elementor-drop-cap{float:left;text-align:center;line-height:1;font-size:50px}.elementor-widget-text-editor .elementor-drop-cap-letter{display:inline-block}<\/style>\t\t\t\t<p data-start=\"1532\" data-end=\"1554\"><img decoding=\"async\" class=\"emoji\" role=\"img\" draggable=\"false\" src=\"https:\/\/s.w.org\/images\/core\/emoji\/15.1.0\/svg\/1f6d2.svg\" alt=\"\ud83d\uded2\" \/> <span style=\"color: #ff6600;\"><span style=\"color: #ff8c40;\"><a style=\"color: #ff8c40;\" href=\"https:\/\/rulluisukool.ee\/en\/rulluisud-saapad-rattad-laagrid-kaitsevarustus-jaauisutamine\/\">Vaata E-POODI<\/a><br \/><\/span><br \/><\/span><span style=\"font-size: 15px; font-style: inherit; font-weight: inherit; color: #7a7a7a;\">Otsid <\/span><strong style=\"font-size: 15px; font-style: inherit; color: #7a7a7a;\" data-start=\"219\" data-end=\"246\">kvaliteetseid rulluiske<\/strong><span style=\"font-size: 15px; font-style: inherit; font-weight: inherit; color: #7a7a7a;\"> v\u00f5i soovid l\u00f5puks varustust, mis on <\/span><strong style=\"font-size: 15px; font-style: inherit; color: #7a7a7a;\" data-start=\"283\" data-end=\"325\">mugav, vastupidav ja nauditav kasutada<\/strong><span style=\"font-size: 15px; font-style: inherit; font-weight: inherit; color: #7a7a7a;\">?<\/span><\/p><p data-start=\"213\" data-end=\"451\">Meie <strong data-start=\"334\" data-end=\"366\">Rulluisukooli poes ja e-poes<\/strong> on saadaval ainult hoolikalt valitud varustus \u2013 <strong data-start=\"415\" data-end=\"450\">nii lastele kui t\u00e4iskasvanutele<\/strong>.<\/p><p>Vali tooted, esita tellimus ja v\u00f5tame sinuga \u00fchendust arve ning tarnetingimuste osas.<\/p><h3 data-start=\"453\" data-end=\"473\"><img decoding=\"async\" class=\"emoji\" role=\"img\" draggable=\"false\" src=\"https:\/\/s.w.org\/images\/core\/emoji\/15.1.0\/svg\/1f3af.svg\" alt=\"\ud83c\udfaf\" \/> Meie valikus:<\/h3><p data-start=\"453\" data-end=\"473\"><img decoding=\"async\" class=\"emoji\" style=\"font-style: inherit; font-weight: inherit; background-color: #f5f5f5;\" role=\"img\" draggable=\"false\" src=\"https:\/\/s.w.org\/images\/core\/emoji\/15.1.0\/svg\/2705.svg\" alt=\"\u2705\" \/><span style=\"font-style: inherit; font-weight: inherit;\"> Freeskate stiilis rulluisud ja -varustus<br \/><\/span><img decoding=\"async\" class=\"emoji\" style=\"font-style: inherit; font-weight: inherit; background-color: #f5f5f5;\" role=\"img\" draggable=\"false\" src=\"https:\/\/s.w.org\/images\/core\/emoji\/15.1.0\/svg\/2705.svg\" alt=\"\u2705\" \/><span style=\"font-style: inherit; font-weight: inherit;\"> Powerslide uisud \u2013 <\/span><strong style=\"font-style: inherit;\" data-start=\"538\" data-end=\"572\">maailma \u00fcks juhtivaid tootjaid<br \/><strong style=\"font-style: inherit;\" data-start=\"538\" data-end=\"572\"><img decoding=\"async\" class=\"emoji\" role=\"img\" draggable=\"false\" src=\"https:\/\/s.w.org\/images\/core\/emoji\/15.1.0\/svg\/2705.svg\" alt=\"\u2705\" \/><\/strong><\/strong><span style=\"font-style: inherit; font-weight: inherit; font-size: 16px;\">Laagrid, rattad, raamid, kaitsmed \u2013 k\u00f5ik, mida vajad<br \/><strong style=\"font-style: inherit;\" data-start=\"538\" data-end=\"572\"><img decoding=\"async\" class=\"emoji\" role=\"img\" draggable=\"false\" src=\"https:\/\/s.w.org\/images\/core\/emoji\/15.1.0\/svg\/2705.svg\" alt=\"\u2705\" \/><\/strong>Elektrilised AtmosGear rulluisud, millega saad puldist lisada kiirust ja efektiivselt pidurdada!<br \/><\/span><\/p><h3 data-start=\"634\" data-end=\"668\"><img decoding=\"async\" class=\"emoji\" role=\"img\" draggable=\"false\" src=\"https:\/\/s.w.org\/images\/core\/emoji\/15.1.0\/svg\/1f525.svg\" alt=\"\ud83d\udd25\" \/> Miks valida just Powerslide?<\/h3><p data-start=\"670\" data-end=\"881\"><img decoding=\"async\" class=\"emoji\" role=\"img\" draggable=\"false\" src=\"https:\/\/s.w.org\/images\/core\/emoji\/15.1.0\/svg\/2705.svg\" alt=\"\u2705\" \/> V\u00e4\u00e4rt hinna ja kvaliteedi suhe<br data-start=\"723\" data-end=\"726\" \/><img decoding=\"async\" class=\"emoji\" role=\"img\" draggable=\"false\" src=\"https:\/\/s.w.org\/images\/core\/emoji\/15.1.0\/svg\/2705.svg\" alt=\"\u2705\" \/> Valikus <strong>kuumvormitavad rulluisud<\/strong> \u2013 vormi saabas oma jala j\u00e4rgi ja naudi kohest mugavust<br data-start=\"758\" data-end=\"761\" \/><img decoding=\"async\" class=\"emoji\" role=\"img\" draggable=\"false\" src=\"https:\/\/s.w.org\/images\/core\/emoji\/15.1.0\/svg\/2705.svg\" alt=\"\u2705\" \/> Professionaalne tase ka harrastajale<\/p><p data-start=\"883\" data-end=\"1009\">Kuumvormitavad rulluisud ei vaja \u201esisses\u00f5itmist\u201c \u2013 need sobituvad Su jalaga esimesest s\u00f5idust ja viivad Sinu elamuse uuele tasemele!<\/p><hr data-start=\"1011\" data-end=\"1014\" \/><h3 data-start=\"1016\" data-end=\"1056\"><img decoding=\"async\" class=\"emoji\" role=\"img\" draggable=\"false\" src=\"https:\/\/s.w.org\/images\/core\/emoji\/15.1.0\/svg\/1f6e0.svg\" alt=\"\ud83d\udee0\ufe0f\" \/> Soovid ise oma uiske kokku panna?<\/h3><p data-start=\"1058\" data-end=\"1227\">Pole probleemi \u2013 Freeskate Stuudios <strong data-start=\"1094\" data-end=\"1149\">aitame Sul kohapeal kokku panna unistuste komplekti<\/strong>:<br data-start=\"1150\" data-end=\"1153\" \/><strong data-start=\"1153\" data-end=\"1179\">saabas + raam + rattad<\/strong> \u2013 t\u00e4pselt vastavalt Sinu soovile ja vajadusele.<\/p><p data-start=\"1229\" data-end=\"1313\">Kui sa ei leia e-poest just seda, mida otsid, <strong data-start=\"1275\" data-end=\"1292\">v\u00f5ta \u00fchendust<\/strong> \u2013 aitame sind alati!<\/p><hr data-start=\"1315\" data-end=\"1318\" \/><h3 data-start=\"1320\" data-end=\"1355\"><img decoding=\"async\" class=\"emoji\" role=\"img\" draggable=\"false\" src=\"https:\/\/s.w.org\/images\/core\/emoji\/15.1.0\/svg\/1f4cd.svg\" alt=\"\ud83d\udccd\" \/>Tule kohale, proovi ja veendu!<\/h3><p data-start=\"1357\" data-end=\"1525\"><strong data-start=\"1357\" data-end=\"1393\">Asume Pirital \u2013 Punga 3, Tallinn<\/strong><br data-start=\"1393\" data-end=\"1396\" \/>Tule kohale, proovi uiske jalga, uuri tooteid ja k\u00fcsi julgelt n\u00f5u.<br data-start=\"1462\" data-end=\"1465\" \/><strong data-start=\"1465\" data-end=\"1525\">Oleme avatud kokkuleppel \u2013 helista ette: +372 55 688 188 v\u00f5i kirjuta info@rulluisukool.ee<\/strong><\/p><p data-start=\"1762\" data-end=\"1801\"><img decoding=\"async\" class=\"emoji\" role=\"img\" draggable=\"false\" src=\"https:\/\/s.w.org\/images\/core\/emoji\/15.1.0\/svg\/1f4ab.svg\" alt=\"\ud83d\udcab\" \/> <strong data-start=\"1765\" data-end=\"1801\">Naudime veeremist \u2013 koos Sinuga!<\/strong><\/p>\t\t\t\t\t\t<\/div>\n\t\t\t\t<\/div>\n\t\t\t\t\t<\/div>\n\t\t\t\t<\/div>\n\t\t<div class=\"elementor-element elementor-element-70b9b49 e-flex e-con-boxed e-con e-parent\" data-id=\"70b9b49\" data-element_type=\"container\" data-core-v316-plus=\"true\">\n\t\t\t\t\t<div class=\"e-con-inner\">\n\t\t\t\t\t<\/div>\n\t\t\t\t<\/div>\n\t\t\t\t<\/div>","protected":false},"excerpt":{"rendered":"<p>Freeskate rulluisupood Vaata E-POODI Otsid kvaliteetseid rulluiske v\u00f5i soovid l\u00f5puks varustust, mis on mugav, vastupidav ja nauditav kasutada? Meie Rulluisukooli poes ja e-poes on saadaval ainult hoolikalt valitud varustus \u2013 nii lastele kui t\u00e4iskasvanutele. Vali tooted, esita tellimus ja v\u00f5tame sinuga \u00fchendust arve ning tarnetingimuste osas. Meie valikus: Freeskate stiilis rulluisud ja -varustus Powerslide uisud &hellip;<\/p>\n<p class=\"read-more\"> <a class=\"\" href=\"https:\/\/rulluisukool.ee\/en\/stuudio\/pood-e-pood\/\"> <span class=\"screen-reader-text\">Pood &#038; E-pood<\/span> Read More &raquo;<\/a><\/p>","protected":false},"author":117,"featured_media":0,"parent":3095,"menu_order":0,"comment_status":"closed","ping_status":"closed","template":"","meta":{"site-sidebar-layout":"no-sidebar","site-content-layout":"page-builder","ast-global-header-display":"","ast-main-header-display":"","ast-hfb-above-header-display":"","ast-hfb-below-header-display":"","ast-hfb-mobile-header-display":"","site-post-title":"disabled","ast-breadcrumbs-content":"","ast-featured-img":"disabled","footer-sml-layout":"","theme-transparent-header-meta":"","adv-header-id-meta":"","stick-header-meta":"","header-above-stick-meta":"","header-main-stick-meta":"","header-below-stick-meta":"","footnotes":""},"class_list":["post-4308652122517142","page","type-page","status-publish","hentry"],"yoast_head":"<!-- This site is optimized with the Yoast SEO plugin v22.3 - https:\/\/yoast.com\/wordpress\/plugins\/seo\/ -->\n<title>Pood &amp; E-pood<\/title>\n<meta name=\"description\" content=\"Freeskate rulluisupood Vaata E-POODIOtsid kvaliteetseid rulluiske v\u00f5i soovid l\u00f5puks varustust, mis on mugav, vastupidav ja nauditav kasutada?Meie\" \/>\n<meta name=\"robots\" content=\"index, follow, max-snippet:-1, max-image-preview:large, max-video-preview:-1\" \/>\n<link rel=\"canonical\" href=\"https:\/\/rulluisukool.ee\/en\/stuudio\/pood-e-pood\/\" \/>\n<meta property=\"og:locale\" content=\"en_GB\" \/>\n<meta property=\"og:type\" content=\"article\" \/>\n<meta property=\"og:title\" content=\"Pood &amp; E-pood\" \/>\n<meta property=\"og:description\" content=\"Freeskate rulluisupood Vaata E-POODIOtsid kvaliteetseid rulluiske v\u00f5i soovid l\u00f5puks varustust, mis on mugav, vastupidav ja nauditav kasutada?Meie\" \/>\n<meta property=\"og:url\" content=\"https:\/\/rulluisukool.ee\/en\/stuudio\/pood-e-pood\/\" \/>\n<meta property=\"og:site_name\" content=\"Rulluisukool\" \/>\n<meta property=\"article:publisher\" content=\"https:\/\/www.facebook.com\/rulluisukool\" \/>\n<meta property=\"article:modified_time\" content=\"2026-03-13T13:34:35+00:00\" \/>\n<meta property=\"og:image\" content=\"https:\/\/s.w.org\/images\/core\/emoji\/15.1.0\/svg\/1f6d2.svg\" \/>\n<meta name=\"twitter:card\" content=\"summary_large_image\" \/>\n<meta name=\"twitter:label1\" content=\"Estimated reading time\" \/>\n\t<meta name=\"twitter:data1\" content=\"4 minutes\" \/>\n<script type=\"application\/ld+json\" class=\"yoast-schema-graph\">{\"@context\":\"https:\/\/schema.org\",\"@graph\":[{\"@type\":\"WebPage\",\"@id\":\"https:\/\/rulluisukool.ee\/stuudio\/pood-e-pood\/\",\"url\":\"https:\/\/rulluisukool.ee\/stuudio\/pood-e-pood\/\",\"name\":\"Pood & E-pood\",\"isPartOf\":{\"@id\":\"https:\/\/rulluisukool.ee\/#website\"},\"primaryImageOfPage\":{\"@id\":\"https:\/\/rulluisukool.ee\/stuudio\/pood-e-pood\/#primaryimage\"},\"image\":{\"@id\":\"https:\/\/rulluisukool.ee\/stuudio\/pood-e-pood\/#primaryimage\"},\"thumbnailUrl\":\"https:\/\/s.w.org\/images\/core\/emoji\/15.1.0\/svg\/1f6d2.svg\",\"datePublished\":\"2025-05-30T11:51:57+00:00\",\"dateModified\":\"2026-03-13T13:34:35+00:00\",\"description\":\"Freeskate rulluisupood Vaata E-POODIOtsid kvaliteetseid rulluiske v\u00f5i soovid l\u00f5puks varustust, mis on mugav, vastupidav ja nauditav kasutada?Meie\",\"breadcrumb\":{\"@id\":\"https:\/\/rulluisukool.ee\/stuudio\/pood-e-pood\/#breadcrumb\"},\"inLanguage\":\"en-GB\",\"potentialAction\":[{\"@type\":\"ReadAction\",\"target\":[\"https:\/\/rulluisukool.ee\/stuudio\/pood-e-pood\/\"]}]},{\"@type\":\"ImageObject\",\"inLanguage\":\"en-GB\",\"@id\":\"https:\/\/rulluisukool.ee\/stuudio\/pood-e-pood\/#primaryimage\",\"url\":\"https:\/\/s.w.org\/images\/core\/emoji\/15.1.0\/svg\/1f6d2.svg\",\"contentUrl\":\"https:\/\/s.w.org\/images\/core\/emoji\/15.1.0\/svg\/1f6d2.svg\"},{\"@type\":\"BreadcrumbList\",\"@id\":\"https:\/\/rulluisukool.ee\/stuudio\/pood-e-pood\/#breadcrumb\",\"itemListElement\":[{\"@type\":\"ListItem\",\"position\":1,\"name\":\"Home\",\"item\":\"https:\/\/rulluisukool.ee\/\"},{\"@type\":\"ListItem\",\"position\":2,\"name\":\"RULLUISUVARUSTUS\",\"item\":\"https:\/\/rulluisukool.ee\/stuudio\/\"},{\"@type\":\"ListItem\",\"position\":3,\"name\":\"Pood &#038; E-pood\"}]},{\"@type\":\"WebSite\",\"@id\":\"https:\/\/rulluisukool.ee\/#website\",\"url\":\"https:\/\/rulluisukool.ee\/\",\"name\":\"Rulluisukool\",\"description\":\"\",\"publisher\":{\"@id\":\"https:\/\/rulluisukool.ee\/#organization\"},\"potentialAction\":[{\"@type\":\"SearchAction\",\"target\":{\"@type\":\"EntryPoint\",\"urlTemplate\":\"https:\/\/rulluisukool.ee\/?s={search_term_string}\"},\"query-input\":\"required name=search_term_string\"}],\"inLanguage\":\"en-GB\"},{\"@type\":\"Organization\",\"@id\":\"https:\/\/rulluisukool.ee\/#organization\",\"name\":\"Rulluisukool\",\"url\":\"https:\/\/rulluisukool.ee\/\",\"logo\":{\"@type\":\"ImageObject\",\"inLanguage\":\"en-GB\",\"@id\":\"https:\/\/rulluisukool.ee\/#\/schema\/logo\/image\/\",\"url\":\"https:\/\/rulluisukool.ee\/wp-content\/uploads\/2017\/03\/Rulluisukool-ee.png\",\"contentUrl\":\"https:\/\/rulluisukool.ee\/wp-content\/uploads\/2017\/03\/Rulluisukool-ee.png\",\"width\":710,\"height\":710,\"caption\":\"Rulluisukool\"},\"image\":{\"@id\":\"https:\/\/rulluisukool.ee\/#\/schema\/logo\/image\/\"},\"sameAs\":[\"https:\/\/www.facebook.com\/rulluisukool\",\"https:\/\/instagram.com\/rulluisukool\",\"https:\/\/www.youtube.com\/channel\/UCUdSaiAVZmmNCOlAhU3_ONA\"]}]}<\/script>\n<!-- \/ Yoast SEO plugin. -->","yoast_head_json":{"title":"Pood & E-pood","description":"Freeskate rulluisupood Vaata E-POODIOtsid kvaliteetseid rulluiske v\u00f5i soovid l\u00f5puks varustust, mis on mugav, vastupidav ja nauditav kasutada?Meie","robots":{"index":"index","follow":"follow","max-snippet":"max-snippet:-1","max-image-preview":"max-image-preview:large","max-video-preview":"max-video-preview:-1"},"canonical":"https:\/\/rulluisukool.ee\/en\/stuudio\/pood-e-pood\/","og_locale":"en_GB","og_type":"article","og_title":"Pood & E-pood","og_description":"Freeskate rulluisupood Vaata E-POODIOtsid kvaliteetseid rulluiske v\u00f5i soovid l\u00f5puks varustust, mis on mugav, vastupidav ja nauditav kasutada?Meie","og_url":"https:\/\/rulluisukool.ee\/en\/stuudio\/pood-e-pood\/","og_site_name":"Rulluisukool","article_publisher":"https:\/\/www.facebook.com\/rulluisukool","article_modified_time":"2026-03-13T13:34:35+00:00","og_image":[{"url":"https:\/\/s.w.org\/images\/core\/emoji\/15.1.0\/svg\/1f6d2.svg"}],"twitter_card":"summary_large_image","twitter_misc":{"Estimated reading time":"4 minutes"},"schema":{"@context":"https:\/\/schema.org","@graph":[{"@type":"WebPage","@id":"https:\/\/rulluisukool.ee\/stuudio\/pood-e-pood\/","url":"https:\/\/rulluisukool.ee\/stuudio\/pood-e-pood\/","name":"Pood & E-pood","isPartOf":{"@id":"https:\/\/rulluisukool.ee\/#website"},"primaryImageOfPage":{"@id":"https:\/\/rulluisukool.ee\/stuudio\/pood-e-pood\/#primaryimage"},"image":{"@id":"https:\/\/rulluisukool.ee\/stuudio\/pood-e-pood\/#primaryimage"},"thumbnailUrl":"https:\/\/s.w.org\/images\/core\/emoji\/15.1.0\/svg\/1f6d2.svg","datePublished":"2025-05-30T11:51:57+00:00","dateModified":"2026-03-13T13:34:35+00:00","description":"Freeskate rulluisupood Vaata E-POODIOtsid kvaliteetseid rulluiske v\u00f5i soovid l\u00f5puks varustust, mis on mugav, vastupidav ja nauditav kasutada?Meie","breadcrumb":{"@id":"https:\/\/rulluisukool.ee\/stuudio\/pood-e-pood\/#breadcrumb"},"inLanguage":"en-GB","potentialAction":[{"@type":"ReadAction","target":["https:\/\/rulluisukool.ee\/stuudio\/pood-e-pood\/"]}]},{"@type":"ImageObject","inLanguage":"en-GB","@id":"https:\/\/rulluisukool.ee\/stuudio\/pood-e-pood\/#primaryimage","url":"https:\/\/s.w.org\/images\/core\/emoji\/15.1.0\/svg\/1f6d2.svg","contentUrl":"https:\/\/s.w.org\/images\/core\/emoji\/15.1.0\/svg\/1f6d2.svg"},{"@type":"BreadcrumbList","@id":"https:\/\/rulluisukool.ee\/stuudio\/pood-e-pood\/#breadcrumb","itemListElement":[{"@type":"ListItem","position":1,"name":"Home","item":"https:\/\/rulluisukool.ee\/"},{"@type":"ListItem","position":2,"name":"RULLUISUVARUSTUS","item":"https:\/\/rulluisukool.ee\/stuudio\/"},{"@type":"ListItem","position":3,"name":"Pood &#038; E-pood"}]},{"@type":"WebSite","@id":"https:\/\/rulluisukool.ee\/#website","url":"https:\/\/rulluisukool.ee\/","name":"Rulluisukool","description":"","publisher":{"@id":"https:\/\/rulluisukool.ee\/#organization"},"potentialAction":[{"@type":"SearchAction","target":{"@type":"EntryPoint","urlTemplate":"https:\/\/rulluisukool.ee\/?s={search_term_string}"},"query-input":"required name=search_term_string"}],"inLanguage":"en-GB"},{"@type":"Organization","@id":"https:\/\/rulluisukool.ee\/#organization","name":"Rulluisukool","url":"https:\/\/rulluisukool.ee\/","logo":{"@type":"ImageObject","inLanguage":"en-GB","@id":"https:\/\/rulluisukool.ee\/#\/schema\/logo\/image\/","url":"https:\/\/rulluisukool.ee\/wp-content\/uploads\/2017\/03\/Rulluisukool-ee.png","contentUrl":"https:\/\/rulluisukool.ee\/wp-content\/uploads\/2017\/03\/Rulluisukool-ee.png","width":710,"height":710,"caption":"Rulluisukool"},"image":{"@id":"https:\/\/rulluisukool.ee\/#\/schema\/logo\/image\/"},"sameAs":["https:\/\/www.facebook.com\/rulluisukool","https:\/\/instagram.com\/rulluisukool","https:\/\/www.youtube.com\/channel\/UCUdSaiAVZmmNCOlAhU3_ONA"]}]}},"_links":{"self":[{"href":"https:\/\/rulluisukool.ee\/en\/wp-json\/wp\/v2\/pages\/4308652122517142","targetHints":{"allow":["GET"]}}],"collection":[{"href":"https:\/\/rulluisukool.ee\/en\/wp-json\/wp\/v2\/pages"}],"about":[{"href":"https:\/\/rulluisukool.ee\/en\/wp-json\/wp\/v2\/types\/page"}],"author":[{"embeddable":true,"href":"https:\/\/rulluisukool.ee\/en\/wp-json\/wp\/v2\/users\/117"}],"replies":[{"embeddable":true,"href":"https:\/\/rulluisukool.ee\/en\/wp-json\/wp\/v2\/comments?post=4308652122517142"}],"version-history":[{"count":5,"href":"https:\/\/rulluisukool.ee\/en\/wp-json\/wp\/v2\/pages\/4308652122517142\/revisions"}],"predecessor-version":[{"id":4308652122517400,"href":"https:\/\/rulluisukool.ee\/en\/wp-json\/wp\/v2\/pages\/4308652122517142\/revisions\/4308652122517400"}],"up":[{"embeddable":true,"href":"https:\/\/rulluisukool.ee\/en\/wp-json\/wp\/v2\/pages\/3095"}],"wp:attachment":[{"href":"https:\/\/rulluisukool.ee\/en\/wp-json\/wp\/v2\/media?parent=4308652122517142"}],"curies":[{"name":"wp","href":"https:\/\/api.w.org\/{rel}","templated":true}]}}