{"id":4308652122517140,"date":"2025-05-30T14:48:27","date_gmt":"2025-05-30T11:48:27","guid":{"rendered":"https:\/\/rulluisukool.ee\/?page_id=4308652122517140"},"modified":"2025-05-30T17:42:18","modified_gmt":"2025-05-30T14:42:18","slug":"rulluisuhooldus","status":"publish","type":"page","link":"https:\/\/rulluisukool.ee\/en\/stuudio\/rulluisuhooldus\/","title":{"rendered":"Roller skating care"},"content":{"rendered":"<div data-elementor-type=\"wp-page\" data-elementor-id=\"4308652122517140\" class=\"elementor elementor-4308652122517140\" data-elementor-post-type=\"page\">\n\t\t\t\t\t\t<section class=\"elementor-section elementor-top-section elementor-element elementor-element-4754fb6 elementor-section-boxed elementor-section-height-default elementor-section-height-default\" data-id=\"4754fb6\" data-element_type=\"section\">\n\t\t\t\t\t\t<div class=\"elementor-container elementor-column-gap-default\">\n\t\t\t\t\t<div class=\"elementor-column elementor-col-100 elementor-top-column elementor-element elementor-element-a3db60d\" data-id=\"a3db60d\" data-element_type=\"column\">\n\t\t\t<div class=\"elementor-widget-wrap elementor-element-populated\">\n\t\t\t\t\t\t<div class=\"elementor-element elementor-element-3f78cfb elementor-widget elementor-widget-heading\" data-id=\"3f78cfb\" data-element_type=\"widget\" data-widget_type=\"heading.default\">\n\t\t\t\t<div class=\"elementor-widget-container\">\n\t\t\t<style>\/*! elementor - v3.20.0 - 26-03-2024 *\/\n.elementor-heading-title{padding:0;margin:0;line-height:1}.elementor-widget-heading .elementor-heading-title[class*=elementor-size-]>a{color:inherit;font-size:inherit;line-height:inherit}.elementor-widget-heading .elementor-heading-title.elementor-size-small{font-size:15px}.elementor-widget-heading .elementor-heading-title.elementor-size-medium{font-size:19px}.elementor-widget-heading .elementor-heading-title.elementor-size-large{font-size:29px}.elementor-widget-heading .elementor-heading-title.elementor-size-xl{font-size:39px}.elementor-widget-heading .elementor-heading-title.elementor-size-xxl{font-size:59px}<\/style><h2 class=\"elementor-heading-title elementor-size-default\">Roller skating care<\/h2>\t\t<\/div>\n\t\t\t\t<\/div>\n\t\t\t\t\t<\/div>\n\t\t<\/div>\n\t\t\t\t\t<\/div>\n\t\t<\/section>\n\t\t\t\t<section class=\"elementor-section elementor-top-section elementor-element elementor-element-7a3cde4 elementor-section-boxed elementor-section-height-default elementor-section-height-default\" data-id=\"7a3cde4\" data-element_type=\"section\">\n\t\t\t\t\t\t<div class=\"elementor-container elementor-column-gap-default\">\n\t\t\t\t\t<div class=\"elementor-column elementor-col-100 elementor-top-column elementor-element elementor-element-c5e5b56\" data-id=\"c5e5b56\" data-element_type=\"column\">\n\t\t\t<div class=\"elementor-widget-wrap elementor-element-populated\">\n\t\t\t\t\t\t<div class=\"elementor-element elementor-element-03f8357 elementor-widget elementor-widget-text-editor\" data-id=\"03f8357\" data-element_type=\"widget\" data-widget_type=\"text-editor.default\">\n\t\t\t\t<div class=\"elementor-widget-container\">\n\t\t\t<style>\/*! elementor - v3.20.0 - 26-03-2024 *\/\n.elementor-widget-text-editor.elementor-drop-cap-view-stacked .elementor-drop-cap{background-color:#69727d;color:#fff}.elementor-widget-text-editor.elementor-drop-cap-view-framed .elementor-drop-cap{color:#69727d;border:3px solid;background-color:transparent}.elementor-widget-text-editor:not(.elementor-drop-cap-view-default) .elementor-drop-cap{margin-top:8px}.elementor-widget-text-editor:not(.elementor-drop-cap-view-default) .elementor-drop-cap-letter{width:1em;height:1em}.elementor-widget-text-editor .elementor-drop-cap{float:left;text-align:center;line-height:1;font-size:50px}.elementor-widget-text-editor .elementor-drop-cap-letter{display:inline-block}<\/style>\t\t\t\t<h2 data-start=\"146\" data-end=\"207\">&nbsp;<\/h2>\n<h2 data-start=\"146\" data-end=\"207\">Naudi sujuvat veeremist \u2013 hoolda oma uiske teadlikult! <img decoding=\"async\" class=\"emoji\" role=\"img\" draggable=\"false\" src=\"https:\/\/s.w.org\/images\/core\/emoji\/15.1.0\/svg\/2728.svg\" alt=\"\u2728\"><br><span style=\"font-size: 15px; font-style: inherit; font-weight: inherit; color: rgb(122, 122, 122);\">Meie Rulluisukoolis usume, et iga uisusamm peaks pakkuma r\u00f5\u00f5mu ja vabadust. Et s\u00f5it oleks sujuv ja turvaline, on oluline, et uisud oleksid heas korras. Kui rattad veerevad vabalt ja vaikselt \u2013 k\u00f5ik on h\u00e4sti! Kui aga p\u00f6\u00f6rlemine peatub kiiresti v\u00f5i ratastest kostub sahinat v\u00f5i kriginat, on aeg hoolduseks.<br><br><\/span><\/h2>\n<p data-start=\"515\" data-end=\"557\"><img decoding=\"async\" class=\"emoji\" role=\"img\" draggable=\"false\" src=\"https:\/\/s.w.org\/images\/core\/emoji\/15.1.0\/svg\/1f3af.svg\" alt=\"\ud83c\udfaf\"> <strong data-start=\"518\" data-end=\"557\">Millal on aeg uisud hooldusse tuua?<\/strong><\/p>\n<ul data-start=\"558\" data-end=\"874\">\n<li data-start=\"558\" data-end=\"661\">\n<p data-start=\"560\" data-end=\"661\">Kui rataste <strong data-start=\"572\" data-end=\"607\">sisemine serv on rohkem kulunud<\/strong>, tuleks need <strong data-start=\"621\" data-end=\"636\">ringi t\u00f5sta<\/strong> (vaheta nende asukohta).<\/p>\n<\/li>\n<li data-start=\"662\" data-end=\"748\">\n<p data-start=\"664\" data-end=\"748\">Kui <strong data-start=\"668\" data-end=\"704\">laagrid sahisevad v\u00f5i krigisevad<\/strong>, vajavad need <strong data-start=\"719\" data-end=\"747\">puhastamist ja m\u00e4\u00e4rimist<\/strong>.<\/p>\n<\/li>\n<li data-start=\"749\" data-end=\"874\">\n<p data-start=\"751\" data-end=\"874\">Uutel uiskudel v\u00f5ib <strong data-start=\"771\" data-end=\"788\">teine hooldus<\/strong> olla vajalik juba m\u00f5ne n\u00e4dala p\u00e4rast \u2013 j\u00e4lgi rataste kulumist ja hoolda regulaarselt.<\/p>\n<\/li>\n<\/ul>\n<p data-start=\"876\" data-end=\"1067\"><img decoding=\"async\" class=\"emoji\" role=\"img\" draggable=\"false\" src=\"https:\/\/s.w.org\/images\/core\/emoji\/15.1.0\/svg\/1f527.svg\" alt=\"\ud83d\udd27\"> Meie kogenud mehaanikud aitavad sind, \u00fcksk\u00f5ik mis marki v\u00f5i vanusega uisud sul on.<br data-start=\"961\" data-end=\"964\">Anname n\u00f5u, aitame valida uued rattad ja laagrid ning viime su uisud taas maksimaalsesse veeremisseisu.<\/p>\n<p data-start=\"1069\" data-end=\"1149\"><img decoding=\"async\" class=\"emoji\" role=\"img\" draggable=\"false\" src=\"https:\/\/s.w.org\/images\/core\/emoji\/15.1.0\/svg\/1f6e0.svg\" alt=\"\ud83d\udee0\ufe0f\"> <strong data-start=\"1073\" data-end=\"1149\">K\u00fcsi julgelt n\u00f5u \u2013 hooldus v\u00f5ib muuta kogu sinu uiskudel kogetava tunde!<\/strong><\/p>\n<table dir=\"ltr\" style=\"table-layout: fixed; font-size: 10pt; font-family: Arial; width: 0px; border-collapse: collapse; border: none;\" border=\"1\" cellspacing=\"0\" cellpadding=\"0\">\n<colgroup>\n<col width=\"462\">\n<col width=\"100\"><\/colgroup>\n<tbody>\n<tr style=\"height: 21px;\">\n<td style=\"border: 2px solid #000000; overflow: hidden; padding: 2px 3px; vertical-align: bottom;\" data-sheets-value=\"{&quot;1&quot;:2,&quot;2&quot;:&quot;Teenus&quot;}\">\n<h5 style=\"text-align: center;\"><b>Hoolduse Hinnakiri<br><\/b><\/h5>\n<\/td>\n<td style=\"border-width: 2px 2px 2px 1px; border-style: solid; border-color: #000000 #000000 #000000 #cccccc; border-image: initial; overflow: hidden; padding: 2px 3px; vertical-align: bottom;\" data-sheets-value=\"{&quot;1&quot;:2,&quot;2&quot;:&quot;Hind&quot;}\">\n<h5 style=\"text-align: center;\"><b>Hind<\/b><\/h5>\n<\/td>\n<\/tr>\n<tr style=\"height: 21px;\">\n<td style=\"border-width: 1px 1px 1px 2px; border-style: solid; border-color: #cccccc #000000 #000000; border-image: initial; overflow: hidden; padding: 2px 3px; vertical-align: bottom;\" data-sheets-value=\"{&quot;1&quot;:2,&quot;2&quot;:&quot;Hooldus koos uute ABEC 9 laagrite paigaldamisega (3-rattalised rulluisud)&quot;}\">Hooldus koos uute ABEC 9 laagrite paigaldamisega (3-rattalised rulluisud)<\/td>\n<td style=\"border-width: 1px 2px 1px 1px; border-style: solid; border-color: #cccccc #000000 #000000 #cccccc; border-image: initial; overflow: hidden; padding: 2px 3px; vertical-align: bottom; text-align: center;\" data-sheets-value=\"{&quot;1&quot;:3,&quot;3&quot;:30}\" data-sheets-numberformat=\"{&quot;1&quot;:4,&quot;2&quot;:&quot;#,##0\\&quot;\u20ac\\&quot;&quot;,&quot;3&quot;:1}\">30\u20ac<\/td>\n<\/tr>\n<tr style=\"height: 21px;\">\n<td style=\"border-width: 1px 1px 1px 2px; border-style: solid; border-color: #cccccc #000000 #000000; border-image: initial; overflow: hidden; padding: 2px 3px; vertical-align: bottom; background-color: #ffffff;\" data-sheets-value=\"{&quot;1&quot;:2,&quot;2&quot;:&quot;Hooldus koos uute ABEC 9 laagrite paigaldamisega (4-rattalised rulluisud)&quot;}\">Hooldus koos uute ABEC 9 laagrite paigaldamisega (4-rattalised rulluisud)<\/td>\n<td style=\"border-width: 1px 2px 1px 1px; border-style: solid; border-color: #cccccc #000000 #000000 #cccccc; border-image: initial; overflow: hidden; padding: 2px 3px; vertical-align: bottom; text-align: center;\" data-sheets-value=\"{&quot;1&quot;:3,&quot;3&quot;:35}\" data-sheets-numberformat=\"{&quot;1&quot;:4,&quot;2&quot;:&quot;#,##0\\&quot;\u20ac\\&quot;&quot;,&quot;3&quot;:1}\">35\u20ac<\/td>\n<\/tr>\n<tr style=\"height: 21px;\">\n<td style=\"border-width: 1px 1px 1px 2px; border-style: solid; border-color: #cccccc #000000 #000000; border-image: initial; overflow: hidden; padding: 2px 3px; vertical-align: bottom;\" data-sheets-value=\"{&quot;1&quot;:2,&quot;2&quot;:&quot;T\u00e4ishooldus 3-rattalisele rulluisule (vanade laagrite puhastus)&quot;}\">T\u00e4ishooldus 3-rattalisele rulluisule (vanade laagrite puhastus)<\/td>\n<td style=\"border-width: 1px 2px 1px 1px; border-style: solid; border-color: #cccccc #000000 #000000 #cccccc; border-image: initial; overflow: hidden; padding: 2px 3px; vertical-align: bottom; text-align: center;\" data-sheets-value=\"{&quot;1&quot;:3,&quot;3&quot;:30}\" data-sheets-numberformat=\"{&quot;1&quot;:4,&quot;2&quot;:&quot;#,##0\\&quot;\u20ac\\&quot;&quot;,&quot;3&quot;:1}\">30\u20ac<\/td>\n<\/tr>\n<tr style=\"height: 21px;\">\n<td style=\"border-width: 1px 1px 1px 2px; border-style: solid; border-color: #cccccc #000000 #000000; border-image: initial; overflow: hidden; padding: 2px 3px; vertical-align: bottom;\" data-sheets-value=\"{&quot;1&quot;:2,&quot;2&quot;:&quot;T\u00e4ishooldus 4-rattalisele rulluisule (vanade laagrite puhastus)&quot;}\">T\u00e4ishooldus 4-rattalisele rulluisule (vanade laagrite puhastus)<\/td>\n<td style=\"border-width: 1px 2px 1px 1px; border-style: solid; border-color: #cccccc #000000 #000000 #cccccc; border-image: initial; overflow: hidden; padding: 2px 3px; vertical-align: bottom; text-align: center;\" data-sheets-value=\"{&quot;1&quot;:3,&quot;3&quot;:35}\" data-sheets-numberformat=\"{&quot;1&quot;:4,&quot;2&quot;:&quot;#,##0\\&quot;\u20ac\\&quot;&quot;,&quot;3&quot;:1}\">35\u20ac<\/td>\n<\/tr>\n<tr style=\"height: 21px;\">\n<td style=\"border-width: 1px 1px 1px 2px; border-style: solid; border-color: #cccccc #000000 #000000; border-image: initial; overflow: hidden; padding: 2px 3px; vertical-align: bottom;\">&nbsp;<\/td>\n<td style=\"border-width: 1px 2px 1px 1px; border-style: solid; border-color: #cccccc #000000 #000000 #cccccc; border-image: initial; overflow: hidden; padding: 2px 3px; vertical-align: bottom;\">&nbsp;<\/td>\n<\/tr>\n<tr style=\"height: 21px;\">\n<td style=\"border-width: 1px 1px 1px 2px; border-style: solid; border-color: #cccccc #000000 #000000; border-image: initial; overflow: hidden; padding: 2px 3px; vertical-align: bottom; text-align: left;\" data-sheets-value=\"{&quot;1&quot;:2,&quot;2&quot;:&quot;Pukside vahetamine (vajadusel kui olemasolev puks ei sobi)&quot;}\">Pukside vahetamine (vajadusel kui olemasolev puks ei sobi)<\/td>\n<td style=\"border-width: 1px 2px 1px 1px; border-style: solid; border-color: #cccccc #000000 #000000 #cccccc; border-image: initial; overflow: hidden; padding: 2px 3px; vertical-align: bottom; text-align: center;\" data-sheets-value=\"{&quot;1&quot;:2,&quot;2&quot;:&quot;1,5\u20ac tk&quot;}\">1,5\u20ac tk<\/td>\n<\/tr>\n<tr style=\"height: 21px;\">\n<td style=\"border-width: 1px 1px 1px 2px; border-style: solid; border-color: #cccccc #000000 #000000; border-image: initial; overflow: hidden; padding: 2px 3px; vertical-align: bottom;\" data-sheets-value=\"{&quot;1&quot;:2,&quot;2&quot;:&quot;Rataste \u00fcmberp\u00f6\u00f6ramine 3-rattalistel rulluiskudel&quot;}\">Rataste \u00fcmberp\u00f6\u00f6ramine 3-rattalistel rulluiskudel<\/td>\n<td style=\"border-width: 1px 2px 1px 1px; border-style: solid; border-color: #cccccc #000000 #000000 #cccccc; border-image: initial; overflow: hidden; padding: 2px 3px; vertical-align: bottom; text-align: center;\" data-sheets-value=\"{&quot;1&quot;:3,&quot;3&quot;:10}\" data-sheets-numberformat=\"{&quot;1&quot;:4,&quot;2&quot;:&quot;#,##0\\&quot;\u20ac\\&quot;&quot;,&quot;3&quot;:1}\">12\u20ac<\/td>\n<\/tr>\n<tr style=\"height: 21px;\">\n<td style=\"border-width: 1px 1px 1px 2px; border-style: solid; border-color: #cccccc #000000 #000000; border-image: initial; overflow: hidden; padding: 2px 3px; vertical-align: bottom;\" data-sheets-value=\"{&quot;1&quot;:2,&quot;2&quot;:&quot;Rataste \u00fcmberp\u00f6\u00f6ramine 4-rattalistel rulluiskudel&quot;}\">Rataste \u00fcmberp\u00f6\u00f6ramine 4-rattalistel rulluiskudel<\/td>\n<td style=\"border-width: 1px 2px 1px 1px; border-style: solid; border-color: #cccccc #000000 #000000 #cccccc; border-image: initial; overflow: hidden; padding: 2px 3px; vertical-align: bottom; text-align: center;\" data-sheets-value=\"{&quot;1&quot;:3,&quot;3&quot;:12}\" data-sheets-numberformat=\"{&quot;1&quot;:4,&quot;2&quot;:&quot;#,##0\\&quot;\u20ac\\&quot;&quot;,&quot;3&quot;:1}\">15\u20ac<\/td>\n<\/tr>\n<tr style=\"height: 21px;\">\n<td style=\"border-width: 1px 1px 1px 2px; border-style: solid; border-color: #cccccc #000000 #000000; border-image: initial; overflow: hidden; padding: 2px 3px; vertical-align: bottom; text-align: center;\">&nbsp;<\/td>\n<td style=\"border-width: 1px 2px 1px 1px; border-style: solid; border-color: #cccccc #000000 #000000 #cccccc; border-image: initial; overflow: hidden; padding: 2px 3px; vertical-align: bottom;\">&nbsp;<\/td>\n<\/tr>\n<tr style=\"height: 21px;\">\n<td style=\"border-width: 1px 1px 2px 2px; border-style: solid; border-color: #cccccc #000000 #000000; border-image: initial; overflow: hidden; padding: 2px 3px; vertical-align: bottom;\" data-sheets-value=\"{&quot;1&quot;:2,&quot;2&quot;:&quot;Muud remondit\u00f6\u00f6d&quot;}\">Muud remondit\u00f6\u00f6d<\/td>\n<td style=\"border-width: 1px 2px 2px 1px; border-style: solid; border-color: #cccccc #000000 #000000 #cccccc; border-image: initial; overflow: hidden; padding: 2px 3px; vertical-align: bottom; text-align: center;\" data-sheets-value=\"{&quot;1&quot;:2,&quot;2&quot;:&quot;25-30\u20ac h&quot;}\">30\u20ac\/h<\/td>\n<\/tr>\n<\/tbody>\n<\/table>\t\t\t\t\t\t<\/div>\n\t\t\t\t<\/div>\n\t\t\t\t\t<\/div>\n\t\t<\/div>\n\t\t\t\t\t<\/div>\n\t\t<\/section>\n\t\t<div class=\"elementor-element elementor-element-3de9794 e-flex e-con-boxed e-con e-parent\" data-id=\"3de9794\" data-element_type=\"container\" data-core-v316-plus=\"true\">\n\t\t\t\t\t<div class=\"e-con-inner\">\n\t\t\t\t\t<\/div>\n\t\t\t\t<\/div>\n\t\t\t\t<\/div>","protected":false},"excerpt":{"rendered":"<p>Rulluisuhooldus &nbsp; Naudi sujuvat veeremist \u2013 hoolda oma uiske teadlikult! Meie Rulluisukoolis usume, et iga uisusamm peaks pakkuma r\u00f5\u00f5mu ja vabadust. Et s\u00f5it oleks sujuv ja turvaline, on oluline, et uisud oleksid heas korras. Kui rattad veerevad vabalt ja vaikselt \u2013 k\u00f5ik on h\u00e4sti! Kui aga p\u00f6\u00f6rlemine peatub kiiresti v\u00f5i ratastest kostub sahinat v\u00f5i kriginat, &hellip;<\/p>\n<p class=\"read-more\"> <a class=\"\" href=\"https:\/\/rulluisukool.ee\/en\/stuudio\/rulluisuhooldus\/\"> <span class=\"screen-reader-text\">Roller skating care<\/span> Read More &raquo;<\/a><\/p>","protected":false},"author":117,"featured_media":0,"parent":3095,"menu_order":2,"comment_status":"closed","ping_status":"closed","template":"","meta":{"site-sidebar-layout":"no-sidebar","site-content-layout":"page-builder","ast-global-header-display":"","ast-main-header-display":"","ast-hfb-above-header-display":"","ast-hfb-below-header-display":"","ast-hfb-mobile-header-display":"","site-post-title":"disabled","ast-breadcrumbs-content":"","ast-featured-img":"disabled","footer-sml-layout":"","theme-transparent-header-meta":"","adv-header-id-meta":"","stick-header-meta":"","header-above-stick-meta":"","header-main-stick-meta":"","header-below-stick-meta":"","footnotes":""},"class_list":["post-4308652122517140","page","type-page","status-publish","hentry"],"yoast_head":"<!-- This site is optimized with the Yoast SEO plugin v22.3 - https:\/\/yoast.com\/wordpress\/plugins\/seo\/ -->\n<title>Rulluisuhooldus<\/title>\n<meta name=\"description\" content=\"Rulluisuhooldus &nbsp; Naudi sujuvat veeremist \u2013 hoolda oma uiske teadlikult! Meie Rulluisukoolis usume, et iga uisusamm peaks pakkuma r\u00f5\u00f5mu ja vabadust.\" \/>\n<meta name=\"robots\" content=\"index, follow, max-snippet:-1, max-image-preview:large, max-video-preview:-1\" \/>\n<link rel=\"canonical\" href=\"https:\/\/rulluisukool.ee\/en\/stuudio\/rulluisuhooldus\/\" \/>\n<meta property=\"og:locale\" content=\"en_GB\" \/>\n<meta property=\"og:type\" content=\"article\" \/>\n<meta property=\"og:title\" content=\"Rulluisuhooldus\" \/>\n<meta property=\"og:description\" content=\"Rulluisuhooldus &nbsp; Naudi sujuvat veeremist \u2013 hoolda oma uiske teadlikult! Meie Rulluisukoolis usume, et iga uisusamm peaks pakkuma r\u00f5\u00f5mu ja vabadust.\" \/>\n<meta property=\"og:url\" content=\"https:\/\/rulluisukool.ee\/en\/stuudio\/rulluisuhooldus\/\" \/>\n<meta property=\"og:site_name\" content=\"Rulluisukool\" \/>\n<meta property=\"article:publisher\" content=\"https:\/\/www.facebook.com\/rulluisukool\" \/>\n<meta property=\"article:modified_time\" content=\"2025-05-30T14:42:18+00:00\" \/>\n<meta property=\"og:image\" content=\"https:\/\/s.w.org\/images\/core\/emoji\/15.1.0\/svg\/2728.svg\" \/>\n<meta name=\"twitter:card\" content=\"summary_large_image\" \/>\n<meta name=\"twitter:label1\" content=\"Estimated reading time\" \/>\n\t<meta name=\"twitter:data1\" content=\"2 minutes\" \/>\n<script type=\"application\/ld+json\" class=\"yoast-schema-graph\">{\"@context\":\"https:\/\/schema.org\",\"@graph\":[{\"@type\":\"WebPage\",\"@id\":\"https:\/\/rulluisukool.ee\/stuudio\/rulluisuhooldus\/\",\"url\":\"https:\/\/rulluisukool.ee\/stuudio\/rulluisuhooldus\/\",\"name\":\"Rulluisuhooldus\",\"isPartOf\":{\"@id\":\"https:\/\/rulluisukool.ee\/#website\"},\"primaryImageOfPage\":{\"@id\":\"https:\/\/rulluisukool.ee\/stuudio\/rulluisuhooldus\/#primaryimage\"},\"image\":{\"@id\":\"https:\/\/rulluisukool.ee\/stuudio\/rulluisuhooldus\/#primaryimage\"},\"thumbnailUrl\":\"https:\/\/s.w.org\/images\/core\/emoji\/15.1.0\/svg\/2728.svg\",\"datePublished\":\"2025-05-30T11:48:27+00:00\",\"dateModified\":\"2025-05-30T14:42:18+00:00\",\"description\":\"Rulluisuhooldus &nbsp; Naudi sujuvat veeremist \u2013 hoolda oma uiske teadlikult! Meie Rulluisukoolis usume, et iga uisusamm peaks pakkuma r\u00f5\u00f5mu ja vabadust.\",\"breadcrumb\":{\"@id\":\"https:\/\/rulluisukool.ee\/stuudio\/rulluisuhooldus\/#breadcrumb\"},\"inLanguage\":\"en-GB\",\"potentialAction\":[{\"@type\":\"ReadAction\",\"target\":[\"https:\/\/rulluisukool.ee\/stuudio\/rulluisuhooldus\/\"]}]},{\"@type\":\"ImageObject\",\"inLanguage\":\"en-GB\",\"@id\":\"https:\/\/rulluisukool.ee\/stuudio\/rulluisuhooldus\/#primaryimage\",\"url\":\"https:\/\/s.w.org\/images\/core\/emoji\/15.1.0\/svg\/2728.svg\",\"contentUrl\":\"https:\/\/s.w.org\/images\/core\/emoji\/15.1.0\/svg\/2728.svg\"},{\"@type\":\"BreadcrumbList\",\"@id\":\"https:\/\/rulluisukool.ee\/stuudio\/rulluisuhooldus\/#breadcrumb\",\"itemListElement\":[{\"@type\":\"ListItem\",\"position\":1,\"name\":\"Home\",\"item\":\"https:\/\/rulluisukool.ee\/\"},{\"@type\":\"ListItem\",\"position\":2,\"name\":\"RULLUISUVARUSTUS\",\"item\":\"https:\/\/rulluisukool.ee\/stuudio\/\"},{\"@type\":\"ListItem\",\"position\":3,\"name\":\"Rulluisuhooldus\"}]},{\"@type\":\"WebSite\",\"@id\":\"https:\/\/rulluisukool.ee\/#website\",\"url\":\"https:\/\/rulluisukool.ee\/\",\"name\":\"Rulluisukool\",\"description\":\"\",\"publisher\":{\"@id\":\"https:\/\/rulluisukool.ee\/#organization\"},\"potentialAction\":[{\"@type\":\"SearchAction\",\"target\":{\"@type\":\"EntryPoint\",\"urlTemplate\":\"https:\/\/rulluisukool.ee\/?s={search_term_string}\"},\"query-input\":\"required name=search_term_string\"}],\"inLanguage\":\"en-GB\"},{\"@type\":\"Organization\",\"@id\":\"https:\/\/rulluisukool.ee\/#organization\",\"name\":\"Rulluisukool\",\"url\":\"https:\/\/rulluisukool.ee\/\",\"logo\":{\"@type\":\"ImageObject\",\"inLanguage\":\"en-GB\",\"@id\":\"https:\/\/rulluisukool.ee\/#\/schema\/logo\/image\/\",\"url\":\"https:\/\/rulluisukool.ee\/wp-content\/uploads\/2017\/03\/Rulluisukool-ee.png\",\"contentUrl\":\"https:\/\/rulluisukool.ee\/wp-content\/uploads\/2017\/03\/Rulluisukool-ee.png\",\"width\":710,\"height\":710,\"caption\":\"Rulluisukool\"},\"image\":{\"@id\":\"https:\/\/rulluisukool.ee\/#\/schema\/logo\/image\/\"},\"sameAs\":[\"https:\/\/www.facebook.com\/rulluisukool\",\"https:\/\/instagram.com\/rulluisukool\",\"https:\/\/www.youtube.com\/channel\/UCUdSaiAVZmmNCOlAhU3_ONA\"]}]}<\/script>\n<!-- \/ Yoast SEO plugin. -->","yoast_head_json":{"title":"Rulluisuhooldus","description":"Rulluisuhooldus &nbsp; Naudi sujuvat veeremist \u2013 hoolda oma uiske teadlikult! Meie Rulluisukoolis usume, et iga uisusamm peaks pakkuma r\u00f5\u00f5mu ja vabadust.","robots":{"index":"index","follow":"follow","max-snippet":"max-snippet:-1","max-image-preview":"max-image-preview:large","max-video-preview":"max-video-preview:-1"},"canonical":"https:\/\/rulluisukool.ee\/en\/stuudio\/rulluisuhooldus\/","og_locale":"en_GB","og_type":"article","og_title":"Rulluisuhooldus","og_description":"Rulluisuhooldus &nbsp; Naudi sujuvat veeremist \u2013 hoolda oma uiske teadlikult! Meie Rulluisukoolis usume, et iga uisusamm peaks pakkuma r\u00f5\u00f5mu ja vabadust.","og_url":"https:\/\/rulluisukool.ee\/en\/stuudio\/rulluisuhooldus\/","og_site_name":"Rulluisukool","article_publisher":"https:\/\/www.facebook.com\/rulluisukool","article_modified_time":"2025-05-30T14:42:18+00:00","og_image":[{"url":"https:\/\/s.w.org\/images\/core\/emoji\/15.1.0\/svg\/2728.svg"}],"twitter_card":"summary_large_image","twitter_misc":{"Estimated reading time":"2 minutes"},"schema":{"@context":"https:\/\/schema.org","@graph":[{"@type":"WebPage","@id":"https:\/\/rulluisukool.ee\/stuudio\/rulluisuhooldus\/","url":"https:\/\/rulluisukool.ee\/stuudio\/rulluisuhooldus\/","name":"Rulluisuhooldus","isPartOf":{"@id":"https:\/\/rulluisukool.ee\/#website"},"primaryImageOfPage":{"@id":"https:\/\/rulluisukool.ee\/stuudio\/rulluisuhooldus\/#primaryimage"},"image":{"@id":"https:\/\/rulluisukool.ee\/stuudio\/rulluisuhooldus\/#primaryimage"},"thumbnailUrl":"https:\/\/s.w.org\/images\/core\/emoji\/15.1.0\/svg\/2728.svg","datePublished":"2025-05-30T11:48:27+00:00","dateModified":"2025-05-30T14:42:18+00:00","description":"Rulluisuhooldus &nbsp; Naudi sujuvat veeremist \u2013 hoolda oma uiske teadlikult! Meie Rulluisukoolis usume, et iga uisusamm peaks pakkuma r\u00f5\u00f5mu ja vabadust.","breadcrumb":{"@id":"https:\/\/rulluisukool.ee\/stuudio\/rulluisuhooldus\/#breadcrumb"},"inLanguage":"en-GB","potentialAction":[{"@type":"ReadAction","target":["https:\/\/rulluisukool.ee\/stuudio\/rulluisuhooldus\/"]}]},{"@type":"ImageObject","inLanguage":"en-GB","@id":"https:\/\/rulluisukool.ee\/stuudio\/rulluisuhooldus\/#primaryimage","url":"https:\/\/s.w.org\/images\/core\/emoji\/15.1.0\/svg\/2728.svg","contentUrl":"https:\/\/s.w.org\/images\/core\/emoji\/15.1.0\/svg\/2728.svg"},{"@type":"BreadcrumbList","@id":"https:\/\/rulluisukool.ee\/stuudio\/rulluisuhooldus\/#breadcrumb","itemListElement":[{"@type":"ListItem","position":1,"name":"Home","item":"https:\/\/rulluisukool.ee\/"},{"@type":"ListItem","position":2,"name":"RULLUISUVARUSTUS","item":"https:\/\/rulluisukool.ee\/stuudio\/"},{"@type":"ListItem","position":3,"name":"Rulluisuhooldus"}]},{"@type":"WebSite","@id":"https:\/\/rulluisukool.ee\/#website","url":"https:\/\/rulluisukool.ee\/","name":"Rulluisukool","description":"","publisher":{"@id":"https:\/\/rulluisukool.ee\/#organization"},"potentialAction":[{"@type":"SearchAction","target":{"@type":"EntryPoint","urlTemplate":"https:\/\/rulluisukool.ee\/?s={search_term_string}"},"query-input":"required name=search_term_string"}],"inLanguage":"en-GB"},{"@type":"Organization","@id":"https:\/\/rulluisukool.ee\/#organization","name":"Rulluisukool","url":"https:\/\/rulluisukool.ee\/","logo":{"@type":"ImageObject","inLanguage":"en-GB","@id":"https:\/\/rulluisukool.ee\/#\/schema\/logo\/image\/","url":"https:\/\/rulluisukool.ee\/wp-content\/uploads\/2017\/03\/Rulluisukool-ee.png","contentUrl":"https:\/\/rulluisukool.ee\/wp-content\/uploads\/2017\/03\/Rulluisukool-ee.png","width":710,"height":710,"caption":"Rulluisukool"},"image":{"@id":"https:\/\/rulluisukool.ee\/#\/schema\/logo\/image\/"},"sameAs":["https:\/\/www.facebook.com\/rulluisukool","https:\/\/instagram.com\/rulluisukool","https:\/\/www.youtube.com\/channel\/UCUdSaiAVZmmNCOlAhU3_ONA"]}]}},"_links":{"self":[{"href":"https:\/\/rulluisukool.ee\/en\/wp-json\/wp\/v2\/pages\/4308652122517140","targetHints":{"allow":["GET"]}}],"collection":[{"href":"https:\/\/rulluisukool.ee\/en\/wp-json\/wp\/v2\/pages"}],"about":[{"href":"https:\/\/rulluisukool.ee\/en\/wp-json\/wp\/v2\/types\/page"}],"author":[{"embeddable":true,"href":"https:\/\/rulluisukool.ee\/en\/wp-json\/wp\/v2\/users\/117"}],"replies":[{"embeddable":true,"href":"https:\/\/rulluisukool.ee\/en\/wp-json\/wp\/v2\/comments?post=4308652122517140"}],"version-history":[{"count":5,"href":"https:\/\/rulluisukool.ee\/en\/wp-json\/wp\/v2\/pages\/4308652122517140\/revisions"}],"predecessor-version":[{"id":4308652122517213,"href":"https:\/\/rulluisukool.ee\/en\/wp-json\/wp\/v2\/pages\/4308652122517140\/revisions\/4308652122517213"}],"up":[{"embeddable":true,"href":"https:\/\/rulluisukool.ee\/en\/wp-json\/wp\/v2\/pages\/3095"}],"wp:attachment":[{"href":"https:\/\/rulluisukool.ee\/en\/wp-json\/wp\/v2\/media?parent=4308652122517140"}],"curies":[{"name":"wp","href":"https:\/\/api.w.org\/{rel}","templated":true}]}}