{"id":4308652122516396,"date":"2024-03-06T10:18:19","date_gmt":"2024-03-06T08:18:19","guid":{"rendered":"https:\/\/rulluisukool.ee\/?page_id=4308652122516396"},"modified":"2024-03-06T10:18:28","modified_gmt":"2024-03-06T08:18:28","slug":"esto-makselahendused","status":"publish","type":"page","link":"https:\/\/rulluisukool.ee\/en\/esto-makselahendused\/","title":{"rendered":"ESTO Makselahendused"},"content":{"rendered":"<h2 class=\"wp-block-heading\">J\u00e4remaks<\/h2>\n\n\n\n<p><strong>Ei soovi maksta kogu summat korraga? Maksa osamaksete kaupa!<\/strong><\/p>\n\n\n\n<figure class=\"wp-block-image size-full\"><a href=\"https:\/\/rulluisukool.ee\/wp-content\/uploads\/2024\/03\/Jarelmaks_banner.jpg\"><img fetchpriority=\"high\" decoding=\"async\" width=\"1000\" height=\"523\" src=\"https:\/\/rulluisukool.ee\/wp-content\/uploads\/2024\/03\/Jarelmaks_banner.jpg\" alt=\"\" class=\"wp-image-4308652122516397\" srcset=\"https:\/\/rulluisukool.ee\/wp-content\/uploads\/2024\/03\/Jarelmaks_banner.jpg 1000w, https:\/\/rulluisukool.ee\/wp-content\/uploads\/2024\/03\/Jarelmaks_banner-300x157.jpg 300w, https:\/\/rulluisukool.ee\/wp-content\/uploads\/2024\/03\/Jarelmaks_banner-768x402.jpg 768w, https:\/\/rulluisukool.ee\/wp-content\/uploads\/2024\/03\/Jarelmaks_banner-18x9.jpg 18w\" sizes=\"(max-width: 1000px) 100vw, 1000px\" \/><\/a><\/figure>\n\n\n\n<p>ESTO &nbsp;j\u00e4relmaksu puhul on tegemist innovatiivse makselahendusega, mis aitab koostada sulle sinu poolt valitud perioodi alusel maksegraafiku. Makselahendus teeb otsuse reaalajas.<\/p>\n\n\n\n<p>Lisa sobivad tooted ostukorvi, kinnita oma tellimus ning vali makseviisidest ESTO j\u00e4relmaks. Ostu kinnitamisel vali endale sobiv periood, igakuise osamakse suurus ning digiallkirjasta ID-kaardi, Smart-ID v\u00f5i Mobiili-ID abil.<\/p>\n\n\n\n<ul class=\"wp-block-list\">\n<li>ESTO j\u00e4relmaksu saavad taotleda k\u00f5ik 18-70-aastased Eesti Vabariigi kodanikud.<\/li>\n\n\n\n<li>ESTO j\u00e4relmaks on v\u00f5imalik vormistada kiirelt ja mugavalt ka juriidilisele isikule.<\/li>\n\n\n\n<li>ESTO j\u00e4relmaksu pakub ja haldab ESTO AS.&nbsp;<\/li>\n<\/ul>\n\n\n\n<p><strong>T\u00c4HELEPANU! <\/strong>Iga j\u00e4relmaks on finantskohustus. Enne j\u00e4relmaksulepingu s\u00f5lmimist tutvuge vastava teenuse tingimustega ning vajadusel konsulteerige asjatundjaga. <em>Iga finantsotsusega kaasnevad riskid ja kohustused, mist\u00f5ttu palume laenutoodete tarbimise vajadus hoolikalt l\u00e4bi m\u00f5elda. N\u00e4iteks 1290-eurose laenusumma puhul 24 kuuks fikseeritud intressiga 14.90% aastas ja lepingutasuga 0 eurot on krediidi kulukuse m\u00e4\u00e4r 31.62%, kuumakse suurus 70.67 eurot ning tarbija poolt tagasimakstav kogusumma 1696.08 eurot. J\u00e4relmaks on finantskohustus ning enne otsuse tegemist tutvuge p\u00f5hjalikult lepingutingimustega ja vajadusel pidage n\u00f5u ESTO AS t\u00f6\u00f6tajaga v\u00f5i muu asjatundjaga. J\u00e4relmaksu pakub ja haldab ESTO AS.<\/em><\/p>\n\n\n\n<hr class=\"wp-block-separator has-alpha-channel-opacity\"\/>\n\n\n\n<h2 class=\"wp-block-heading\">ESTO3<\/h2>\n\n\n\n<p><strong>ESTO 3 makseviis on innovatiivne lahendus, mis v\u00f5imaldab ostu kinnitada ja tasuda mugavalt ning kiirelt &#8211; kolmes v\u00f5rdses osas, ilma lisatasudeta!<\/strong><\/p>\n\n\n\n<figure class=\"wp-block-image size-full\"><a href=\"https:\/\/rulluisukool.ee\/wp-content\/uploads\/2024\/03\/ESTO3-BANNER.jpg\"><img decoding=\"async\" width=\"1000\" height=\"523\" src=\"https:\/\/rulluisukool.ee\/wp-content\/uploads\/2024\/03\/ESTO3-BANNER.jpg\" alt=\"\" class=\"wp-image-4308652122516398\" srcset=\"https:\/\/rulluisukool.ee\/wp-content\/uploads\/2024\/03\/ESTO3-BANNER.jpg 1000w, https:\/\/rulluisukool.ee\/wp-content\/uploads\/2024\/03\/ESTO3-BANNER-300x157.jpg 300w, https:\/\/rulluisukool.ee\/wp-content\/uploads\/2024\/03\/ESTO3-BANNER-768x402.jpg 768w, https:\/\/rulluisukool.ee\/wp-content\/uploads\/2024\/03\/ESTO3-BANNER-18x9.jpg 18w\" sizes=\"(max-width: 1000px) 100vw, 1000px\" \/><\/a><\/figure>\n\n\n\n<p>Vali e-poe kassas oma ostude eest tasumiseks \u00fclimalt populaarne ESTO 3-osaline makseviis!<\/p>\n\n\n\n<p>ESTO 3 aitab jagada ostusumma kuni 3-ks v\u00f5rdseks osaks.<br><br><\/p>\n\n\n\n<ul class=\"wp-block-list\">\n<li>\u00dchtegi lisatasu ei lisandu.<\/li>\n\n\n\n<li>Lihtsalt kolm v\u00f5rdses osas makset, kolme kuu jooksul.<\/li>\n\n\n\n<li>Esimene makse on alles j\u00e4rgmise kuu 15. kuup\u00e4eval.<\/li>\n<\/ul>\n\n\n\n<p>ESTO 3 makseviisi pakub ja haldab ESTO AS.<\/p>\n\n\n\n<hr class=\"wp-block-separator has-alpha-channel-opacity\"\/>\n\n\n\n<h2 class=\"wp-block-heading\">Maksa Hiljem<\/h2>\n\n\n\n<p><strong>Ole nutikas ja vali ostude eest tasumiseks ESTO maksa hiljem!<\/strong><\/p>\n\n\n\n<figure class=\"wp-block-image size-large\"><a href=\"https:\/\/rulluisukool.ee\/wp-content\/uploads\/2024\/03\/MAKSA-HILJEM-BANNER-1.jpg\"><img decoding=\"async\" width=\"1024\" height=\"657\" src=\"https:\/\/rulluisukool.ee\/wp-content\/uploads\/2024\/03\/MAKSA-HILJEM-BANNER-1-1024x657.jpg\" alt=\"\" class=\"wp-image-4308652122516399\" srcset=\"https:\/\/rulluisukool.ee\/wp-content\/uploads\/2024\/03\/MAKSA-HILJEM-BANNER-1-1024x657.jpg 1024w, https:\/\/rulluisukool.ee\/wp-content\/uploads\/2024\/03\/MAKSA-HILJEM-BANNER-1-300x192.jpg 300w, https:\/\/rulluisukool.ee\/wp-content\/uploads\/2024\/03\/MAKSA-HILJEM-BANNER-1-768x492.jpg 768w, https:\/\/rulluisukool.ee\/wp-content\/uploads\/2024\/03\/MAKSA-HILJEM-BANNER-1-1536x985.jpg 1536w, https:\/\/rulluisukool.ee\/wp-content\/uploads\/2024\/03\/MAKSA-HILJEM-BANNER-1-18x12.jpg 18w, https:\/\/rulluisukool.ee\/wp-content\/uploads\/2024\/03\/MAKSA-HILJEM-BANNER-1.jpg 1920w\" sizes=\"(max-width: 1024px) 100vw, 1024px\" \/><\/a><\/figure>\n\n\n\n<p>Vali oma ostude eest tasumiseks ESTO maksa hiljem. Kinnita ost vaid paari klikiga, saa tellimus k\u00e4tte ning maksa tagasi ilma \u00fchegi lisakuluta 30 p\u00e4eva jooksul!<\/p>\n\n\n\n<p>Maksa hiljem on nutikate inimeste makseviis &#8211; saa kaup kohe k\u00e4tte ning maksa tagasi paindliku tagasimaksegraafiku alusel.<\/p>\n\n\n\n<p>Soeta paari klikiga just seda, mida vajad &#8211; puudub intress, lisatasu ja sissemakse!<\/p>\n\n\n\n<figure class=\"wp-block-image size-large\"><a href=\"https:\/\/rulluisukool.ee\/wp-content\/uploads\/2024\/03\/MAKSA-HILJEM-BANNER-3.jpg\"><img loading=\"lazy\" decoding=\"async\" width=\"1024\" height=\"204\" src=\"https:\/\/rulluisukool.ee\/wp-content\/uploads\/2024\/03\/MAKSA-HILJEM-BANNER-3-1024x204.jpg\" alt=\"\" class=\"wp-image-4308652122516400\" srcset=\"https:\/\/rulluisukool.ee\/wp-content\/uploads\/2024\/03\/MAKSA-HILJEM-BANNER-3-1024x204.jpg 1024w, https:\/\/rulluisukool.ee\/wp-content\/uploads\/2024\/03\/MAKSA-HILJEM-BANNER-3-300x60.jpg 300w, https:\/\/rulluisukool.ee\/wp-content\/uploads\/2024\/03\/MAKSA-HILJEM-BANNER-3-768x153.jpg 768w, https:\/\/rulluisukool.ee\/wp-content\/uploads\/2024\/03\/MAKSA-HILJEM-BANNER-3-1536x306.jpg 1536w, https:\/\/rulluisukool.ee\/wp-content\/uploads\/2024\/03\/MAKSA-HILJEM-BANNER-3-18x4.jpg 18w, https:\/\/rulluisukool.ee\/wp-content\/uploads\/2024\/03\/MAKSA-HILJEM-BANNER-3.jpg 1920w\" sizes=\"(max-width: 1024px) 100vw, 1024px\" \/><\/a><\/figure>\n\n\n\n<p><strong>Maksa hiljem makseviisi pakub ja haldab ESTO AS.<\/strong><\/p>\n\n\n\n<p><strong>MIS ON ESTO? <\/strong>ESTO on finantsteenuseid pakkuv ettev\u00f5te, mille algusaeg ulatub aastasse 2016. Br\u00e4nd sai alguse vajadusest uue generatsiooni makselahenduste j\u00e4rele, mis oleksid sobilikud nii l\u00f5pptarbijale kui ka m\u00fc\u00fcjale. T\u00e4na pakub ESTO k\u00f5ige suuremat valikut erinevaid makselahendusi Baltikumis ning ESTO partnerv\u00f5rgustikku kuulub \u00fcle 2600 koost\u00f6\u00f6partneri ja kaupluse ning \u00fcle 300 000 kliendi. Tutvu tingimustega siin: <a href=\"http:\/\/www.esto.ee\/\">www.esto.ee<\/a><\/p>\n\n\n\n<p>Vajadusel kontakteeruge ESTO AS t\u00f6\u00f6tajaga &#8211; <a href=\"mailto:info@esto.ee\">info@esto.ee<\/a> v\u00f5i <a href=\"http:\/\/www.esto.ee\/\">www.esto.ee<\/a> LIVE chat-aknas.<\/p>","protected":false},"excerpt":{"rendered":"<p>J\u00e4remaks Ei soovi maksta kogu summat korraga? Maksa osamaksete kaupa! ESTO &nbsp;j\u00e4relmaksu puhul on tegemist innovatiivse makselahendusega, mis aitab koostada sulle sinu poolt valitud perioodi alusel maksegraafiku. Makselahendus teeb otsuse reaalajas. Lisa sobivad tooted ostukorvi, kinnita oma tellimus ning vali makseviisidest ESTO j\u00e4relmaks. Ostu kinnitamisel vali endale sobiv periood, igakuise osamakse suurus ning digiallkirjasta ID-kaardi, &hellip;<\/p>\n<p class=\"read-more\"> <a class=\"\" href=\"https:\/\/rulluisukool.ee\/en\/esto-makselahendused\/\"> <span class=\"screen-reader-text\">ESTO Makselahendused<\/span> Read More &raquo;<\/a><\/p>","protected":false},"author":117,"featured_media":0,"parent":0,"menu_order":0,"comment_status":"closed","ping_status":"closed","template":"","meta":{"site-sidebar-layout":"default","site-content-layout":"default","ast-global-header-display":"","ast-main-header-display":"","ast-hfb-above-header-display":"","ast-hfb-below-header-display":"","ast-hfb-mobile-header-display":"","site-post-title":"","ast-breadcrumbs-content":"","ast-featured-img":"","footer-sml-layout":"","theme-transparent-header-meta":"","adv-header-id-meta":"","stick-header-meta":"","header-above-stick-meta":"","header-main-stick-meta":"","header-below-stick-meta":"","footnotes":""},"class_list":["post-4308652122516396","page","type-page","status-publish","hentry"],"yoast_head":"<!-- This site is optimized with the Yoast SEO plugin v22.3 - https:\/\/yoast.com\/wordpress\/plugins\/seo\/ -->\n<title>ESTO Makselahendused<\/title>\n<meta name=\"description\" content=\"J\u00e4remaks Ei soovi maksta kogu summat korraga? Maksa osamaksete kaupa! ESTO &nbsp;j\u00e4relmaksu puhul on tegemist innovatiivse makselahendusega, mis aitab\" \/>\n<meta name=\"robots\" content=\"index, follow, max-snippet:-1, max-image-preview:large, max-video-preview:-1\" \/>\n<link rel=\"canonical\" href=\"https:\/\/rulluisukool.ee\/en\/esto-makselahendused\/\" \/>\n<meta property=\"og:locale\" content=\"en_GB\" \/>\n<meta property=\"og:type\" content=\"article\" \/>\n<meta property=\"og:title\" content=\"ESTO Makselahendused\" \/>\n<meta property=\"og:description\" content=\"J\u00e4remaks Ei soovi maksta kogu summat korraga? Maksa osamaksete kaupa! ESTO &nbsp;j\u00e4relmaksu puhul on tegemist innovatiivse makselahendusega, mis aitab\" \/>\n<meta property=\"og:url\" content=\"https:\/\/rulluisukool.ee\/en\/esto-makselahendused\/\" \/>\n<meta property=\"og:site_name\" content=\"Rulluisukool\" \/>\n<meta property=\"article:publisher\" content=\"https:\/\/www.facebook.com\/rulluisukool\" \/>\n<meta property=\"article:modified_time\" content=\"2024-03-06T08:18:28+00:00\" \/>\n<meta property=\"og:image\" content=\"https:\/\/rulluisukool.ee\/wp-content\/uploads\/2024\/03\/Jarelmaks_banner.jpg\" \/>\n<meta name=\"twitter:card\" content=\"summary_large_image\" \/>\n<meta name=\"twitter:label1\" content=\"Estimated reading time\" \/>\n\t<meta name=\"twitter:data1\" content=\"3 minutes\" \/>\n<script type=\"application\/ld+json\" class=\"yoast-schema-graph\">{\"@context\":\"https:\/\/schema.org\",\"@graph\":[{\"@type\":\"WebPage\",\"@id\":\"https:\/\/rulluisukool.ee\/esto-makselahendused\/\",\"url\":\"https:\/\/rulluisukool.ee\/esto-makselahendused\/\",\"name\":\"ESTO Makselahendused\",\"isPartOf\":{\"@id\":\"https:\/\/rulluisukool.ee\/#website\"},\"primaryImageOfPage\":{\"@id\":\"https:\/\/rulluisukool.ee\/esto-makselahendused\/#primaryimage\"},\"image\":{\"@id\":\"https:\/\/rulluisukool.ee\/esto-makselahendused\/#primaryimage\"},\"thumbnailUrl\":\"https:\/\/rulluisukool.ee\/wp-content\/uploads\/2024\/03\/Jarelmaks_banner.jpg\",\"datePublished\":\"2024-03-06T08:18:19+00:00\",\"dateModified\":\"2024-03-06T08:18:28+00:00\",\"description\":\"J\u00e4remaks Ei soovi maksta kogu summat korraga? Maksa osamaksete kaupa! ESTO &nbsp;j\u00e4relmaksu puhul on tegemist innovatiivse makselahendusega, mis aitab\",\"breadcrumb\":{\"@id\":\"https:\/\/rulluisukool.ee\/esto-makselahendused\/#breadcrumb\"},\"inLanguage\":\"en-GB\",\"potentialAction\":[{\"@type\":\"ReadAction\",\"target\":[\"https:\/\/rulluisukool.ee\/esto-makselahendused\/\"]}]},{\"@type\":\"ImageObject\",\"inLanguage\":\"en-GB\",\"@id\":\"https:\/\/rulluisukool.ee\/esto-makselahendused\/#primaryimage\",\"url\":\"https:\/\/rulluisukool.ee\/wp-content\/uploads\/2024\/03\/Jarelmaks_banner.jpg\",\"contentUrl\":\"https:\/\/rulluisukool.ee\/wp-content\/uploads\/2024\/03\/Jarelmaks_banner.jpg\"},{\"@type\":\"BreadcrumbList\",\"@id\":\"https:\/\/rulluisukool.ee\/esto-makselahendused\/#breadcrumb\",\"itemListElement\":[{\"@type\":\"ListItem\",\"position\":1,\"name\":\"Home\",\"item\":\"https:\/\/rulluisukool.ee\/\"},{\"@type\":\"ListItem\",\"position\":2,\"name\":\"ESTO Makselahendused\"}]},{\"@type\":\"WebSite\",\"@id\":\"https:\/\/rulluisukool.ee\/#website\",\"url\":\"https:\/\/rulluisukool.ee\/\",\"name\":\"Rulluisukool\",\"description\":\"\",\"publisher\":{\"@id\":\"https:\/\/rulluisukool.ee\/#organization\"},\"potentialAction\":[{\"@type\":\"SearchAction\",\"target\":{\"@type\":\"EntryPoint\",\"urlTemplate\":\"https:\/\/rulluisukool.ee\/?s={search_term_string}\"},\"query-input\":\"required name=search_term_string\"}],\"inLanguage\":\"en-GB\"},{\"@type\":\"Organization\",\"@id\":\"https:\/\/rulluisukool.ee\/#organization\",\"name\":\"Rulluisukool\",\"url\":\"https:\/\/rulluisukool.ee\/\",\"logo\":{\"@type\":\"ImageObject\",\"inLanguage\":\"en-GB\",\"@id\":\"https:\/\/rulluisukool.ee\/#\/schema\/logo\/image\/\",\"url\":\"https:\/\/rulluisukool.ee\/wp-content\/uploads\/2017\/03\/Rulluisukool-ee.png\",\"contentUrl\":\"https:\/\/rulluisukool.ee\/wp-content\/uploads\/2017\/03\/Rulluisukool-ee.png\",\"width\":710,\"height\":710,\"caption\":\"Rulluisukool\"},\"image\":{\"@id\":\"https:\/\/rulluisukool.ee\/#\/schema\/logo\/image\/\"},\"sameAs\":[\"https:\/\/www.facebook.com\/rulluisukool\",\"https:\/\/instagram.com\/rulluisukool\",\"https:\/\/www.youtube.com\/channel\/UCUdSaiAVZmmNCOlAhU3_ONA\"]}]}<\/script>\n<!-- \/ Yoast SEO plugin. -->","yoast_head_json":{"title":"ESTO Makselahendused","description":"J\u00e4remaks Ei soovi maksta kogu summat korraga? Maksa osamaksete kaupa! ESTO &nbsp;j\u00e4relmaksu puhul on tegemist innovatiivse makselahendusega, mis aitab","robots":{"index":"index","follow":"follow","max-snippet":"max-snippet:-1","max-image-preview":"max-image-preview:large","max-video-preview":"max-video-preview:-1"},"canonical":"https:\/\/rulluisukool.ee\/en\/esto-makselahendused\/","og_locale":"en_GB","og_type":"article","og_title":"ESTO Makselahendused","og_description":"J\u00e4remaks Ei soovi maksta kogu summat korraga? Maksa osamaksete kaupa! ESTO &nbsp;j\u00e4relmaksu puhul on tegemist innovatiivse makselahendusega, mis aitab","og_url":"https:\/\/rulluisukool.ee\/en\/esto-makselahendused\/","og_site_name":"Rulluisukool","article_publisher":"https:\/\/www.facebook.com\/rulluisukool","article_modified_time":"2024-03-06T08:18:28+00:00","og_image":[{"url":"https:\/\/rulluisukool.ee\/wp-content\/uploads\/2024\/03\/Jarelmaks_banner.jpg"}],"twitter_card":"summary_large_image","twitter_misc":{"Estimated reading time":"3 minutes"},"schema":{"@context":"https:\/\/schema.org","@graph":[{"@type":"WebPage","@id":"https:\/\/rulluisukool.ee\/esto-makselahendused\/","url":"https:\/\/rulluisukool.ee\/esto-makselahendused\/","name":"ESTO Makselahendused","isPartOf":{"@id":"https:\/\/rulluisukool.ee\/#website"},"primaryImageOfPage":{"@id":"https:\/\/rulluisukool.ee\/esto-makselahendused\/#primaryimage"},"image":{"@id":"https:\/\/rulluisukool.ee\/esto-makselahendused\/#primaryimage"},"thumbnailUrl":"https:\/\/rulluisukool.ee\/wp-content\/uploads\/2024\/03\/Jarelmaks_banner.jpg","datePublished":"2024-03-06T08:18:19+00:00","dateModified":"2024-03-06T08:18:28+00:00","description":"J\u00e4remaks Ei soovi maksta kogu summat korraga? Maksa osamaksete kaupa! ESTO &nbsp;j\u00e4relmaksu puhul on tegemist innovatiivse makselahendusega, mis aitab","breadcrumb":{"@id":"https:\/\/rulluisukool.ee\/esto-makselahendused\/#breadcrumb"},"inLanguage":"en-GB","potentialAction":[{"@type":"ReadAction","target":["https:\/\/rulluisukool.ee\/esto-makselahendused\/"]}]},{"@type":"ImageObject","inLanguage":"en-GB","@id":"https:\/\/rulluisukool.ee\/esto-makselahendused\/#primaryimage","url":"https:\/\/rulluisukool.ee\/wp-content\/uploads\/2024\/03\/Jarelmaks_banner.jpg","contentUrl":"https:\/\/rulluisukool.ee\/wp-content\/uploads\/2024\/03\/Jarelmaks_banner.jpg"},{"@type":"BreadcrumbList","@id":"https:\/\/rulluisukool.ee\/esto-makselahendused\/#breadcrumb","itemListElement":[{"@type":"ListItem","position":1,"name":"Home","item":"https:\/\/rulluisukool.ee\/"},{"@type":"ListItem","position":2,"name":"ESTO Makselahendused"}]},{"@type":"WebSite","@id":"https:\/\/rulluisukool.ee\/#website","url":"https:\/\/rulluisukool.ee\/","name":"Rulluisukool","description":"","publisher":{"@id":"https:\/\/rulluisukool.ee\/#organization"},"potentialAction":[{"@type":"SearchAction","target":{"@type":"EntryPoint","urlTemplate":"https:\/\/rulluisukool.ee\/?s={search_term_string}"},"query-input":"required name=search_term_string"}],"inLanguage":"en-GB"},{"@type":"Organization","@id":"https:\/\/rulluisukool.ee\/#organization","name":"Rulluisukool","url":"https:\/\/rulluisukool.ee\/","logo":{"@type":"ImageObject","inLanguage":"en-GB","@id":"https:\/\/rulluisukool.ee\/#\/schema\/logo\/image\/","url":"https:\/\/rulluisukool.ee\/wp-content\/uploads\/2017\/03\/Rulluisukool-ee.png","contentUrl":"https:\/\/rulluisukool.ee\/wp-content\/uploads\/2017\/03\/Rulluisukool-ee.png","width":710,"height":710,"caption":"Rulluisukool"},"image":{"@id":"https:\/\/rulluisukool.ee\/#\/schema\/logo\/image\/"},"sameAs":["https:\/\/www.facebook.com\/rulluisukool","https:\/\/instagram.com\/rulluisukool","https:\/\/www.youtube.com\/channel\/UCUdSaiAVZmmNCOlAhU3_ONA"]}]}},"_links":{"self":[{"href":"https:\/\/rulluisukool.ee\/en\/wp-json\/wp\/v2\/pages\/4308652122516396","targetHints":{"allow":["GET"]}}],"collection":[{"href":"https:\/\/rulluisukool.ee\/en\/wp-json\/wp\/v2\/pages"}],"about":[{"href":"https:\/\/rulluisukool.ee\/en\/wp-json\/wp\/v2\/types\/page"}],"author":[{"embeddable":true,"href":"https:\/\/rulluisukool.ee\/en\/wp-json\/wp\/v2\/users\/117"}],"replies":[{"embeddable":true,"href":"https:\/\/rulluisukool.ee\/en\/wp-json\/wp\/v2\/comments?post=4308652122516396"}],"version-history":[{"count":1,"href":"https:\/\/rulluisukool.ee\/en\/wp-json\/wp\/v2\/pages\/4308652122516396\/revisions"}],"predecessor-version":[{"id":4308652122516402,"href":"https:\/\/rulluisukool.ee\/en\/wp-json\/wp\/v2\/pages\/4308652122516396\/revisions\/4308652122516402"}],"wp:attachment":[{"href":"https:\/\/rulluisukool.ee\/en\/wp-json\/wp\/v2\/media?parent=4308652122516396"}],"curies":[{"name":"wp","href":"https:\/\/api.w.org\/{rel}","templated":true}]}}