{"id":4308652122509265,"date":"2021-12-02T10:09:42","date_gmt":"2021-12-02T08:09:42","guid":{"rendered":"https:\/\/rulluisukool.ee\/?page_id=4308652122509265"},"modified":"2022-04-25T12:26:33","modified_gmt":"2022-04-25T09:26:33","slug":"powerslide-freeskate-rulluisutamine","status":"publish","type":"page","link":"https:\/\/rulluisukool.ee\/en\/powerslide-freeskate-rulluisutamine\/","title":{"rendered":"Information room"},"content":{"rendered":"<div data-elementor-type=\"wp-page\" data-elementor-id=\"4308652122509265\" class=\"elementor elementor-4308652122509265\" data-elementor-post-type=\"page\">\n\t\t\t\t\t\t<section class=\"elementor-section elementor-top-section elementor-element elementor-element-fc12722 elementor-section-boxed elementor-section-height-default elementor-section-height-default\" data-id=\"fc12722\" data-element_type=\"section\">\n\t\t\t\t\t\t<div class=\"elementor-container elementor-column-gap-default\">\n\t\t\t\t\t<div class=\"elementor-column elementor-col-100 elementor-top-column elementor-element elementor-element-c19b5f3\" data-id=\"c19b5f3\" data-element_type=\"column\">\n\t\t\t<div class=\"elementor-widget-wrap elementor-element-populated\">\n\t\t\t\t\t\t<div class=\"elementor-element elementor-element-509c928 elementor-widget elementor-widget-wp-widget-rev-slider-widget\" data-id=\"509c928\" data-element_type=\"widget\" data-widget_type=\"wp-widget-rev-slider-widget.default\">\n\t\t\t\t<div class=\"elementor-widget-container\">\n\t\t\t\n\t\t\t<!-- START Blogi REVOLUTION SLIDER 6.6.10 --><p class=\"rs-p-wp-fix\"><\/p>\n\t\t\t<rs-module-wrap id=\"rev_slider_10_1_wrapper\" data-source=\"gallery\" style=\"visibility:hidden;background:#000000;padding:0;margin:0px auto;margin-top:0;margin-bottom:0;\">\n\t\t\t\t<rs-module id=\"rev_slider_10_1\" style=\"\" data-version=\"6.6.10\">\n\t\t\t\t\t<rs-slides style=\"overflow: hidden; position: absolute;\">\n\t\t\t\t\t\t<rs-slide style=\"position: absolute;\" data-key=\"rs-26\" data-title=\"Slide\" data-anim=\"adpr:false;\" data-in=\"o:0;\" data-out=\"a:false;\">\n\t\t\t\t\t\t\t<img fetchpriority=\"high\" decoding=\"async\" src=\"\/\/rulluisukool.ee\/wp-content\/plugins\/revslider\/public\/assets\/assets\/dummy.png\" alt=\"\" title=\"25_26.jpeg\" width=\"1920\" height=\"1080\" class=\"rev-slidebg tp-rs-img rs-lazyload\" data-lazyload=\"\/\/rulluisukool.ee\/wp-content\/uploads\/revslider\/video-media\/25_26.jpeg\" data-no-retina>\n\t\t\t\t\t\t\t<rs-bgvideo \n\t\t\t\t\t\t\t\tdata-video=\"w:100%;h:100%;nse:false;l:true;ptimer:false;vfc:true;\"\n\t\t\t\t\t\t\t\tdata-mp4=\"\/\/rulluisukool.ee\/wp-content\/uploads\/revslider\/project-carousel1-1-1\/25.mp4\"\n\t\t\t\t\t\t\t><\/rs-bgvideo>\n<!--\n\t\t\t\t\t\t\t--><rs-layer\n\t\t\t\t\t\t\t\tid=\"slider-10-slide-26-layer-1\" \n\t\t\t\t\t\t\t\tdata-type=\"shape\"\n\t\t\t\t\t\t\t\tdata-text=\"w:normal;\"\n\t\t\t\t\t\t\t\tdata-dim=\"w:100%;h:100%;\"\n\t\t\t\t\t\t\t\tdata-rsp_o=\"off\"\n\t\t\t\t\t\t\t\tdata-rsp_bd=\"off\"\n\t\t\t\t\t\t\t\tdata-clip=\"u:true;\"\n\t\t\t\t\t\t\t\tdata-frame_0=\"o:1;cp:0%;\"\n\t\t\t\t\t\t\t\tdata-frame_1=\"sp:1000;cp:50%;\"\n\t\t\t\t\t\t\t\tdata-frame_999=\"st:w;sp:1000;sR:7500;auto:true;\"\n\t\t\t\t\t\t\t\tstyle=\"z-index:9;background-color:rgba(255,255,255,0.05);\"\n\t\t\t\t\t\t\t> \n\t\t\t\t\t\t\t<\/rs-layer><!--\n\n\t\t\t\t\t\t\t--><rs-layer\n\t\t\t\t\t\t\t\tid=\"slider-10-slide-26-layer-2\" \n\t\t\t\t\t\t\t\tdata-type=\"text\"\n\t\t\t\t\t\t\t\tdata-xy=\"xo:30px,30px,20px,20px;yo:30px,30px,20px,20px;\"\n\t\t\t\t\t\t\t\tdata-text=\"w:normal;s:40;l:40;\"\n\t\t\t\t\t\t\t\tdata-rsp_o=\"off\"\n\t\t\t\t\t\t\t\tdata-rsp_bd=\"off\"\n\t\t\t\t\t\t\t\tdata-clip=\"u:true;\"\n\t\t\t\t\t\t\t\tdata-frame_0=\"cp:0%;\"\n\t\t\t\t\t\t\t\tdata-frame_1=\"e:power4.out;sp:1000;\"\n\t\t\t\t\t\t\t\tdata-frame_999=\"st:w;sp:1000;sR:8000;auto:true;\"\n\t\t\t\t\t\t\t\tstyle=\"z-index:13;font-family:'Staatliches';\"\n\t\t\t\t\t\t\t> \n\t\t\t\t\t\t\t<\/rs-layer><!--\n\n\t\t\t\t\t\t\t--><rs-layer\n\t\t\t\t\t\t\t\tid=\"slider-10-slide-26-layer-3\" \n\t\t\t\t\t\t\t\tdata-type=\"text\"\n\t\t\t\t\t\t\t\tdata-xy=\"x:c;y:m;\"\n\t\t\t\t\t\t\t\tdata-text=\"s:90,70,50,35;l:90,70,50,35;\"\n\t\t\t\t\t\t\t\tdata-rsp_o=\"off\"\n\t\t\t\t\t\t\t\tdata-rsp_bd=\"off\"\n\t\t\t\t\t\t\t\tdata-clip=\"u:true;o:cv;\"\n\t\t\t\t\t\t\t\tdata-frame_0=\"o:1;cp:0%;\"\n\t\t\t\t\t\t\t\tdata-frame_1=\"e:power4.out;sp:2000;\"\n\t\t\t\t\t\t\t\tdata-frame_999=\"st:w;sp:1000;sR:7000;auto:true;\"\n\t\t\t\t\t\t\t\tstyle=\"z-index:10;font-family:'Staatliches';\"\n\t\t\t\t\t\t\t>Information room \n\t\t\t\t\t\t\t<\/rs-layer><!--\n\n\t\t\t\t\t\t\t--><rs-layer\n\t\t\t\t\t\t\t\tid=\"slider-10-slide-26-layer-4\" \n\t\t\t\t\t\t\t\tdata-type=\"text\"\n\t\t\t\t\t\t\t\tdata-xy=\"xo:30px,30px,20px,20px;y:b;yo:85px,80px,65px,60px;\"\n\t\t\t\t\t\t\t\tdata-text=\"w:normal;s:15,13,12,11;l:20,17,15,13;\"\n\t\t\t\t\t\t\t\tdata-rsp_o=\"off\"\n\t\t\t\t\t\t\t\tdata-rsp_bd=\"off\"\n\t\t\t\t\t\t\t\tdata-clip=\"u:true;\"\n\t\t\t\t\t\t\t\tdata-frame_0=\"cp:0%;\"\n\t\t\t\t\t\t\t\tdata-frame_1=\"e:power4.out;sp:1000;\"\n\t\t\t\t\t\t\t\tdata-frame_999=\"st:w;sp:1000;sR:8000;auto:true;\"\n\t\t\t\t\t\t\t\tstyle=\"z-index:12;font-family:'Inconsolata';\"\n\t\t\t\t\t\t\t> \n\t\t\t\t\t\t\t<\/rs-layer><!--\n\n\t\t\t\t\t\t\t--><rs-layer\n\t\t\t\t\t\t\t\tid=\"slider-10-slide-26-layer-30\" \n\t\t\t\t\t\t\t\tclass=\"rs-fsv rs-nolc rs-layer-video intrinsic-ignore\"\n\t\t\t\t\t\t\t\tdata-type=\"video\"\n\t\t\t\t\t\t\t\tdata-xy=\"x:0;y:0;\"\n\t\t\t\t\t\t\t\tdata-text=\"w:normal;\"\n\t\t\t\t\t\t\t\tdata-dim=\"w:100%;h:100%;\"\n\t\t\t\t\t\t\t\tdata-rsp_o=\"off\"\n\t\t\t\t\t\t\t\tdata-rsp_bd=\"off\"\n\t\t\t\t\t\t\t\tdata-video=\"vfc:true;vd:100;noint:t;fc:true;l:true;ptimer:false;nse:f;sav:f;\"\n\t\t\t\t\t\t\t\tdata-poster=\"\/\/rulluisukool.ee\/wp-content\/uploads\/revslider\/project-carousel1-1-1\/25_3585_layer.jpeg\"\n\t\t\t\t\t\t\t\tdata-mp4=\"\/\/rulluisukool.ee\/wp-content\/uploads\/revslider\/project-carousel1-1-1\/25.mp4\"\n\t\t\t\t\t\t\t\tdata-clip=\"u:true;\"\n\t\t\t\t\t\t\t\tdata-frame_0=\"o:1;blu:7px;cp:0%;\"\n\t\t\t\t\t\t\t\tdata-frame_1=\"sp:1000;blu:7px;cp:50%;\"\n\t\t\t\t\t\t\t\tdata-frame_999=\"o:0;st:w;\"\n\t\t\t\t\t\t\t\tstyle=\"z-index:8;\"\n\t\t\t\t\t\t\t>\n\t\t\t\t\t\t\t<\/rs-layer><!--\n-->\t\t\t\t\t\t<\/rs-slide>\n\t\t\t\t\t<\/rs-slides>\n\t\t\t\t<\/rs-module>\n\t\t\t\t<script>\n\t\t\t\t\tsetREVStartSize({c: 'rev_slider_10_1',rl:[1240,1024,778,480],el:[400,600,500,400],gw:[1240,1024,778,480],gh:[400,600,500,400],type:'hero',justify:'true',layout:'fullwidth',mh:\"0\"});if (window.RS_MODULES!==undefined && window.RS_MODULES.modules!==undefined && window.RS_MODULES.modules[\"revslider101\"]!==undefined) {window.RS_MODULES.modules[\"revslider101\"].once = false;window.revapi10 = undefined;if (window.RS_MODULES.checkMinimal!==undefined) window.RS_MODULES.checkMinimal()}\n\t\t\t\t<\/script>\n\t\t\t<\/rs-module-wrap>\n\t\t\t<!-- END REVOLUTION SLIDER -->\n\t\t<\/div>\n\t\t\t\t<\/div>\n\t\t\t\t\t<\/div>\n\t\t<\/div>\n\t\t\t\t\t<\/div>\n\t\t<\/section>\n\t\t\t\t<section class=\"elementor-section elementor-top-section elementor-element elementor-element-741f6c1 elementor-section-boxed elementor-section-height-default elementor-section-height-default\" data-id=\"741f6c1\" data-element_type=\"section\">\n\t\t\t\t\t\t<div class=\"elementor-container elementor-column-gap-default\">\n\t\t\t\t\t<div class=\"elementor-column elementor-col-100 elementor-top-column elementor-element elementor-element-355525a\" data-id=\"355525a\" data-element_type=\"column\">\n\t\t\t<div class=\"elementor-widget-wrap elementor-element-populated\">\n\t\t\t\t\t\t<div class=\"elementor-element elementor-element-abd5e01 elementor-posts--align-center elementor-posts__hover-none elementor-grid-3 elementor-grid-tablet-2 elementor-grid-mobile-1 elementor-posts--thumbnail-top elementor-card-shadow-yes elementor-widget elementor-widget-posts\" data-id=\"abd5e01\" data-element_type=\"widget\" data-settings=\"{&quot;pagination_type&quot;:&quot;load_more_infinite_scroll&quot;,&quot;cards_columns&quot;:&quot;3&quot;,&quot;cards_columns_tablet&quot;:&quot;2&quot;,&quot;cards_columns_mobile&quot;:&quot;1&quot;,&quot;cards_row_gap&quot;:{&quot;unit&quot;:&quot;px&quot;,&quot;size&quot;:35,&quot;sizes&quot;:[]},&quot;cards_row_gap_tablet&quot;:{&quot;unit&quot;:&quot;px&quot;,&quot;size&quot;:&quot;&quot;,&quot;sizes&quot;:[]},&quot;cards_row_gap_mobile&quot;:{&quot;unit&quot;:&quot;px&quot;,&quot;size&quot;:&quot;&quot;,&quot;sizes&quot;:[]},&quot;load_more_spinner&quot;:{&quot;value&quot;:&quot;fas fa-spinner&quot;,&quot;library&quot;:&quot;fa-solid&quot;}}\" data-widget_type=\"posts.cards\">\n\t\t\t\t<div class=\"elementor-widget-container\">\n\t\t\t<link rel=\"stylesheet\" href=\"https:\/\/rulluisukool.ee\/wp-content\/plugins\/elementor-pro\/assets\/css\/widget-posts.min.css\">\t\t<div class=\"elementor-posts-container elementor-posts elementor-posts--skin-cards elementor-grid\">\n\t\t\t\t<article class=\"elementor-post elementor-grid-item post-3159312424095236 post type-post status-publish format-standard has-post-thumbnail hentry category-maaratlemata\">\n\t\t\t<div class=\"elementor-post__card\">\n\t\t\t\t<a class=\"elementor-post__thumbnail__link\" href=\"https:\/\/rulluisukool.ee\/en\/powerslide-hardcore-evo\/\" tabindex=\"-1\" ><div class=\"elementor-post__thumbnail\"><img decoding=\"async\" width=\"300\" height=\"200\" src=\"https:\/\/rulluisukool.ee\/wp-content\/uploads\/2019\/05\/blog3.png\" class=\"attachment-medium size-medium wp-image-4308652122512417\" alt=\"\" \/><\/div><\/a>\n\t\t\t\t<div class=\"elementor-post__text\">\n\t\t\t\t<h3 class=\"elementor-post__title\">\n\t\t\t<a href=\"https:\/\/rulluisukool.ee\/en\/powerslide-hardcore-evo\/\" >\n\t\t\t\tPowerslide Hardcore EVO\t\t\t<\/a>\n\t\t<\/h3>\n\t\t\t\t<div class=\"elementor-post__excerpt\">\n\t\t\t<p>Hardcore EVO on rulluisutamise vabastiili ja freeskate tippmudel. Selle uisusaapa materjalid ja konstruktsioon on just sobivad linnavahel uisutamiseks, slaalomiviguriteks ja miks mitte ka pikemateks s\u00f5itudeks<\/p>\n\t\t<\/div>\n\t\t\n\t\t<a class=\"elementor-post__read-more\" href=\"https:\/\/rulluisukool.ee\/en\/powerslide-hardcore-evo\/\" aria-label=\"Read more about Powerslide Hardcore EVO\" tabindex=\"-1\" >\n\t\t\tread more \u00bb\t\t<\/a>\n\n\t\t\t\t<\/div>\n\t\t\t\t<div class=\"elementor-post__meta-data\">\n\t\t\t\t\t<span class=\"elementor-post-date\">\n\t\t\t29.05.2019\t\t<\/span>\n\t\t\t\t<span class=\"elementor-post-avatar\">\n\t\t\tNo Comments\t\t<\/span>\n\t\t\t\t<\/div>\n\t\t\t\t\t<\/div>\n\t\t<\/article>\n\t\t\t\t<article class=\"elementor-post elementor-grid-item post-2638 post type-post status-publish format-standard has-post-thumbnail hentry category-rulluisutamine tag-freeskate tag-rulluisukross tag-rulluisustiilid tag-rulluisutamine\">\n\t\t\t<div class=\"elementor-post__card\">\n\t\t\t\t<a class=\"elementor-post__thumbnail__link\" href=\"https:\/\/rulluisukool.ee\/en\/freeskate-freeride-urban-skating\/\" tabindex=\"-1\" ><div class=\"elementor-post__thumbnail\"><img decoding=\"async\" width=\"300\" height=\"200\" src=\"https:\/\/rulluisukool.ee\/wp-content\/uploads\/2018\/05\/blog2-300x200.png\" class=\"attachment-medium size-medium wp-image-4308652122512413\" alt=\"\" srcset=\"https:\/\/rulluisukool.ee\/wp-content\/uploads\/2018\/05\/blog2-300x200.png 300w, https:\/\/rulluisukool.ee\/wp-content\/uploads\/2018\/05\/blog2-18x12.png 18w, https:\/\/rulluisukool.ee\/wp-content\/uploads\/2018\/05\/blog2.png 600w\" sizes=\"(max-width: 300px) 100vw, 300px\" \/><\/div><\/a>\n\t\t\t\t<div class=\"elementor-post__text\">\n\t\t\t\t<h3 class=\"elementor-post__title\">\n\t\t\t<a href=\"https:\/\/rulluisukool.ee\/en\/freeskate-freeride-urban-skating\/\" >\n\t\t\t\tFreeskate rulluisutamine\t\t\t<\/a>\n\t\t<\/h3>\n\t\t\t\t<div class=\"elementor-post__excerpt\">\n\t\t\t<p>Freeskate (kutsutakse ka Urban Skating v\u00f5i Freeride) on v\u00e4ga mitmek\u00fclgne ja p\u00f5nevate v\u00f5imalustega ala &#8211; rulluisutamine toimub igal pool, kus v\u00e4hegi v\u00f5imalik, kuid peamiselt linnalikus<\/p>\n\t\t<\/div>\n\t\t\n\t\t<a class=\"elementor-post__read-more\" href=\"https:\/\/rulluisukool.ee\/en\/freeskate-freeride-urban-skating\/\" aria-label=\"Read more about Freeskate rulluisutamine\" tabindex=\"-1\" >\n\t\t\tread more \u00bb\t\t<\/a>\n\n\t\t\t\t<\/div>\n\t\t\t\t<div class=\"elementor-post__meta-data\">\n\t\t\t\t\t<span class=\"elementor-post-date\">\n\t\t\t08.05.2018\t\t<\/span>\n\t\t\t\t<span class=\"elementor-post-avatar\">\n\t\t\tNo Comments\t\t<\/span>\n\t\t\t\t<\/div>\n\t\t\t\t\t<\/div>\n\t\t<\/article>\n\t\t\t\t<article class=\"elementor-post elementor-grid-item post-2642 post type-post status-publish format-standard has-post-thumbnail hentry category-maaratlemata\">\n\t\t\t<div class=\"elementor-post__card\">\n\t\t\t\t<a class=\"elementor-post__thumbnail__link\" href=\"https:\/\/rulluisukool.ee\/en\/freeskate-kujunemine\/\" tabindex=\"-1\" ><div class=\"elementor-post__thumbnail\"><img loading=\"lazy\" decoding=\"async\" width=\"300\" height=\"200\" src=\"https:\/\/rulluisukool.ee\/wp-content\/uploads\/2017\/03\/blog1-300x200.png\" class=\"attachment-medium size-medium wp-image-4308652122512415\" alt=\"\" srcset=\"https:\/\/rulluisukool.ee\/wp-content\/uploads\/2017\/03\/blog1-300x200.png 300w, https:\/\/rulluisukool.ee\/wp-content\/uploads\/2017\/03\/blog1-18x12.png 18w, https:\/\/rulluisukool.ee\/wp-content\/uploads\/2017\/03\/blog1.png 600w\" sizes=\"(max-width: 300px) 100vw, 300px\" \/><\/div><\/a>\n\t\t\t\t<div class=\"elementor-post__text\">\n\t\t\t\t<h3 class=\"elementor-post__title\">\n\t\t\t<a href=\"https:\/\/rulluisukool.ee\/en\/freeskate-kujunemine\/\" >\n\t\t\t\tFreeskate kujunemine\t\t\t<\/a>\n\t\t<\/h3>\n\t\t\t\t<div class=\"elementor-post__excerpt\">\n\t\t\t<p>Friday Night Skate 2006 Freeskate kujunes v\u00e4lja Friday Night Skate \u00fcritustest 90ndate alguses. Erinevates linnades Friday Night Skate rulluisu \u00fcrituste toimumisega kujunes v\u00e4lja freeskate s\u00f5idustiil.<\/p>\n\t\t<\/div>\n\t\t\n\t\t<a class=\"elementor-post__read-more\" href=\"https:\/\/rulluisukool.ee\/en\/freeskate-kujunemine\/\" aria-label=\"Read more about Freeskate kujunemine\" tabindex=\"-1\" >\n\t\t\tread more \u00bb\t\t<\/a>\n\n\t\t\t\t<\/div>\n\t\t\t\t<div class=\"elementor-post__meta-data\">\n\t\t\t\t\t<span class=\"elementor-post-date\">\n\t\t\t25.03.2017\t\t<\/span>\n\t\t\t\t<span class=\"elementor-post-avatar\">\n\t\t\tNo Comments\t\t<\/span>\n\t\t\t\t<\/div>\n\t\t\t\t\t<\/div>\n\t\t<\/article>\n\t\t\t\t<\/div>\n\t\t\t\t\t<span class=\"e-load-more-spinner\">\n\t\t\t\t<i aria-hidden=\"true\" class=\"fas fa-spinner\"><\/i>\t\t\t<\/span>\n\t\t\n\t\t\t\t<\/div>\n\t\t\t\t<\/div>\n\t\t\t\t\t<\/div>\n\t\t<\/div>\n\t\t\t\t\t<\/div>\n\t\t<\/section>\n\t\t\t\t<section class=\"elementor-section elementor-top-section elementor-element elementor-element-68aebc5 elementor-section-boxed elementor-section-height-default elementor-section-height-default\" data-id=\"68aebc5\" data-element_type=\"section\">\n\t\t\t\t\t\t<div class=\"elementor-container elementor-column-gap-default\">\n\t\t\t\t\t<div class=\"elementor-column elementor-col-100 elementor-top-column elementor-element elementor-element-905e3c7\" data-id=\"905e3c7\" data-element_type=\"column\">\n\t\t\t<div class=\"elementor-widget-wrap elementor-element-populated\">\n\t\t\t\t\t\t<div class=\"elementor-element elementor-element-120b49d elementor-align-left elementor-fixed elementor-widget elementor-widget-button\" data-id=\"120b49d\" data-element_type=\"widget\" data-settings=\"{&quot;_position&quot;:&quot;fixed&quot;}\" data-widget_type=\"button.default\">\n\t\t\t\t<div class=\"elementor-widget-container\">\n\t\t\t\t\t<div class=\"elementor-button-wrapper\">\n\t\t\t<a class=\"elementor-button elementor-button-link elementor-size-sm\" href=\"#\">\n\t\t\t\t\t\t<span class=\"elementor-button-content-wrapper\">\n\t\t\t\t\t\t<span class=\"elementor-button-icon elementor-align-icon-right\">\n\t\t\t\t<i aria-hidden=\"true\" class=\"fas fa-angle-up\"><\/i>\t\t\t<\/span>\n\t\t\t\t\t\t<span class=\"elementor-button-text\"><\/span>\n\t\t<\/span>\n\t\t\t\t\t<\/a>\n\t\t<\/div>\n\t\t\t\t<\/div>\n\t\t\t\t<\/div>\n\t\t\t\t\t<\/div>\n\t\t<\/div>\n\t\t\t\t\t<\/div>\n\t\t<\/section>\n\t\t\t\t<\/div>","protected":false},"excerpt":{"rendered":"","protected":false},"author":117,"featured_media":0,"parent":0,"menu_order":0,"comment_status":"closed","ping_status":"closed","template":"elementor_header_footer","meta":{"site-sidebar-layout":"no-sidebar","site-content-layout":"page-builder","ast-global-header-display":"","ast-main-header-display":"","ast-hfb-above-header-display":"","ast-hfb-below-header-display":"","ast-hfb-mobile-header-display":"","site-post-title":"disabled","ast-breadcrumbs-content":"","ast-featured-img":"disabled","footer-sml-layout":"","theme-transparent-header-meta":"","adv-header-id-meta":"","stick-header-meta":"","header-above-stick-meta":"","header-main-stick-meta":"","header-below-stick-meta":"","footnotes":""},"class_list":["post-4308652122509265","page","type-page","status-publish","hentry"],"yoast_head":"<!-- This site is optimized with the Yoast SEO plugin v22.3 - https:\/\/yoast.com\/wordpress\/plugins\/seo\/ -->\n<title>Inforuum<\/title>\n<meta name=\"description\" content=\"Inforuumis saate luegda powerslide rulluiskudest, freeskate kujunemisest ja mis freeskate rulluisutamine on.\" \/>\n<meta name=\"robots\" content=\"index, follow, max-snippet:-1, max-image-preview:large, max-video-preview:-1\" \/>\n<link rel=\"canonical\" href=\"https:\/\/rulluisukool.ee\/en\/powerslide-freeskate-rulluisutamine\/\" \/>\n<meta property=\"og:locale\" content=\"en_GB\" \/>\n<meta property=\"og:type\" content=\"article\" \/>\n<meta property=\"og:title\" content=\"Inforuum\" \/>\n<meta property=\"og:description\" content=\"Inforuumis saate luegda powerslide rulluiskudest, freeskate kujunemisest ja mis freeskate rulluisutamine on.\" \/>\n<meta property=\"og:url\" content=\"https:\/\/rulluisukool.ee\/en\/powerslide-freeskate-rulluisutamine\/\" \/>\n<meta property=\"og:site_name\" content=\"Rulluisukool\" \/>\n<meta property=\"article:publisher\" content=\"https:\/\/www.facebook.com\/rulluisukool\" \/>\n<meta property=\"article:modified_time\" content=\"2022-04-25T09:26:33+00:00\" \/>\n<meta property=\"og:image\" content=\"https:\/\/rulluisukool.ee\/wp-content\/uploads\/2022\/02\/Rulluisukool-ee.png\" \/>\n\t<meta property=\"og:image:width\" content=\"710\" \/>\n\t<meta property=\"og:image:height\" content=\"710\" \/>\n\t<meta property=\"og:image:type\" content=\"image\/png\" \/>\n<meta name=\"twitter:card\" content=\"summary_large_image\" \/>\n<script type=\"application\/ld+json\" class=\"yoast-schema-graph\">{\"@context\":\"https:\/\/schema.org\",\"@graph\":[{\"@type\":\"WebPage\",\"@id\":\"https:\/\/rulluisukool.ee\/powerslide-freeskate-rulluisutamine\/\",\"url\":\"https:\/\/rulluisukool.ee\/powerslide-freeskate-rulluisutamine\/\",\"name\":\"Inforuum\",\"isPartOf\":{\"@id\":\"https:\/\/rulluisukool.ee\/#website\"},\"datePublished\":\"2021-12-02T08:09:42+00:00\",\"dateModified\":\"2022-04-25T09:26:33+00:00\",\"description\":\"Inforuumis saate luegda powerslide rulluiskudest, freeskate kujunemisest ja mis freeskate rulluisutamine on.\",\"breadcrumb\":{\"@id\":\"https:\/\/rulluisukool.ee\/powerslide-freeskate-rulluisutamine\/#breadcrumb\"},\"inLanguage\":\"en-GB\",\"potentialAction\":[{\"@type\":\"ReadAction\",\"target\":[\"https:\/\/rulluisukool.ee\/powerslide-freeskate-rulluisutamine\/\"]}]},{\"@type\":\"BreadcrumbList\",\"@id\":\"https:\/\/rulluisukool.ee\/powerslide-freeskate-rulluisutamine\/#breadcrumb\",\"itemListElement\":[{\"@type\":\"ListItem\",\"position\":1,\"name\":\"Home\",\"item\":\"https:\/\/rulluisukool.ee\/\"},{\"@type\":\"ListItem\",\"position\":2,\"name\":\"Inforuum\"}]},{\"@type\":\"WebSite\",\"@id\":\"https:\/\/rulluisukool.ee\/#website\",\"url\":\"https:\/\/rulluisukool.ee\/\",\"name\":\"Rulluisukool\",\"description\":\"\",\"publisher\":{\"@id\":\"https:\/\/rulluisukool.ee\/#organization\"},\"potentialAction\":[{\"@type\":\"SearchAction\",\"target\":{\"@type\":\"EntryPoint\",\"urlTemplate\":\"https:\/\/rulluisukool.ee\/?s={search_term_string}\"},\"query-input\":\"required name=search_term_string\"}],\"inLanguage\":\"en-GB\"},{\"@type\":\"Organization\",\"@id\":\"https:\/\/rulluisukool.ee\/#organization\",\"name\":\"Rulluisukool\",\"url\":\"https:\/\/rulluisukool.ee\/\",\"logo\":{\"@type\":\"ImageObject\",\"inLanguage\":\"en-GB\",\"@id\":\"https:\/\/rulluisukool.ee\/#\/schema\/logo\/image\/\",\"url\":\"https:\/\/rulluisukool.ee\/wp-content\/uploads\/2017\/03\/Rulluisukool-ee.png\",\"contentUrl\":\"https:\/\/rulluisukool.ee\/wp-content\/uploads\/2017\/03\/Rulluisukool-ee.png\",\"width\":710,\"height\":710,\"caption\":\"Rulluisukool\"},\"image\":{\"@id\":\"https:\/\/rulluisukool.ee\/#\/schema\/logo\/image\/\"},\"sameAs\":[\"https:\/\/www.facebook.com\/rulluisukool\",\"https:\/\/instagram.com\/rulluisukool\",\"https:\/\/www.youtube.com\/channel\/UCUdSaiAVZmmNCOlAhU3_ONA\"]}]}<\/script>\n<!-- \/ Yoast SEO plugin. -->","yoast_head_json":{"title":"Inforuum","description":"Inforuumis saate luegda powerslide rulluiskudest, freeskate kujunemisest ja mis freeskate rulluisutamine on.","robots":{"index":"index","follow":"follow","max-snippet":"max-snippet:-1","max-image-preview":"max-image-preview:large","max-video-preview":"max-video-preview:-1"},"canonical":"https:\/\/rulluisukool.ee\/en\/powerslide-freeskate-rulluisutamine\/","og_locale":"en_GB","og_type":"article","og_title":"Inforuum","og_description":"Inforuumis saate luegda powerslide rulluiskudest, freeskate kujunemisest ja mis freeskate rulluisutamine on.","og_url":"https:\/\/rulluisukool.ee\/en\/powerslide-freeskate-rulluisutamine\/","og_site_name":"Rulluisukool","article_publisher":"https:\/\/www.facebook.com\/rulluisukool","article_modified_time":"2022-04-25T09:26:33+00:00","og_image":[{"width":710,"height":710,"url":"https:\/\/rulluisukool.ee\/wp-content\/uploads\/2022\/02\/Rulluisukool-ee.png","type":"image\/png"}],"twitter_card":"summary_large_image","schema":{"@context":"https:\/\/schema.org","@graph":[{"@type":"WebPage","@id":"https:\/\/rulluisukool.ee\/powerslide-freeskate-rulluisutamine\/","url":"https:\/\/rulluisukool.ee\/powerslide-freeskate-rulluisutamine\/","name":"Inforuum","isPartOf":{"@id":"https:\/\/rulluisukool.ee\/#website"},"datePublished":"2021-12-02T08:09:42+00:00","dateModified":"2022-04-25T09:26:33+00:00","description":"Inforuumis saate luegda powerslide rulluiskudest, freeskate kujunemisest ja mis freeskate rulluisutamine on.","breadcrumb":{"@id":"https:\/\/rulluisukool.ee\/powerslide-freeskate-rulluisutamine\/#breadcrumb"},"inLanguage":"en-GB","potentialAction":[{"@type":"ReadAction","target":["https:\/\/rulluisukool.ee\/powerslide-freeskate-rulluisutamine\/"]}]},{"@type":"BreadcrumbList","@id":"https:\/\/rulluisukool.ee\/powerslide-freeskate-rulluisutamine\/#breadcrumb","itemListElement":[{"@type":"ListItem","position":1,"name":"Home","item":"https:\/\/rulluisukool.ee\/"},{"@type":"ListItem","position":2,"name":"Inforuum"}]},{"@type":"WebSite","@id":"https:\/\/rulluisukool.ee\/#website","url":"https:\/\/rulluisukool.ee\/","name":"Rulluisukool","description":"","publisher":{"@id":"https:\/\/rulluisukool.ee\/#organization"},"potentialAction":[{"@type":"SearchAction","target":{"@type":"EntryPoint","urlTemplate":"https:\/\/rulluisukool.ee\/?s={search_term_string}"},"query-input":"required name=search_term_string"}],"inLanguage":"en-GB"},{"@type":"Organization","@id":"https:\/\/rulluisukool.ee\/#organization","name":"Rulluisukool","url":"https:\/\/rulluisukool.ee\/","logo":{"@type":"ImageObject","inLanguage":"en-GB","@id":"https:\/\/rulluisukool.ee\/#\/schema\/logo\/image\/","url":"https:\/\/rulluisukool.ee\/wp-content\/uploads\/2017\/03\/Rulluisukool-ee.png","contentUrl":"https:\/\/rulluisukool.ee\/wp-content\/uploads\/2017\/03\/Rulluisukool-ee.png","width":710,"height":710,"caption":"Rulluisukool"},"image":{"@id":"https:\/\/rulluisukool.ee\/#\/schema\/logo\/image\/"},"sameAs":["https:\/\/www.facebook.com\/rulluisukool","https:\/\/instagram.com\/rulluisukool","https:\/\/www.youtube.com\/channel\/UCUdSaiAVZmmNCOlAhU3_ONA"]}]}},"_links":{"self":[{"href":"https:\/\/rulluisukool.ee\/en\/wp-json\/wp\/v2\/pages\/4308652122509265","targetHints":{"allow":["GET"]}}],"collection":[{"href":"https:\/\/rulluisukool.ee\/en\/wp-json\/wp\/v2\/pages"}],"about":[{"href":"https:\/\/rulluisukool.ee\/en\/wp-json\/wp\/v2\/types\/page"}],"author":[{"embeddable":true,"href":"https:\/\/rulluisukool.ee\/en\/wp-json\/wp\/v2\/users\/117"}],"replies":[{"embeddable":true,"href":"https:\/\/rulluisukool.ee\/en\/wp-json\/wp\/v2\/comments?post=4308652122509265"}],"version-history":[{"count":5,"href":"https:\/\/rulluisukool.ee\/en\/wp-json\/wp\/v2\/pages\/4308652122509265\/revisions"}],"predecessor-version":[{"id":4308652122514157,"href":"https:\/\/rulluisukool.ee\/en\/wp-json\/wp\/v2\/pages\/4308652122509265\/revisions\/4308652122514157"}],"wp:attachment":[{"href":"https:\/\/rulluisukool.ee\/en\/wp-json\/wp\/v2\/media?parent=4308652122509265"}],"curies":[{"name":"wp","href":"https:\/\/api.w.org\/{rel}","templated":true}]}}