{"id":3095,"date":"2023-01-31T20:01:25","date_gmt":"2023-01-31T18:01:25","guid":{"rendered":"http:\/\/rulluisukool.ee\/?page_id=3095"},"modified":"2025-06-19T14:50:13","modified_gmt":"2025-06-19T11:50:13","slug":"stuudio","status":"publish","type":"page","link":"https:\/\/rulluisukool.ee\/en\/stuudio\/","title":{"rendered":"RULLUISUVARUSTUS"},"content":{"rendered":"<div data-elementor-type=\"wp-page\" data-elementor-id=\"3095\" class=\"elementor elementor-3095\" data-elementor-post-type=\"page\">\n\t\t\t\t\t\t<section class=\"elementor-section elementor-top-section elementor-element elementor-element-b47a8e4 elementor-section-boxed elementor-section-height-default elementor-section-height-default\" data-id=\"b47a8e4\" data-element_type=\"section\">\n\t\t\t\t\t\t<div class=\"elementor-container elementor-column-gap-default\">\n\t\t\t\t\t<div class=\"elementor-column elementor-col-100 elementor-top-column elementor-element elementor-element-45bfbc3\" data-id=\"45bfbc3\" data-element_type=\"column\">\n\t\t\t<div class=\"elementor-widget-wrap\">\n\t\t\t\t\t\t\t<\/div>\n\t\t<\/div>\n\t\t\t\t\t<\/div>\n\t\t<\/section>\n\t\t\t\t<section class=\"elementor-section elementor-top-section elementor-element elementor-element-46061bb elementor-section-boxed elementor-section-height-default elementor-section-height-default\" data-id=\"46061bb\" data-element_type=\"section\">\n\t\t\t\t\t\t<div class=\"elementor-container elementor-column-gap-default\">\n\t\t\t\t\t<div class=\"elementor-column elementor-col-100 elementor-top-column elementor-element elementor-element-2e543f7\" data-id=\"2e543f7\" data-element_type=\"column\">\n\t\t\t<div class=\"elementor-widget-wrap elementor-element-populated\">\n\t\t\t\t\t\t<div class=\"elementor-element elementor-element-14e3e1b elementor-widget elementor-widget-text-editor\" data-id=\"14e3e1b\" data-element_type=\"widget\" data-widget_type=\"text-editor.default\">\n\t\t\t\t<div class=\"elementor-widget-container\">\n\t\t\t<style>\/*! elementor - v3.20.0 - 26-03-2024 *\/\n.elementor-widget-text-editor.elementor-drop-cap-view-stacked .elementor-drop-cap{background-color:#69727d;color:#fff}.elementor-widget-text-editor.elementor-drop-cap-view-framed .elementor-drop-cap{color:#69727d;border:3px solid;background-color:transparent}.elementor-widget-text-editor:not(.elementor-drop-cap-view-default) .elementor-drop-cap{margin-top:8px}.elementor-widget-text-editor:not(.elementor-drop-cap-view-default) .elementor-drop-cap-letter{width:1em;height:1em}.elementor-widget-text-editor .elementor-drop-cap{float:left;text-align:center;line-height:1;font-size:50px}.elementor-widget-text-editor .elementor-drop-cap-letter{display:inline-block}<\/style>\t\t\t\t<div style=\"font-family: sans-serif; line-height: 1.6; max-width: 800px; margin: auto;\"><h2 style=\"color: #333;\">Freeskate rulluisupood \u2013 varustus, mis viib su veeremise uuele tasemele<\/h2><p>Otsid kvaliteetseid rulluiske, mis on t\u00e4psed, mugavad, vastupidavad ja pakuvad puhast veeremisnaudingut? Meie poes ja e-poes on saadaval <strong>Freeskate rulluisud<\/strong>, <strong>Powerslide&#8217;i tippklassi tooted<\/strong> ning kogu vajaminev lisavarustus nii lastele kui t\u00e4iskasvanutele. Lisaks on meil m\u00fc\u00fcgis elektrilised rulluisud, millega saad puldist lisada kiirust ja efektiivselt pidurdada!<\/p><p><a style=\"color: #0073e6; font-weight: bold;\" href=\"\/en\/pood\/\">\u00a0Vaata l\u00e4hemalt: <\/a><span style=\"color: #ff6600;\"><b><a style=\"color: #ff6600;\" href=\"https:\/\/rulluisukool.ee\/en\/stuudio\/pood-e-pood\/\">Freeskate pood<\/a><\/b><\/span>\u00a0&amp;\u00a0<span style=\"color: #ff6600;\"><span style=\"font-size: 1rem; background-color: #f5f5f5; outline-color: initial; outline-style: initial;\"><b><a style=\"color: #ff6600;\" href=\"\/en\/rulluisud-saapad-rattad-laagrid-kaitsevarustus-jaauisutamine\/\">Web shop<\/a><\/b><\/span><\/span><\/p><hr style=\"margin: 30px 0;\" \/><h2 style=\"color: #333;\">Rulluisurent \u2013 laenuta meilt rulluisud<\/h2><p>Meie arsenalis on \u00fcle\u00a0<strong data-start=\"222\" data-end=\"258\">70 paari kvaliteetseid rulluiske<\/strong> suurustes 27\u201347 \u2013 igale jalale! <br \/>Suurematele treeningutele ja s\u00fcndmustele toome\u00a0<strong data-start=\"598\" data-end=\"667\">laenutusvarustuse kohale koos meie spetsiaalse rulluisutreileriga<\/strong>.<\/p><p><a style=\"color: #0073e6; font-weight: bold;\" href=\"https:\/\/rulluisukool.ee\/en\/stuudio\/rulluiskude-rent\/\">\u00a0Vaata l\u00e4hemalt: <span style=\"color: #ff6600;\">Rulluisurent<\/span><\/a><\/p><hr style=\"margin: 30px 0;\" \/><h2 style=\"color: #333;\">Rulluisuhooldus \u2013 Et iga samm oleks sujuv<\/h2><p>Kui uisud ei veere enam vaikselt ja vabalt, on aeg hoolduseks. Aitame <strong>laagrite puhastuse\/vahetuse<\/strong>, <strong>rataste \u00fcmberp\u00f6\u00f6ramise\/vahetuse<\/strong> ja <strong>n\u00f5ustamisega<\/strong>, et sinu uisutamiskogemus oleks parim v\u00f5imalik.<\/p><p><a style=\"color: #0073e6; font-weight: bold;\" href=\"https:\/\/rulluisukool.ee\/en\/stuudio\/rulluisuhooldus\/\">\u00a0Vaata l\u00e4hemalt: <span style=\"color: #ff6600;\">Roller skating care<\/span><\/a><\/p><\/div>\t\t\t\t\t\t<\/div>\n\t\t\t\t<\/div>\n\t\t\t\t\t<\/div>\n\t\t<\/div>\n\t\t\t\t\t<\/div>\n\t\t<\/section>\n\t\t\t\t<\/div>","protected":false},"excerpt":{"rendered":"<p>Freeskate rulluisupood \u2013 varustus, mis viib su veeremise uuele tasemele Otsid kvaliteetseid rulluiske, mis on t\u00e4psed, mugavad, vastupidavad ja pakuvad puhast veeremisnaudingut? Meie poes ja e-poes on saadaval Freeskate rulluisud, Powerslide&#8217;i tippklassi tooted ning kogu vajaminev lisavarustus nii lastele kui t\u00e4iskasvanutele. Lisaks on meil m\u00fc\u00fcgis elektrilised rulluisud, millega saad puldist lisada kiirust ja efektiivselt pidurdada! &hellip;<\/p>\n<p class=\"read-more\"> <a class=\"\" href=\"https:\/\/rulluisukool.ee\/en\/stuudio\/\"> <span class=\"screen-reader-text\">RULLUISUVARUSTUS<\/span> Read More &raquo;<\/a><\/p>","protected":false},"author":117,"featured_media":0,"parent":0,"menu_order":3,"comment_status":"closed","ping_status":"closed","template":"elementor_header_footer","meta":{"site-sidebar-layout":"default","site-content-layout":"default","ast-global-header-display":"","ast-main-header-display":"","ast-hfb-above-header-display":"","ast-hfb-below-header-display":"","ast-hfb-mobile-header-display":"","site-post-title":"","ast-breadcrumbs-content":"","ast-featured-img":"","footer-sml-layout":"","theme-transparent-header-meta":"","adv-header-id-meta":"","stick-header-meta":"","header-above-stick-meta":"","header-main-stick-meta":"","header-below-stick-meta":"","footnotes":""},"class_list":["post-3095","page","type-page","status-publish","hentry"],"yoast_head":"<!-- This site is optimized with the Yoast SEO plugin v22.3 - https:\/\/yoast.com\/wordpress\/plugins\/seo\/ -->\n<title>Rulluisus\u00f5idud &amp; s\u00fcndmused<\/title>\n<meta name=\"description\" content=\"Freeskate rulluisupood \u2013 varustus, mis viib su veeremise uuele tasemeleOtsid kvaliteetseid rulluiske, mis on t\u00e4psed, mugavad, vastupidavad ja pakuvad\" \/>\n<meta name=\"robots\" content=\"index, follow, max-snippet:-1, max-image-preview:large, max-video-preview:-1\" \/>\n<link rel=\"canonical\" href=\"https:\/\/rulluisukool.ee\/en\/stuudio\/\" \/>\n<meta property=\"og:locale\" content=\"en_GB\" \/>\n<meta property=\"og:type\" content=\"article\" \/>\n<meta property=\"og:title\" content=\"Rulluisus\u00f5idud &amp; s\u00fcndmused\" \/>\n<meta property=\"og:description\" content=\"Freeskate rulluisupood \u2013 varustus, mis viib su veeremise uuele tasemeleOtsid kvaliteetseid rulluiske, mis on t\u00e4psed, mugavad, vastupidavad ja pakuvad\" \/>\n<meta property=\"og:url\" content=\"https:\/\/rulluisukool.ee\/en\/stuudio\/\" \/>\n<meta property=\"og:site_name\" content=\"Rulluisukool\" \/>\n<meta property=\"article:publisher\" content=\"https:\/\/www.facebook.com\/rulluisukool\" \/>\n<meta property=\"article:modified_time\" content=\"2025-06-19T11:50:13+00:00\" \/>\n<meta property=\"og:image\" content=\"https:\/\/rulluisukool.ee\/wp-content\/uploads\/2022\/02\/Rulluisukool-ee.png\" \/>\n\t<meta property=\"og:image:width\" content=\"710\" \/>\n\t<meta property=\"og:image:height\" content=\"710\" \/>\n\t<meta property=\"og:image:type\" content=\"image\/png\" \/>\n<meta name=\"twitter:card\" content=\"summary_large_image\" \/>\n<meta name=\"twitter:label1\" content=\"Estimated reading time\" \/>\n\t<meta name=\"twitter:data1\" content=\"1 minute\" \/>\n<script type=\"application\/ld+json\" class=\"yoast-schema-graph\">{\"@context\":\"https:\/\/schema.org\",\"@graph\":[{\"@type\":\"WebPage\",\"@id\":\"https:\/\/rulluisukool.ee\/stuudio\/\",\"url\":\"https:\/\/rulluisukool.ee\/stuudio\/\",\"name\":\"Rulluisus\u00f5idud & s\u00fcndmused\",\"isPartOf\":{\"@id\":\"https:\/\/rulluisukool.ee\/#website\"},\"datePublished\":\"2023-01-31T18:01:25+00:00\",\"dateModified\":\"2025-06-19T11:50:13+00:00\",\"description\":\"Freeskate rulluisupood \u2013 varustus, mis viib su veeremise uuele tasemeleOtsid kvaliteetseid rulluiske, mis on t\u00e4psed, mugavad, vastupidavad ja pakuvad\",\"breadcrumb\":{\"@id\":\"https:\/\/rulluisukool.ee\/stuudio\/#breadcrumb\"},\"inLanguage\":\"en-GB\",\"potentialAction\":[{\"@type\":\"ReadAction\",\"target\":[\"https:\/\/rulluisukool.ee\/stuudio\/\"]}]},{\"@type\":\"BreadcrumbList\",\"@id\":\"https:\/\/rulluisukool.ee\/stuudio\/#breadcrumb\",\"itemListElement\":[{\"@type\":\"ListItem\",\"position\":1,\"name\":\"Home\",\"item\":\"https:\/\/rulluisukool.ee\/\"},{\"@type\":\"ListItem\",\"position\":2,\"name\":\"RULLUISUVARUSTUS\"}]},{\"@type\":\"WebSite\",\"@id\":\"https:\/\/rulluisukool.ee\/#website\",\"url\":\"https:\/\/rulluisukool.ee\/\",\"name\":\"Rulluisukool\",\"description\":\"\",\"publisher\":{\"@id\":\"https:\/\/rulluisukool.ee\/#organization\"},\"potentialAction\":[{\"@type\":\"SearchAction\",\"target\":{\"@type\":\"EntryPoint\",\"urlTemplate\":\"https:\/\/rulluisukool.ee\/?s={search_term_string}\"},\"query-input\":\"required name=search_term_string\"}],\"inLanguage\":\"en-GB\"},{\"@type\":\"Organization\",\"@id\":\"https:\/\/rulluisukool.ee\/#organization\",\"name\":\"Rulluisukool\",\"url\":\"https:\/\/rulluisukool.ee\/\",\"logo\":{\"@type\":\"ImageObject\",\"inLanguage\":\"en-GB\",\"@id\":\"https:\/\/rulluisukool.ee\/#\/schema\/logo\/image\/\",\"url\":\"https:\/\/rulluisukool.ee\/wp-content\/uploads\/2017\/03\/Rulluisukool-ee.png\",\"contentUrl\":\"https:\/\/rulluisukool.ee\/wp-content\/uploads\/2017\/03\/Rulluisukool-ee.png\",\"width\":710,\"height\":710,\"caption\":\"Rulluisukool\"},\"image\":{\"@id\":\"https:\/\/rulluisukool.ee\/#\/schema\/logo\/image\/\"},\"sameAs\":[\"https:\/\/www.facebook.com\/rulluisukool\",\"https:\/\/instagram.com\/rulluisukool\",\"https:\/\/www.youtube.com\/channel\/UCUdSaiAVZmmNCOlAhU3_ONA\"]}]}<\/script>\n<!-- \/ Yoast SEO plugin. -->","yoast_head_json":{"title":"Rulluisus\u00f5idud & s\u00fcndmused","description":"Freeskate rulluisupood \u2013 varustus, mis viib su veeremise uuele tasemeleOtsid kvaliteetseid rulluiske, mis on t\u00e4psed, mugavad, vastupidavad ja pakuvad","robots":{"index":"index","follow":"follow","max-snippet":"max-snippet:-1","max-image-preview":"max-image-preview:large","max-video-preview":"max-video-preview:-1"},"canonical":"https:\/\/rulluisukool.ee\/en\/stuudio\/","og_locale":"en_GB","og_type":"article","og_title":"Rulluisus\u00f5idud & s\u00fcndmused","og_description":"Freeskate rulluisupood \u2013 varustus, mis viib su veeremise uuele tasemeleOtsid kvaliteetseid rulluiske, mis on t\u00e4psed, mugavad, vastupidavad ja pakuvad","og_url":"https:\/\/rulluisukool.ee\/en\/stuudio\/","og_site_name":"Rulluisukool","article_publisher":"https:\/\/www.facebook.com\/rulluisukool","article_modified_time":"2025-06-19T11:50:13+00:00","og_image":[{"width":710,"height":710,"url":"https:\/\/rulluisukool.ee\/wp-content\/uploads\/2022\/02\/Rulluisukool-ee.png","type":"image\/png"}],"twitter_card":"summary_large_image","twitter_misc":{"Estimated reading time":"1 minute"},"schema":{"@context":"https:\/\/schema.org","@graph":[{"@type":"WebPage","@id":"https:\/\/rulluisukool.ee\/stuudio\/","url":"https:\/\/rulluisukool.ee\/stuudio\/","name":"Rulluisus\u00f5idud & s\u00fcndmused","isPartOf":{"@id":"https:\/\/rulluisukool.ee\/#website"},"datePublished":"2023-01-31T18:01:25+00:00","dateModified":"2025-06-19T11:50:13+00:00","description":"Freeskate rulluisupood \u2013 varustus, mis viib su veeremise uuele tasemeleOtsid kvaliteetseid rulluiske, mis on t\u00e4psed, mugavad, vastupidavad ja pakuvad","breadcrumb":{"@id":"https:\/\/rulluisukool.ee\/stuudio\/#breadcrumb"},"inLanguage":"en-GB","potentialAction":[{"@type":"ReadAction","target":["https:\/\/rulluisukool.ee\/stuudio\/"]}]},{"@type":"BreadcrumbList","@id":"https:\/\/rulluisukool.ee\/stuudio\/#breadcrumb","itemListElement":[{"@type":"ListItem","position":1,"name":"Home","item":"https:\/\/rulluisukool.ee\/"},{"@type":"ListItem","position":2,"name":"RULLUISUVARUSTUS"}]},{"@type":"WebSite","@id":"https:\/\/rulluisukool.ee\/#website","url":"https:\/\/rulluisukool.ee\/","name":"Rulluisukool","description":"","publisher":{"@id":"https:\/\/rulluisukool.ee\/#organization"},"potentialAction":[{"@type":"SearchAction","target":{"@type":"EntryPoint","urlTemplate":"https:\/\/rulluisukool.ee\/?s={search_term_string}"},"query-input":"required name=search_term_string"}],"inLanguage":"en-GB"},{"@type":"Organization","@id":"https:\/\/rulluisukool.ee\/#organization","name":"Rulluisukool","url":"https:\/\/rulluisukool.ee\/","logo":{"@type":"ImageObject","inLanguage":"en-GB","@id":"https:\/\/rulluisukool.ee\/#\/schema\/logo\/image\/","url":"https:\/\/rulluisukool.ee\/wp-content\/uploads\/2017\/03\/Rulluisukool-ee.png","contentUrl":"https:\/\/rulluisukool.ee\/wp-content\/uploads\/2017\/03\/Rulluisukool-ee.png","width":710,"height":710,"caption":"Rulluisukool"},"image":{"@id":"https:\/\/rulluisukool.ee\/#\/schema\/logo\/image\/"},"sameAs":["https:\/\/www.facebook.com\/rulluisukool","https:\/\/instagram.com\/rulluisukool","https:\/\/www.youtube.com\/channel\/UCUdSaiAVZmmNCOlAhU3_ONA"]}]}},"_links":{"self":[{"href":"https:\/\/rulluisukool.ee\/en\/wp-json\/wp\/v2\/pages\/3095","targetHints":{"allow":["GET"]}}],"collection":[{"href":"https:\/\/rulluisukool.ee\/en\/wp-json\/wp\/v2\/pages"}],"about":[{"href":"https:\/\/rulluisukool.ee\/en\/wp-json\/wp\/v2\/types\/page"}],"author":[{"embeddable":true,"href":"https:\/\/rulluisukool.ee\/en\/wp-json\/wp\/v2\/users\/117"}],"replies":[{"embeddable":true,"href":"https:\/\/rulluisukool.ee\/en\/wp-json\/wp\/v2\/comments?post=3095"}],"version-history":[{"count":5,"href":"https:\/\/rulluisukool.ee\/en\/wp-json\/wp\/v2\/pages\/3095\/revisions"}],"predecessor-version":[{"id":4308652122517271,"href":"https:\/\/rulluisukool.ee\/en\/wp-json\/wp\/v2\/pages\/3095\/revisions\/4308652122517271"}],"wp:attachment":[{"href":"https:\/\/rulluisukool.ee\/en\/wp-json\/wp\/v2\/media?parent=3095"}],"curies":[{"name":"wp","href":"https:\/\/api.w.org\/{rel}","templated":true}]}}